{"id":164,"date":"2015-03-17T07:52:28","date_gmt":"2015-03-17T07:52:28","guid":{"rendered":"http:\/\/blogsaverroes.juntadeandalucia.es\/pre\/ceip\/?page_id=164"},"modified":"2021-10-08T09:54:12","modified_gmt":"2021-10-08T07:54:12","slug":"ingles-2","status":"publish","type":"page","link":"https:\/\/blogsaverroes.juntadeandalucia.es\/cpifpalmeraya\/ingles-2\/","title":{"rendered":"Ingl\u00e9s"},"content":{"rendered":"<h3><a href=\"https:\/\/blogsaverroes.juntadeandalucia.es\/cpifpalmeraya\/files\/2015\/03\/ingles.png\"><img loading=\"lazy\" decoding=\"async\" class=\"alignnone size-full wp-image-2116\" src=\"https:\/\/blogsaverroes.juntadeandalucia.es\/cpifpalmeraya\/files\/2015\/03\/ingles.png\" alt=\"\" width=\"640\" height=\"171\" srcset=\"https:\/\/blogsaverroes.juntadeandalucia.es\/cpifpalmeraya\/files\/2015\/03\/ingles.png 640w, https:\/\/blogsaverroes.juntadeandalucia.es\/cpifpalmeraya\/files\/2015\/03\/ingles-300x80.png 300w\" sizes=\"(max-width: 640px) 100vw, 640px\" \/><\/a><\/h3>\n<h3>RECOMMENDED GRAMMAR BOOKS<\/h3>\n<ul>\n<li>OXFORD PRACTICE GRAMMAR, Editorial OUP<\/li>\n<li><span lang=\"en-GB\">ENGLISH GRAMMAR IN USE, Editorial Cambridge University Press<\/span><\/li>\n<li><span lang=\"en-GB\">ACTIVE GRAMMAR, Editorial Cambridge University Press<\/span><\/li>\n<li>ENGLISH GRAMMAR WITH EXERCISES (Escuela Oficial de Idiomas), Editorial Pearson Longman<\/li>\n<li><span lang=\"en-GB\">ESSENTIAL GRAMMAR IN USE, Editorial Cambridge University Press<\/span><\/li>\n<\/ul>\n<h3>LIBROS DE TEXTO RECOMENDADOS PARA EL CURSO 2021\/2022<\/h3>\n<h3>OFFICIAL BOOK LIST 2021\/2022<\/h3>\n<ul>\n<li><strong>1\u00ba F.P.B.<\/strong>:&nbsp;ENGLISH 1 COMUNICACI\u00d3N Y SOCIEDAD Formaci\u00f3n Profesional B\u00e1sica&nbsp;(Ed. Macmillan Education)<\/li>\n<li><strong>2\u00ba F.P.B.<\/strong>:&nbsp;ENGLISH 2 COMUNICACI\u00d3N Y SOCIEDAD Formaci\u00f3n Profesional B\u00e1sica&nbsp;(Ed. Macmillan Education)<\/li>\n<li><strong><span lang=\"en-GB\">1\u00ba BACHILLERATO<\/span><\/strong><span lang=\"en-GB\">:<\/span><span lang=\"en-GB\">&nbsp;MAKE THE GRADE 1<\/span><span lang=\"en-GB\">&nbsp;(Ed.Burlington Books)<\/span><\/li>\n<li><strong><span lang=\"en-GB\">2\u00ba BACHILLERATO<\/span><\/strong><span lang=\"en-GB\">:<\/span><span lang=\"en-GB\">&nbsp;MAKE THE GRADE 2&nbsp;<\/span><span lang=\"en-GB\">(Ed.Burlington Books)<\/span><\/li>\n<li><strong>1\u00ba SERVICIOS EN RESTAURACI\u00d3N<\/strong>:&nbsp;READY TO ORDER&nbsp;(Ed. Longman)<\/li>\n<li><strong><span lang=\"en-GB\">1\u00ba AA.VV. y GESTI\u00d3N DE EVENTOS<\/span><\/strong><span lang=\"en-GB\">:&nbsp;<\/span><span lang=\"en-GB\">ENGLISH FOR INTERNATIONAL TOURISM (New Edition) (Pre-Intermediate Coursebook)<\/span><span lang=\"en-GB\">&nbsp;(Ed. <\/span>Pearson)<\/li>\n<li><strong><span lang=\"en-GB\">1\u00ba GU\u00cdAS, INFORMACI\u00d3N Y ASISTENCIA TUR\u00cdSTICA<\/span><\/strong><span lang=\"en-GB\">:<\/span><span lang=\"en-GB\">&nbsp;ENGLISH FOR INTERNATIONAL TOURISM (New Edition) (Intermediate Coursebook)<\/span><span lang=\"en-GB\">&nbsp;(Ed. <\/span>Pearson)<\/li>\n<li><strong>1\u00ba GESTI\u00d3N DE ALOJAMIENTOS TUR\u00cdSTICOS<\/strong>:&nbsp;HIGHLY RECOMMENDED 2&nbsp;(Ed. Oxford University Press)<\/li>\n<li><strong>1\u00ba DIRECCI\u00d3N DE COCINA<\/strong>:&nbsp;RESTAURANT &amp; CATERING&nbsp;(Ed. Burlington Professional Modules)<\/li>\n<li><strong>1\u00ba DIRECCI\u00d3N DE SERV. EN RESTAURACI\u00d3N<\/strong>:&nbsp;RESTAURANT &amp; CATERING&nbsp;(Ed. Burlington Professional Modules)<\/li>\n<\/ul>\n<p><strong>No se admitir\u00e1n libros fotocopiados<\/strong>. Les recordamos que est\u00e1 prohibida la reproducci\u00f3n parcial o total, seg\u00fan normativa vigente en lo referente a derechos de autor.&nbsp;<\/p>\n","protected":false},"excerpt":{"rendered":"<p>RECOMMENDED GRAMMAR BOOKS OXFORD PRACTICE GRAMMAR, Editorial OUP ENGLISH GRAMMAR IN USE, Editorial Cambridge University Press ACTIVE GRAMMAR, Editorial Cambridge University Press ENGLISH GRAMMAR WITH EXERCISES (Escuela Oficial de Idiomas), Editorial Pearson Longman ESSENTIAL&#46;&#46;&#46;<\/p>\n","protected":false},"author":1,"featured_media":0,"parent":0,"menu_order":0,"comment_status":"open","ping_status":"open","template":"page-templates\/child-menu.php","meta":{"ngg_post_thumbnail":0,"footnotes":"","_mc_calendar":[]},"aioseo_notices":[],"_links":{"self":[{"href":"https:\/\/blogsaverroes.juntadeandalucia.es\/cpifpalmeraya\/wp-json\/wp\/v2\/pages\/164"}],"collection":[{"href":"https:\/\/blogsaverroes.juntadeandalucia.es\/cpifpalmeraya\/wp-json\/wp\/v2\/pages"}],"about":[{"href":"https:\/\/blogsaverroes.juntadeandalucia.es\/cpifpalmeraya\/wp-json\/wp\/v2\/types\/page"}],"author":[{"embeddable":true,"href":"https:\/\/blogsaverroes.juntadeandalucia.es\/cpifpalmeraya\/wp-json\/wp\/v2\/users\/1"}],"replies":[{"embeddable":true,"href":"https:\/\/blogsaverroes.juntadeandalucia.es\/cpifpalmeraya\/wp-json\/wp\/v2\/comments?post=164"}],"version-history":[{"count":7,"href":"https:\/\/blogsaverroes.juntadeandalucia.es\/cpifpalmeraya\/wp-json\/wp\/v2\/pages\/164\/revisions"}],"predecessor-version":[{"id":3761,"href":"https:\/\/blogsaverroes.juntadeandalucia.es\/cpifpalmeraya\/wp-json\/wp\/v2\/pages\/164\/revisions\/3761"}],"wp:attachment":[{"href":"https:\/\/blogsaverroes.juntadeandalucia.es\/cpifpalmeraya\/wp-json\/wp\/v2\/media?parent=164"}],"curies":[{"name":"wp","href":"https:\/\/api.w.org\/{rel}","templated":true}]}}