{"id":2509,"date":"2020-10-25T06:27:01","date_gmt":"2020-10-25T05:27:01","guid":{"rendered":"https:\/\/blogsaverroes.juntadeandalucia.es\/cpifpalmeraya\/?page_id=2509"},"modified":"2024-11-28T13:27:22","modified_gmt":"2024-11-28T12:27:22","slug":"erasmus-proyectos","status":"publish","type":"page","link":"https:\/\/blogsaverroes.juntadeandalucia.es\/cpifpalmeraya\/erasmus\/erasmus-proyectos\/","title":{"rendered":"Erasmus Proyectos"},"content":{"rendered":"<p><a title=\"Servicio Espa\u00f1ol para la Internacionalizaci\u00f3n de la Educaci\u00f3n\" href=\"http:\/\/www.sepie.es\/index.html\"><img loading=\"lazy\" decoding=\"async\" class=\"alignnone size-full wp-image-2814 aligncenter\" src=\"https:\/\/blogsaverroes.juntadeandalucia.es\/cpifpalmeraya\/files\/2020\/11\/SEPIE_erasmus_plus.gif\" alt=\"\" width=\"400\" height=\"100\"><\/a><\/p>\n<p style=\"text-align: center\"><a href=\"https:\/\/drive.google.com\/file\/d\/1qA7MgfufYPHZGuWECxU2ZK4LqqpSwcNN\/view?usp=sharing\"><strong>T\u00e9rminos y Condiciones Generales <\/strong><\/a><\/p>\n<p style=\"text-align: center\"><strong>del Programa ERASMUS <\/strong><strong>del CPIFP Almeraya <\/strong><\/p>\n<p style=\"text-align: center\"><a href=\"https:\/\/drive.google.com\/file\/d\/1RNMQNfHUJiZ8qPpB0PgC0mim2w2SXE-Z\/view?usp=sharing\"><strong>(Erasmus Policy Statement)<\/strong><\/a><\/p>\n<h3 class=\"titulo\" style=\"padding-left: 80px\">Curso 2024\/2025<\/h3>\n<ul>\n<li style=\"list-style-type: none\">\n<ul>\n<li style=\"list-style-type: none\">\n<ul>\n<li style=\"list-style-type: none\">\n<ul>\n<li>Beneficiarios y participantes en lista de espera:\n<ul style=\"list-style-type: circle\">\n<li><a href=\"https:\/\/drive.google.com\/file\/d\/11agzD20rZbB0N6glke-Vbf56YgP_4yJm\/view?usp=sharing\">Baremo profesorado<\/a><\/li>\n<li><a href=\"https:\/\/drive.google.com\/file\/d\/1qHCmu8b8lDYoZ1EdI5Fc4YCbBrUMcwcl\/view?usp=sharing\">Baremo alumnos KA121 2024-1-ES01-KA121-VET-000202274<\/a><\/li>\n<li><a href=\"https:\/\/drive.google.com\/file\/d\/1qD1DRklONQz4YoiPp0A_29Z52IGZK2wb\/view?usp=sharing\">Baremo alumnos KA131 2024-1-ES01-KA131-HED-000202272<\/a><\/li>\n<\/ul>\n<\/li>\n<\/ul>\n<\/li>\n<\/ul>\n<\/li>\n<\/ul>\n<\/li>\n<\/ul>\n<ul>\n<li style=\"list-style-type: none\">\n<ul>\n<li style=\"list-style-type: none\">\n<ul>\n<li style=\"list-style-type: none\">\n<ul>\n<li>Importe de las ayudas a beneficiarios del proyecto&nbsp;2024-1-ES01-KA131-HED-000202272:\n<ul>\n<li>Estudiantes:&nbsp;\n<ul>\n<li>\n<div><em>Pa\u00edses del grupo 1: Importe base de 350\u20ac por mes.&nbsp;<\/em><\/div>\n<div><em>Pa\u00edses del grupo 2: Importe base de 300\u20ac por mes.&nbsp;<\/em><\/div>\n<div><em>Pa\u00edses del grupo 3: Importe base de 250\u20ac por mes.<\/em><\/div>\n<\/li>\n<\/ul>\n<\/li>\n<li>Personal:&nbsp;\n<ul>\n<li>\n<div><em>Pa\u00edses del grupo 1: Importe de 124\u20ac por d\u00eda.&nbsp;<\/em><\/div>\n<div><em>Pa\u00edses del grupo 2: Importe de 110\u20ac por d\u00eda.<\/em><\/div>\n<div><em>Pa\u00edses del grupo 3: Importe de 96\u20ac por d\u00eda.<\/em><\/div>\n<p>&nbsp;<\/li>\n<\/ul>\n<\/li>\n<\/ul>\n<\/li>\n<\/ul>\n<\/li>\n<\/ul>\n<\/li>\n<\/ul>\n<\/li>\n<\/ul>\n<h3 class=\"titulo\" style=\"padding-left: 80px\">Curso 2023\/2024<\/h3>\n<ul>\n<li style=\"list-style-type: none\">\n<ul>\n<li style=\"list-style-type: none\">\n<ul>\n<li style=\"list-style-type: none\">\n<ul style=\"list-style-type: square\">\n<li>Beneficiarios y participantes en lista de espera:\n<ul style=\"list-style-type: circle\">\n<li><a href=\"https:\/\/drive.google.com\/file\/d\/1Hp5Ez3gt57TtwDsiPOPPEX2LeKqJwgIi\/view?usp=sharing\">Baremo profesorado.<\/a><\/li>\n<li><a href=\"https:\/\/drive.google.com\/file\/d\/1TXiqFK5qZCAXNQ88djV3q11brwxCFlOt\/view?usp=drive_link\">Baremo alumnos KA121<\/a><\/li>\n<li><a href=\"https:\/\/drive.google.com\/file\/d\/1I38I9P8gY5FFawlWHBakwsj4UaCSaCna\/view?usp=sharing\">Baremo alumnos KA131<\/a><\/li>\n<\/ul>\n<\/li>\n<\/ul>\n<\/li>\n<\/ul>\n<\/li>\n<\/ul>\n<\/li>\n<\/ul>\n<ul>\n<li style=\"list-style-type: none\">\n<ul>\n<li style=\"list-style-type: none\">\n<h3 class=\"titulo\">Curso 2022\/2023<\/h3>\n<ul>\n<li><a href=\"https:\/\/blogsaverroes.juntadeandalucia.es\/cpifpalmeraya\/files\/2022\/10\/Documento_2022-1-ES01-KA131-HED-000063980.pdf\">Movilidades para alumnado y profesorado de Grado Superior KA 131<\/a>\n<ul>\n<li><a href=\"https:\/\/blogsaverroes.juntadeandalucia.es\/cpifpalmeraya\/files\/2022\/10\/22_23-Folleto-Erasmus-KA131.pdf\">Proceso de selecci\u00f3n para el alumnado<\/a><\/li>\n<li><a href=\"https:\/\/drive.google.com\/file\/d\/1pv4T5tZr_cHgqDICgwZs58ibkWgpr16K\/view?usp=drive_link\">Resumen de los alumnos ERASMUS KA131 de Grado Superior curso 2022\/2023<\/a><\/li>\n<\/ul>\n<\/li>\n<li><a href=\"https:\/\/blogsaverroes.juntadeandalucia.es\/cpifpalmeraya\/files\/2022\/10\/Documento_2022-1-ES01-KA121-VET-000053604.pdf\">Movilidades para alumnado y profesorado de Grado Medio y FPB KA 121<\/a>\n<ul>\n<li><a href=\"https:\/\/blogsaverroes.juntadeandalucia.es\/cpifpalmeraya\/files\/2022\/10\/Folleto-KA121-2022_2023.pdf\">Proceso de selecci\u00f3n para el alumnado<\/a><\/li>\n<li><a href=\"https:\/\/drive.google.com\/file\/d\/1pTgqN99HLvPfBKdEnG7uSlY4jV0RQWy1\/view?usp=drive_link\">Resumen de los alumnos ERASMUS KA121 de Grado Medio y FPB curso 2022\/2023<\/a><\/li>\n<\/ul>\n<\/li>\n<li><a href=\"https:\/\/blogsaverroes.juntadeandalucia.es\/cpifpalmeraya\/files\/2023\/06\/2022-2023.pdf\">Proyectos realizados durante el curso 2022-2023<\/a><\/li>\n<\/ul>\n<h3 class=\"titulo\">Curso 2021\/2022<\/h3>\n<ul>\n<li style=\"text-align: left\">V\u00eddeo conmemorativo y galer\u00eda de im\u00e1genes de la Celebraci\u00f3n del XX Aniversario de los proyectos Erasmus en el IES Almeraya.<\/li>\n<\/ul>\n<p style=\"text-align: center\"><iframe loading=\"lazy\" src=\"https:\/\/www.youtube.com\/embed\/oUCPEOahu8s\" width=\"560\" height=\"315\" frameborder=\"0\"><\/iframe><\/p>\n<ul>\n<li>Proyectos Erasmus para el alumnado en el curso 2021\/2022 (<a href=\"https:\/\/blogsaverroes.juntadeandalucia.es\/cpifpalmeraya\/files\/2021\/11\/21_22-Presentaci\u00f3n-Programa-Erasmus.pdf\">Presentaci\u00f3n Programas Erasmus+ 21\/22<\/a>)<\/li>\n<li>Movilidades para alumnado de Grado Superior \u00abKA 103 2019, curso 2021\/2022\u00bb (<a href=\"https:\/\/blogsaverroes.juntadeandalucia.es\/cpifpalmeraya\/files\/2021\/11\/21_22-Folleto-Erasmus-KA103.pdf\">Folleto Erasmus KA103<\/a>)<\/li>\n<li>Movilidades para alumnado de Grado Medio y FPB \u00abKA 121 2021\/2022\u00bb (<a href=\"https:\/\/blogsaverroes.juntadeandalucia.es\/cpifpalmeraya\/files\/2021\/11\/21_22-Folleto-Erasmus-KA121.pdf\">Folleto Erasmus KA121<\/a>)<\/li>\n<\/ul>\n<h3 class=\"titulo\">Curso 2020\/2021<\/h3>\n<ul>\n<li>&nbsp;<a href=\"https:\/\/blogsaverroes.juntadeandalucia.es\/cpifpalmeraya\/files\/2021\/11\/Erasmus-Curso-2020_2021.pdf\">Resumen de los proyectos Erasmus+ llevados a cabo durante el curso 2020\/2021<\/a><\/li>\n<\/ul>\n<ul>\n<li><a href=\"https:\/\/drive.google.com\/file\/d\/1nr_0fJcrgd_SHp9k4lo2ujWA7OgALcvm\/view?usp=sharing\">KA103 para Grado Superior: <\/a>\n<ul>\n<li>2 movilidades para docentes nuestros en el extranjero.&nbsp;<\/li>\n<li><a href=\"https:\/\/drive.google.com\/file\/d\/1Pwb-tK0U2tC3oc0ly4UiPa6O2tUQXR5M\/view?usp=sharing\">10 movilidades para alumnado.<\/a><\/li>\n<\/ul>\n<\/li>\n<li><a href=\"https:\/\/drive.google.com\/file\/d\/1y_y378jww1d4KiRedG0IMPOQzyJ1Z9fH\/view?usp=sharing\">KA102 para Grado Medio<\/a>:\n<ul>\n<li><a href=\"https:\/\/drive.google.com\/file\/d\/1Hee2XJn9gGsCAlzhBTCuuH2yX8WrXh8H\/view?usp=sharing\">6 movilidades para realizar la FCT en Irlanda<\/a>.<\/li>\n<li>2 movilidades de docentes para organizar el inicio de la FCT.<\/li>\n<li>3 movilidades para alumnos con un Consorcio de Escuelas de Hosteler\u00eda y Turismo de Andaluc\u00eda (por confirmar<strong>)<\/strong><\/li>\n<\/ul>\n<\/li>\n<li>Youth Exchange. Intercambio Juvenil (Alemania &#8211; Marruecos &#8211; Espa\u00f1a)<\/li>\n<\/ul>\n<p style=\"text-align: center\"><iframe loading=\"lazy\" src=\"https:\/\/www.youtube.com\/embed\/lkgdwwAUCdQ\" width=\"560\" height=\"315\" frameborder=\"0\"><\/iframe><\/p>\n<h3 class=\"titulo\" style=\"text-align: left\">Curso 2019\/2020<\/h3>\n<ul>\n<li><a href=\"https:\/\/drive.google.com\/file\/d\/1mOKknldZTiKyo0BBtZj1rCDOXKouwa-i\/view?usp=sharing\">Informaci\u00f3n de los proyectos 2019-2020<\/a><\/li>\n<li>KA103 para Grado Superior:\n<ul>\n<li><a href=\"https:\/\/drive.google.com\/file\/d\/1p_4dzDl1juH-bqXcA2mwOh6v2vYpVn76\/view?usp=sharing\">14 movilidades para alumnado. <\/a><strong>Cancelado para el siguiente curso.<\/strong><\/li>\n<li>5 movilidades para docentes nuestros en el extranjero. <strong>Cancelado para el siguiente curso.<\/strong><\/li>\n<li>4 movilidades de acogida de docentes de la Escuela de Hosteler\u00eda y Turismo de Sicilia.<\/li>\n<li>2 visitas de expertos a nivel Internacional.<\/li>\n<li><a href=\"https:\/\/drive.google.com\/open?id=11Mmh5hCRkevOfVdYfUyhKb1XW5dqnOy7\">Visita Institucional a Budapest.<\/a><\/li>\n<\/ul>\n<\/li>\n<\/ul>\n<ul>\n<li>KA102 para Grado Medio. <strong>Cancelado para el siguiente curso:<\/strong>\n<ul>\n<li><a href=\"https:\/\/drive.google.com\/file\/d\/1IwlBEx8vLRxGJsXiu5wW0L6ZapI7c9ZT\/view?usp=sharing\">8 movilidades para realizar la FCT en Dubl\u00edn.<\/a><\/li>\n<li>2 movilidades de docentes para organizar el inicio de la FCT.<\/li>\n<\/ul>\n<\/li>\n<li><a href=\"https:\/\/drive.google.com\/file\/d\/11XTqb72qAb1mECRLBQWF3KFqm-lZSIgl\/view?usp=sharing\">Intercambio juvenil europeo en Marruecos: \u00abTaste of Diversity: art, environment and gastonomy\u00bb<\/a><\/li>\n<\/ul>\n<h3><span class=\"titulo\">Curso 2018\/2019: <\/span><\/h3>\n<ul>\n<li>KA103 para Grado Superior:\n<ul>\n<li><a href=\"https:\/\/drive.google.com\/file\/d\/1LgujNZee8O641sApTFAKHIRWVDrpxm37\/view?usp=sharing\">9 movilidades para alumnado.<\/a><\/li>\n<li>2 movilidades para docentes nuestros en el extranjero.<\/li>\n<li>2 movilidades de acogida de docentes de la Escuela Superior de Hosteler\u00eda y Turismo de Malta.<\/li>\n<li><a href=\"https:\/\/drive.google.com\/open?id=1uccuVgKRLnR6JKx7wgZ9l1kWyYoKogQf\">2 posibles movilidades dentro del Consorcio de la Junta de Andaluc\u00eda (FCT-Erasmus+ XII)<\/a><\/li>\n<\/ul>\n<\/li>\n<\/ul>\n<ul>\n<li><a href=\"https:\/\/drive.google.com\/file\/d\/1bujVazsBWVpojloky8IKYknVLtvFz-D3\/view?usp=sharing\">KA102 para Grado Medio:<\/a>\n<ul>\n<li><a href=\"https:\/\/drive.google.com\/file\/d\/1999UKbPTFPMuyE6CQ82ethc95LVZ7-Vj\/view?usp=sharing\">9 movilidades para realizar la FCT en Palermo, Cork y Braga.<\/a><\/li>\n<li>1 movilidad de docente para organizar el inicio de la FCT.<\/li>\n<\/ul>\n<\/li>\n<\/ul>\n<h3 class=\"titulo\">&nbsp;Curso 2017\/2018:<\/h3>\n<ul>\n<li>KA103 para grado Superior:\n<ul>\n<li>10 movilidades de alumnado con beca.<\/li>\n<li>4 movilidades de alumnado con beca.<\/li>\n<li>3 movilidades de docentes a Italia.<\/li>\n<li>Visita de nuestros coordinadores a Turqu\u00eda.<\/li>\n<li>Recibimos a 2 profesionales de la panader\u00eda italiana para impartir cursos a nuestros alumnos.<\/li>\n<\/ul>\n<\/li>\n<\/ul>\n<ul>\n<li>KA102 para grado Medio:\n<ul>\n<li>8 movilidades de alumnado para realizar la FCT repartidos entre Irlanda, Portugal e Italia.<\/li>\n<li>5 movilidades de docentes para coordinar el inicio de la FCT de Grado Medio.<\/li>\n<\/ul>\n<\/li>\n<\/ul>\n<ul>\n<li>Otros proyectos:\n<ul>\n<li>&nbsp;<a href=\"https:\/\/drive.google.com\/file\/d\/153oXW5f7L5w_JzMT_2WHMJWLQwpeOaBY\/view?usp=sharing\">Acogida de la escuela de Hosteler\u00eda y Turismo de Burgas de Bulgaria<\/a>.<\/li>\n<\/ul>\n<\/li>\n<\/ul>\n<h3 class=\"titulo\">Curso 2016\/2017:<\/h3>\n<ul>\n<li><span style=\"font-size: 12pt\">ERASMUS+&nbsp; 2016-1-ES01-KA103-022707<\/span><\/li>\n<\/ul>\n<ul>\n<li><span style=\"font-size: 12pt\">ERASMUS+&nbsp; Tourism for VET Camara de comercio Italiana en Espa\u00f1a<\/span>\n<ul>\n<li><a title=\"Alumnado seleccionado del Proyecto Tourism for VET\" href=\"http:\/\/www.juntadeandalucia.es\/averroes\/centros-tic\/04001205\/helvia\/sitio\/administracion\/index.cgi?wid_news=153&amp;wAccion=news\">Alumnado seleccionado en el tercer flujo de movilidad del Proyecto Tourism for VET<\/a><\/li>\n<li><a title=\"Convocatoria Erasmus+ Tourism for VET\" href=\"http:\/\/www.juntadeandalucia.es\/averroes\/centros-tic\/04001205\/helvia\/sitio\/administracion\/index.cgi?wid_news=151&amp;wAccion=news\"><span class=\"texto\">Abierto el plazo de la convocatoria del tercer flujo de movilidad del&nbsp;proyecto&nbsp; Erasmus+ Tourism for VET<\/span><\/a><\/li>\n<\/ul>\n<\/li>\n<\/ul>\n<h3 class=\"titulo\">Curso 2015\/2016:<\/h3>\n<ul>\n<li><span style=\"font-size: 12pt\"><span style=\"font-size: 12pt\"><span style=\"font-size: 12pt\">ERASMUS+&nbsp; Tourism for VET Camara de comercio Italiana en Espa\u00f1a<\/span><\/span><\/span>\n<ul>\n<li><a title=\"Erasmus+ Tourism for VET. Resultados convocatoria de verano\" href=\"http:\/\/www.juntadeandalucia.es\/averroes\/centros-tic\/04001205\/helvia\/sitio\/administracion\/index.cgi?wid_news=149&amp;wAccion=news\">Erasmus+ Tourism for VET. Resultados convocatoria de verano<\/a><\/li>\n<\/ul>\n<\/li>\n<\/ul>\n<ul>\n<li><span style=\"font-size: 12pt\">ERASMUS+ 2015-1-ES01-KA103-013159<\/span>\n<ul>\n<li><a title=\"Erasmus+: el restaurante Ametsa visita el IES Almeraya\" href=\"http:\/\/www.juntadeandalucia.es\/averroes\/centros-tic\/04001205\/helvia\/sitio\/administracion\/index.cgi?wid_news=148&amp;wAccion=news\">El restaurante Ametsa visita el IES Almeraya<\/a><\/li>\n<\/ul>\n<\/li>\n<\/ul>\n<h3 class=\"titulo\">Curso 2014\/2015:<\/h3>\n<ul>\n<li><span style=\"font-size: 12pt\">ERASMUS+&nbsp; 2014-1-ES01-KA103-000443<\/span>\n<ul>\n<li><a title=\"Proyecto ERASMUS 2014-15 IES Almeraya\" href=\"http:\/\/www.juntadeandalucia.es\/averroes\/centros-tic\/04001205\/helvia\/sitio\/administracion\/index.cgi?wid_news=136&amp;wAccion=news\">Proyecto ERASMUS+ 2014-15<\/a><\/li>\n<li><a title=\"Empresas colaboradoras y alumnado Erasmus+ 2014-2015\" href=\"http:\/\/www.juntadeandalucia.es\/averroes\/centros-tic\/04001205\/helvia\/sitio\/administracion\/index.cgi?wid_news=134&amp;wAccion=news\">Empresas colaboradoras y alumnado Erasmus+ 2014-2015<\/a><\/li>\n<li><a title=\"Visita al IES de D.Jos\u00e9 Gonzalez Godoy\" href=\"http:\/\/www.juntadeandalucia.es\/averroes\/centros-tic\/04001205\/helvia\/sitio\/administracion\/index.cgi?wid_news=133&amp;wAccion=news\">Visita al IES de D.Jos\u00e9 Gonzalez Godoy<\/a><\/li>\n<\/ul>\n<\/li>\n<\/ul>\n<p>&nbsp;<\/li>\n<\/ul>\n<\/li>\n<\/ul>\n","protected":false},"excerpt":{"rendered":"<p>T\u00e9rminos y Condiciones Generales del Programa ERASMUS del CPIFP Almeraya (Erasmus Policy Statement) Curso 2024\/2025 Beneficiarios y participantes en lista de espera: Baremo profesorado Baremo alumnos KA121 2024-1-ES01-KA121-VET-000202274 Baremo alumnos KA131 2024-1-ES01-KA131-HED-000202272 Importe de&#46;&#46;&#46;<\/p>\n","protected":false},"author":10810,"featured_media":0,"parent":2512,"menu_order":0,"comment_status":"closed","ping_status":"closed","template":"page-templates\/child-menu.php","meta":{"ngg_post_thumbnail":0,"footnotes":"","_mc_calendar":[]},"aioseo_notices":[],"_links":{"self":[{"href":"https:\/\/blogsaverroes.juntadeandalucia.es\/cpifpalmeraya\/wp-json\/wp\/v2\/pages\/2509"}],"collection":[{"href":"https:\/\/blogsaverroes.juntadeandalucia.es\/cpifpalmeraya\/wp-json\/wp\/v2\/pages"}],"about":[{"href":"https:\/\/blogsaverroes.juntadeandalucia.es\/cpifpalmeraya\/wp-json\/wp\/v2\/types\/page"}],"author":[{"embeddable":true,"href":"https:\/\/blogsaverroes.juntadeandalucia.es\/cpifpalmeraya\/wp-json\/wp\/v2\/users\/10810"}],"replies":[{"embeddable":true,"href":"https:\/\/blogsaverroes.juntadeandalucia.es\/cpifpalmeraya\/wp-json\/wp\/v2\/comments?post=2509"}],"version-history":[{"count":43,"href":"https:\/\/blogsaverroes.juntadeandalucia.es\/cpifpalmeraya\/wp-json\/wp\/v2\/pages\/2509\/revisions"}],"predecessor-version":[{"id":7203,"href":"https:\/\/blogsaverroes.juntadeandalucia.es\/cpifpalmeraya\/wp-json\/wp\/v2\/pages\/2509\/revisions\/7203"}],"up":[{"embeddable":true,"href":"https:\/\/blogsaverroes.juntadeandalucia.es\/cpifpalmeraya\/wp-json\/wp\/v2\/pages\/2512"}],"wp:attachment":[{"href":"https:\/\/blogsaverroes.juntadeandalucia.es\/cpifpalmeraya\/wp-json\/wp\/v2\/media?parent=2509"}],"curies":[{"name":"wp","href":"https:\/\/api.w.org\/{rel}","templated":true}]}}