{"id":2829,"date":"2020-11-14T00:03:43","date_gmt":"2020-11-13T23:03:43","guid":{"rendered":"https:\/\/blogsaverroes.juntadeandalucia.es\/cpifpalmeraya\/?page_id=2829"},"modified":"2022-09-15T09:39:13","modified_gmt":"2022-09-15T07:39:13","slug":"pasen-ipasen","status":"publish","type":"page","link":"https:\/\/blogsaverroes.juntadeandalucia.es\/cpifpalmeraya\/planes-y-proyectos\/transformacion-digital-educativa\/pasen-ipasen\/","title":{"rendered":"Pasen\/iPasen"},"content":{"rendered":"<p><a href=\"https:\/\/blogsaverroes.juntadeandalucia.es\/cpifpalmeraya\/files\/2020\/11\/comunicaci\u00f3n.png\"><img decoding=\"async\" class=\"size-full wp-image-2845 alignright\" src=\"https:\/\/blogsaverroes.juntadeandalucia.es\/cpifpalmeraya\/files\/2020\/11\/comunicaci\u00f3n.png\" alt=\"Comunicaci\u00f3n con las familias\" width=\"300\" srcset=\"https:\/\/blogsaverroes.juntadeandalucia.es\/cpifpalmeraya\/files\/2020\/11\/comunicaci\u00f3n.png 800w, https:\/\/blogsaverroes.juntadeandalucia.es\/cpifpalmeraya\/files\/2020\/11\/comunicaci\u00f3n-300x244.png 300w, https:\/\/blogsaverroes.juntadeandalucia.es\/cpifpalmeraya\/files\/2020\/11\/comunicaci\u00f3n-768x624.png 768w, https:\/\/blogsaverroes.juntadeandalucia.es\/cpifpalmeraya\/files\/2020\/11\/comunicaci\u00f3n-24x20.png 24w, https:\/\/blogsaverroes.juntadeandalucia.es\/cpifpalmeraya\/files\/2020\/11\/comunicaci\u00f3n-36x29.png 36w, https:\/\/blogsaverroes.juntadeandalucia.es\/cpifpalmeraya\/files\/2020\/11\/comunicaci\u00f3n-48x39.png 48w\" sizes=\"(max-width: 800px) 100vw, 800px\" \/><\/a><\/p>\n<h3>\u00bfQu\u00e9 es Pasen\/iPasen?<\/h3>\n<p>Pasen \/ iPasen es el canal oficial de la <a href=\"https:\/\/www.juntadeandalucia.es\/organismos\/educacionydeporte.html\">Consejer\u00eda de Educaci\u00f3n y Deporte<\/a> para la comunicaci\u00f3n entre los centros educativos y las familias o el alumnado. Permite a las familias realizar el seguimiento educativo de sus hijos e hijas.<\/p>\n<p><a href=\"https:\/\/blogsaverroes.juntadeandalucia.es\/cpifpalmeraya\/files\/2021\/09\/pasen.png\"><img loading=\"lazy\" decoding=\"async\" class=\"alignnone wp-image-3688 size-full\" src=\"https:\/\/blogsaverroes.juntadeandalucia.es\/cpifpalmeraya\/files\/2021\/09\/pasen.png\" alt=\"\" width=\"215\" height=\"54\"><\/a><\/p>\n<p>La aplicaci\u00f3n <strong>Pasen<\/strong> est\u00e1 dise\u00f1ada para PC. Se accede a ella desde un navegador:<\/p>\n<p style=\"text-align: center\"><a href=\"https:\/\/www.juntadeandalucia.es\/educacion\/portals\/web\/ced\/pasen\">https:\/\/www.juntadeandalucia.es\/educacion\/portals\/web\/ced\/pasen<\/a><\/p>\n<p><a href=\"https:\/\/blogsaverroes.juntadeandalucia.es\/cpifpalmeraya\/files\/2021\/09\/ipasen.png\"><img loading=\"lazy\" decoding=\"async\" class=\"alignnone wp-image-3689 size-full\" src=\"https:\/\/blogsaverroes.juntadeandalucia.es\/cpifpalmeraya\/files\/2021\/09\/ipasen.png\" alt=\"\" width=\"145\" height=\"140\"><\/a><\/p>\n<p>La aplicaci\u00f3n<strong> iPasen<\/strong> est\u00e1 dise\u00f1ada para m\u00f3viles y tabletas.<\/p>\n<ul>\n<li>Enlaces de descarga\n<ul>\n<li><a href=\"https:\/\/play.google.com\/store\/apps\/details?id=juntadeandalucia.ced.pasen\">iPasen para Android <\/a><\/li>\n<li><a href=\"https:\/\/apps.apple.com\/es\/app\/ipasen\/id511127024?l=es\">iPasen para iOS<\/a><\/li>\n<\/ul>\n<\/li>\n<\/ul>\n<h3>\u00bfQu\u00e9 me permite hacer Pasen\/iPasen?<\/h3>\n<p>Entre otras funcionalidades<\/p>\n<ul>\n<li>Recibir notificaciones, avisos, mensajes.<\/li>\n<li>Acceder a la Agenda Personal, Tabl\u00f3n de Anuncios, datos del centro educativo, calendario escolar, horario escolar.<\/li>\n<li>Consulta, justificaci\u00f3n y comunicaci\u00f3n de ausencias de sus hijos e hijas<\/li>\n<li>Consulta de las actividades evaluables, tareas, controles, etc,&nbsp; puestas por el profesorado y sus calificaciones, adem\u00e1s de las notas de las evaluaciones.<\/li>\n<li>Consulta de las observaciones que se hayan introducido por parte del profesorado sobre la marcha de sus hijos e hijas.<\/li>\n<\/ul>\n<h3>\u00bfC\u00f3mo puedo acceder a Pasen?<\/h3>\n<p>Si a\u00fan no dispone de las credenciales de acceso (usuario y contrase\u00f1a), en<strong> <a href=\"https:\/\/www.juntadeandalucia.es\/educacion\/portals\/web\/ced\/pasen\">Pasen<\/a> <\/strong>dentro del apartado de <strong>Acceso a Pasen<\/strong> haga clic en <strong>No tengo acceso<\/strong>. Solamente necesitar\u00e1 indicar su NIF, el m\u00f3vil suministrado al centro en la matr\u00edcula y, para las familias, la fecha de nacimiento de un\/a hijo\/a con matr\u00edcula en el centro.<\/p>\n<p><a href=\"https:\/\/blogsaverroes.juntadeandalucia.es\/cpifpalmeraya\/files\/2021\/09\/AccesoPasen.png\"><img loading=\"lazy\" decoding=\"async\" class=\"wp-image-3687 size-full aligncenter\" src=\"https:\/\/blogsaverroes.juntadeandalucia.es\/cpifpalmeraya\/files\/2021\/09\/AccesoPasen.png\" alt=\"\" width=\"309\" height=\"398\" srcset=\"https:\/\/blogsaverroes.juntadeandalucia.es\/cpifpalmeraya\/files\/2021\/09\/AccesoPasen.png 309w, https:\/\/blogsaverroes.juntadeandalucia.es\/cpifpalmeraya\/files\/2021\/09\/AccesoPasen-233x300.png 233w\" sizes=\"(max-width: 309px) 100vw, 309px\" \/><\/a><\/p>\n<p style=\"text-align: left\">Tambi\u00e9n lo puede hacer desde la aplicaci\u00f3n<strong> iPasen<\/strong>. En este v\u00eddeo se explica el procedimiento:<\/p>\n<p style=\"text-align: center\"><iframe loading=\"lazy\" src=\"https:\/\/www.youtube.com\/embed\/toQjQCEWVxQ\" width=\"560\" height=\"315\" frameborder=\"0\"><span style=\"width: 0px;overflow: hidden;line-height: 0\" data-mce-type=\"bookmark\" class=\"mce_SELRES_start\">\ufeff<\/span><\/iframe><\/p>\n<p style=\"text-align: left\">Si se encuentra con alg\u00fan problema para obtener las credenciales, p\u00f3ngase en contacto con el centro por tel\u00e9fono, correo electr\u00f3nico o mediante el <a title=\"Contactar\" href=\"https:\/\/blogsaverroes.juntadeandalucia.es\/cpifpalmeraya\/contactar\/\">formulario de contacto<\/a>.<\/p>\n<h3>He olvidado la contrase\u00f1a, \u00bfla puedo recuperar?<\/h3>\n<p>S\u00ed, desde la web de <strong><a href=\"https:\/\/www.juntadeandalucia.es\/educacion\/portals\/web\/ced\/pasen\">Pasen<\/a>, <\/strong>dentro del apartado de <strong>Acceso Pasen,<\/strong> haga clic en<strong> \u00bfolvid\u00f3 su contrase\u00f1a?<\/strong> y siga las instrucciones que aparecen. Deber\u00e1 introducir su usuario, que est\u00e1 formado por la inicial de su nombre las tres primeras letras de su primer apellido, las tres primeras letras de su segundo apellido y las tres \u00faltimas cifras de su DNI (en ocasiones excepcionales este patr\u00f3n no se cumple), todo en min\u00fasculas y sin espacios o su DNI. El sistema le har\u00e1 llegar su contrase\u00f1a de acceso mediante un mensaje de correo electr\u00f3nico o SMS a su tel\u00e9fono m\u00f3vil.<\/p>\n<p>En la aplicaci\u00f3n<strong> iPasen<\/strong> el procedimiento es similar: acceda a la app iPasen de su dispositivo m\u00f3vil siga la ruta<em> Ajustes (icono rueda dentada) -&gt; Mis datos -&gt; Seguridad -&gt; Modificar contrase\u00f1a<\/em> y seleccione <strong><em>He olvidado mi contrase\u00f1a&nbsp;<\/em><\/strong><\/p>\n<p style=\"text-align: center\"><iframe loading=\"lazy\" src=\"https:\/\/www.youtube.com\/embed\/OR7r9OcG8sE\" width=\"560\" height=\"315\" frameborder=\"0\"><\/iframe><\/p>\n<h4>M\u00e1s informaci\u00f3n:<\/h4>\n<ul>\n<li><a href=\"https:\/\/www.juntadeandalucia.es\/educacion\/portals\/web\/ced\/pasen\">Portal Pasen<\/a><\/li>\n<li>Manuales de usuario para los siguientes perfiles:\n<ul>\n<li><a href=\"https:\/\/www.juntadeandalucia.es\/educacion\/portals\/documents\/14988\/179880\/Manual+Pasen+Tutor\/642d0a89-868a-4e07-8ac2-c8653031db7a\">Tutores\/as legales<\/a>.<\/li>\n<li><a href=\"https:\/\/www.juntadeandalucia.es\/educacion\/portals\/documents\/14988\/179880\/Manual+Pasen+Alumnado\/0f20e14d-710b-4946-b203-da6aee30023f\">Alumnado<\/a><\/li>\n<\/ul>\n<\/li>\n<\/ul>\n","protected":false},"excerpt":{"rendered":"<p>\u00bfQu\u00e9 es Pasen\/iPasen? Pasen \/ iPasen es el canal oficial de la Consejer\u00eda de Educaci\u00f3n y Deporte para la comunicaci\u00f3n entre los centros educativos y las familias o el alumnado. Permite a las familias&#46;&#46;&#46;<\/p>\n","protected":false},"author":10810,"featured_media":0,"parent":3116,"menu_order":0,"comment_status":"closed","ping_status":"closed","template":"page-templates\/child-menu.php","meta":{"ngg_post_thumbnail":0,"footnotes":"","_mc_calendar":[]},"aioseo_notices":[],"_links":{"self":[{"href":"https:\/\/blogsaverroes.juntadeandalucia.es\/cpifpalmeraya\/wp-json\/wp\/v2\/pages\/2829"}],"collection":[{"href":"https:\/\/blogsaverroes.juntadeandalucia.es\/cpifpalmeraya\/wp-json\/wp\/v2\/pages"}],"about":[{"href":"https:\/\/blogsaverroes.juntadeandalucia.es\/cpifpalmeraya\/wp-json\/wp\/v2\/types\/page"}],"author":[{"embeddable":true,"href":"https:\/\/blogsaverroes.juntadeandalucia.es\/cpifpalmeraya\/wp-json\/wp\/v2\/users\/10810"}],"replies":[{"embeddable":true,"href":"https:\/\/blogsaverroes.juntadeandalucia.es\/cpifpalmeraya\/wp-json\/wp\/v2\/comments?post=2829"}],"version-history":[{"count":24,"href":"https:\/\/blogsaverroes.juntadeandalucia.es\/cpifpalmeraya\/wp-json\/wp\/v2\/pages\/2829\/revisions"}],"predecessor-version":[{"id":4732,"href":"https:\/\/blogsaverroes.juntadeandalucia.es\/cpifpalmeraya\/wp-json\/wp\/v2\/pages\/2829\/revisions\/4732"}],"up":[{"embeddable":true,"href":"https:\/\/blogsaverroes.juntadeandalucia.es\/cpifpalmeraya\/wp-json\/wp\/v2\/pages\/3116"}],"wp:attachment":[{"href":"https:\/\/blogsaverroes.juntadeandalucia.es\/cpifpalmeraya\/wp-json\/wp\/v2\/media?parent=2829"}],"curies":[{"name":"wp","href":"https:\/\/api.w.org\/{rel}","templated":true}]}}