{"id":2971,"date":"2020-12-04T08:29:56","date_gmt":"2020-12-04T07:29:56","guid":{"rendered":"https:\/\/blogsaverroes.juntadeandalucia.es\/cpifpalmeraya\/?page_id=2971"},"modified":"2022-09-10T09:14:19","modified_gmt":"2022-09-10T07:14:19","slug":"servicio-de-prestamos","status":"publish","type":"page","link":"https:\/\/blogsaverroes.juntadeandalucia.es\/cpifpalmeraya\/biblioteca\/servicio-de-prestamos\/","title":{"rendered":"Servicio de pr\u00e9stamos"},"content":{"rendered":"<ul>\n<li>Cuando se quiera pedir prestado un libro, se consultar\u00e1 previamente el cat\u00e1logo online en la web del cento (<a href=\"https:\/\/www.juntadeandalucia.es\/educacion\/senecav2\/seneca\/biblioweb\/catalogo\/04001205\">Cat\u00e1logo de libros Biblioweb<\/a>); de esta manera se sabe si est\u00e1 disponible.<\/li>\n<li>Se pueden solicitar los pr\u00e9stamos en la Biblioteca (Aula 6) durante los recreos o tambi\u00e9n mediante el siguiente correo electr\u00f3nico : inbiblio2015@gmail.com<\/li>\n<li>La duraci\u00f3n m\u00e1xima del pr\u00e9stamo ser\u00e1 de 15 d\u00edas. (Se puede prorrogar previo aviso al profesorado).<\/li>\n<li>Todos los fondos se podr\u00e1n consultar en la biblioteca, pero no todos se pueden sacar en pr\u00e9stamo. As\u00ed los atlas, enciclopedias y diccionarios tendr\u00e1n un pr\u00e9stamo restringido o no se podr\u00e1n prestar.<\/li>\n<li>Si no se devuelve el libro prestado, se deber\u00e1 pagar el importe correspondiente o comprar otro ejemplar de dicho libro.<\/li>\n<\/ul>\n","protected":false},"excerpt":{"rendered":"<p>Cuando se quiera pedir prestado un libro, se consultar\u00e1 previamente el cat\u00e1logo online en la web del cento (Cat\u00e1logo de libros Biblioweb); de esta manera se sabe si est\u00e1 disponible. Se pueden solicitar los&#46;&#46;&#46;<\/p>\n","protected":false},"author":10810,"featured_media":0,"parent":113,"menu_order":0,"comment_status":"closed","ping_status":"closed","template":"page-templates\/child-menu.php","meta":{"ngg_post_thumbnail":0,"footnotes":"","_mc_calendar":[]},"aioseo_notices":[],"_links":{"self":[{"href":"https:\/\/blogsaverroes.juntadeandalucia.es\/cpifpalmeraya\/wp-json\/wp\/v2\/pages\/2971"}],"collection":[{"href":"https:\/\/blogsaverroes.juntadeandalucia.es\/cpifpalmeraya\/wp-json\/wp\/v2\/pages"}],"about":[{"href":"https:\/\/blogsaverroes.juntadeandalucia.es\/cpifpalmeraya\/wp-json\/wp\/v2\/types\/page"}],"author":[{"embeddable":true,"href":"https:\/\/blogsaverroes.juntadeandalucia.es\/cpifpalmeraya\/wp-json\/wp\/v2\/users\/10810"}],"replies":[{"embeddable":true,"href":"https:\/\/blogsaverroes.juntadeandalucia.es\/cpifpalmeraya\/wp-json\/wp\/v2\/comments?post=2971"}],"version-history":[{"count":6,"href":"https:\/\/blogsaverroes.juntadeandalucia.es\/cpifpalmeraya\/wp-json\/wp\/v2\/pages\/2971\/revisions"}],"predecessor-version":[{"id":3175,"href":"https:\/\/blogsaverroes.juntadeandalucia.es\/cpifpalmeraya\/wp-json\/wp\/v2\/pages\/2971\/revisions\/3175"}],"up":[{"embeddable":true,"href":"https:\/\/blogsaverroes.juntadeandalucia.es\/cpifpalmeraya\/wp-json\/wp\/v2\/pages\/113"}],"wp:attachment":[{"href":"https:\/\/blogsaverroes.juntadeandalucia.es\/cpifpalmeraya\/wp-json\/wp\/v2\/media?parent=2971"}],"curies":[{"name":"wp","href":"https:\/\/api.w.org\/{rel}","templated":true}]}}