{"id":3003,"date":"2020-12-10T12:58:46","date_gmt":"2020-12-10T11:58:46","guid":{"rendered":"https:\/\/blogsaverroes.juntadeandalucia.es\/cpifpalmeraya\/?page_id=3003"},"modified":"2022-04-06T11:50:03","modified_gmt":"2022-04-06T09:50:03","slug":"plan-de-salud-laboral","status":"publish","type":"page","link":"https:\/\/blogsaverroes.juntadeandalucia.es\/cpifpalmeraya\/planes-y-proyectos\/plan-de-salud-laboral\/","title":{"rendered":"Plan de Salud Laboral"},"content":{"rendered":"<h2><a href=\"https:\/\/blogsaverroes.juntadeandalucia.es\/cpifpalmeraya\/files\/2021\/01\/PlanSaludLaboralYPRL.png\"><img loading=\"lazy\" decoding=\"async\" class=\"wp-image-3108 alignnone\" src=\"https:\/\/blogsaverroes.juntadeandalucia.es\/cpifpalmeraya\/files\/2021\/01\/PlanSaludLaboralYPRL.png\" alt=\"\" width=\"373\" height=\"176\" srcset=\"https:\/\/blogsaverroes.juntadeandalucia.es\/cpifpalmeraya\/files\/2021\/01\/PlanSaludLaboralYPRL.png 800w, https:\/\/blogsaverroes.juntadeandalucia.es\/cpifpalmeraya\/files\/2021\/01\/PlanSaludLaboralYPRL-300x142.png 300w, https:\/\/blogsaverroes.juntadeandalucia.es\/cpifpalmeraya\/files\/2021\/01\/PlanSaludLaboralYPRL-768x363.png 768w, https:\/\/blogsaverroes.juntadeandalucia.es\/cpifpalmeraya\/files\/2021\/01\/PlanSaludLaboralYPRL-520x245.png 520w, https:\/\/blogsaverroes.juntadeandalucia.es\/cpifpalmeraya\/files\/2021\/01\/PlanSaludLaboralYPRL-720x340.png 720w, https:\/\/blogsaverroes.juntadeandalucia.es\/cpifpalmeraya\/files\/2021\/01\/PlanSaludLaboralYPRL-24x11.png 24w, https:\/\/blogsaverroes.juntadeandalucia.es\/cpifpalmeraya\/files\/2021\/01\/PlanSaludLaboralYPRL-36x17.png 36w, https:\/\/blogsaverroes.juntadeandalucia.es\/cpifpalmeraya\/files\/2021\/01\/PlanSaludLaboralYPRL-48x23.png 48w\" sizes=\"(max-width: 373px) 100vw, 373px\" \/><\/a><\/h2>\n<h3>Prevenci\u00f3n de Riesgos Laborales<\/h3>\n<p>La Ley 31\/1995, de 8 de noviembre, de Prevenci\u00f3n de Riesgos Laborales, resalta la importancia y la obligaci\u00f3n de garantizar el reconocimiento del derecho de los trabajadores, en el \u00e1mbito laboral, a la protecci\u00f3n de su salud e integridad.<\/p>\n<h3>Protocolo de prevenci\u00f3n y actuaci\u00f3n en los casos de acoso laboral<\/h3>\n<div id=\"post-content-12267\" class=\"post-content-container\">\n<p dir=\"ltr\">Con fecha 3 de Marzo de 2020, se ha publicado una Resoluci\u00f3n, en la que se actualiza el<strong> Protocolo de prevenci\u00f3n y actuaci\u00f3n en los casos de acoso laboral, en el \u00e1mbito de la Administraci\u00f3n de la Junta de Andaluc\u00eda<\/strong>. Aqu\u00ed se puede encontrar el <strong>protocolo<\/strong>, los <strong>anexos a cumplimentar<\/strong>, en el caso de que se quiera iniciar un procedimiento, as\u00ed como una <strong>presentaci\u00f3n, donde se resume el citado Protocolo<\/strong>, para que sea conocido por toda la Comunidad Educativa.<\/p>\n<ul>\n<li><a class=\"ico_enlaceExt\" title=\"Se abre en una nueva ventana\" href=\"https:\/\/juntadeandalucia.es\/eboja\/2020\/46\/BOJA20-046-00022-3520-01_00170920.pdf\" target=\"_blank\" rel=\"noopener noreferrer\">Protocolo de prevenci\u00f3n y actuaci\u00f3n en los casos de acoso laboral (BOJA)<\/a><\/li>\n<li><a class=\"ico_enlaceExt\" title=\"Se abre en una nueva ventana\" href=\"https:\/\/blogsaverroes.juntadeandalucia.es\/cpifpalmeraya\/files\/2021\/11\/PROTOCOLO-DE-PREVENCI\u00d3N-Y-ACTUACI\u00d3N-EN-CASO-DE-ACOSO-LABORAL.pdf\" target=\"_blank\" rel=\"noopener noreferrer\">Protocolo de prevenci\u00f3n y actuaci\u00f3n en los casos de acoso laboral (presentaci\u00f3n)<\/a><\/li>\n<li><a href=\"https:\/\/blogsaverroes.juntadeandalucia.es\/cpifpalmeraya\/files\/2021\/11\/anexos-protocolo-acoso.pdf\">Anexos al protocolo de&nbsp; acoso<\/a><\/li>\n<\/ul>\n<\/div>\n<h3>Primeros auxilios<\/h3>\n<p>Los primeros auxilios son fundamentales para atender a una persona accidentada y gestionar la urgencia en las primeros momentos del siniestro, hasta que llegue la asistencia sanitaria. Es por ello, que es imprescindible conocer unas nociones b\u00e1sicas sobre c\u00f3mo aplicar esta primera ayuda. La siguiente presentaci\u00f3n ayudar\u00e1 a saber sobre c\u00f3mo actuar en estos momentos que pueden salvar vidas.<\/p>\n<div class=\"_3d-flip-book  fb3d-fullscreen-mode full-size\" data-id=\"4401\" data-mode=\"fullscreen\" data-title=\"false\" data-template=\"short-white-book-view\" data-lightbox=\"dark-shadow\" data-urlparam=\"fb3d-page\" data-page-n=\"0\" data-pdf=\"\" data-tax=\"null\" data-thumbnail=\"\" data-cols=\"3\" data-book-template=\"default\" data-trigger=\"\"><\/div><script type=\"text\/javascript\">window.FB3D_CLIENT_DATA = window.FB3D_CLIENT_DATA || [];FB3D_CLIENT_DATA.push('eyJwb3N0cyI6eyI0NDAxIjp7IklEIjo0NDAxLCJ0aXRsZSI6IlByaW1lcm9zIGF1eGlsaW9zIiwidHlwZSI6InBkZiIsInJlYWR5X2Z1bmN0aW9uIjoiIiwiYm9va19zdHlsZSI6InZvbHVtZSIsImJvb2tfdGVtcGxhdGUiOiJub25lIiwib3V0bGluZSI6W10sImRhdGEiOnsicG9zdF9JRCI6IjQzOTkiLCJndWlkIjoiaHR0cHM6XC9cL2Jsb2dzYXZlcnJvZXMuanVudGFkZWFuZGFsdWNpYS5lc1wvY3BpZnBhbG1lcmF5YVwvZmlsZXNcLzIwMjJcLzA0XC9QcmltZXJvcy1hdXhpbGlvcy5wcHR4LnBkZiIsInBkZl9wYWdlcyI6IjI0IiwicGFnZXNfY3VzdG9taXphdGlvbiI6Im5vbmUifSwidGh1bWJuYWlsIjp7ImRhdGEiOnsicG9zdF9JRCI6IjAifSwidHlwZSI6ImF1dG8ifSwicHJvcHMiOnsiaGVpZ2h0IjoiYXV0byIsIndpZHRoIjoiYXV0byIsImdyYXZpdHkiOiJhdXRvIiwiY2FjaGVkUGFnZXMiOiJhdXRvIiwicmVuZGVySW5hY3RpdmVQYWdlcyI6ImF1dG8iLCJyZW5kZXJJbmFjdGl2ZVBhZ2VzT25Nb2JpbGUiOiJhdXRvIiwicmVuZGVyV2hpbGVGbGlwcGluZyI6ImF1dG8iLCJwYWdlc0ZvclByZWRpY3RpbmciOiJhdXRvIiwicHJlbG9hZFBhZ2VzIjoiYXV0byIsInJ0bCI6ImF1dG8iLCJzaGVldCI6eyJzdGFydFZlbG9jaXR5IjoiYXV0byIsImNvcm5lckRldmlhdGlvbiI6ImF1dG8iLCJmbGV4aWJpbGl0eSI6ImF1dG8iLCJmbGV4aWJsZUNvcm5lciI6ImF1dG8iLCJiZW5kaW5nIjoiYXV0byIsIndhdmUiOiJhdXRvIiwid2lkdGhUZXhlbHMiOiJhdXRvIiwiaGVpZ2h0VGV4ZWxzIjoiYXV0byIsImNvbG9yIjoiYXV0byJ9LCJjb3ZlciI6eyJzdGFydFZlbG9jaXR5IjoiYXV0byIsImZsZXhpYmlsaXR5IjoiYXV0byIsImZsZXhpYmxlQ29ybmVyIjoiYXV0byIsImJlbmRpbmciOiJhdXRvIiwid2F2ZSI6ImF1dG8iLCJ3aWR0aFRleGVscyI6ImF1dG8iLCJoZWlnaHRUZXhlbHMiOiJhdXRvIiwiY29sb3IiOiJhdXRvIiwiYmluZGVyVGV4dHVyZSI6ImF1dG8iLCJkZXB0aCI6ImF1dG8iLCJwYWRkaW5nIjoiYXV0byIsIm1hc3MiOiJhdXRvIn0sInBhZ2UiOnsic3RhcnRWZWxvY2l0eSI6ImF1dG8iLCJmbGV4aWJpbGl0eSI6ImF1dG8iLCJmbGV4aWJsZUNvcm5lciI6ImF1dG8iLCJiZW5kaW5nIjoiYXV0byIsIndhdmUiOiJhdXRvIiwid2lkdGhUZXhlbHMiOiJhdXRvIiwiaGVpZ2h0VGV4ZWxzIjoiYXV0byIsImNvbG9yIjoiYXV0byIsImRlcHRoIjoiYXV0byIsIm1hc3MiOiJhdXRvIn19LCJjb250cm9sUHJvcHMiOnsiYWN0aW9ucyI6eyJjbWRTYXZlIjp7ImVuYWJsZWQiOiJhdXRvIn0sImNtZFByaW50Ijp7ImVuYWJsZWQiOiJhdXRvIn0sImNtZFNpbmdsZVBhZ2UiOnsiZW5hYmxlZCI6ImF1dG8iLCJhY3RpdmUiOiJhdXRvIn19fSwiYXV0b1RodW1ibmFpbCI6bnVsbCwicG9zdF9uYW1lIjoiNDQwMSIsInBvc3RfdHlwZSI6IjNkLWZsaXAtYm9vayJ9fSwicGFnZXMiOltdLCJmaXJzdFBhZ2VzIjpbXX0=');window.FB3D_CLIENT_LOCALE && FB3D_CLIENT_LOCALE.render && FB3D_CLIENT_LOCALE.render();<\/script>\n<p>&nbsp;<\/p>\n","protected":false},"excerpt":{"rendered":"<p>Prevenci\u00f3n de Riesgos Laborales La Ley 31\/1995, de 8 de noviembre, de Prevenci\u00f3n de Riesgos Laborales, resalta la importancia y la obligaci\u00f3n de garantizar el reconocimiento del derecho de los trabajadores, en el \u00e1mbito&#46;&#46;&#46;<\/p>\n","protected":false},"author":10810,"featured_media":0,"parent":44,"menu_order":0,"comment_status":"closed","ping_status":"closed","template":"page-templates\/child-menu.php","meta":{"ngg_post_thumbnail":0,"footnotes":"","_mc_calendar":[]},"aioseo_notices":[],"_links":{"self":[{"href":"https:\/\/blogsaverroes.juntadeandalucia.es\/cpifpalmeraya\/wp-json\/wp\/v2\/pages\/3003"}],"collection":[{"href":"https:\/\/blogsaverroes.juntadeandalucia.es\/cpifpalmeraya\/wp-json\/wp\/v2\/pages"}],"about":[{"href":"https:\/\/blogsaverroes.juntadeandalucia.es\/cpifpalmeraya\/wp-json\/wp\/v2\/types\/page"}],"author":[{"embeddable":true,"href":"https:\/\/blogsaverroes.juntadeandalucia.es\/cpifpalmeraya\/wp-json\/wp\/v2\/users\/10810"}],"replies":[{"embeddable":true,"href":"https:\/\/blogsaverroes.juntadeandalucia.es\/cpifpalmeraya\/wp-json\/wp\/v2\/comments?post=3003"}],"version-history":[{"count":24,"href":"https:\/\/blogsaverroes.juntadeandalucia.es\/cpifpalmeraya\/wp-json\/wp\/v2\/pages\/3003\/revisions"}],"predecessor-version":[{"id":4404,"href":"https:\/\/blogsaverroes.juntadeandalucia.es\/cpifpalmeraya\/wp-json\/wp\/v2\/pages\/3003\/revisions\/4404"}],"up":[{"embeddable":true,"href":"https:\/\/blogsaverroes.juntadeandalucia.es\/cpifpalmeraya\/wp-json\/wp\/v2\/pages\/44"}],"wp:attachment":[{"href":"https:\/\/blogsaverroes.juntadeandalucia.es\/cpifpalmeraya\/wp-json\/wp\/v2\/media?parent=3003"}],"curies":[{"name":"wp","href":"https:\/\/api.w.org\/{rel}","templated":true}]}}