{"id":3320,"date":"2021-03-11T10:23:00","date_gmt":"2021-03-11T09:23:00","guid":{"rendered":"https:\/\/blogsaverroes.juntadeandalucia.es\/cpifpalmeraya\/?page_id=3320"},"modified":"2022-05-02T18:22:32","modified_gmt":"2022-05-02T16:22:32","slug":"plan-de-igualdad","status":"publish","type":"page","link":"https:\/\/blogsaverroes.juntadeandalucia.es\/cpifpalmeraya\/planes-y-proyectos\/plan-de-igualdad\/","title":{"rendered":"Plan de Igualdad"},"content":{"rendered":"<div class=\"post-actions d-flex align-self-end justify-content-end flex-wrap ml-auto\" role=\"menubar\" data-region=\"post-actions-container\" aria-label=\"VIOLENCIA DE G\u00c9NERO, INFORMACI\u00d3N SOBRE DONDE DENUNCIAR por Garc\u00eda Navarro, Sonia\"><a href=\"https:\/\/violenciagenero.igualdad.gob.es\/pactoEstado\/home.htm\"><img loading=\"lazy\" decoding=\"async\" class=\"alignnone size-full wp-image-2549\" src=\"https:\/\/blogsaverroes.juntadeandalucia.es\/cpifpalmeraya\/files\/2020\/10\/pacto_de_estado_igualdad.jpg\" alt=\"\" width=\"509\" height=\"200\" srcset=\"https:\/\/blogsaverroes.juntadeandalucia.es\/cpifpalmeraya\/files\/2020\/10\/pacto_de_estado_igualdad.jpg 509w, https:\/\/blogsaverroes.juntadeandalucia.es\/cpifpalmeraya\/files\/2020\/10\/pacto_de_estado_igualdad-300x118.jpg 300w, https:\/\/blogsaverroes.juntadeandalucia.es\/cpifpalmeraya\/files\/2020\/10\/pacto_de_estado_igualdad-24x9.jpg 24w, https:\/\/blogsaverroes.juntadeandalucia.es\/cpifpalmeraya\/files\/2020\/10\/pacto_de_estado_igualdad-36x14.jpg 36w, https:\/\/blogsaverroes.juntadeandalucia.es\/cpifpalmeraya\/files\/2020\/10\/pacto_de_estado_igualdad-48x19.jpg 48w\" sizes=\"(max-width: 509px) 100vw, 509px\" \/><\/a><\/div>\n<div id=\"post-content-77619\" class=\"post-content-container\">\n<p><a href=\"https:\/\/blogsaverroes.juntadeandalucia.es\/cpifpalmeraya\/files\/2021\/06\/016ParaTodas.png\"><img loading=\"lazy\" decoding=\"async\" class=\"wp-image-3566 aligncenter\" src=\"https:\/\/blogsaverroes.juntadeandalucia.es\/cpifpalmeraya\/files\/2021\/06\/016ParaTodas.png\" alt=\"\" width=\"642\" height=\"243\" srcset=\"https:\/\/blogsaverroes.juntadeandalucia.es\/cpifpalmeraya\/files\/2021\/06\/016ParaTodas.png 991w, https:\/\/blogsaverroes.juntadeandalucia.es\/cpifpalmeraya\/files\/2021\/06\/016ParaTodas-300x114.png 300w, https:\/\/blogsaverroes.juntadeandalucia.es\/cpifpalmeraya\/files\/2021\/06\/016ParaTodas-768x291.png 768w\" sizes=\"(max-width: 642px) 100vw, 642px\" \/><\/a><\/p>\n<p>El Ministerio de Igualdad, a trav\u00e9s de la <a href=\"https:\/\/violenciagenero.igualdad.gob.es\/home.htm\">Delegaci\u00f3n del Gobierno contra la Violencia de G\u00e9nero<\/a>, presta el Servicio telef\u00f3nico de informaci\u00f3n, de asesoramiento jur\u00eddico y de atenci\u00f3n psicosocial inmediata por personal especializado a todas las formas de violencia contra las mujeres, a trav\u00e9s del n\u00famero telef\u00f3nico de marcaci\u00f3n abreviada <strong>016<\/strong>; por <strong>WhatsApp <\/strong>en el n\u00famero<strong> 600 000 016<\/strong> y por correo electr\u00f3nico al servicio 016 online:&nbsp;<strong>016-online@igualdad.gob.es<\/strong>.<\/p>\n<ul>\n<li><a href=\"https:\/\/blogsaverroes.juntadeandalucia.es\/cpifpalmeraya\/files\/2021\/03\/DEC\u00c1LOGO-DE-USO-DEL-LENGUAJE-NO-SEXISTA.pdf\">Dec\u00e1logo del uso del lenguaje no sexista<\/a><\/li>\n<\/ul>\n<\/div>\n","protected":false},"excerpt":{"rendered":"<p>El Ministerio de Igualdad, a trav\u00e9s de la Delegaci\u00f3n del Gobierno contra la Violencia de G\u00e9nero, presta el Servicio telef\u00f3nico de informaci\u00f3n, de asesoramiento jur\u00eddico y de atenci\u00f3n psicosocial inmediata por personal especializado a&#46;&#46;&#46;<\/p>\n","protected":false},"author":10810,"featured_media":0,"parent":44,"menu_order":0,"comment_status":"closed","ping_status":"closed","template":"","meta":{"ngg_post_thumbnail":0,"footnotes":"","_mc_calendar":[]},"aioseo_notices":[],"_links":{"self":[{"href":"https:\/\/blogsaverroes.juntadeandalucia.es\/cpifpalmeraya\/wp-json\/wp\/v2\/pages\/3320"}],"collection":[{"href":"https:\/\/blogsaverroes.juntadeandalucia.es\/cpifpalmeraya\/wp-json\/wp\/v2\/pages"}],"about":[{"href":"https:\/\/blogsaverroes.juntadeandalucia.es\/cpifpalmeraya\/wp-json\/wp\/v2\/types\/page"}],"author":[{"embeddable":true,"href":"https:\/\/blogsaverroes.juntadeandalucia.es\/cpifpalmeraya\/wp-json\/wp\/v2\/users\/10810"}],"replies":[{"embeddable":true,"href":"https:\/\/blogsaverroes.juntadeandalucia.es\/cpifpalmeraya\/wp-json\/wp\/v2\/comments?post=3320"}],"version-history":[{"count":3,"href":"https:\/\/blogsaverroes.juntadeandalucia.es\/cpifpalmeraya\/wp-json\/wp\/v2\/pages\/3320\/revisions"}],"predecessor-version":[{"id":3567,"href":"https:\/\/blogsaverroes.juntadeandalucia.es\/cpifpalmeraya\/wp-json\/wp\/v2\/pages\/3320\/revisions\/3567"}],"up":[{"embeddable":true,"href":"https:\/\/blogsaverroes.juntadeandalucia.es\/cpifpalmeraya\/wp-json\/wp\/v2\/pages\/44"}],"wp:attachment":[{"href":"https:\/\/blogsaverroes.juntadeandalucia.es\/cpifpalmeraya\/wp-json\/wp\/v2\/media?parent=3320"}],"curies":[{"name":"wp","href":"https:\/\/api.w.org\/{rel}","templated":true}]}}