{"id":4521,"date":"2022-05-06T23:55:35","date_gmt":"2022-05-06T21:55:35","guid":{"rendered":"https:\/\/blogsaverroes.juntadeandalucia.es\/cpifpalmeraya\/?page_id=4521"},"modified":"2023-10-20T01:07:56","modified_gmt":"2023-10-19T23:07:56","slug":"aulas-bilingues","status":"publish","type":"page","link":"https:\/\/blogsaverroes.juntadeandalucia.es\/cpifpalmeraya\/aulas-bilingues\/","title":{"rendered":"Aulas biling\u00fces"},"content":{"rendered":"<p><a href=\"https:\/\/blogsaverroes.juntadeandalucia.es\/cpifpalmeraya\/files\/2023\/05\/Logos-AB-1.png\"><img loading=\"lazy\" decoding=\"async\" class=\"alignnone size-full wp-image-5424\" src=\"https:\/\/blogsaverroes.juntadeandalucia.es\/cpifpalmeraya\/files\/2023\/05\/Logos-AB-1.png\" alt=\"\" width=\"1128\" height=\"151\" srcset=\"https:\/\/blogsaverroes.juntadeandalucia.es\/cpifpalmeraya\/files\/2023\/05\/Logos-AB-1.png 1128w, https:\/\/blogsaverroes.juntadeandalucia.es\/cpifpalmeraya\/files\/2023\/05\/Logos-AB-1-300x40.png 300w, https:\/\/blogsaverroes.juntadeandalucia.es\/cpifpalmeraya\/files\/2023\/05\/Logos-AB-1-1024x137.png 1024w, https:\/\/blogsaverroes.juntadeandalucia.es\/cpifpalmeraya\/files\/2023\/05\/Logos-AB-1-768x103.png 768w\" sizes=\"(max-width: 1128px) 100vw, 1128px\" \/><\/a><\/p>\n<h2>AULAS BILING\u00dcES 2023-2024<\/h2>\n<table style=\"width: 100%;border-collapse: collapse\">\n<tbody>\n<tr>\n<td style=\"width: 100%;background-color: #ffdb00;vertical-align: bottom\" colspan=\"2\" scope=\"row\">\n<h4><strong>C.F.G.S. AGENCIAS DE VIAJES Y GESTI\u00d3N DE EVENTOS<\/strong><\/h4>\n<\/td>\n<\/tr>\n<tr>\n<td style=\"width: 50%;vertical-align: top\">\n<h5>1<sup>er<\/sup> CURSO:<\/h5>\n<ul>\n<li>MARKETING TUR\u00cdSTICO EN INGL\u00c9S<\/li>\n<li>IDIOMA EXTRANJERO EN AULA BILING\u00dcE 1 (FRANC\u00c9S)<\/li>\n<\/ul>\n<\/td>\n<td style=\"width: 50%;vertical-align: top\">\n<h5>2<sup>o<\/sup> CURSO:<\/h5>\n<ul>\n<li style=\"list-style-type: none\">\n<ul>\n<li>GESTI\u00d3N DE PRODUCTOS TUR\u00cdSTICOS (INGL\u00c9S)<\/li>\n<li>IDIOMA EXTRANJERO EN AULA BILING\u00dcE 2 (INGL\u00c9S)<\/li>\n<\/ul>\n<\/li>\n<\/ul>\n<\/td>\n<\/tr>\n<tr>\n<td style=\"width: 100%;background-color: #ffdb00;vertical-align: bottom\" colspan=\"2\">\n<h4><strong>C.F.G.S. GU\u00cdA, INFORMACI\u00d3N Y ASISTENCIAS TUR\u00cdSTICAS<\/strong><\/h4>\n<\/td>\n<\/tr>\n<tr>\n<td style=\"width: 50%;vertical-align: top\">\n<h5>1<sup>er<\/sup> CURSO:<\/h5>\n<ul>\n<li>MARKETING TUR\u00cdSTICO EN INGL\u00c9S<\/li>\n<li>IDIOMA EXTRANJERO EN AULA BILING\u00dcE 1 (FRANC\u00c9S)<\/li>\n<\/ul>\n<\/td>\n<td style=\"width: 50%;vertical-align: top\">\n<h5>2\u00ba CURSO:<\/h5>\n<ul>\n<li>PROCESOS DE GU\u00cdA Y ASISTENCIAS TUR\u00cdSTICAS (INGL\u00c9S)<\/li>\n<li>IDIOMA EXTRANJERO EN AULA BILING\u00dcE 2 (INGL\u00c9S)<\/li>\n<\/ul>\n<\/td>\n<\/tr>\n<tr>\n<td style=\"width: 100%;background-color: #ffdb00;vertical-align: middle\" colspan=\"2\">\n<h4><strong>C.F.G.S. GESTI\u00d3N DE ALOJAMIENTOS TUR\u00cdSTICOS<\/strong><\/h4>\n<\/td>\n<\/tr>\n<tr>\n<td style=\"width: 50%\">\n<h5>1<sup>er<\/sup> CURSO:<\/h5>\n<ul>\n<li>RECEPCI\u00d3N Y RESERVAS (INGL\u00c9S)<\/li>\n<li>IDIOMA EXTRANJERO EN AULA BILING\u00dcE 1 (FRANC\u00c9S)<\/li>\n<\/ul>\n<\/td>\n<td style=\"width: 50%\">\n<h5>2\u00ba CURSO:<\/h5>\n<ul>\n<li>COMERCIALIZACI\u00d3N DE EVENTOS (INGL\u00c9S)<\/li>\n<li>IDIOMA EXTRANJERO EN AULA BILING\u00dcE 2 (INGL\u00c9S)<\/li>\n<\/ul>\n<\/td>\n<\/tr>\n<tr>\n<td style=\"width: 100%;background-color: #ffdb00\" colspan=\"2\">\n<h4><strong>C.F.G.S. DIRECCI\u00d3N DE COCINA<\/strong><\/h4>\n<\/td>\n<\/tr>\n<tr>\n<td style=\"width: 100%\" colspan=\"2\">\n<h5>1<sup>er<\/sup> CURSO:<\/h5>\n<ul>\n<li>IDIOMA EXTRANJERO EN AULA BILING\u00dcE 1 (FRANC\u00c9S)<\/li>\n<\/ul>\n<\/td>\n<\/tr>\n<tr>\n<td style=\"width: 100%;background-color: #ffdb00\" colspan=\"2\">\n<h4><strong>C.F.G.M. COCINA Y GASTRONOM\u00cdA<\/strong><\/h4>\n<\/td>\n<\/tr>\n<tr>\n<td style=\"width: 100%\" colspan=\"2\">\n<h5>1<sup>er<\/sup> CURSO:<\/h5>\n<ul>\n<li>IDIOMA EXTRANJERO EN AULA BILING\u00dcE 1 (INGL\u00c9S)<\/li>\n<\/ul>\n<\/td>\n<\/tr>\n<\/tbody>\n<\/table>\n","protected":false},"excerpt":{"rendered":"<p>AULAS BILING\u00dcES 2023-2024 C.F.G.S. AGENCIAS DE VIAJES Y GESTI\u00d3N DE EVENTOS 1er CURSO: MARKETING TUR\u00cdSTICO EN INGL\u00c9S IDIOMA EXTRANJERO EN AULA BILING\u00dcE 1 (FRANC\u00c9S) 2o CURSO: GESTI\u00d3N DE PRODUCTOS TUR\u00cdSTICOS (INGL\u00c9S) IDIOMA EXTRANJERO EN&#46;&#46;&#46;<\/p>\n","protected":false},"author":10810,"featured_media":0,"parent":0,"menu_order":0,"comment_status":"closed","ping_status":"closed","template":"","meta":{"ngg_post_thumbnail":0,"footnotes":"","_mc_calendar":[]},"aioseo_notices":[],"_links":{"self":[{"href":"https:\/\/blogsaverroes.juntadeandalucia.es\/cpifpalmeraya\/wp-json\/wp\/v2\/pages\/4521"}],"collection":[{"href":"https:\/\/blogsaverroes.juntadeandalucia.es\/cpifpalmeraya\/wp-json\/wp\/v2\/pages"}],"about":[{"href":"https:\/\/blogsaverroes.juntadeandalucia.es\/cpifpalmeraya\/wp-json\/wp\/v2\/types\/page"}],"author":[{"embeddable":true,"href":"https:\/\/blogsaverroes.juntadeandalucia.es\/cpifpalmeraya\/wp-json\/wp\/v2\/users\/10810"}],"replies":[{"embeddable":true,"href":"https:\/\/blogsaverroes.juntadeandalucia.es\/cpifpalmeraya\/wp-json\/wp\/v2\/comments?post=4521"}],"version-history":[{"count":13,"href":"https:\/\/blogsaverroes.juntadeandalucia.es\/cpifpalmeraya\/wp-json\/wp\/v2\/pages\/4521\/revisions"}],"predecessor-version":[{"id":5841,"href":"https:\/\/blogsaverroes.juntadeandalucia.es\/cpifpalmeraya\/wp-json\/wp\/v2\/pages\/4521\/revisions\/5841"}],"wp:attachment":[{"href":"https:\/\/blogsaverroes.juntadeandalucia.es\/cpifpalmeraya\/wp-json\/wp\/v2\/media?parent=4521"}],"curies":[{"name":"wp","href":"https:\/\/api.w.org\/{rel}","templated":true}]}}