{"id":6543,"date":"2024-03-13T15:59:35","date_gmt":"2024-03-13T14:59:35","guid":{"rendered":"https:\/\/blogsaverroes.juntadeandalucia.es\/cpifpalmeraya\/?page_id=6543"},"modified":"2024-04-11T09:30:05","modified_gmt":"2024-04-11T07:30:05","slug":"avolution-lab","status":"publish","type":"page","link":"https:\/\/blogsaverroes.juntadeandalucia.es\/cpifpalmeraya\/avolution-lab\/","title":{"rendered":"Avolution Lab"},"content":{"rendered":"<p style=\"text-align: justify\"><b>Proyecto de colaboraci\u00f3n con Avolution Lab, laboratorio de innovaci\u00f3n e investigaci\u00f3n de nuevos productos y usos del aguacate. <\/b><span style=\"font-weight: 400\">&nbsp;<\/span><\/p>\n<p style=\"text-align: justify\"><span style=\"font-weight: 400\">El CPIFP Almeraya colabora desde inicios del curso 2023\/24 con <\/span><a href=\"https:\/\/avolutionlab.com\/\"><span style=\"font-weight: 400\">Avolution Lab<\/span><\/a><span style=\"font-weight: 400\"> en el dise\u00f1o de <\/span><a href=\"https:\/\/avolutionlab.com\/buscador-recetas\/\"><span style=\"font-weight: 400\">elaboraciones<\/span><\/a><span style=\"font-weight: 400\"> a base de algunos de los productos que ha generado conjuntamente con la empresa AvoGuys.&nbsp;&nbsp;<\/span><\/p>\n<p style=\"text-align: justify\"><a href=\"https:\/\/blogsaverroes.juntadeandalucia.es\/cpifpalmeraya\/files\/2024\/04\/avolution-lab.png\"><img loading=\"lazy\" decoding=\"async\" class=\"aligncenter size-full wp-image-6602\" src=\"https:\/\/blogsaverroes.juntadeandalucia.es\/cpifpalmeraya\/files\/2024\/04\/avolution-lab.png\" alt=\"\" width=\"318\" height=\"159\" srcset=\"https:\/\/blogsaverroes.juntadeandalucia.es\/cpifpalmeraya\/files\/2024\/04\/avolution-lab.png 318w, https:\/\/blogsaverroes.juntadeandalucia.es\/cpifpalmeraya\/files\/2024\/04\/avolution-lab-300x150.png 300w\" sizes=\"(max-width: 318px) 100vw, 318px\" \/><\/a><br \/>\n<a href=\"https:\/\/blogsaverroes.juntadeandalucia.es\/cpifpalmeraya\/files\/2024\/04\/avolution-1.jpg\"><img loading=\"lazy\" decoding=\"async\" class=\"aligncenter size-full wp-image-6603\" src=\"https:\/\/blogsaverroes.juntadeandalucia.es\/cpifpalmeraya\/files\/2024\/04\/avolution-1.jpg\" alt=\"\" width=\"1024\" height=\"768\" srcset=\"https:\/\/blogsaverroes.juntadeandalucia.es\/cpifpalmeraya\/files\/2024\/04\/avolution-1.jpg 1024w, https:\/\/blogsaverroes.juntadeandalucia.es\/cpifpalmeraya\/files\/2024\/04\/avolution-1-300x225.jpg 300w, https:\/\/blogsaverroes.juntadeandalucia.es\/cpifpalmeraya\/files\/2024\/04\/avolution-1-768x576.jpg 768w\" sizes=\"(max-width: 1024px) 100vw, 1024px\" \/><\/a><\/p>\n","protected":false},"excerpt":{"rendered":"<p>Proyecto de colaboraci\u00f3n con Avolution Lab, laboratorio de innovaci\u00f3n e investigaci\u00f3n de nuevos productos y usos del aguacate. &nbsp; El CPIFP Almeraya colabora desde inicios del curso 2023\/24 con Avolution Lab en el dise\u00f1o&#46;&#46;&#46;<\/p>\n","protected":false},"author":10810,"featured_media":0,"parent":0,"menu_order":0,"comment_status":"closed","ping_status":"closed","template":"","meta":{"ngg_post_thumbnail":0,"footnotes":"","_mc_calendar":[]},"aioseo_notices":[],"_links":{"self":[{"href":"https:\/\/blogsaverroes.juntadeandalucia.es\/cpifpalmeraya\/wp-json\/wp\/v2\/pages\/6543"}],"collection":[{"href":"https:\/\/blogsaverroes.juntadeandalucia.es\/cpifpalmeraya\/wp-json\/wp\/v2\/pages"}],"about":[{"href":"https:\/\/blogsaverroes.juntadeandalucia.es\/cpifpalmeraya\/wp-json\/wp\/v2\/types\/page"}],"author":[{"embeddable":true,"href":"https:\/\/blogsaverroes.juntadeandalucia.es\/cpifpalmeraya\/wp-json\/wp\/v2\/users\/10810"}],"replies":[{"embeddable":true,"href":"https:\/\/blogsaverroes.juntadeandalucia.es\/cpifpalmeraya\/wp-json\/wp\/v2\/comments?post=6543"}],"version-history":[{"count":3,"href":"https:\/\/blogsaverroes.juntadeandalucia.es\/cpifpalmeraya\/wp-json\/wp\/v2\/pages\/6543\/revisions"}],"predecessor-version":[{"id":6604,"href":"https:\/\/blogsaverroes.juntadeandalucia.es\/cpifpalmeraya\/wp-json\/wp\/v2\/pages\/6543\/revisions\/6604"}],"wp:attachment":[{"href":"https:\/\/blogsaverroes.juntadeandalucia.es\/cpifpalmeraya\/wp-json\/wp\/v2\/media?parent=6543"}],"curies":[{"name":"wp","href":"https:\/\/api.w.org\/{rel}","templated":true}]}}