{"id":77,"date":"2015-03-16T06:54:56","date_gmt":"2015-03-16T06:54:56","guid":{"rendered":"http:\/\/blogsaverroes.juntadeandalucia.es\/pre\/ceip\/?page_id=77"},"modified":"2024-10-30T09:26:00","modified_gmt":"2024-10-30T08:26:00","slug":"secretaria","status":"publish","type":"page","link":"https:\/\/blogsaverroes.juntadeandalucia.es\/cpifpalmeraya\/secretaria\/","title":{"rendered":"Secretar\u00eda"},"content":{"rendered":"<h2>Secretar\u00eda del CPIFP Almeraya<\/h2>\n<p><strong>Horario de atenci\u00f3n de Secretar\u00eda:<\/strong><\/p>\n<ul style=\"list-style-type: circle\">\n<li><strong>Atenci\u00f3n telef\u00f3nica: de 8:00 a 9:00 y de 14:00 a 15:00 horas<\/strong><\/li>\n<li><strong>Presencial: de 9:00 a 14:00 horas.<\/strong><\/li>\n<\/ul>\n<p style=\"padding-left: 40px\"><strong>Tel\u00e9fono: 950 15 65 52<\/strong><\/p>\n<p>Se recuerda que muchos de los tramites se pueden realizar a trav\u00e9s de la <a href=\"https:\/\/www.juntadeandalucia.es\/educacion\/secretariavirtual\/\">Secretar\u00eda Virtual de los Centros Educativo<\/a> sin necesidad de desplazarse al Centro:<\/p>\n<p><a href=\"https:\/\/www.juntadeandalucia.es\/educacion\/secretariavirtual\/\"><img loading=\"lazy\" decoding=\"async\" class=\"alignnone wp-image-3275 aligncenter\" src=\"https:\/\/blogsaverroes.juntadeandalucia.es\/cpifpalmeraya\/files\/2021\/03\/logo_secretaria_virtual.png\" alt=\"Secretaria virtual\" width=\"409\" height=\"88\" srcset=\"https:\/\/blogsaverroes.juntadeandalucia.es\/cpifpalmeraya\/files\/2021\/03\/logo_secretaria_virtual.png 660w, https:\/\/blogsaverroes.juntadeandalucia.es\/cpifpalmeraya\/files\/2021\/03\/logo_secretaria_virtual-300x65.png 300w\" sizes=\"(max-width: 409px) 100vw, 409px\" \/><\/a><br \/>\nPara identificarse en la <em>Secretar\u00eda Virtual de los Centros Educativos<\/em> se pueden usar un Certificado digital, Cl@ve o el Identificador Andaluz Educativo iANDe.<\/p>\n<p style=\"padding-left: 40px\"><em><strong>Es muy recomendable, debida a la situaci\u00f3n provocada por el COVID-19, la tramitaci\u00f3n de todos los procedimientos a trav\u00e9s de la Secretar\u00eda Virtual de los Centros Educativos<\/strong><\/em><\/p>\n<ul>\n<li><a href=\"https:\/\/blogsaverroes.juntadeandalucia.es\/cpifpalmeraya\/secretaria\/identificador-educativo-andaluz-iande\/\">Instrucciones para obtener el Identificador Educativo Andaluz iANDe<\/a><\/li>\n<\/ul>\n","protected":false},"excerpt":{"rendered":"<p>Secretar\u00eda del CPIFP Almeraya Horario de atenci\u00f3n de Secretar\u00eda: Atenci\u00f3n telef\u00f3nica: de 8:00 a 9:00 y de 14:00 a 15:00 horas Presencial: de 9:00 a 14:00 horas. Tel\u00e9fono: 950 15 65 52 Se recuerda&#46;&#46;&#46;<\/p>\n","protected":false},"author":1,"featured_media":0,"parent":0,"menu_order":0,"comment_status":"open","ping_status":"open","template":"page-templates\/child-menu.php","meta":{"ngg_post_thumbnail":0,"footnotes":"","_mc_calendar":[]},"aioseo_notices":[],"_links":{"self":[{"href":"https:\/\/blogsaverroes.juntadeandalucia.es\/cpifpalmeraya\/wp-json\/wp\/v2\/pages\/77"}],"collection":[{"href":"https:\/\/blogsaverroes.juntadeandalucia.es\/cpifpalmeraya\/wp-json\/wp\/v2\/pages"}],"about":[{"href":"https:\/\/blogsaverroes.juntadeandalucia.es\/cpifpalmeraya\/wp-json\/wp\/v2\/types\/page"}],"author":[{"embeddable":true,"href":"https:\/\/blogsaverroes.juntadeandalucia.es\/cpifpalmeraya\/wp-json\/wp\/v2\/users\/1"}],"replies":[{"embeddable":true,"href":"https:\/\/blogsaverroes.juntadeandalucia.es\/cpifpalmeraya\/wp-json\/wp\/v2\/comments?post=77"}],"version-history":[{"count":20,"href":"https:\/\/blogsaverroes.juntadeandalucia.es\/cpifpalmeraya\/wp-json\/wp\/v2\/pages\/77\/revisions"}],"predecessor-version":[{"id":7056,"href":"https:\/\/blogsaverroes.juntadeandalucia.es\/cpifpalmeraya\/wp-json\/wp\/v2\/pages\/77\/revisions\/7056"}],"wp:attachment":[{"href":"https:\/\/blogsaverroes.juntadeandalucia.es\/cpifpalmeraya\/wp-json\/wp\/v2\/media?parent=77"}],"curies":[{"name":"wp","href":"https:\/\/api.w.org\/{rel}","templated":true}]}}