{"id":8110,"date":"2025-06-02T11:23:49","date_gmt":"2025-06-02T09:23:49","guid":{"rendered":"https:\/\/blogsaverroes.juntadeandalucia.es\/cpifpalmeraya\/?page_id=8110"},"modified":"2025-06-19T12:58:03","modified_gmt":"2025-06-19T10:58:03","slug":"guia-informacion-y-asistencias-turisticas","status":"publish","type":"page","link":"https:\/\/blogsaverroes.juntadeandalucia.es\/cpifpalmeraya\/guia-informacion-y-asistencias-turisticas\/","title":{"rendered":"Gu\u00eda, Informaci\u00f3n y Asistencias Tur\u00edsticas (Aula Biling\u00fce Ingl\u00e9s)"},"content":{"rendered":"<ul>\n<li><a href=\"https:\/\/youtu.be\/js8Vd3NW3Mc\">V\u00eddeo informativo.<\/a><\/li>\n<\/ul>\n<p><strong><img decoding=\"async\" class=\"emoji\" role=\"img\" src=\"https:\/\/s.w.org\/images\/core\/emoji\/14.0.0\/svg\/1f4dc.svg\" alt=\"\ud83d\udcdc\">&nbsp;NORMATIVA REGULADORA:<\/strong><\/p>\n<ul>\n<li class=\"documento-tit\"><a href=\"https:\/\/drive.google.com\/file\/d\/1OSkbF695xlC4Flqqa-FBJPz-qjk07V2O\/view?usp=drive_link\">Real Decreto 1255\/2009, de 24 de julio, por el que se establece el t\u00edtulo de T\u00e9cnico Superior en Gu\u00eda, Informaci\u00f3n y Asistencias Tur\u00edsticas y se fijan sus ense\u00f1anzas m\u00ednimas.<\/a><\/li>\n<li class=\"documento-tit\"><strong>Modificaci\u00f3n:&nbsp;<\/strong><a href=\"https:\/\/drive.google.com\/file\/d\/15bO1Fjln3v1Hx8z7oj3dpLwl0d8iTXsX\/view?usp=drive_link\">Real Decreto 500\/2024, de 21 de mayo, por el que se modifican determinados reales decretos por los que se establecen t\u00edtulos de Formaci\u00f3n Profesional de grado superior y se fijan sus ense\u00f1anzas m\u00ednimas.<\/a><\/li>\n<\/ul>\n<p data-start=\"124\" data-end=\"151\"><img decoding=\"async\" class=\"emoji\" role=\"img\" src=\"https:\/\/s.w.org\/images\/core\/emoji\/14.0.0\/svg\/1f552.svg\" alt=\"\ud83d\udd52\">&nbsp;<strong>HORARIOS DISPONIBLES:<\/strong><\/p>\n<ul data-start=\"270\" data-end=\"390\">\n<li data-start=\"270\" data-end=\"320\">\n<p data-start=\"272\" data-end=\"320\"><strong data-start=\"272\" data-end=\"291\">Turno de Ma\u00f1ana<\/strong>: de&nbsp;<strong data-start=\"296\" data-end=\"318\">8:30 a 15:00 horas<\/strong><\/p>\n<\/li>\n<\/ul>\n<p><strong><img decoding=\"async\" class=\"emoji\" role=\"img\" src=\"https:\/\/s.w.org\/images\/core\/emoji\/14.0.0\/svg\/1f3af.svg\" alt=\"\ud83c\udfaf\">&nbsp;SALIDAS PROFESIONALES<\/strong><\/p>\n<ul>\n<li>Gu\u00eda local.<\/li>\n<li>Gu\u00eda acompa\u00f1ante.<\/li>\n<li>Gu\u00eda en emplazamientos de bienes de inter\u00e9s cultural.<\/li>\n<li>Informador tur\u00edstico \/ informadora tur\u00edstica.<\/li>\n<li>Jefa \/ jefe de oficinas de informaci\u00f3n.<\/li>\n<li>Promotor tur\u00edstico \/ promotora tur\u00edstica.<\/li>\n<li>T\u00e9cnica \/ t\u00e9cnico de empresa de consultor\u00eda tur\u00edstica.<\/li>\n<li>Agente de desarrollo tur\u00edstico local.<\/li>\n<li>Asistente en medios de transporte terrestre o mar\u00edtimo.<\/li>\n<li>Asistente en terminales (estaciones, puertos y aeropuertos).<\/li>\n<li>Encargada \/ encargado de facturaci\u00f3n en terminales de transporte.<\/li>\n<li>Asistente en ferias, congresos y convenciones.<\/li>\n<li>Encargada \/ encargado de servicios en eventos.<\/li>\n<\/ul>\n<p>Puedes trabajar en el sector tur\u00edstico en su sentido m\u00e1s amplio, incluyendo eventos, terminales de viajeros, empresas de transporte, destinos y puntos de informaci\u00f3n. Est\u00e1s capacitado para crear e implantar planes de desarrollo local en este sector, tanto por cuenta ajena como propia, incluyendo puestos en administraciones p\u00fablicas o entes similares.<\/p>\n<p><strong><img decoding=\"async\" class=\"emoji\" role=\"img\" src=\"https:\/\/s.w.org\/images\/core\/emoji\/14.0.0\/svg\/1f4da.svg\" alt=\"\ud83d\udcda\">&nbsp;M\u00d3DULOS PROFESIONALES Y CARGA HORARIA&nbsp;<\/strong><\/p>\n<p>&nbsp;<iframe loading=\"lazy\" src=\"https:\/\/drive.google.com\/file\/d\/1Z7wEzsP_EHd8lTIvTbnU6cRZWygMEJVP\/preview\" width=\"640\" height=\"480\"><\/iframe><\/p>\n<p><strong>IMPORTANTE:&nbsp;<\/strong>El 25\u202f% de las horas totales del ciclo formativo se desarrollan en empresas colaboradoras del sector.<\/p>\n<p><strong>M\u00c1S INFORMACI\u00d3N:<\/strong><\/p>\n<ul>\n<li><a href=\"https:\/\/portales.ced.junta-andalucia.es\/educacion\/portales\/web\/formacion-profesional-andaluza\">Portal de la Formaci\u00f3n Profesional Andaluza<\/a><\/li>\n<li><a href=\"https:\/\/www.juntadeandalucia.es\/educacion\/secretariavirtual\/solicitudes\/\">Escolarizaci\u00f3n y Matr\u00edcula<\/a><\/li>\n<li><a href=\"https:\/\/todofp.es\/que-estudiar\/familias-profesionales\/hosteleria-turismo\/guia-informacion-asistencias-turisticas.html\">Todo FP<\/a><\/li>\n<\/ul>\n","protected":false},"excerpt":{"rendered":"<p>V\u00eddeo informativo. &nbsp;NORMATIVA REGULADORA: Real Decreto 1255\/2009, de 24 de julio, por el que se establece el t\u00edtulo de T\u00e9cnico Superior en Gu\u00eda, Informaci\u00f3n y Asistencias Tur\u00edsticas y se fijan sus ense\u00f1anzas m\u00ednimas. Modificaci\u00f3n:&nbsp;Real&#46;&#46;&#46;<\/p>\n","protected":false},"author":10810,"featured_media":0,"parent":0,"menu_order":0,"comment_status":"closed","ping_status":"closed","template":"","meta":{"ngg_post_thumbnail":0,"footnotes":"","_mc_calendar":[]},"aioseo_notices":[],"_links":{"self":[{"href":"https:\/\/blogsaverroes.juntadeandalucia.es\/cpifpalmeraya\/wp-json\/wp\/v2\/pages\/8110"}],"collection":[{"href":"https:\/\/blogsaverroes.juntadeandalucia.es\/cpifpalmeraya\/wp-json\/wp\/v2\/pages"}],"about":[{"href":"https:\/\/blogsaverroes.juntadeandalucia.es\/cpifpalmeraya\/wp-json\/wp\/v2\/types\/page"}],"author":[{"embeddable":true,"href":"https:\/\/blogsaverroes.juntadeandalucia.es\/cpifpalmeraya\/wp-json\/wp\/v2\/users\/10810"}],"replies":[{"embeddable":true,"href":"https:\/\/blogsaverroes.juntadeandalucia.es\/cpifpalmeraya\/wp-json\/wp\/v2\/comments?post=8110"}],"version-history":[{"count":5,"href":"https:\/\/blogsaverroes.juntadeandalucia.es\/cpifpalmeraya\/wp-json\/wp\/v2\/pages\/8110\/revisions"}],"predecessor-version":[{"id":8282,"href":"https:\/\/blogsaverroes.juntadeandalucia.es\/cpifpalmeraya\/wp-json\/wp\/v2\/pages\/8110\/revisions\/8282"}],"wp:attachment":[{"href":"https:\/\/blogsaverroes.juntadeandalucia.es\/cpifpalmeraya\/wp-json\/wp\/v2\/media?parent=8110"}],"curies":[{"name":"wp","href":"https:\/\/api.w.org\/{rel}","templated":true}]}}