{"id":8587,"date":"2025-11-19T12:48:35","date_gmt":"2025-11-19T11:48:35","guid":{"rendered":"https:\/\/blogsaverroes.juntadeandalucia.es\/cpifpalmeraya\/?page_id=8587"},"modified":"2025-11-21T12:20:20","modified_gmt":"2025-11-21T11:20:20","slug":"inicio-2","status":"publish","type":"page","link":"https:\/\/blogsaverroes.juntadeandalucia.es\/cpifpalmeraya\/inicio-2\/","title":{"rendered":"H\u00e1bitos Saludables"},"content":{"rendered":"<p>Coordinadora: Maribel Alarc\u00f3n<\/p>\n<p>Profesorado Participante:<\/p>\n<p>-Jose Luis L\u00f3pez Molina<\/p>\n<p>-Andr\u00e9s Gutierrez<\/p>\n<p>-Lourdes D\u00edaz<\/p>\n<p>-Laura Gazquez<\/p>\n<p>-Rafa Rom\u00e1n<\/p>\n<p>-Ana Ucl\u00e9s<\/p>\n<p>-Pepi Montellano<\/p>\n<p>-Encarnaci\u00f3n Mart\u00ednez<\/p>\n<p>-Jose Julio Redondo<\/p>\n<p>-Inmaculada Garc\u00eda<\/p>\n<p>-Marta Ca\u00f1adas<\/p>\n","protected":false},"excerpt":{"rendered":"<p>Coordinadora: Maribel Alarc\u00f3n Profesorado Participante: -Jose Luis L\u00f3pez Molina -Andr\u00e9s Gutierrez -Lourdes D\u00edaz -Laura Gazquez -Rafa Rom\u00e1n -Ana Ucl\u00e9s -Pepi Montellano -Encarnaci\u00f3n Mart\u00ednez -Jose Julio Redondo -Inmaculada Garc\u00eda -Marta Ca\u00f1adas<\/p>\n","protected":false},"author":10810,"featured_media":0,"parent":0,"menu_order":0,"comment_status":"closed","ping_status":"closed","template":"","meta":{"ngg_post_thumbnail":0,"footnotes":"","_mc_calendar":[]},"aioseo_notices":[],"_links":{"self":[{"href":"https:\/\/blogsaverroes.juntadeandalucia.es\/cpifpalmeraya\/wp-json\/wp\/v2\/pages\/8587"}],"collection":[{"href":"https:\/\/blogsaverroes.juntadeandalucia.es\/cpifpalmeraya\/wp-json\/wp\/v2\/pages"}],"about":[{"href":"https:\/\/blogsaverroes.juntadeandalucia.es\/cpifpalmeraya\/wp-json\/wp\/v2\/types\/page"}],"author":[{"embeddable":true,"href":"https:\/\/blogsaverroes.juntadeandalucia.es\/cpifpalmeraya\/wp-json\/wp\/v2\/users\/10810"}],"replies":[{"embeddable":true,"href":"https:\/\/blogsaverroes.juntadeandalucia.es\/cpifpalmeraya\/wp-json\/wp\/v2\/comments?post=8587"}],"version-history":[{"count":5,"href":"https:\/\/blogsaverroes.juntadeandalucia.es\/cpifpalmeraya\/wp-json\/wp\/v2\/pages\/8587\/revisions"}],"predecessor-version":[{"id":8630,"href":"https:\/\/blogsaverroes.juntadeandalucia.es\/cpifpalmeraya\/wp-json\/wp\/v2\/pages\/8587\/revisions\/8630"}],"wp:attachment":[{"href":"https:\/\/blogsaverroes.juntadeandalucia.es\/cpifpalmeraya\/wp-json\/wp\/v2\/media?parent=8587"}],"curies":[{"name":"wp","href":"https:\/\/api.w.org\/{rel}","templated":true}]}}