{"id":8638,"date":"2025-11-21T12:29:13","date_gmt":"2025-11-21T11:29:13","guid":{"rendered":"https:\/\/blogsaverroes.juntadeandalucia.es\/cpifpalmeraya\/?page_id=8638"},"modified":"2025-12-10T00:12:10","modified_gmt":"2025-12-09T23:12:10","slug":"aldea-2","status":"publish","type":"page","link":"https:\/\/blogsaverroes.juntadeandalucia.es\/cpifpalmeraya\/aldea-2\/","title":{"rendered":"Aldea"},"content":{"rendered":"<p style=\"text-align: justify\"><span style=\"font-weight: 400\">En el <\/span><b>CPIFP ALMERAYA,<\/b><span style=\"font-weight: 400\"> creemos que la <\/span><b>sostenibilidad<\/b><span style=\"font-weight: 400\"> no es solo un m\u00f3dulo profesional incluido en el curriculum de nuestros estudios, sino una filosof\u00eda de vida que debe aplicarse tanto al planeta como a todos los que componemos la comunidad educativa. Desarrollamos y potenciamos el trabajo en equipo a trav\u00e9s de las dos l\u00edneas de actuaci\u00f3n: \u201cHuertos Escolares\u201d y \u201cRecapacicla\u201d<\/span><\/p>\n<p style=\"text-align: justify\"><span style=\"font-weight: 400\">Nuestro <\/span><a href=\"https:\/\/www.instagram.com\/ecohuerto_cpifp_almeraya?igsh=MWwyZXdmNW50dzQ4aw==\"><span style=\"font-weight: 400\">huerto escolar<\/span><\/a><span style=\"font-weight: 400\"> se ha convertido en un laboratorio de bienestar en el que el alumnado participante aprende a cultivar y consumir alimentos de temporada, as\u00ed como entiende el verdadero valor nutricional. La actividad f\u00edsica desarrollada en este espacio, es una herramienta de gesti\u00f3n emocional que fomenta la paciencia, la observaci\u00f3n y el contacto con la naturaleza.<\/span><\/p>\n<p style=\"text-align: justify\"><span style=\"font-weight: 400\">Nuestro compromiso con el reciclaje y la gesti\u00f3n de residuos est\u00e1 originando una mejora en los h\u00e1bitos de consumo del alumnado. Se trata de impulsar la reducci\u00f3n de residuos en nuestro d\u00eda a d\u00eda, y de aprender a elegir los productos alimenticios y de higiene o limpieza que sean saludables para el ser humano y respetuosos con el Medio Ambiente.<\/span><\/p>\n<p style=\"text-align: justify\"><b>\u00a1\u00a1Cultivamos valores, transformamos el mundo!!<\/b><\/p>\n<p>&nbsp;<\/p>\n","protected":false},"excerpt":{"rendered":"<p>En el CPIFP ALMERAYA, creemos que la sostenibilidad no es solo un m\u00f3dulo profesional incluido en el curriculum de nuestros estudios, sino una filosof\u00eda de vida que debe aplicarse tanto al planeta como a&#46;&#46;&#46;<\/p>\n","protected":false},"author":10810,"featured_media":0,"parent":0,"menu_order":0,"comment_status":"closed","ping_status":"closed","template":"","meta":{"ngg_post_thumbnail":0,"footnotes":"","_mc_calendar":[]},"aioseo_notices":[],"_links":{"self":[{"href":"https:\/\/blogsaverroes.juntadeandalucia.es\/cpifpalmeraya\/wp-json\/wp\/v2\/pages\/8638"}],"collection":[{"href":"https:\/\/blogsaverroes.juntadeandalucia.es\/cpifpalmeraya\/wp-json\/wp\/v2\/pages"}],"about":[{"href":"https:\/\/blogsaverroes.juntadeandalucia.es\/cpifpalmeraya\/wp-json\/wp\/v2\/types\/page"}],"author":[{"embeddable":true,"href":"https:\/\/blogsaverroes.juntadeandalucia.es\/cpifpalmeraya\/wp-json\/wp\/v2\/users\/10810"}],"replies":[{"embeddable":true,"href":"https:\/\/blogsaverroes.juntadeandalucia.es\/cpifpalmeraya\/wp-json\/wp\/v2\/comments?post=8638"}],"version-history":[{"count":7,"href":"https:\/\/blogsaverroes.juntadeandalucia.es\/cpifpalmeraya\/wp-json\/wp\/v2\/pages\/8638\/revisions"}],"predecessor-version":[{"id":8835,"href":"https:\/\/blogsaverroes.juntadeandalucia.es\/cpifpalmeraya\/wp-json\/wp\/v2\/pages\/8638\/revisions\/8835"}],"wp:attachment":[{"href":"https:\/\/blogsaverroes.juntadeandalucia.es\/cpifpalmeraya\/wp-json\/wp\/v2\/media?parent=8638"}],"curies":[{"name":"wp","href":"https:\/\/api.w.org\/{rel}","templated":true}]}}