{"id":8650,"date":"2025-11-21T12:32:33","date_gmt":"2025-11-21T11:32:33","guid":{"rendered":"https:\/\/blogsaverroes.juntadeandalucia.es\/cpifpalmeraya\/?page_id=8650"},"modified":"2025-12-10T00:14:02","modified_gmt":"2025-12-09T23:14:02","slug":"bienestar-y-salud-emocional-y-de-convivencia","status":"publish","type":"page","link":"https:\/\/blogsaverroes.juntadeandalucia.es\/cpifpalmeraya\/bienestar-y-salud-emocional-y-de-convivencia\/","title":{"rendered":"Bienestar y Salud emocional y de Convivencia"},"content":{"rendered":"<p style=\"text-align: justify\"><span style=\"font-weight: 400\">Este programa no es un a\u00f1adido en el <\/span><b>CPIFP ALMERAYA<\/b><span style=\"font-weight: 400\">, es una herramienta fundamental para formar a los futuros profesionales del sector tur\u00edstico y hostelero. Con la inclusi\u00f3n de este programa, ayudamos a nuestro alumnado a:<\/span><\/p>\n<ul style=\"text-align: justify\">\n<li style=\"font-weight: 400\"><span style=\"font-weight: 400\">Prevenir el estr\u00e9s y agotamiento<\/span><\/li>\n<li style=\"font-weight: 400\"><span style=\"font-weight: 400\">Optimizar el rendimiento f\u00edsico<\/span><\/li>\n<li style=\"font-weight: 400\"><span style=\"font-weight: 400\">Mejorar la calidad de vida<\/span><\/li>\n<\/ul>\n<p style=\"text-align: justify\"><span style=\"font-weight: 400\">En largas jornadas laborales de pie y con gran actividad, es importante aprender t\u00e9cnicas de gesti\u00f3n de tiempo para manejar picos en cocinas o en recepciones de establecimientos de alojamiento por poner un ejemplo, as\u00ed como abordar la nutrici\u00f3n energ\u00e9tica y el ejercicio f\u00edsico adecuado que mantengan fuerte y sin lesiones a cocineros\/as, pasteleros\/as, panaderos\/as, camareros\/as, recepcionistas, gu\u00edas de turismo o agentes de viajes.<\/span><\/p>\n<p style=\"text-align: justify\"><b>\u00a1\u00a1Queremos que disfrutes de tu pasi\u00f3n sin sacrificar tu salud!!<\/b><\/p>\n","protected":false},"excerpt":{"rendered":"<p>Este programa no es un a\u00f1adido en el CPIFP ALMERAYA, es una herramienta fundamental para formar a los futuros profesionales del sector tur\u00edstico y hostelero. Con la inclusi\u00f3n de este programa, ayudamos a nuestro&#46;&#46;&#46;<\/p>\n","protected":false},"author":10810,"featured_media":0,"parent":0,"menu_order":0,"comment_status":"closed","ping_status":"closed","template":"","meta":{"ngg_post_thumbnail":0,"footnotes":"","_mc_calendar":[]},"aioseo_notices":[],"_links":{"self":[{"href":"https:\/\/blogsaverroes.juntadeandalucia.es\/cpifpalmeraya\/wp-json\/wp\/v2\/pages\/8650"}],"collection":[{"href":"https:\/\/blogsaverroes.juntadeandalucia.es\/cpifpalmeraya\/wp-json\/wp\/v2\/pages"}],"about":[{"href":"https:\/\/blogsaverroes.juntadeandalucia.es\/cpifpalmeraya\/wp-json\/wp\/v2\/types\/page"}],"author":[{"embeddable":true,"href":"https:\/\/blogsaverroes.juntadeandalucia.es\/cpifpalmeraya\/wp-json\/wp\/v2\/users\/10810"}],"replies":[{"embeddable":true,"href":"https:\/\/blogsaverroes.juntadeandalucia.es\/cpifpalmeraya\/wp-json\/wp\/v2\/comments?post=8650"}],"version-history":[{"count":4,"href":"https:\/\/blogsaverroes.juntadeandalucia.es\/cpifpalmeraya\/wp-json\/wp\/v2\/pages\/8650\/revisions"}],"predecessor-version":[{"id":8838,"href":"https:\/\/blogsaverroes.juntadeandalucia.es\/cpifpalmeraya\/wp-json\/wp\/v2\/pages\/8650\/revisions\/8838"}],"wp:attachment":[{"href":"https:\/\/blogsaverroes.juntadeandalucia.es\/cpifpalmeraya\/wp-json\/wp\/v2\/media?parent=8650"}],"curies":[{"name":"wp","href":"https:\/\/api.w.org\/{rel}","templated":true}]}}