{"id":35,"date":"2015-03-13T08:21:43","date_gmt":"2015-03-13T08:21:43","guid":{"rendered":"http:\/\/blogsaverroes.juntadeandalucia.es\/pre\/ceip\/?page_id=35"},"modified":"2020-12-08T18:32:54","modified_gmt":"2020-12-08T18:32:54","slug":"el-centro-2","status":"publish","type":"page","link":"https:\/\/blogsaverroes.juntadeandalucia.es\/cplopezmayor\/el-centro-2\/","title":{"rendered":"Datos del centro"},"content":{"rendered":"<p style=\"text-align: center\"><iframe loading=\"lazy\" src=\"https:\/\/www.google.com\/maps\/embed?pb=!1m18!1m12!1m3!1d4504.660944249962!2d-4.344660861351105!3d37.02705789588315!2m3!1f0!2f0!3f0!3m2!1i1024!2i768!4f13.1!3m3!1m2!1s0xd72633e775ee643%3A0xfddc31c6dce657c8!2sColegio%20de%20Educaci%C3%B3n%20Infantil%20L%C3%B3pez%20Mayor!5e0!3m2!1ses!2ses!4v1607450191401!5m2!1ses!2ses\" width=\"400\" height=\"300\" frameborder=\"0\"><\/iframe><br \/>\n&nbsp;<\/p>\n<p>&nbsp;<\/p>\n<p><strong>Direcci\u00f3n:<\/strong> &nbsp;Calle Avenida de M\u00e1laga s\/n. 29313-Villanueva del Trabuco, M\u00e1laga<\/p>\n<p><strong>Tel\u00e9fono: <\/strong>952 71 25 35<\/p>\n<p><strong>Tel\u00e9fonos m\u00f3viles:&nbsp;<\/strong>645 975 808 &#8211; 697 951 451 &#8211; 671 597 264<\/p>\n<p><strong>Tel\u00e9fono Infantil:<\/strong><br \/>\n<strong>Email:<\/strong> 29008905.edu@juntadeandalucia.es&nbsp; &#8211;&nbsp; cplopezmayor@gmail.com<\/p>\n<h4><strong>Horarios<\/strong><\/h4>\n<p>Reflejar el horario de apertura del centro: aula matinal, actividades lectivas, Plan de Acompa\u00f1amiento, talleres extraescolares organizados desde el AMPA, etc.<\/p>\n<h4><strong>Oferta educativa<\/strong><\/h4>\n<p>Una breve descripci\u00f3n de las ense\u00f1anzas ofrecidas en el centro, con posibilidad de <a title=\"Educaci\u00f3n infantil\" href=\"https:\/\/blogsaverroes.juntadeandalucia.es\/cplopezmayor\/educacion-infantil\/\">enlazar <\/a>a otras secciones informativas de la web.<\/p>\n<h4>Instalaciones<\/h4>\n<p><!-- default-view.php -->\n<div\n\tclass=\"ngg-galleryoverview default-view\n\t ngg-ajax-pagination-none\t\"\n\tid=\"ngg-gallery-7bd57b0a1e84a07a972d91eb4118437e-1\">\n\n\t\t<!-- Thumbnails -->\n\t\t\t\t<div id=\"ngg-image-0\" class=\"ngg-gallery-thumbnail-box\n\t\t\t\t\t\t\t\t\t\t\t\"\n\t\t\t>\n\t\t\t\t\t\t<div class=\"ngg-gallery-thumbnail\">\n\t\t\t<a href=\"https:\/\/blogsaverroes.juntadeandalucia.es\/cplopezmayor\/wp-content\/uploads\/sites\/797\/nggallery\/el-centro\/2_01.JPG\"\n\t\t\t\ttitle=\"\"\n\t\t\t\tdata-src=\"https:\/\/blogsaverroes.juntadeandalucia.es\/cplopezmayor\/wp-content\/uploads\/sites\/797\/nggallery\/el-centro\/2_01.JPG\"\n\t\t\t\tdata-thumbnail=\"https:\/\/blogsaverroes.juntadeandalucia.es\/cplopezmayor\/wp-content\/uploads\/sites\/797\/nggallery\/el-centro\/thumbs\/thumbs_2_01.JPG\"\n\t\t\t\tdata-image-id=\"54\"\n\t\t\t\tdata-title=\"2_01\"\n\t\t\t\tdata-description=\"\"\n\t\t\t\tdata-image-slug=\"2_01\"\n\t\t\t\tclass=\"ngg-fancybox\" rel=\"7bd57b0a1e84a07a972d91eb4118437e\">\n\t\t\t\t<img\n\t\t\t\t\ttitle=\"2_01\"\n\t\t\t\t\talt=\"2_01\"\n\t\t\t\t\tsrc=\"https:\/\/blogsaverroes.juntadeandalucia.es\/cplopezmayor\/wp-content\/uploads\/sites\/797\/nggallery\/el-centro\/thumbs\/thumbs_2_01.JPG\"\n\t\t\t\t\twidth=\"120\"\n\t\t\t\t\theight=\"90\"\n\t\t\t\t\tstyle=\"max-width:100%;\"\n\t\t\t\t\/>\n\t\t\t<\/a>\n\t\t<\/div>\n\t\t\t\t\t\t\t<\/div>\n\t\t\t\n\t\t\t\t<div id=\"ngg-image-1\" class=\"ngg-gallery-thumbnail-box\n\t\t\t\t\t\t\t\t\t\t\t\"\n\t\t\t>\n\t\t\t\t\t\t<div class=\"ngg-gallery-thumbnail\">\n\t\t\t<a href=\"https:\/\/blogsaverroes.juntadeandalucia.es\/cplopezmayor\/wp-content\/uploads\/sites\/797\/nggallery\/el-centro\/2_02.jpg\"\n\t\t\t\ttitle=\"\"\n\t\t\t\tdata-src=\"https:\/\/blogsaverroes.juntadeandalucia.es\/cplopezmayor\/wp-content\/uploads\/sites\/797\/nggallery\/el-centro\/2_02.jpg\"\n\t\t\t\tdata-thumbnail=\"https:\/\/blogsaverroes.juntadeandalucia.es\/cplopezmayor\/wp-content\/uploads\/sites\/797\/nggallery\/el-centro\/thumbs\/thumbs_2_02.jpg\"\n\t\t\t\tdata-image-id=\"55\"\n\t\t\t\tdata-title=\"2_02\"\n\t\t\t\tdata-description=\"\"\n\t\t\t\tdata-image-slug=\"2_02\"\n\t\t\t\tclass=\"ngg-fancybox\" rel=\"7bd57b0a1e84a07a972d91eb4118437e\">\n\t\t\t\t<img\n\t\t\t\t\ttitle=\"2_02\"\n\t\t\t\t\talt=\"2_02\"\n\t\t\t\t\tsrc=\"https:\/\/blogsaverroes.juntadeandalucia.es\/cplopezmayor\/wp-content\/uploads\/sites\/797\/nggallery\/el-centro\/thumbs\/thumbs_2_02.jpg\"\n\t\t\t\t\twidth=\"120\"\n\t\t\t\t\theight=\"90\"\n\t\t\t\t\tstyle=\"max-width:100%;\"\n\t\t\t\t\/>\n\t\t\t<\/a>\n\t\t<\/div>\n\t\t\t\t\t\t\t<\/div>\n\t\t\t\n\t\t\t\t<div id=\"ngg-image-2\" class=\"ngg-gallery-thumbnail-box\n\t\t\t\t\t\t\t\t\t\t\t\"\n\t\t\t>\n\t\t\t\t\t\t<div class=\"ngg-gallery-thumbnail\">\n\t\t\t<a href=\"https:\/\/blogsaverroes.juntadeandalucia.es\/cplopezmayor\/wp-content\/uploads\/sites\/797\/nggallery\/el-centro\/2_03.jpg\"\n\t\t\t\ttitle=\"\"\n\t\t\t\tdata-src=\"https:\/\/blogsaverroes.juntadeandalucia.es\/cplopezmayor\/wp-content\/uploads\/sites\/797\/nggallery\/el-centro\/2_03.jpg\"\n\t\t\t\tdata-thumbnail=\"https:\/\/blogsaverroes.juntadeandalucia.es\/cplopezmayor\/wp-content\/uploads\/sites\/797\/nggallery\/el-centro\/thumbs\/thumbs_2_03.jpg\"\n\t\t\t\tdata-image-id=\"56\"\n\t\t\t\tdata-title=\"2_03\"\n\t\t\t\tdata-description=\"\"\n\t\t\t\tdata-image-slug=\"2_03\"\n\t\t\t\tclass=\"ngg-fancybox\" rel=\"7bd57b0a1e84a07a972d91eb4118437e\">\n\t\t\t\t<img\n\t\t\t\t\ttitle=\"2_03\"\n\t\t\t\t\talt=\"2_03\"\n\t\t\t\t\tsrc=\"https:\/\/blogsaverroes.juntadeandalucia.es\/cplopezmayor\/wp-content\/uploads\/sites\/797\/nggallery\/el-centro\/thumbs\/thumbs_2_03.jpg\"\n\t\t\t\t\twidth=\"120\"\n\t\t\t\t\theight=\"90\"\n\t\t\t\t\tstyle=\"max-width:100%;\"\n\t\t\t\t\/>\n\t\t\t<\/a>\n\t\t<\/div>\n\t\t\t\t\t\t\t<\/div>\n\t\t\t\n\t\t\t\t<div id=\"ngg-image-3\" class=\"ngg-gallery-thumbnail-box\n\t\t\t\t\t\t\t\t\t\t\t\"\n\t\t\t>\n\t\t\t\t\t\t<div class=\"ngg-gallery-thumbnail\">\n\t\t\t<a href=\"https:\/\/blogsaverroes.juntadeandalucia.es\/cplopezmayor\/wp-content\/uploads\/sites\/797\/nggallery\/el-centro\/1_05a.JPG\"\n\t\t\t\ttitle=\"\"\n\t\t\t\tdata-src=\"https:\/\/blogsaverroes.juntadeandalucia.es\/cplopezmayor\/wp-content\/uploads\/sites\/797\/nggallery\/el-centro\/1_05a.JPG\"\n\t\t\t\tdata-thumbnail=\"https:\/\/blogsaverroes.juntadeandalucia.es\/cplopezmayor\/wp-content\/uploads\/sites\/797\/nggallery\/el-centro\/thumbs\/thumbs_1_05a.JPG\"\n\t\t\t\tdata-image-id=\"57\"\n\t\t\t\tdata-title=\"1_05a\"\n\t\t\t\tdata-description=\"\"\n\t\t\t\tdata-image-slug=\"1_05a\"\n\t\t\t\tclass=\"ngg-fancybox\" rel=\"7bd57b0a1e84a07a972d91eb4118437e\">\n\t\t\t\t<img\n\t\t\t\t\ttitle=\"1_05a\"\n\t\t\t\t\talt=\"1_05a\"\n\t\t\t\t\tsrc=\"https:\/\/blogsaverroes.juntadeandalucia.es\/cplopezmayor\/wp-content\/uploads\/sites\/797\/nggallery\/el-centro\/thumbs\/thumbs_1_05a.JPG\"\n\t\t\t\t\twidth=\"120\"\n\t\t\t\t\theight=\"90\"\n\t\t\t\t\tstyle=\"max-width:100%;\"\n\t\t\t\t\/>\n\t\t\t<\/a>\n\t\t<\/div>\n\t\t\t\t\t\t\t<\/div>\n\t\t\t\n\t\t\t\t<div id=\"ngg-image-4\" class=\"ngg-gallery-thumbnail-box\n\t\t\t\t\t\t\t\t\t\t\t\"\n\t\t\t>\n\t\t\t\t\t\t<div class=\"ngg-gallery-thumbnail\">\n\t\t\t<a href=\"https:\/\/blogsaverroes.juntadeandalucia.es\/cplopezmayor\/wp-content\/uploads\/sites\/797\/nggallery\/el-centro\/2_06.jpg\"\n\t\t\t\ttitle=\"\"\n\t\t\t\tdata-src=\"https:\/\/blogsaverroes.juntadeandalucia.es\/cplopezmayor\/wp-content\/uploads\/sites\/797\/nggallery\/el-centro\/2_06.jpg\"\n\t\t\t\tdata-thumbnail=\"https:\/\/blogsaverroes.juntadeandalucia.es\/cplopezmayor\/wp-content\/uploads\/sites\/797\/nggallery\/el-centro\/thumbs\/thumbs_2_06.jpg\"\n\t\t\t\tdata-image-id=\"58\"\n\t\t\t\tdata-title=\"2_06\"\n\t\t\t\tdata-description=\"\"\n\t\t\t\tdata-image-slug=\"2_06\"\n\t\t\t\tclass=\"ngg-fancybox\" rel=\"7bd57b0a1e84a07a972d91eb4118437e\">\n\t\t\t\t<img\n\t\t\t\t\ttitle=\"2_06\"\n\t\t\t\t\talt=\"2_06\"\n\t\t\t\t\tsrc=\"https:\/\/blogsaverroes.juntadeandalucia.es\/cplopezmayor\/wp-content\/uploads\/sites\/797\/nggallery\/el-centro\/thumbs\/thumbs_2_06.jpg\"\n\t\t\t\t\twidth=\"120\"\n\t\t\t\t\theight=\"90\"\n\t\t\t\t\tstyle=\"max-width:100%;\"\n\t\t\t\t\/>\n\t\t\t<\/a>\n\t\t<\/div>\n\t\t\t\t\t\t\t<\/div>\n\t\t\t\n\t\t\t\t<div id=\"ngg-image-5\" class=\"ngg-gallery-thumbnail-box\n\t\t\t\t\t\t\t\t\t\t\t\"\n\t\t\t>\n\t\t\t\t\t\t<div class=\"ngg-gallery-thumbnail\">\n\t\t\t<a href=\"https:\/\/blogsaverroes.juntadeandalucia.es\/cplopezmayor\/wp-content\/uploads\/sites\/797\/nggallery\/el-centro\/2_07.jpg\"\n\t\t\t\ttitle=\"\"\n\t\t\t\tdata-src=\"https:\/\/blogsaverroes.juntadeandalucia.es\/cplopezmayor\/wp-content\/uploads\/sites\/797\/nggallery\/el-centro\/2_07.jpg\"\n\t\t\t\tdata-thumbnail=\"https:\/\/blogsaverroes.juntadeandalucia.es\/cplopezmayor\/wp-content\/uploads\/sites\/797\/nggallery\/el-centro\/thumbs\/thumbs_2_07.jpg\"\n\t\t\t\tdata-image-id=\"59\"\n\t\t\t\tdata-title=\"2_07\"\n\t\t\t\tdata-description=\"\"\n\t\t\t\tdata-image-slug=\"2_07\"\n\t\t\t\tclass=\"ngg-fancybox\" rel=\"7bd57b0a1e84a07a972d91eb4118437e\">\n\t\t\t\t<img\n\t\t\t\t\ttitle=\"2_07\"\n\t\t\t\t\talt=\"2_07\"\n\t\t\t\t\tsrc=\"https:\/\/blogsaverroes.juntadeandalucia.es\/cplopezmayor\/wp-content\/uploads\/sites\/797\/nggallery\/el-centro\/thumbs\/thumbs_2_07.jpg\"\n\t\t\t\t\twidth=\"120\"\n\t\t\t\t\theight=\"90\"\n\t\t\t\t\tstyle=\"max-width:100%;\"\n\t\t\t\t\/>\n\t\t\t<\/a>\n\t\t<\/div>\n\t\t\t\t\t\t\t<\/div>\n\t\t\t\n\t\t\t\t<div id=\"ngg-image-6\" class=\"ngg-gallery-thumbnail-box\n\t\t\t\t\t\t\t\t\t\t\t\"\n\t\t\t>\n\t\t\t\t\t\t<div class=\"ngg-gallery-thumbnail\">\n\t\t\t<a href=\"https:\/\/blogsaverroes.juntadeandalucia.es\/cplopezmayor\/wp-content\/uploads\/sites\/797\/nggallery\/el-centro\/2_09.jpg\"\n\t\t\t\ttitle=\"\"\n\t\t\t\tdata-src=\"https:\/\/blogsaverroes.juntadeandalucia.es\/cplopezmayor\/wp-content\/uploads\/sites\/797\/nggallery\/el-centro\/2_09.jpg\"\n\t\t\t\tdata-thumbnail=\"https:\/\/blogsaverroes.juntadeandalucia.es\/cplopezmayor\/wp-content\/uploads\/sites\/797\/nggallery\/el-centro\/thumbs\/thumbs_2_09.jpg\"\n\t\t\t\tdata-image-id=\"60\"\n\t\t\t\tdata-title=\"2_09\"\n\t\t\t\tdata-description=\"\"\n\t\t\t\tdata-image-slug=\"2_09\"\n\t\t\t\tclass=\"ngg-fancybox\" rel=\"7bd57b0a1e84a07a972d91eb4118437e\">\n\t\t\t\t<img\n\t\t\t\t\ttitle=\"2_09\"\n\t\t\t\t\talt=\"2_09\"\n\t\t\t\t\tsrc=\"https:\/\/blogsaverroes.juntadeandalucia.es\/cplopezmayor\/wp-content\/uploads\/sites\/797\/nggallery\/el-centro\/thumbs\/thumbs_2_09.jpg\"\n\t\t\t\t\twidth=\"120\"\n\t\t\t\t\theight=\"90\"\n\t\t\t\t\tstyle=\"max-width:100%;\"\n\t\t\t\t\/>\n\t\t\t<\/a>\n\t\t<\/div>\n\t\t\t\t\t\t\t<\/div>\n\t\t\t\n\t\t\t\t<div id=\"ngg-image-7\" class=\"ngg-gallery-thumbnail-box\n\t\t\t\t\t\t\t\t\t\t\t\"\n\t\t\t>\n\t\t\t\t\t\t<div class=\"ngg-gallery-thumbnail\">\n\t\t\t<a href=\"https:\/\/blogsaverroes.juntadeandalucia.es\/cplopezmayor\/wp-content\/uploads\/sites\/797\/nggallery\/el-centro\/2_10.JPG\"\n\t\t\t\ttitle=\"\"\n\t\t\t\tdata-src=\"https:\/\/blogsaverroes.juntadeandalucia.es\/cplopezmayor\/wp-content\/uploads\/sites\/797\/nggallery\/el-centro\/2_10.JPG\"\n\t\t\t\tdata-thumbnail=\"https:\/\/blogsaverroes.juntadeandalucia.es\/cplopezmayor\/wp-content\/uploads\/sites\/797\/nggallery\/el-centro\/thumbs\/thumbs_2_10.JPG\"\n\t\t\t\tdata-image-id=\"61\"\n\t\t\t\tdata-title=\"2_10\"\n\t\t\t\tdata-description=\"\"\n\t\t\t\tdata-image-slug=\"2_10\"\n\t\t\t\tclass=\"ngg-fancybox\" rel=\"7bd57b0a1e84a07a972d91eb4118437e\">\n\t\t\t\t<img\n\t\t\t\t\ttitle=\"2_10\"\n\t\t\t\t\talt=\"2_10\"\n\t\t\t\t\tsrc=\"https:\/\/blogsaverroes.juntadeandalucia.es\/cplopezmayor\/wp-content\/uploads\/sites\/797\/nggallery\/el-centro\/thumbs\/thumbs_2_10.JPG\"\n\t\t\t\t\twidth=\"120\"\n\t\t\t\t\theight=\"90\"\n\t\t\t\t\tstyle=\"max-width:100%;\"\n\t\t\t\t\/>\n\t\t\t<\/a>\n\t\t<\/div>\n\t\t\t\t\t\t\t<\/div>\n\t\t\t\n\t\t\t\t<div id=\"ngg-image-8\" class=\"ngg-gallery-thumbnail-box\n\t\t\t\t\t\t\t\t\t\t\t\"\n\t\t\t>\n\t\t\t\t\t\t<div class=\"ngg-gallery-thumbnail\">\n\t\t\t<a href=\"https:\/\/blogsaverroes.juntadeandalucia.es\/cplopezmayor\/wp-content\/uploads\/sites\/797\/nggallery\/el-centro\/2_11.jpg\"\n\t\t\t\ttitle=\"\"\n\t\t\t\tdata-src=\"https:\/\/blogsaverroes.juntadeandalucia.es\/cplopezmayor\/wp-content\/uploads\/sites\/797\/nggallery\/el-centro\/2_11.jpg\"\n\t\t\t\tdata-thumbnail=\"https:\/\/blogsaverroes.juntadeandalucia.es\/cplopezmayor\/wp-content\/uploads\/sites\/797\/nggallery\/el-centro\/thumbs\/thumbs_2_11.jpg\"\n\t\t\t\tdata-image-id=\"62\"\n\t\t\t\tdata-title=\"2_11\"\n\t\t\t\tdata-description=\"\"\n\t\t\t\tdata-image-slug=\"2_11\"\n\t\t\t\tclass=\"ngg-fancybox\" rel=\"7bd57b0a1e84a07a972d91eb4118437e\">\n\t\t\t\t<img\n\t\t\t\t\ttitle=\"2_11\"\n\t\t\t\t\talt=\"2_11\"\n\t\t\t\t\tsrc=\"https:\/\/blogsaverroes.juntadeandalucia.es\/cplopezmayor\/wp-content\/uploads\/sites\/797\/nggallery\/el-centro\/thumbs\/thumbs_2_11.jpg\"\n\t\t\t\t\twidth=\"120\"\n\t\t\t\t\theight=\"90\"\n\t\t\t\t\tstyle=\"max-width:100%;\"\n\t\t\t\t\/>\n\t\t\t<\/a>\n\t\t<\/div>\n\t\t\t\t\t\t\t<\/div>\n\t\t\t\n\t\t\t\t<div id=\"ngg-image-9\" class=\"ngg-gallery-thumbnail-box\n\t\t\t\t\t\t\t\t\t\t\t\"\n\t\t\t>\n\t\t\t\t\t\t<div class=\"ngg-gallery-thumbnail\">\n\t\t\t<a href=\"https:\/\/blogsaverroes.juntadeandalucia.es\/cplopezmayor\/wp-content\/uploads\/sites\/797\/nggallery\/el-centro\/2_14.jpg\"\n\t\t\t\ttitle=\"\"\n\t\t\t\tdata-src=\"https:\/\/blogsaverroes.juntadeandalucia.es\/cplopezmayor\/wp-content\/uploads\/sites\/797\/nggallery\/el-centro\/2_14.jpg\"\n\t\t\t\tdata-thumbnail=\"https:\/\/blogsaverroes.juntadeandalucia.es\/cplopezmayor\/wp-content\/uploads\/sites\/797\/nggallery\/el-centro\/thumbs\/thumbs_2_14.jpg\"\n\t\t\t\tdata-image-id=\"63\"\n\t\t\t\tdata-title=\"2_14\"\n\t\t\t\tdata-description=\"\"\n\t\t\t\tdata-image-slug=\"2_14\"\n\t\t\t\tclass=\"ngg-fancybox\" rel=\"7bd57b0a1e84a07a972d91eb4118437e\">\n\t\t\t\t<img\n\t\t\t\t\ttitle=\"2_14\"\n\t\t\t\t\talt=\"2_14\"\n\t\t\t\t\tsrc=\"https:\/\/blogsaverroes.juntadeandalucia.es\/cplopezmayor\/wp-content\/uploads\/sites\/797\/nggallery\/el-centro\/thumbs\/thumbs_2_14.jpg\"\n\t\t\t\t\twidth=\"120\"\n\t\t\t\t\theight=\"90\"\n\t\t\t\t\tstyle=\"max-width:100%;\"\n\t\t\t\t\/>\n\t\t\t<\/a>\n\t\t<\/div>\n\t\t\t\t\t\t\t<\/div>\n\t\t\t\n\t\t\t\t<div id=\"ngg-image-10\" class=\"ngg-gallery-thumbnail-box\n\t\t\t\t\t\t\t\t\t\t\t\"\n\t\t\t>\n\t\t\t\t\t\t<div class=\"ngg-gallery-thumbnail\">\n\t\t\t<a href=\"https:\/\/blogsaverroes.juntadeandalucia.es\/cplopezmayor\/wp-content\/uploads\/sites\/797\/nggallery\/el-centro\/02.jpg\"\n\t\t\t\ttitle=\"\"\n\t\t\t\tdata-src=\"https:\/\/blogsaverroes.juntadeandalucia.es\/cplopezmayor\/wp-content\/uploads\/sites\/797\/nggallery\/el-centro\/02.jpg\"\n\t\t\t\tdata-thumbnail=\"https:\/\/blogsaverroes.juntadeandalucia.es\/cplopezmayor\/wp-content\/uploads\/sites\/797\/nggallery\/el-centro\/thumbs\/thumbs_02.jpg\"\n\t\t\t\tdata-image-id=\"64\"\n\t\t\t\tdata-title=\"02\"\n\t\t\t\tdata-description=\"\"\n\t\t\t\tdata-image-slug=\"02\"\n\t\t\t\tclass=\"ngg-fancybox\" rel=\"7bd57b0a1e84a07a972d91eb4118437e\">\n\t\t\t\t<img\n\t\t\t\t\ttitle=\"02\"\n\t\t\t\t\talt=\"02\"\n\t\t\t\t\tsrc=\"https:\/\/blogsaverroes.juntadeandalucia.es\/cplopezmayor\/wp-content\/uploads\/sites\/797\/nggallery\/el-centro\/thumbs\/thumbs_02.jpg\"\n\t\t\t\t\twidth=\"120\"\n\t\t\t\t\theight=\"90\"\n\t\t\t\t\tstyle=\"max-width:100%;\"\n\t\t\t\t\/>\n\t\t\t<\/a>\n\t\t<\/div>\n\t\t\t\t\t\t\t<\/div>\n\t\t\t\n\t\t\t\t<div id=\"ngg-image-11\" class=\"ngg-gallery-thumbnail-box\n\t\t\t\t\t\t\t\t\t\t\t\"\n\t\t\t>\n\t\t\t\t\t\t<div class=\"ngg-gallery-thumbnail\">\n\t\t\t<a href=\"https:\/\/blogsaverroes.juntadeandalucia.es\/cplopezmayor\/wp-content\/uploads\/sites\/797\/nggallery\/el-centro\/03.jpg\"\n\t\t\t\ttitle=\"\"\n\t\t\t\tdata-src=\"https:\/\/blogsaverroes.juntadeandalucia.es\/cplopezmayor\/wp-content\/uploads\/sites\/797\/nggallery\/el-centro\/03.jpg\"\n\t\t\t\tdata-thumbnail=\"https:\/\/blogsaverroes.juntadeandalucia.es\/cplopezmayor\/wp-content\/uploads\/sites\/797\/nggallery\/el-centro\/thumbs\/thumbs_03.jpg\"\n\t\t\t\tdata-image-id=\"65\"\n\t\t\t\tdata-title=\"03\"\n\t\t\t\tdata-description=\"\"\n\t\t\t\tdata-image-slug=\"03\"\n\t\t\t\tclass=\"ngg-fancybox\" rel=\"7bd57b0a1e84a07a972d91eb4118437e\">\n\t\t\t\t<img\n\t\t\t\t\ttitle=\"03\"\n\t\t\t\t\talt=\"03\"\n\t\t\t\t\tsrc=\"https:\/\/blogsaverroes.juntadeandalucia.es\/cplopezmayor\/wp-content\/uploads\/sites\/797\/nggallery\/el-centro\/thumbs\/thumbs_03.jpg\"\n\t\t\t\t\twidth=\"120\"\n\t\t\t\t\theight=\"90\"\n\t\t\t\t\tstyle=\"max-width:100%;\"\n\t\t\t\t\/>\n\t\t\t<\/a>\n\t\t<\/div>\n\t\t\t\t\t\t\t<\/div>\n\t\t\t\n\t\t\t\t<div id=\"ngg-image-12\" class=\"ngg-gallery-thumbnail-box\n\t\t\t\t\t\t\t\t\t\t\t\"\n\t\t\t>\n\t\t\t\t\t\t<div class=\"ngg-gallery-thumbnail\">\n\t\t\t<a href=\"https:\/\/blogsaverroes.juntadeandalucia.es\/cplopezmayor\/wp-content\/uploads\/sites\/797\/nggallery\/el-centro\/05a.JPG\"\n\t\t\t\ttitle=\"\"\n\t\t\t\tdata-src=\"https:\/\/blogsaverroes.juntadeandalucia.es\/cplopezmayor\/wp-content\/uploads\/sites\/797\/nggallery\/el-centro\/05a.JPG\"\n\t\t\t\tdata-thumbnail=\"https:\/\/blogsaverroes.juntadeandalucia.es\/cplopezmayor\/wp-content\/uploads\/sites\/797\/nggallery\/el-centro\/thumbs\/thumbs_05a.JPG\"\n\t\t\t\tdata-image-id=\"66\"\n\t\t\t\tdata-title=\"05a\"\n\t\t\t\tdata-description=\"\"\n\t\t\t\tdata-image-slug=\"05a\"\n\t\t\t\tclass=\"ngg-fancybox\" rel=\"7bd57b0a1e84a07a972d91eb4118437e\">\n\t\t\t\t<img\n\t\t\t\t\ttitle=\"05a\"\n\t\t\t\t\talt=\"05a\"\n\t\t\t\t\tsrc=\"https:\/\/blogsaverroes.juntadeandalucia.es\/cplopezmayor\/wp-content\/uploads\/sites\/797\/nggallery\/el-centro\/thumbs\/thumbs_05a.JPG\"\n\t\t\t\t\twidth=\"120\"\n\t\t\t\t\theight=\"90\"\n\t\t\t\t\tstyle=\"max-width:100%;\"\n\t\t\t\t\/>\n\t\t\t<\/a>\n\t\t<\/div>\n\t\t\t\t\t\t\t<\/div>\n\t\t\t\n\t\t\t\t<div id=\"ngg-image-13\" class=\"ngg-gallery-thumbnail-box\n\t\t\t\t\t\t\t\t\t\t\t\"\n\t\t\t>\n\t\t\t\t\t\t<div class=\"ngg-gallery-thumbnail\">\n\t\t\t<a href=\"https:\/\/blogsaverroes.juntadeandalucia.es\/cplopezmayor\/wp-content\/uploads\/sites\/797\/nggallery\/el-centro\/06.jpg\"\n\t\t\t\ttitle=\"\"\n\t\t\t\tdata-src=\"https:\/\/blogsaverroes.juntadeandalucia.es\/cplopezmayor\/wp-content\/uploads\/sites\/797\/nggallery\/el-centro\/06.jpg\"\n\t\t\t\tdata-thumbnail=\"https:\/\/blogsaverroes.juntadeandalucia.es\/cplopezmayor\/wp-content\/uploads\/sites\/797\/nggallery\/el-centro\/thumbs\/thumbs_06.jpg\"\n\t\t\t\tdata-image-id=\"67\"\n\t\t\t\tdata-title=\"06\"\n\t\t\t\tdata-description=\"\"\n\t\t\t\tdata-image-slug=\"06\"\n\t\t\t\tclass=\"ngg-fancybox\" rel=\"7bd57b0a1e84a07a972d91eb4118437e\">\n\t\t\t\t<img\n\t\t\t\t\ttitle=\"06\"\n\t\t\t\t\talt=\"06\"\n\t\t\t\t\tsrc=\"https:\/\/blogsaverroes.juntadeandalucia.es\/cplopezmayor\/wp-content\/uploads\/sites\/797\/nggallery\/el-centro\/thumbs\/thumbs_06.jpg\"\n\t\t\t\t\twidth=\"120\"\n\t\t\t\t\theight=\"90\"\n\t\t\t\t\tstyle=\"max-width:100%;\"\n\t\t\t\t\/>\n\t\t\t<\/a>\n\t\t<\/div>\n\t\t\t\t\t\t\t<\/div>\n\t\t\t\n\t\t\t\t<div id=\"ngg-image-14\" class=\"ngg-gallery-thumbnail-box\n\t\t\t\t\t\t\t\t\t\t\t\"\n\t\t\t>\n\t\t\t\t\t\t<div class=\"ngg-gallery-thumbnail\">\n\t\t\t<a href=\"https:\/\/blogsaverroes.juntadeandalucia.es\/cplopezmayor\/wp-content\/uploads\/sites\/797\/nggallery\/el-centro\/07.jpg\"\n\t\t\t\ttitle=\"\"\n\t\t\t\tdata-src=\"https:\/\/blogsaverroes.juntadeandalucia.es\/cplopezmayor\/wp-content\/uploads\/sites\/797\/nggallery\/el-centro\/07.jpg\"\n\t\t\t\tdata-thumbnail=\"https:\/\/blogsaverroes.juntadeandalucia.es\/cplopezmayor\/wp-content\/uploads\/sites\/797\/nggallery\/el-centro\/thumbs\/thumbs_07.jpg\"\n\t\t\t\tdata-image-id=\"68\"\n\t\t\t\tdata-title=\"07\"\n\t\t\t\tdata-description=\"\"\n\t\t\t\tdata-image-slug=\"07\"\n\t\t\t\tclass=\"ngg-fancybox\" rel=\"7bd57b0a1e84a07a972d91eb4118437e\">\n\t\t\t\t<img\n\t\t\t\t\ttitle=\"07\"\n\t\t\t\t\talt=\"07\"\n\t\t\t\t\tsrc=\"https:\/\/blogsaverroes.juntadeandalucia.es\/cplopezmayor\/wp-content\/uploads\/sites\/797\/nggallery\/el-centro\/thumbs\/thumbs_07.jpg\"\n\t\t\t\t\twidth=\"120\"\n\t\t\t\t\theight=\"90\"\n\t\t\t\t\tstyle=\"max-width:100%;\"\n\t\t\t\t\/>\n\t\t\t<\/a>\n\t\t<\/div>\n\t\t\t\t\t\t\t<\/div>\n\t\t\t\n\t\t\t\t<div id=\"ngg-image-15\" class=\"ngg-gallery-thumbnail-box\n\t\t\t\t\t\t\t\t\t\t\t\"\n\t\t\t>\n\t\t\t\t\t\t<div class=\"ngg-gallery-thumbnail\">\n\t\t\t<a href=\"https:\/\/blogsaverroes.juntadeandalucia.es\/cplopezmayor\/wp-content\/uploads\/sites\/797\/nggallery\/el-centro\/09.jpg\"\n\t\t\t\ttitle=\"\"\n\t\t\t\tdata-src=\"https:\/\/blogsaverroes.juntadeandalucia.es\/cplopezmayor\/wp-content\/uploads\/sites\/797\/nggallery\/el-centro\/09.jpg\"\n\t\t\t\tdata-thumbnail=\"https:\/\/blogsaverroes.juntadeandalucia.es\/cplopezmayor\/wp-content\/uploads\/sites\/797\/nggallery\/el-centro\/thumbs\/thumbs_09.jpg\"\n\t\t\t\tdata-image-id=\"69\"\n\t\t\t\tdata-title=\"09\"\n\t\t\t\tdata-description=\"\"\n\t\t\t\tdata-image-slug=\"09\"\n\t\t\t\tclass=\"ngg-fancybox\" rel=\"7bd57b0a1e84a07a972d91eb4118437e\">\n\t\t\t\t<img\n\t\t\t\t\ttitle=\"09\"\n\t\t\t\t\talt=\"09\"\n\t\t\t\t\tsrc=\"https:\/\/blogsaverroes.juntadeandalucia.es\/cplopezmayor\/wp-content\/uploads\/sites\/797\/nggallery\/el-centro\/thumbs\/thumbs_09.jpg\"\n\t\t\t\t\twidth=\"120\"\n\t\t\t\t\theight=\"90\"\n\t\t\t\t\tstyle=\"max-width:100%;\"\n\t\t\t\t\/>\n\t\t\t<\/a>\n\t\t<\/div>\n\t\t\t\t\t\t\t<\/div>\n\t\t\t\n\t\t\t\t<div id=\"ngg-image-16\" class=\"ngg-gallery-thumbnail-box\n\t\t\t\t\t\t\t\t\t\t\t\"\n\t\t\t>\n\t\t\t\t\t\t<div class=\"ngg-gallery-thumbnail\">\n\t\t\t<a href=\"https:\/\/blogsaverroes.juntadeandalucia.es\/cplopezmayor\/wp-content\/uploads\/sites\/797\/nggallery\/el-centro\/11.jpg\"\n\t\t\t\ttitle=\"\"\n\t\t\t\tdata-src=\"https:\/\/blogsaverroes.juntadeandalucia.es\/cplopezmayor\/wp-content\/uploads\/sites\/797\/nggallery\/el-centro\/11.jpg\"\n\t\t\t\tdata-thumbnail=\"https:\/\/blogsaverroes.juntadeandalucia.es\/cplopezmayor\/wp-content\/uploads\/sites\/797\/nggallery\/el-centro\/thumbs\/thumbs_11.jpg\"\n\t\t\t\tdata-image-id=\"70\"\n\t\t\t\tdata-title=\"11\"\n\t\t\t\tdata-description=\"\"\n\t\t\t\tdata-image-slug=\"11\"\n\t\t\t\tclass=\"ngg-fancybox\" rel=\"7bd57b0a1e84a07a972d91eb4118437e\">\n\t\t\t\t<img\n\t\t\t\t\ttitle=\"11\"\n\t\t\t\t\talt=\"11\"\n\t\t\t\t\tsrc=\"https:\/\/blogsaverroes.juntadeandalucia.es\/cplopezmayor\/wp-content\/uploads\/sites\/797\/nggallery\/el-centro\/thumbs\/thumbs_11.jpg\"\n\t\t\t\t\twidth=\"120\"\n\t\t\t\t\theight=\"90\"\n\t\t\t\t\tstyle=\"max-width:100%;\"\n\t\t\t\t\/>\n\t\t\t<\/a>\n\t\t<\/div>\n\t\t\t\t\t\t\t<\/div>\n\t\t\t\n\t\t\t\t<div id=\"ngg-image-17\" class=\"ngg-gallery-thumbnail-box\n\t\t\t\t\t\t\t\t\t\t\t\"\n\t\t\t>\n\t\t\t\t\t\t<div class=\"ngg-gallery-thumbnail\">\n\t\t\t<a href=\"https:\/\/blogsaverroes.juntadeandalucia.es\/cplopezmayor\/wp-content\/uploads\/sites\/797\/nggallery\/el-centro\/14.jpg\"\n\t\t\t\ttitle=\"\"\n\t\t\t\tdata-src=\"https:\/\/blogsaverroes.juntadeandalucia.es\/cplopezmayor\/wp-content\/uploads\/sites\/797\/nggallery\/el-centro\/14.jpg\"\n\t\t\t\tdata-thumbnail=\"https:\/\/blogsaverroes.juntadeandalucia.es\/cplopezmayor\/wp-content\/uploads\/sites\/797\/nggallery\/el-centro\/thumbs\/thumbs_14.jpg\"\n\t\t\t\tdata-image-id=\"71\"\n\t\t\t\tdata-title=\"14\"\n\t\t\t\tdata-description=\"\"\n\t\t\t\tdata-image-slug=\"14\"\n\t\t\t\tclass=\"ngg-fancybox\" rel=\"7bd57b0a1e84a07a972d91eb4118437e\">\n\t\t\t\t<img\n\t\t\t\t\ttitle=\"14\"\n\t\t\t\t\talt=\"14\"\n\t\t\t\t\tsrc=\"https:\/\/blogsaverroes.juntadeandalucia.es\/cplopezmayor\/wp-content\/uploads\/sites\/797\/nggallery\/el-centro\/thumbs\/thumbs_14.jpg\"\n\t\t\t\t\twidth=\"120\"\n\t\t\t\t\theight=\"90\"\n\t\t\t\t\tstyle=\"max-width:100%;\"\n\t\t\t\t\/>\n\t\t\t<\/a>\n\t\t<\/div>\n\t\t\t\t\t\t\t<\/div>\n\t\t\t\n\t\n\t<br style=\"clear: both\" \/>\n\n\t\t<div class=\"slideshowlink\">\n\t\t<a href='https:\/\/blogsaverroes.juntadeandalucia.es\/cplopezmayor\/el-centro-2\/nggallery\/slideshow'>[Mostrar presentaci\u00f3n de diapositivas]<\/a>\n\n\t<\/div>\n\t\n\t\t<!-- Pagination -->\n\t\t<div class='ngg-clear'><\/div>\t<\/div>\n<\/p>\n","protected":false},"excerpt":{"rendered":"<p>&nbsp; &nbsp; Direcci\u00f3n: &nbsp;Calle Avenida de M\u00e1laga s\/n. 29313-Villanueva del Trabuco, M\u00e1laga Tel\u00e9fono: 952 71 25 35 Tel\u00e9fonos m\u00f3viles:&nbsp;645 975 808 &#8211; 697 951 451 &#8211; 671 597 264 Tel\u00e9fono Infantil: Email: 29008905.edu@juntadeandalucia.es&nbsp; &#8211;&nbsp;&#46;&#46;&#46;<\/p>\n","protected":false},"author":1,"featured_media":0,"parent":0,"menu_order":0,"comment_status":"closed","ping_status":"open","template":"page-cs.php","meta":{"ngg_post_thumbnail":0,"footnotes":"","_mc_calendar":[]},"aioseo_notices":[],"_links":{"self":[{"href":"https:\/\/blogsaverroes.juntadeandalucia.es\/cplopezmayor\/wp-json\/wp\/v2\/pages\/35"}],"collection":[{"href":"https:\/\/blogsaverroes.juntadeandalucia.es\/cplopezmayor\/wp-json\/wp\/v2\/pages"}],"about":[{"href":"https:\/\/blogsaverroes.juntadeandalucia.es\/cplopezmayor\/wp-json\/wp\/v2\/types\/page"}],"author":[{"embeddable":true,"href":"https:\/\/blogsaverroes.juntadeandalucia.es\/cplopezmayor\/wp-json\/wp\/v2\/users\/1"}],"replies":[{"embeddable":true,"href":"https:\/\/blogsaverroes.juntadeandalucia.es\/cplopezmayor\/wp-json\/wp\/v2\/comments?post=35"}],"version-history":[{"count":24,"href":"https:\/\/blogsaverroes.juntadeandalucia.es\/cplopezmayor\/wp-json\/wp\/v2\/pages\/35\/revisions"}],"predecessor-version":[{"id":2351,"href":"https:\/\/blogsaverroes.juntadeandalucia.es\/cplopezmayor\/wp-json\/wp\/v2\/pages\/35\/revisions\/2351"}],"wp:attachment":[{"href":"https:\/\/blogsaverroes.juntadeandalucia.es\/cplopezmayor\/wp-json\/wp\/v2\/media?parent=35"}],"curies":[{"name":"wp","href":"https:\/\/api.w.org\/{rel}","templated":true}]}}