{"id":49,"date":"2015-03-13T08:47:05","date_gmt":"2015-03-13T08:47:05","guid":{"rendered":"http:\/\/blogsaverroes.juntadeandalucia.es\/pre\/ceip\/?page_id=49"},"modified":"2021-05-19T10:54:49","modified_gmt":"2021-05-19T10:54:49","slug":"plan-de-centro","status":"publish","type":"page","link":"https:\/\/blogsaverroes.juntadeandalucia.es\/cplopezmayor\/plan-de-centro\/","title":{"rendered":"Plan de Centro"},"content":{"rendered":"<p><img loading=\"lazy\" decoding=\"async\" class=\"alignnone wp-image-1662\" src=\"https:\/\/blogsaverroes.juntadeandalucia.es\/cplopezmayor\/files\/2015\/03\/proyecto-300x266.png\" alt=\"proyecto\" width=\"180\" height=\"160\" srcset=\"https:\/\/blogsaverroes.juntadeandalucia.es\/cplopezmayor\/files\/2015\/03\/proyecto-300x266.png 300w, https:\/\/blogsaverroes.juntadeandalucia.es\/cplopezmayor\/files\/2015\/03\/proyecto.png 640w\" sizes=\"(max-width: 180px) 100vw, 180px\" \/><\/p>\n<p>Un centro se define en gran medida por su <strong>Plan de Centro<\/strong>. En \u00e9l se plasma el modelo educativo y la concreci\u00f3n de la normativa que un centro realiza respecto a las ense\u00f1anzas que imparte. Aspectos tales como las finales educativas, objetivos, atenci\u00f3n a la diversidad, etc.<\/p>\n<p><a href=\"https:\/\/docs.google.com\/document\/d\/1HvvyAcxXWSquzjBo7R737JSz6Wa41LJh\/edit?rtpof=true\">Plan de Centro CEIP L\u00d3PEZ MAYOR<\/a><\/p>\n<p>&nbsp;<\/p>\n<p>&nbsp;<\/p>\n","protected":false},"excerpt":{"rendered":"<p>Un centro se define en gran medida por su Plan de Centro. En \u00e9l se plasma el modelo educativo y la concreci\u00f3n de la normativa que un centro realiza respecto a las ense\u00f1anzas que&#46;&#46;&#46;<\/p>\n","protected":false},"author":1,"featured_media":0,"parent":0,"menu_order":0,"comment_status":"closed","ping_status":"open","template":"page-cs.php","meta":{"ngg_post_thumbnail":0,"footnotes":"","_mc_calendar":[]},"aioseo_notices":[],"_links":{"self":[{"href":"https:\/\/blogsaverroes.juntadeandalucia.es\/cplopezmayor\/wp-json\/wp\/v2\/pages\/49"}],"collection":[{"href":"https:\/\/blogsaverroes.juntadeandalucia.es\/cplopezmayor\/wp-json\/wp\/v2\/pages"}],"about":[{"href":"https:\/\/blogsaverroes.juntadeandalucia.es\/cplopezmayor\/wp-json\/wp\/v2\/types\/page"}],"author":[{"embeddable":true,"href":"https:\/\/blogsaverroes.juntadeandalucia.es\/cplopezmayor\/wp-json\/wp\/v2\/users\/1"}],"replies":[{"embeddable":true,"href":"https:\/\/blogsaverroes.juntadeandalucia.es\/cplopezmayor\/wp-json\/wp\/v2\/comments?post=49"}],"version-history":[{"count":10,"href":"https:\/\/blogsaverroes.juntadeandalucia.es\/cplopezmayor\/wp-json\/wp\/v2\/pages\/49\/revisions"}],"predecessor-version":[{"id":2609,"href":"https:\/\/blogsaverroes.juntadeandalucia.es\/cplopezmayor\/wp-json\/wp\/v2\/pages\/49\/revisions\/2609"}],"wp:attachment":[{"href":"https:\/\/blogsaverroes.juntadeandalucia.es\/cplopezmayor\/wp-json\/wp\/v2\/media?parent=49"}],"curies":[{"name":"wp","href":"https:\/\/api.w.org\/{rel}","templated":true}]}}