{"id":178,"date":"2015-03-17T07:56:43","date_gmt":"2015-03-17T07:56:43","guid":{"rendered":"http:\/\/blogsaverroes.juntadeandalucia.es\/pre\/ceip\/?page_id=178"},"modified":"2022-12-08T10:38:19","modified_gmt":"2022-12-08T09:38:19","slug":"musica","status":"publish","type":"page","link":"https:\/\/blogsaverroes.juntadeandalucia.es\/cpmjavierperianes\/musica\/","title":{"rendered":"Plan de Igualdad"},"content":{"rendered":"<h1 style=\"text-align: center\">Plan de Igualdad (Coeducaci\u00f3n)<\/h1>\n<h3 style=\"text-align: center\">&nbsp;<\/h3>\n<h3 style=\"text-align: center\"><a href=\"https:\/\/blogsaverroes.juntadeandalucia.es\/cpmjavierperianes\/files\/2021\/11\/PLAN-DE-IGUALDAD-CPM-JAVIER-PERIANES-HUELVA34231.pdf\">Plan de igualdad del C.P.M. Javier Perianes<\/a><\/h3>\n<h2 style=\"text-align: center\">Nuestras Actividades<\/h2>\n<p><a href=\"https:\/\/blogsaverroes.juntadeandalucia.es\/cpmjavierperianes\/files\/2022\/10\/raquelmartinjimenez.jpg\"><img fetchpriority=\"high\" decoding=\"async\" class=\"alignnone size-medium wp-image-4946\" src=\"https:\/\/blogsaverroes.juntadeandalucia.es\/cpmjavierperianes\/files\/2022\/10\/raquelmartinjimenez-300x199.jpg\" alt=\"\" width=\"300\" height=\"199\"><\/a><\/p>\n<p><iframe title=\"La mujer compositora en el conservatorio. 1\u00aa parte.\" width=\"500\" height=\"281\" src=\"https:\/\/www.youtube.com\/embed\/h6SaUPt0Al8?start=1&#038;feature=oembed&#038;wmode=opaque\" frameborder=\"0\" allow=\"accelerometer; autoplay; clipboard-write; encrypted-media; gyroscope; picture-in-picture\" allowfullscreen><\/iframe><\/p>\n<p><iframe title=\"La mujer compositora en el conservatorio. 2\u00aa parte.\" width=\"500\" height=\"281\" src=\"https:\/\/www.youtube.com\/embed\/y_Mfw6wkzEs?feature=oembed&#038;wmode=opaque\" frameborder=\"0\" allow=\"accelerometer; autoplay; clipboard-write; encrypted-media; gyroscope; picture-in-picture\" allowfullscreen><\/iframe><\/p>\n<p><iframe title=\"No violencia de g\u00e9nero\" width=\"500\" height=\"281\" src=\"https:\/\/www.youtube.com\/embed\/-XOt1ZTvGPo?feature=oembed&#038;wmode=opaque\" frameborder=\"0\" allow=\"accelerometer; autoplay; clipboard-write; encrypted-media; gyroscope; picture-in-picture\" allowfullscreen><\/iframe><\/p>\n<h2>&nbsp;<\/h2>\n<h2>&nbsp;<\/h2>\n<h2 style=\"text-align: center\">Enlaces de Inter\u00e9s<\/h2>\n<p>&nbsp;<\/p>\n<h3><a href=\"https:\/\/www.juntadeandalucia.es\/organismos\/educacionydeporte\/consejeria\/sobre-consejeria\/planes\/detalle\/86953.html\">Plan de Igualdad<\/a><\/h3>\n<p>&nbsp;<\/p>\n<h3><a href=\"https:\/\/www.juntadeandalucia.es\/educacion\/portals\/web\/igualdad\">Portal de Igualdad Junta de Andaluc\u00eda<\/a><\/h3>\n<p>&nbsp;<\/p>\n<h3><a href=\"https:\/\/www.youtube.com\/channel\/UC6I7-bmU1dWyJa4Oi-mTnEg\/channels\">Canal Youtube Red Igualdad Huelva<\/a><\/h3>\n<p>&nbsp;<\/p>\n<h3><a href=\"https:\/\/www.juntadeandalucia.es\/educacion\/portals\/web\/convivencia-escolar\/protocolos-de-actuacion-en-casos-de-acoso\">Protocolos de Actuaci\u00f3n e Intervenci\u00f3n en Situaciones de Acoso, Agresi\u00f3n o Violencia<\/a><\/h3>\n<p>&nbsp;<\/p>\n<h2 style=\"text-align: center\">Recursos<\/h2>\n<h3><a href=\"http:\/\/www.clubpequeslectores.com\/2016\/03\/cuentos-igualdad-coeducacion.html\">Club Peques Lectores<\/a><\/h3>\n<h3><a href=\"https:\/\/rejuega.com\/reflexiones-y-recursos\/literatura-infantil\/50-cuentos-para-trabajar-las-emociones-con-los-ninos\/\">50 Cuentos Para Trabajar las Emociones con los Ni\u00f1os<\/a><\/h3>\n<p>http:\/\/www.clubpequeslectores.com\/2016\/03\/cuentos-igualdad-coeducacion.htmlhttps:\/\/rejuega.com\/reflexiones-y-recursos\/literatura-infantil\/50-cuentos-para-trabajar-las-emociones-con-los-ninos\/https:\/\/www.youtube.com\/watch?v=yhvDJtvj_MA<\/p>\n<h2 style=\"text-align: center\">&nbsp;<\/h2>\n","protected":false},"excerpt":{"rendered":"<p>Plan de Igualdad (Coeducaci\u00f3n) &nbsp; Plan de igualdad del C.P.M. Javier Perianes Nuestras Actividades &nbsp; &nbsp; Enlaces de Inter\u00e9s &nbsp; Plan de Igualdad &nbsp; Portal de Igualdad Junta de Andaluc\u00eda &nbsp; Canal Youtube Red&#46;&#46;&#46;<\/p>\n","protected":false},"author":1,"featured_media":0,"parent":0,"menu_order":0,"comment_status":"open","ping_status":"open","template":"page-templates\/child-menu.php","meta":{"ngg_post_thumbnail":0,"footnotes":"","_mc_calendar":[]},"aioseo_notices":[],"post_mailing_queue_ids":[],"_links":{"self":[{"href":"https:\/\/blogsaverroes.juntadeandalucia.es\/cpmjavierperianes\/wp-json\/wp\/v2\/pages\/178"}],"collection":[{"href":"https:\/\/blogsaverroes.juntadeandalucia.es\/cpmjavierperianes\/wp-json\/wp\/v2\/pages"}],"about":[{"href":"https:\/\/blogsaverroes.juntadeandalucia.es\/cpmjavierperianes\/wp-json\/wp\/v2\/types\/page"}],"author":[{"embeddable":true,"href":"https:\/\/blogsaverroes.juntadeandalucia.es\/cpmjavierperianes\/wp-json\/wp\/v2\/users\/1"}],"replies":[{"embeddable":true,"href":"https:\/\/blogsaverroes.juntadeandalucia.es\/cpmjavierperianes\/wp-json\/wp\/v2\/comments?post=178"}],"version-history":[{"count":17,"href":"https:\/\/blogsaverroes.juntadeandalucia.es\/cpmjavierperianes\/wp-json\/wp\/v2\/pages\/178\/revisions"}],"predecessor-version":[{"id":5083,"href":"https:\/\/blogsaverroes.juntadeandalucia.es\/cpmjavierperianes\/wp-json\/wp\/v2\/pages\/178\/revisions\/5083"}],"wp:attachment":[{"href":"https:\/\/blogsaverroes.juntadeandalucia.es\/cpmjavierperianes\/wp-json\/wp\/v2\/media?parent=178"}],"curies":[{"name":"wp","href":"https:\/\/api.w.org\/{rel}","templated":true}]}}