{"id":2624,"date":"2020-12-12T18:32:58","date_gmt":"2020-12-12T18:32:58","guid":{"rendered":"https:\/\/blogsaverroes.juntadeandalucia.es\/cpmjavierperianes\/?page_id=2624"},"modified":"2020-12-17T08:30:38","modified_gmt":"2020-12-17T08:30:38","slug":"miembros-del-departamento-de-piano","status":"publish","type":"page","link":"https:\/\/blogsaverroes.juntadeandalucia.es\/cpmjavierperianes\/miembros-del-departamento-de-piano\/","title":{"rendered":"Miembros del Departamento de Piano"},"content":{"rendered":"<div id=\"content\">\n<div id=\"stacks_out_1_page13\" class=\"stacks_top\">\n<div id=\"stacks_in_1_page13\" class=\"\">\n<div id=\"stacks_out_4_page13\" class=\"stacks_out\">\n<div id=\"stacks_in_4_page13\" class=\"stacks_in text_stack\">Cabeza Arroyo, Fidel<br \/>\nMac\u00edas Qui\u00f1ones, Alicia Mar\u00eda<br \/>\nNoja Diaz, Pablo<br \/>\nP\u00e9rez Gonz\u00e1lez, Juan Carlos<br \/>\nRamblado N\u00fa\u00f1ez, Mar\u00eda Consolaci\u00f3n<br \/>\nRam\u00edrez Berdion, Isabel Mar\u00eda<br \/>\nVidal Teruel, Juan Miguel<\/p>\n<p><strong>PIANISTAS ACOMPA\u00d1ANTES<\/strong><br \/>\nOtero D\u00edez, Borja<br \/>\nRodr\u00edguez Navarro, Mar\u00eda Adelaida<\/div>\n<\/div>\n<\/div>\n<\/div>\n<\/div>\n","protected":false},"excerpt":{"rendered":"<p>Cabeza Arroyo, Fidel Mac\u00edas Qui\u00f1ones, Alicia Mar\u00eda Noja Diaz, Pablo P\u00e9rez Gonz\u00e1lez, Juan Carlos Ramblado N\u00fa\u00f1ez, Mar\u00eda Consolaci\u00f3n Ram\u00edrez Berdion, Isabel Mar\u00eda Vidal Teruel, Juan Miguel PIANISTAS ACOMPA\u00d1ANTES Otero D\u00edez, Borja Rodr\u00edguez Navarro, Mar\u00eda&#46;&#46;&#46;<\/p>\n","protected":false},"author":11793,"featured_media":0,"parent":0,"menu_order":0,"comment_status":"closed","ping_status":"closed","template":"","meta":{"ngg_post_thumbnail":0,"footnotes":"","_mc_calendar":[]},"aioseo_notices":[],"post_mailing_queue_ids":[],"_links":{"self":[{"href":"https:\/\/blogsaverroes.juntadeandalucia.es\/cpmjavierperianes\/wp-json\/wp\/v2\/pages\/2624"}],"collection":[{"href":"https:\/\/blogsaverroes.juntadeandalucia.es\/cpmjavierperianes\/wp-json\/wp\/v2\/pages"}],"about":[{"href":"https:\/\/blogsaverroes.juntadeandalucia.es\/cpmjavierperianes\/wp-json\/wp\/v2\/types\/page"}],"author":[{"embeddable":true,"href":"https:\/\/blogsaverroes.juntadeandalucia.es\/cpmjavierperianes\/wp-json\/wp\/v2\/users\/11793"}],"replies":[{"embeddable":true,"href":"https:\/\/blogsaverroes.juntadeandalucia.es\/cpmjavierperianes\/wp-json\/wp\/v2\/comments?post=2624"}],"version-history":[{"count":3,"href":"https:\/\/blogsaverroes.juntadeandalucia.es\/cpmjavierperianes\/wp-json\/wp\/v2\/pages\/2624\/revisions"}],"predecessor-version":[{"id":2805,"href":"https:\/\/blogsaverroes.juntadeandalucia.es\/cpmjavierperianes\/wp-json\/wp\/v2\/pages\/2624\/revisions\/2805"}],"wp:attachment":[{"href":"https:\/\/blogsaverroes.juntadeandalucia.es\/cpmjavierperianes\/wp-json\/wp\/v2\/media?parent=2624"}],"curies":[{"name":"wp","href":"https:\/\/api.w.org\/{rel}","templated":true}]}}