{"id":2630,"date":"2020-12-12T18:41:47","date_gmt":"2020-12-12T18:41:47","guid":{"rendered":"https:\/\/blogsaverroes.juntadeandalucia.es\/cpmjavierperianes\/?page_id=2630"},"modified":"2020-12-17T08:27:15","modified_gmt":"2020-12-17T08:27:15","slug":"miembros-departamentos-de-madera-orquesta-y-m-de-camara","status":"publish","type":"page","link":"https:\/\/blogsaverroes.juntadeandalucia.es\/cpmjavierperianes\/miembros-departamentos-de-madera-orquesta-y-m-de-camara\/","title":{"rendered":"Miembros departamentos de Madera, Orquesta y M. de C\u00e1mara"},"content":{"rendered":"<div id=\"content\">\n<div id=\"stacks_out_1_page49\" class=\"stacks_top\">\n<div id=\"stacks_in_1_page49\" class=\"\">\n<div id=\"stacks_out_4_page49\" class=\"stacks_out\">\n<div id=\"stacks_in_4_page49\" class=\"stacks_in text_stack\"><strong>CLARINETE<\/strong><br \/>\nCamacho Lagares, Francisco<br \/>\nCasanova Collantes, Jos\u00e9 Daniel<br \/>\nL\u00f3pez Le\u00f3n, Jos\u00e9 Antonio<br \/>\nPerea Rodr\u00edguez, Esperanza del Carmen<\/p>\n<p><strong>FAGOT<\/strong><br \/>\nCoca L\u00f3pez, Emilio Jos\u00e9<\/p>\n<p><strong>FLAUTA TRAVESERA<\/strong><br \/>\nBarrio Insausti, Mar\u00eda<br \/>\nFlores N\u00fa\u00f1ez, Mar\u00eda Carmen<br \/>\nMar\u00edn Farrona, Santiago<\/p>\n<p><strong>OBOE<\/strong><br \/>\nHerv\u00e1s Molina, Marcos Luis<br \/>\nLucas Traves, Jos\u00e9 Antonio<br \/>\nJim\u00e9nez Arias, Inmaculada<br \/>\nS\u00e1nchez Moguel, \u00c1ngel<\/p>\n<p><strong>SAXOF\u00d3N<\/strong><br \/>\nArrazola Belda, Juan Manuel<br \/>\nD\u00edaz Hern\u00e1ndez, Tom\u00e1s&nbsp;Mail de la asignatura de Saxof\u00f3n&nbsp;<u><a href=\"mailto:saxofoncpmhuelva@gmail.com\">saxofoncpmhuelva@gmail.com<\/a><\/u><u><br \/>\n<\/u>Pe\u00f1aranda S\u00e1nchez, Amalia<\/div>\n<\/div>\n<\/div>\n<\/div>\n<\/div>\n<div>&nbsp;<\/div>\n<div><strong>ORQUESTA<\/strong><\/div>\n<div id=\"content\">\n<div id=\"stacks_out_1_page49\" class=\"stacks_top\">\n<div id=\"stacks_in_1_page49\" class=\"\">\n<div id=\"stacks_out_4_page49\" class=\"stacks_out\">\n<div>Garc\u00eda Esteban, Irene<\/div>\n<\/div>\n<\/div>\n<\/div>\n<\/div>\n","protected":false},"excerpt":{"rendered":"<p>CLARINETE Camacho Lagares, Francisco Casanova Collantes, Jos\u00e9 Daniel L\u00f3pez Le\u00f3n, Jos\u00e9 Antonio Perea Rodr\u00edguez, Esperanza del Carmen FAGOT Coca L\u00f3pez, Emilio Jos\u00e9 FLAUTA TRAVESERA Barrio Insausti, Mar\u00eda Flores N\u00fa\u00f1ez, Mar\u00eda Carmen Mar\u00edn Farrona, Santiago&#46;&#46;&#46;<\/p>\n","protected":false},"author":11793,"featured_media":0,"parent":0,"menu_order":0,"comment_status":"closed","ping_status":"closed","template":"","meta":{"ngg_post_thumbnail":0,"footnotes":"","_mc_calendar":[]},"aioseo_notices":[],"post_mailing_queue_ids":[],"_links":{"self":[{"href":"https:\/\/blogsaverroes.juntadeandalucia.es\/cpmjavierperianes\/wp-json\/wp\/v2\/pages\/2630"}],"collection":[{"href":"https:\/\/blogsaverroes.juntadeandalucia.es\/cpmjavierperianes\/wp-json\/wp\/v2\/pages"}],"about":[{"href":"https:\/\/blogsaverroes.juntadeandalucia.es\/cpmjavierperianes\/wp-json\/wp\/v2\/types\/page"}],"author":[{"embeddable":true,"href":"https:\/\/blogsaverroes.juntadeandalucia.es\/cpmjavierperianes\/wp-json\/wp\/v2\/users\/11793"}],"replies":[{"embeddable":true,"href":"https:\/\/blogsaverroes.juntadeandalucia.es\/cpmjavierperianes\/wp-json\/wp\/v2\/comments?post=2630"}],"version-history":[{"count":3,"href":"https:\/\/blogsaverroes.juntadeandalucia.es\/cpmjavierperianes\/wp-json\/wp\/v2\/pages\/2630\/revisions"}],"predecessor-version":[{"id":2799,"href":"https:\/\/blogsaverroes.juntadeandalucia.es\/cpmjavierperianes\/wp-json\/wp\/v2\/pages\/2630\/revisions\/2799"}],"wp:attachment":[{"href":"https:\/\/blogsaverroes.juntadeandalucia.es\/cpmjavierperianes\/wp-json\/wp\/v2\/media?parent=2630"}],"curies":[{"name":"wp","href":"https:\/\/api.w.org\/{rel}","templated":true}]}}