{"id":2641,"date":"2020-12-12T18:53:00","date_gmt":"2020-12-12T18:53:00","guid":{"rendered":"https:\/\/blogsaverroes.juntadeandalucia.es\/cpmjavierperianes\/?page_id=2641"},"modified":"2021-11-10T19:42:23","modified_gmt":"2021-11-10T18:42:23","slug":"miembros-del-departamento-de-orientacion-dofeie","status":"publish","type":"page","link":"https:\/\/blogsaverroes.juntadeandalucia.es\/cpmjavierperianes\/miembros-del-departamento-de-orientacion-dofeie\/","title":{"rendered":"Miembros del Departamento de Orientaci\u00f3n (DOFEIE)"},"content":{"rendered":"<p>Francisco Jos\u00e9 Garrido Exp\u00f3sito<\/p>\n","protected":false},"excerpt":{"rendered":"<p>Francisco Jos\u00e9 Garrido Exp\u00f3sito<\/p>\n","protected":false},"author":11793,"featured_media":0,"parent":0,"menu_order":0,"comment_status":"closed","ping_status":"closed","template":"","meta":{"ngg_post_thumbnail":0,"footnotes":"","_mc_calendar":[]},"aioseo_notices":[],"post_mailing_queue_ids":[],"_links":{"self":[{"href":"https:\/\/blogsaverroes.juntadeandalucia.es\/cpmjavierperianes\/wp-json\/wp\/v2\/pages\/2641"}],"collection":[{"href":"https:\/\/blogsaverroes.juntadeandalucia.es\/cpmjavierperianes\/wp-json\/wp\/v2\/pages"}],"about":[{"href":"https:\/\/blogsaverroes.juntadeandalucia.es\/cpmjavierperianes\/wp-json\/wp\/v2\/types\/page"}],"author":[{"embeddable":true,"href":"https:\/\/blogsaverroes.juntadeandalucia.es\/cpmjavierperianes\/wp-json\/wp\/v2\/users\/11793"}],"replies":[{"embeddable":true,"href":"https:\/\/blogsaverroes.juntadeandalucia.es\/cpmjavierperianes\/wp-json\/wp\/v2\/comments?post=2641"}],"version-history":[{"count":4,"href":"https:\/\/blogsaverroes.juntadeandalucia.es\/cpmjavierperianes\/wp-json\/wp\/v2\/pages\/2641\/revisions"}],"predecessor-version":[{"id":4188,"href":"https:\/\/blogsaverroes.juntadeandalucia.es\/cpmjavierperianes\/wp-json\/wp\/v2\/pages\/2641\/revisions\/4188"}],"wp:attachment":[{"href":"https:\/\/blogsaverroes.juntadeandalucia.es\/cpmjavierperianes\/wp-json\/wp\/v2\/media?parent=2641"}],"curies":[{"name":"wp","href":"https:\/\/api.w.org\/{rel}","templated":true}]}}