{"id":2697,"date":"2020-12-12T19:38:48","date_gmt":"2020-12-12T19:38:48","guid":{"rendered":"https:\/\/blogsaverroes.juntadeandalucia.es\/cpmjavierperianes\/?page_id=2697"},"modified":"2024-04-05T10:04:17","modified_gmt":"2024-04-05T09:04:17","slug":"solicitudes","status":"publish","type":"page","link":"https:\/\/blogsaverroes.juntadeandalucia.es\/cpmjavierperianes\/solicitudes\/","title":{"rendered":"SOLICITUDES"},"content":{"rendered":"<p><a href=\"https:\/\/blogsaverroes.juntadeandalucia.es\/cpmjavierperianes\/files\/2021\/03\/ANEXO-I-SOLICITUD-DE-ADMISI\u00d3N.pdf\">ANEXO I SOLICITUD DE ADMISI\u00d3N<\/a><\/p>\n<p><a href=\"https:\/\/blogsaverroes.juntadeandalucia.es\/cpmjavierperianes\/files\/2024\/04\/Solicitud-prmer-curso.pdf\">SOLICITUD AULA DE EXCELENCIA ART\u00cdSTICA (PRIMER CURSO EPM)<\/a><\/p>\n<p><a href=\"https:\/\/blogsaverroes.juntadeandalucia.es\/cpmjavierperianes\/files\/2024\/04\/Solicitud-cursos-distintos.pdf\">SOLICITUD AULA DE EXCELENCIA (CURSO DISTINTOS DE PRIMERO DE EPM)<\/a><\/p>\n<p><a href=\"https:\/\/blogsaverroes.juntadeandalucia.es\/cpmjavierperianes\/files\/2021\/03\/ANEXO-III-SOLICITUD-DE-MATR\u00cdCULA.pdf\">ANEXO III SOLICITUD DE MATR\u00cdCULA<\/a><\/p>\n<p><a href=\"https:\/\/blogsaverroes.juntadeandalucia.es\/cpmjavierperianes\/files\/2021\/03\/ANEXO-V-SOLICITUD-RESERVA-DE-PLAZA.pdf\">ANEXO V SOLICITUD RESERVA DE PLAZA<\/a><\/p>\n<p><a href=\"https:\/\/blogsaverroes.juntadeandalucia.es\/cpmjavierperianes\/files\/2021\/03\/ANEXO-VI-SOLICITUD-DE-PLAZA-POR-TRASLADO.pdf\">ANEXO VI SOLICITUD DE PLAZA POR TRASLADO<\/a><\/p>\n<p><a href=\"https:\/\/blogsaverroes.juntadeandalucia.es\/cpmjavierperianes\/files\/2023\/03\/Solicitud-ampliacion-de-ensenanzas.pdf\">SOLICITUD AMPLICIONES DE MATR\u00cdCULA<\/a><\/p>\n<p><a href=\"https:\/\/blogsaverroes.juntadeandalucia.es\/cpmjavierperianes\/files\/2023\/03\/Solicitud-anulacion-de-matricula.pdf\">SOLICITUD ANULACI\u00d3N DE MATR\u00cdCULA<\/a><\/p>\n<p><a href=\"https:\/\/blogsaverroes.juntadeandalucia.es\/cpmjavierperianes\/files\/2023\/03\/Solicitud-ampliacion-de-ensenanzas.pdf\">SOLICITUD CITA PREVIA<\/a><\/p>\n<p><a href=\"https:\/\/blogsaverroes.juntadeandalucia.es\/cpmjavierperianes\/files\/2023\/09\/Solcitud-generica-alumnado-del-Centro1.pdf\">SOLICITUD GEN\u00c9RICA ALUMNADO DEL CENTRO<\/a><\/p>\n<p><a href=\"https:\/\/blogsaverroes.juntadeandalucia.es\/cpmjavierperianes\/files\/2023\/03\/Solicitud-generica-1.pdf\">SOLICITUD GEN\u00c9RICA<\/a><\/p>\n<p><a href=\"https:\/\/blogsaverroes.juntadeandalucia.es\/cpmjavierperianes\/files\/2023\/03\/Formulario-de-datos-complementarios-a-la-matricula-2020-2021.pdf\">FORMULARIO DE DATOS COMPLEMENTARIOS A LA MATR\u00cdCULA<\/a><\/p>\n<p><a href=\"https:\/\/blogsaverroes.juntadeandalucia.es\/cpmjavierperianes\/files\/2023\/03\/Solicitud-aulas-de-estudio.pdf\">SOLICITUD AULAS DE ESTUDIO<\/a><\/p>\n<p><a href=\"https:\/\/blogsaverroes.juntadeandalucia.es\/cpmjavierperianes\/files\/2023\/03\/Solicitud-titulos-1-1.pdf\">SOLICITUD DE T\u00cdTULO<\/a><\/p>\n<p>&nbsp;<\/p>\n","protected":false},"excerpt":{"rendered":"<p>ANEXO I SOLICITUD DE ADMISI\u00d3N SOLICITUD AULA DE EXCELENCIA ART\u00cdSTICA (PRIMER CURSO EPM) SOLICITUD AULA DE EXCELENCIA (CURSO DISTINTOS DE PRIMERO DE EPM) ANEXO III SOLICITUD DE MATR\u00cdCULA ANEXO V SOLICITUD RESERVA DE PLAZA&#46;&#46;&#46;<\/p>\n","protected":false},"author":11793,"featured_media":0,"parent":0,"menu_order":0,"comment_status":"closed","ping_status":"closed","template":"","meta":{"ngg_post_thumbnail":0,"footnotes":"","_mc_calendar":[]},"aioseo_notices":[],"post_mailing_queue_ids":[],"_links":{"self":[{"href":"https:\/\/blogsaverroes.juntadeandalucia.es\/cpmjavierperianes\/wp-json\/wp\/v2\/pages\/2697"}],"collection":[{"href":"https:\/\/blogsaverroes.juntadeandalucia.es\/cpmjavierperianes\/wp-json\/wp\/v2\/pages"}],"about":[{"href":"https:\/\/blogsaverroes.juntadeandalucia.es\/cpmjavierperianes\/wp-json\/wp\/v2\/types\/page"}],"author":[{"embeddable":true,"href":"https:\/\/blogsaverroes.juntadeandalucia.es\/cpmjavierperianes\/wp-json\/wp\/v2\/users\/11793"}],"replies":[{"embeddable":true,"href":"https:\/\/blogsaverroes.juntadeandalucia.es\/cpmjavierperianes\/wp-json\/wp\/v2\/comments?post=2697"}],"version-history":[{"count":53,"href":"https:\/\/blogsaverroes.juntadeandalucia.es\/cpmjavierperianes\/wp-json\/wp\/v2\/pages\/2697\/revisions"}],"predecessor-version":[{"id":5948,"href":"https:\/\/blogsaverroes.juntadeandalucia.es\/cpmjavierperianes\/wp-json\/wp\/v2\/pages\/2697\/revisions\/5948"}],"wp:attachment":[{"href":"https:\/\/blogsaverroes.juntadeandalucia.es\/cpmjavierperianes\/wp-json\/wp\/v2\/media?parent=2697"}],"curies":[{"name":"wp","href":"https:\/\/api.w.org\/{rel}","templated":true}]}}