{"id":2703,"date":"2020-12-12T19:44:06","date_gmt":"2020-12-12T19:44:06","guid":{"rendered":"https:\/\/blogsaverroes.juntadeandalucia.es\/cpmjavierperianes\/?page_id=2703"},"modified":"2025-02-16T10:48:46","modified_gmt":"2025-02-16T09:48:46","slug":"enlaces-de-interes","status":"publish","type":"page","link":"https:\/\/blogsaverroes.juntadeandalucia.es\/cpmjavierperianes\/enlaces-de-interes\/","title":{"rendered":"Enlaces de Inter\u00e9s"},"content":{"rendered":"<div id=\"stacks_out_6_page19\" class=\"stacks_out\">\n<div id=\"stacks_in_6_page19\" class=\"stacks_in text_stack\">\n<p><strong>CONSERVATORIOS SUPERIORES DE ANDALUCIA<\/strong><\/p>\n<p><a href=\"http:\/\/consev.es\/\" target=\"_blank\" rel=\"external noopener noreferrer\">CONSERVATORIO SUPERIOR DE M\u00daSICA DE SEVILLA \u00abMANUEL CASTILLO\u00bb<br \/>\n<\/a><a href=\"http:\/\/www.conserv-sup-malaga.com\/\" target=\"_blank\" rel=\"external noopener noreferrer\">CONSERVATORIO SUPERIOR DE M\u00daSICA DE MALAGA<\/a><br \/>\n<a href=\"http:\/\/www.csmcordoba.com\/\" target=\"_blank\" rel=\"external noopener noreferrer\">CONSERVATORIO SUPERIOR DE M\u00daSICA DE CORDOBA<\/a><br \/>\n<a href=\"http:\/\/www.conservatoriosuperiorgranada.com\/\" target=\"_blank\" rel=\"external noopener noreferrer\">REAL CONSERVATORIO SUPERIOR DE M\u00daSICA \u00abVICTORIA EUGENIA\u00bb DE GRANADA<\/a><\/p>\n<\/div>\n<\/div>\n<div id=\"stacks_out_8_page19\" class=\"stacks_out\">\n<div id=\"stacks_in_8_page19\" class=\"stacks_in text_stack\">\n<p><strong>CONSERVATORIOS PROFESIONALES DE ANDALUCIA<\/strong><\/p>\n<p><a href=\"http:\/\/www.cristobaldemorales.com\/\" target=\"_blank\" rel=\"external noopener noreferrer\">CONSERVATORIO PROFESIONAL CRISTOBAL DE MORALES DE SEVILLA<\/a><br \/>\n<a href=\"http:\/\/www.conservatoriofranciscoguerrero.es\/\" target=\"_blank\" rel=\"external noopener noreferrer\">CONSERVATORIO PROFESIONAL FRANCISCO GUERRERO DE SEVILLA<\/a><br \/>\n<a href=\"http:\/\/www.conservatoriomanueldefalla.es\/\" target=\"_blank\" rel=\"external noopener noreferrer\">CONSERVATORIO PROFESIONAL \u00abMANUEL DE FALLA\u00bb DE C\u00c1DIZ<\/a><br \/>\n<a href=\"http:\/\/www.cpmcordoba.com\/cms\/\" target=\"_blank\" rel=\"external noopener noreferrer\">CONSERVATORIO PROFESIONAL DE M\u00daSICA DE CORDOBA<\/a><br \/>\n<a href=\"http:\/\/www.conservatoriomanuelcarra.com\/\" target=\"_blank\" rel=\"external noopener noreferrer\">CONSERVATORIO PROFESIONAL \u00abMANUEL CARRA\u00bb DE M\u00c1LAGA<\/a><br \/>\n<a href=\"http:\/\/www.conservatoriodejaen.com\/\" target=\"_blank\" rel=\"external noopener noreferrer\">CONSERVATORIO PROFESIONAL DE M\u00daSICA DE JAEN<\/a><br \/>\n<a href=\"http:\/\/www.conservatorioangelbarrios.com\/\" target=\"_blank\" rel=\"external noopener noreferrer\">CONSERVATORIO PROFESIONAL \u00ab\u00c1NGEL BARRIOS\u00bb DE GRANADA<\/a><\/p>\n<\/div>\n<\/div>\n<div id=\"stacks_out_10_page19\" class=\"stacks_out\">\n<div id=\"stacks_in_10_page19\" class=\"stacks_in text_stack\">\n<p><strong>CONSERVATORIOS ELEMENTALES DE LA PROVINCIA DE HUELVA<\/strong><\/p>\n<p><a href=\"http:\/\/www.conservatoriodebollullos.es\/\" rel=\"self\">CONSERVATORIO ELEMENTAL DE M\u00daSICA DE BOLLULOS PAR DEL CONDADO<\/a><br \/>\n<a href=\"http:\/\/www.conservatoriovalverde.com\/\" rel=\"self\">CONSERVATORIO DE VALVERDE<\/a><br \/>\n<a href=\"http:\/\/www.conservatorioislacristina.es\">CONSERVATORIO DE ISLA CRISTINA \u00abVICENTE SANCHIS\u00bb<\/a><br \/>\n<a href=\"http:\/\/averroes.ced.junta-andalucia.es\/cemnerva\" rel=\"self\">CONSERVATORIO DE NERVA<\/a><\/p>\n<\/div>\n<\/div>\n","protected":false},"excerpt":{"rendered":"<p>CONSERVATORIOS SUPERIORES DE ANDALUCIA CONSERVATORIO SUPERIOR DE M\u00daSICA DE SEVILLA \u00abMANUEL CASTILLO\u00bb CONSERVATORIO SUPERIOR DE M\u00daSICA DE MALAGA CONSERVATORIO SUPERIOR DE M\u00daSICA DE CORDOBA REAL CONSERVATORIO SUPERIOR DE M\u00daSICA \u00abVICTORIA EUGENIA\u00bb DE GRANADA CONSERVATORIOS&#46;&#46;&#46;<\/p>\n","protected":false},"author":11793,"featured_media":0,"parent":0,"menu_order":0,"comment_status":"closed","ping_status":"closed","template":"","meta":{"ngg_post_thumbnail":0,"footnotes":"","_mc_calendar":[]},"aioseo_notices":[],"post_mailing_queue_ids":[],"_links":{"self":[{"href":"https:\/\/blogsaverroes.juntadeandalucia.es\/cpmjavierperianes\/wp-json\/wp\/v2\/pages\/2703"}],"collection":[{"href":"https:\/\/blogsaverroes.juntadeandalucia.es\/cpmjavierperianes\/wp-json\/wp\/v2\/pages"}],"about":[{"href":"https:\/\/blogsaverroes.juntadeandalucia.es\/cpmjavierperianes\/wp-json\/wp\/v2\/types\/page"}],"author":[{"embeddable":true,"href":"https:\/\/blogsaverroes.juntadeandalucia.es\/cpmjavierperianes\/wp-json\/wp\/v2\/users\/11793"}],"replies":[{"embeddable":true,"href":"https:\/\/blogsaverroes.juntadeandalucia.es\/cpmjavierperianes\/wp-json\/wp\/v2\/comments?post=2703"}],"version-history":[{"count":6,"href":"https:\/\/blogsaverroes.juntadeandalucia.es\/cpmjavierperianes\/wp-json\/wp\/v2\/pages\/2703\/revisions"}],"predecessor-version":[{"id":6441,"href":"https:\/\/blogsaverroes.juntadeandalucia.es\/cpmjavierperianes\/wp-json\/wp\/v2\/pages\/2703\/revisions\/6441"}],"wp:attachment":[{"href":"https:\/\/blogsaverroes.juntadeandalucia.es\/cpmjavierperianes\/wp-json\/wp\/v2\/media?parent=2703"}],"curies":[{"name":"wp","href":"https:\/\/api.w.org\/{rel}","templated":true}]}}