{"id":330,"date":"2015-03-18T07:11:43","date_gmt":"2015-03-18T07:11:43","guid":{"rendered":"http:\/\/blogsaverroes.juntadeandalucia.es\/pre\/ceip\/?page_id=330"},"modified":"2024-06-04T10:19:11","modified_gmt":"2024-06-04T09:19:11","slug":"bibliop","status":"publish","type":"page","link":"https:\/\/blogsaverroes.juntadeandalucia.es\/cpmjavierperianes\/biblioteca\/bibliop\/","title":{"rendered":"Curso 1\u00ba Ense\u00f1anzas B\u00e1sicas de M\u00fasica (Primer Curso al que se Accede)"},"content":{"rendered":"<p><strong>PRIMERO DE ENSE\u00d1ANZAS B\u00c1SICAS DE M\u00daSICA<\/strong><\/p>\n<p><strong>Matriculaci\u00f3n en el primer curso de las Ense\u00f1anzas B\u00e1sicas de M\u00fasica (la primera vez que van a cursar los estudios)<\/strong><\/p>\n<p>Para el alumnado que accede al 1er curso de las Ense\u00f1anzas B\u00e1sicas de M\u00fasica despu\u00e9s de haber superado la prueba de aptitud, se realizan dos adjudicaciones. Tras la primera, el que haya obtenido plaza en el instrumento solicitado en primer lugar est\u00e1 obligado a formalizar la matr\u00edcula.<\/p>\n<p>El alumnado que en esta primera adjudicaci\u00f3n no haya obtenido plaza en el instrumento solicitado en primer lugar podr\u00e1 optar entre:<\/p>\n<ol>\n<li>Formalizar la matr\u00edcula en el instrumento adjudicado, o<\/li>\n<li>Reserva de plaza del mismo, en espera de obtener otro m\u00e1s favorable en la segunda adjudicaci\u00f3n. (En este caso se formalizar\u00e1 la matr\u00edcula tras la 2\u00aa adjudicaci\u00f3n).<\/li>\n<\/ol>\n<p>El proceso de escolarizaci\u00f3n debe realizarse prioritariamente de forma telem\u00e1tica.<\/p>\n<p>Para poder hacer todo el proceso de forma telem\u00e1tica, han de hacer click &nbsp;&nbsp;&nbsp;&nbsp;&nbsp;&nbsp;&nbsp;&nbsp;&nbsp;&nbsp;&nbsp;&nbsp;&nbsp;<a href=\"https:\/\/www.juntadeandalucia.es\/educacion\/secretariavirtual\/\"> AQU\u00cd<\/a><\/p>\n<p>Si por motivos ajenos a este Centro, no pudiera gestionarse a trav\u00e9s de la Secretar\u00eda Virtual la formalizaci\u00f3n de la matr\u00edcula, \u00e9sta se podr\u00e1 canalizar a trav\u00e9s del formulario de contacto con Secretar\u00eda (Pulsar <a href=\"https:\/\/blogsaverroes.juntadeandalucia.es\/cpmjavierperianes\/pagina-de-contacto-con-secretaria\/\">AQU\u00cd<\/a>) o en la Secretar\u00eda del centro si no pudiera ser posible por medios telem\u00e1ticos (previa cita), presentando la siguiente documentaci\u00f3n:<\/p>\n<ol>\n<li><a href=\"https:\/\/blogsaverroes.juntadeandalucia.es\/cpmjavierperianes\/files\/2021\/03\/ANEXO-III-SOLICITUD-DE-MATR\u00cdCULA.pdf\">Impreso de matr\u00edcula (AnexoIII) cumplimentado<\/a><\/li>\n<li><a href=\"https:\/\/blogsaverroes.juntadeandalucia.es\/cpmjavierperianes\/files\/2024\/06\/Formulario-de-datos-complementarios-a-la-matricula-2024.pdf\">Formulario de datos complementarios cumplimentado<\/a>. La informaci\u00f3n recabada con este formulario ser\u00e1 utilizada para la asignaci\u00f3n de horarios, siempre que sea posible, por lo que es imprescindible su cumplimentaci\u00f3n detallada.<\/li>\n<li>Justificante del pago de las <a href=\"https:\/\/blogsaverroes.juntadeandalucia.es\/cpmjavierperianes\/tasas-046\/\">tasas 046<\/a><\/li>\n<\/ol>\n<p>&#8211; El alumnado que se acoja a bonificaciones o excepciones por pertenecer a familia numerosa general o especial (exento del pago de tasas) deber\u00e1 presentar original y fotocopia del carnet en vigor.<\/p>\n<p>&#8211; Precio de las tasas:<\/p>\n<p>Normal: 116 \u20ac, Familia numerosa general: 94,50 \u20ac, Familia numerosa especial: exento.<\/p>\n<p>4 Una fotograf\u00eda reciente<\/p>\n<p>5 Ficha de inscripci\u00f3n AMPA Isaac Alb\u00e9niz pinchando en el siguiente <a href=\"https:\/\/blogsaverroes.juntadeandalucia.es\/ampacpmjavierperianes\/\">ENLACE<\/a><\/p>\n<p>Acceda a nuestra <a href=\"https:\/\/blogsaverroes.juntadeandalucia.es\/cpmjavierperianes\/tasas-046\/\">Gu\u00eda para el pago de tasas<\/a><\/p>\n<p>Documentaci\u00f3n a presentar para reservar la plaza:<\/p>\n<p>Si por motivos ajenos a este Centro, no pudiera gestionarse a trav\u00e9s de la Secretar\u00eda Virtual la formalizaci\u00f3n de la reserva de plaza, \u00e9sta se podr\u00e1 canalizar a trav\u00e9s del formulario de contacto con Secretar\u00eda (Pulsar <a href=\"https:\/\/blogsaverroes.juntadeandalucia.es\/cpmjavierperianes\/pagina-de-contacto-con-secretaria\/\">AQU\u00cd<\/a>) o en la Secretar\u00eda del centro si no pudiera ser posible por medios telem\u00e1ticos (previa cita), presentando la siguiente documentaci\u00f3n:<\/p>\n<ol>\n<li>Impreso de reserva de plaza en el instrumento adjudicado cumplimentado (<a href=\"https:\/\/blogsaverroes.juntadeandalucia.es\/cpmjavierperianes\/files\/2021\/03\/ANEXO-V-SOLICITUD-RESERVA-DE-PLAZA.pdf\">Anexo V<\/a>).<\/li>\n<\/ol>\n<ul>\n<li>Lo entregar\u00e1 solo el alumnado de 1\u00ba de EBM al que no se le haya adjudicado su primera petici\u00f3n de instrumento y, en lugar de matricularse en la especialidad adjudicada, quiera reservar plaza a la espera de mejorar en la segunda adjudicaci\u00f3n.<\/li>\n<\/ul>\n<p>Fechas de matriculaci\u00f3n y de reserva de plaza<\/p>\n<p>Fechas de matriculaci\u00f3n: ver <a href=\"https:\/\/blogsaverroes.juntadeandalucia.es\/cpmjavierperianes\/horarios\/\">calendario de admisi\u00f3n y matriculaci\u00f3n<\/a><\/p>\n","protected":false},"excerpt":{"rendered":"<p>PRIMERO DE ENSE\u00d1ANZAS B\u00c1SICAS DE M\u00daSICA Matriculaci\u00f3n en el primer curso de las Ense\u00f1anzas B\u00e1sicas de M\u00fasica (la primera vez que van a cursar los estudios) Para el alumnado que accede al 1er curso&#46;&#46;&#46;<\/p>\n","protected":false},"author":1,"featured_media":0,"parent":113,"menu_order":0,"comment_status":"open","ping_status":"open","template":"page-templates\/child-menu.php","meta":{"ngg_post_thumbnail":0,"footnotes":"","_mc_calendar":[]},"aioseo_notices":[],"post_mailing_queue_ids":[],"_links":{"self":[{"href":"https:\/\/blogsaverroes.juntadeandalucia.es\/cpmjavierperianes\/wp-json\/wp\/v2\/pages\/330"}],"collection":[{"href":"https:\/\/blogsaverroes.juntadeandalucia.es\/cpmjavierperianes\/wp-json\/wp\/v2\/pages"}],"about":[{"href":"https:\/\/blogsaverroes.juntadeandalucia.es\/cpmjavierperianes\/wp-json\/wp\/v2\/types\/page"}],"author":[{"embeddable":true,"href":"https:\/\/blogsaverroes.juntadeandalucia.es\/cpmjavierperianes\/wp-json\/wp\/v2\/users\/1"}],"replies":[{"embeddable":true,"href":"https:\/\/blogsaverroes.juntadeandalucia.es\/cpmjavierperianes\/wp-json\/wp\/v2\/comments?post=330"}],"version-history":[{"count":24,"href":"https:\/\/blogsaverroes.juntadeandalucia.es\/cpmjavierperianes\/wp-json\/wp\/v2\/pages\/330\/revisions"}],"predecessor-version":[{"id":6028,"href":"https:\/\/blogsaverroes.juntadeandalucia.es\/cpmjavierperianes\/wp-json\/wp\/v2\/pages\/330\/revisions\/6028"}],"up":[{"embeddable":true,"href":"https:\/\/blogsaverroes.juntadeandalucia.es\/cpmjavierperianes\/wp-json\/wp\/v2\/pages\/113"}],"wp:attachment":[{"href":"https:\/\/blogsaverroes.juntadeandalucia.es\/cpmjavierperianes\/wp-json\/wp\/v2\/media?parent=330"}],"curies":[{"name":"wp","href":"https:\/\/api.w.org\/{rel}","templated":true}]}}