{"id":3338,"date":"2021-03-16T10:55:14","date_gmt":"2021-03-16T09:55:14","guid":{"rendered":"https:\/\/blogsaverroes.juntadeandalucia.es\/cpmjavierperianes\/?page_id=3338"},"modified":"2022-02-02T19:31:03","modified_gmt":"2022-02-02T18:31:03","slug":"tasas-046","status":"publish","type":"page","link":"https:\/\/blogsaverroes.juntadeandalucia.es\/cpmjavierperianes\/tasas-046\/","title":{"rendered":"TASAS 046"},"content":{"rendered":"<p><strong>GU\u00cdA PARA EL PAGO DE LAS TASAS DE MATRICULACIONES<\/strong><\/p>\n<p>&nbsp;<\/p>\n<p>Para el pago de estas tasas debe acceder a la p\u00e1gina de la Consejer\u00eda de Hacienda y Administraci\u00f3n P\u00fablica y cumplimentar&nbsp;el modelo 046 (Pulsar <a href=\"https:\/\/www.juntadeandalucia.es\/economiayhacienda\/apl\/surweb\/modelos\/modelo046\/046.jsp\">AQU\u00cd<\/a>)<br \/>\n<strong><br \/>\n<\/strong>Tenga en cuenta que:<\/p>\n<ul>\n<li>Tendr\u00e1 una reducci\u00f3n del&nbsp;<strong>50%<\/strong>&nbsp;sobre la cuant\u00eda general de estas tasas el alumnado perteneciente a familia numerosa de categor\u00eda general.<\/li>\n<\/ul>\n<ul>\n<li>Est\u00e1 exento del pago de estas tasas el alumnado perteneciente a familia numerosa de categor\u00eda especial y el alumnado v\u00edctima de actos terroristas.<\/li>\n<li>El alumnado de Ense\u00f1anzas Profesionales solicitante de beca podr\u00e1 formalizar la matr\u00edcula condicionalmente sin el previo pago de las tasas establecidas acreditando esta circunstancia en la documentaci\u00f3n justificativa. Si la solicitud resultase denegada o, una vez concedida la beca fuese revocada, habr\u00e1 de satisfacer el pago de las tasas en el plazo de treinta d\u00edas a partir de la resoluci\u00f3n denegatoria o de revocaci\u00f3n, sin que sea necesario requerimiento previo. Lea y acepte el punto del formulario de datos complementarios donde se indica la solicitud de beca. Para la solicitud de becas acceda a la web del&nbsp;MEC (pulsar <a href=\"http:\/\/www.educacionyfp.gob.es\/contenidos\/estudiantes\/ensenanzas-artisticas\/becas-ayudas-premios\/becas-y-ayudas-para-estudiar.html\">AQU\u00cd<\/a>)<\/li>\n<li>Para las Ense\u00f1anzas Elementales no hay becas por lo que, salvo el perteneciente a familia numerosa de categor\u00eda especial o las v\u00edctimas de actos terroristas, todo el alumnado que se matricule en estas ense\u00f1anzas est\u00e1 obligado al pago de las tasas.<\/li>\n<li>El alumnado trasladado, el que solicite convalidaci\u00f3n de alguna asignatura o aquel cuya matr\u00edcula sea de 2\u00aa especialidad, debe consultar con la Secretar\u00eda del Centro (pulsar <a href=\"https:\/\/blogsaverroes.juntadeandalucia.es\/cpmjavierperianes\/pagina-de-contacto-con-secretaria\/\">AQU\u00cd<\/a>) antes de realizar el pago.<\/li>\n<\/ul>\n<p>C\u00f3mo cumplimentar el modelo 046 para pagar las TASAS:<\/p>\n<p>PASO1:<\/p>\n<ul>\n<li>Acceda al modelo 046 disponible en la web de la Consejer\u00eda de Hacienda y Administraci\u00f3n P\u00fablica y&nbsp;<strong>cumplimente los campos de la tabla OBLIGADO AL PAGO<\/strong>:<\/li>\n<\/ul>\n<p><a href=\"https:\/\/blogsaverroes.juntadeandalucia.es\/cpmjavierperianes\/files\/2021\/03\/Paso-1-pago-tasas.jpg\"><img fetchpriority=\"high\" decoding=\"async\" class=\"wp-image-3350 aligncenter\" src=\"https:\/\/blogsaverroes.juntadeandalucia.es\/cpmjavierperianes\/files\/2021\/03\/Paso-1-pago-tasas-300x151.jpg\" alt=\"\" width=\"825\" height=\"415\" srcset=\"https:\/\/blogsaverroes.juntadeandalucia.es\/cpmjavierperianes\/files\/2021\/03\/Paso-1-pago-tasas-300x151.jpg 300w, https:\/\/blogsaverroes.juntadeandalucia.es\/cpmjavierperianes\/files\/2021\/03\/Paso-1-pago-tasas-768x387.jpg 768w, https:\/\/blogsaverroes.juntadeandalucia.es\/cpmjavierperianes\/files\/2021\/03\/Paso-1-pago-tasas.jpg 942w\" sizes=\"(max-width: 825px) 100vw, 825px\" \/><\/a><\/p>\n<p>PASO2:<br \/>\nCumplimente ahora los campos de la tabla DATOS GENERALES<\/p>\n<p><a href=\"https:\/\/blogsaverroes.juntadeandalucia.es\/cpmjavierperianes\/files\/2022\/02\/Paso-2-pago-tasas-nn.jpg\"><img decoding=\"async\" class=\"wp-image-4390 aligncenter\" src=\"https:\/\/blogsaverroes.juntadeandalucia.es\/cpmjavierperianes\/files\/2022\/02\/Paso-2-pago-tasas-nn-300x91.jpg\" alt=\"\" width=\"742\" height=\"225\"><\/a><\/p>\n<p>PASO3:<br \/>\nA continuaci\u00f3n,&nbsp;<strong>haga clic en el bot\u00f3n validar<\/strong>&nbsp;en la parte de arriba de la p\u00e1gina.<\/p>\n<p><a href=\"https:\/\/blogsaverroes.juntadeandalucia.es\/cpmjavierperianes\/files\/2021\/03\/Paso-3-pago-tasas.jpg\"><img decoding=\"async\" class=\"wp-image-3352 aligncenter\" src=\"https:\/\/blogsaverroes.juntadeandalucia.es\/cpmjavierperianes\/files\/2021\/03\/Paso-3-pago-tasas-300x63.jpg\" alt=\"\" width=\"847\" height=\"178\" srcset=\"https:\/\/blogsaverroes.juntadeandalucia.es\/cpmjavierperianes\/files\/2021\/03\/Paso-3-pago-tasas-300x63.jpg 300w, https:\/\/blogsaverroes.juntadeandalucia.es\/cpmjavierperianes\/files\/2021\/03\/Paso-3-pago-tasas-768x161.jpg 768w, https:\/\/blogsaverroes.juntadeandalucia.es\/cpmjavierperianes\/files\/2021\/03\/Paso-3-pago-tasas.jpg 936w\" sizes=\"(max-width: 847px) 100vw, 847px\" \/><\/a><\/p>\n<p>PASO4:<br \/>\nSi todo est\u00e1 correcto, aparecer\u00e1 esta ventana:<\/p>\n<p><a href=\"https:\/\/blogsaverroes.juntadeandalucia.es\/cpmjavierperianes\/files\/2021\/03\/Paso-4-pago-tasas.jpg\"><img loading=\"lazy\" decoding=\"async\" class=\"wp-image-3353 aligncenter\" src=\"https:\/\/blogsaverroes.juntadeandalucia.es\/cpmjavierperianes\/files\/2021\/03\/Paso-4-pago-tasas-300x65.jpg\" alt=\"\" width=\"850\" height=\"184\" srcset=\"https:\/\/blogsaverroes.juntadeandalucia.es\/cpmjavierperianes\/files\/2021\/03\/Paso-4-pago-tasas-300x65.jpg 300w, https:\/\/blogsaverroes.juntadeandalucia.es\/cpmjavierperianes\/files\/2021\/03\/Paso-4-pago-tasas-768x166.jpg 768w, https:\/\/blogsaverroes.juntadeandalucia.es\/cpmjavierperianes\/files\/2021\/03\/Paso-4-pago-tasas.jpg 934w\" sizes=\"(max-width: 850px) 100vw, 850px\" \/><\/a><\/p>\n<p>Puedes entonces optar a estas dos opciones:<\/p>\n<p>1. Pinchar en el bot\u00f3n para imprimir los documentos PDF generados, realizar el pago en alguna de las&nbsp;<a href=\"https:\/\/www.juntadeandalucia.es\/haciendayadministracionpublica\/ov\/marcos\/entidades_credito_y_ahorro.htm\">entidades bancarias colaboradoras<\/a>&nbsp;y una vez realizado el pago presentar el documento justificativo sellado por la entidad bancaria junto a la solicitud de acceso en la Secretar\u00eda del Centro en el horario establecido o enviarlo v\u00eda Formulario de contacto (pulsar <a href=\"https:\/\/blogsaverroes.juntadeandalucia.es\/cpmjavierperianes\/pagina-de-contacto-con-secretaria\/\">AQU\u00cd<\/a>)<u><br \/>\n<\/u><br \/>\n2. Pinchar en el bot\u00f3n para pagar telem\u00e1ticamente mediante tarjeta de cr\u00e9dito y una vez realizado el pago imprimir el documento justificativo generado y entregarlo junto a la solicitud de acceso en la Secretar\u00eda del Centro en el horario establecido o enviarlo v\u00eda Formulario de contacto (pulsar <a href=\"https:\/\/blogsaverroes.juntadeandalucia.es\/cpmjavierperianes\/pagina-de-contacto-con-secretaria\/\">AQU\u00cd<\/a>)<\/p>\n","protected":false},"excerpt":{"rendered":"<p>GU\u00cdA PARA EL PAGO DE LAS TASAS DE MATRICULACIONES &nbsp; Para el pago de estas tasas debe acceder a la p\u00e1gina de la Consejer\u00eda de Hacienda y Administraci\u00f3n P\u00fablica y cumplimentar&nbsp;el modelo 046 (Pulsar&#46;&#46;&#46;<\/p>\n","protected":false},"author":11797,"featured_media":0,"parent":0,"menu_order":0,"comment_status":"closed","ping_status":"closed","template":"","meta":{"ngg_post_thumbnail":0,"footnotes":"","_mc_calendar":[]},"aioseo_notices":[],"post_mailing_queue_ids":[],"_links":{"self":[{"href":"https:\/\/blogsaverroes.juntadeandalucia.es\/cpmjavierperianes\/wp-json\/wp\/v2\/pages\/3338"}],"collection":[{"href":"https:\/\/blogsaverroes.juntadeandalucia.es\/cpmjavierperianes\/wp-json\/wp\/v2\/pages"}],"about":[{"href":"https:\/\/blogsaverroes.juntadeandalucia.es\/cpmjavierperianes\/wp-json\/wp\/v2\/types\/page"}],"author":[{"embeddable":true,"href":"https:\/\/blogsaverroes.juntadeandalucia.es\/cpmjavierperianes\/wp-json\/wp\/v2\/users\/11797"}],"replies":[{"embeddable":true,"href":"https:\/\/blogsaverroes.juntadeandalucia.es\/cpmjavierperianes\/wp-json\/wp\/v2\/comments?post=3338"}],"version-history":[{"count":12,"href":"https:\/\/blogsaverroes.juntadeandalucia.es\/cpmjavierperianes\/wp-json\/wp\/v2\/pages\/3338\/revisions"}],"predecessor-version":[{"id":4394,"href":"https:\/\/blogsaverroes.juntadeandalucia.es\/cpmjavierperianes\/wp-json\/wp\/v2\/pages\/3338\/revisions\/4394"}],"wp:attachment":[{"href":"https:\/\/blogsaverroes.juntadeandalucia.es\/cpmjavierperianes\/wp-json\/wp\/v2\/media?parent=3338"}],"curies":[{"name":"wp","href":"https:\/\/api.w.org\/{rel}","templated":true}]}}