{"id":3384,"date":"2021-03-18T12:45:47","date_gmt":"2021-03-18T11:45:47","guid":{"rendered":"https:\/\/blogsaverroes.juntadeandalucia.es\/cpmjavierperianes\/?page_id=3384"},"modified":"2023-04-10T17:17:24","modified_gmt":"2023-04-10T16:17:24","slug":"matriculacion-1o-e-p-m","status":"publish","type":"page","link":"https:\/\/blogsaverroes.juntadeandalucia.es\/cpmjavierperianes\/matriculacion-1o-e-p-m\/","title":{"rendered":"MATRICULACI\u00d3N 1\u00ba E.P.M."},"content":{"rendered":"<p style=\"text-align: center\"><strong>PRIMERO DE ENSE\u00d1ANZAS PROFESIONALES DE M\u00daSICA<\/strong><\/p>\n<p>&nbsp;<\/p>\n<p><strong>Matriculaci\u00f3n en el primer curso de las Ense\u00f1anzas Profesionales de M\u00fasica (la primera vez que van a cursar los estudios)<\/strong><\/p>\n<p>El alumnado que accede al 1er curso de las Ense\u00f1anzas Profesionales de M\u00fasica despu\u00e9s de haber superado la prueba de acceso y obtenido plaza en la especialidad instrumental por la que ha optado, debe formalizar su matr\u00edcula.<\/p>\n<p>El proceso de escolarizaci\u00f3n debe realizarse prioritariamente de forma telem\u00e1tica.<\/p>\n<p>Para poder hacer todo el proceso de forma telem\u00e1tica, han de hacer click &nbsp;&nbsp;&nbsp;&nbsp;&nbsp;&nbsp;&nbsp;&nbsp;&nbsp;&nbsp;&nbsp;&nbsp;&nbsp; <a href=\"https:\/\/www.juntadeandalucia.es\/educacion\/secretariavirtual\/\">AQU\u00cd<\/a><\/p>\n<p>Si por motivos ajenos a este Centro, no pudiera gestionarse a trav\u00e9s de la Secretar\u00eda Virtual la formalizaci\u00f3n de la matr\u00edcula, \u00e9sta se podr\u00e1 canalizar a trav\u00e9s del formulario de contacto con Secretar\u00eda (Pulsar <a href=\"https:\/\/blogsaverroes.juntadeandalucia.es\/cpmjavierperianes\/pagina-de-contacto-con-secretaria\/\">AQU\u00cd<\/a>) o en la Secretar\u00eda del centro si no pudiera ser posible por medios telem\u00e1ticos (previa cita), presentando la siguiente documentaci\u00f3n:<\/p>\n<ol>\n<li><a href=\"https:\/\/blogsaverroes.juntadeandalucia.es\/cpmjavierperianes\/files\/2021\/03\/ANEXO-III-SOLICITUD-DE-MATR%C3%8DCULA.pdf\"> Impreso de matr\u00edcula (AnexoIII) cumplimentado<\/a><\/li>\n<li><a href=\"https:\/\/blogsaverroes.juntadeandalucia.es\/cpmjavierperianes\/files\/2022\/06\/Formulario-de-datos-complementarios-a-la-matricula-2020-2021.pdf\"> Formulario de datos complementarios cumplimentado<\/a>. La informaci\u00f3n recabada con este formulario ser\u00e1 utilizada para la asignaci\u00f3n de horarios, siempre que sea posible, por lo que es imprescindible su cumplimentaci\u00f3n detallada.<\/li>\n<li>Justificante del pago de las <a href=\"https:\/\/blogsaverroes.juntadeandalucia.es\/cpmjavierperianes\/tasas-046\/\">tasas 046<\/a><\/li>\n<\/ol>\n<p>&#8211; Lo entregar\u00e1 todo alumnado excepto el que solicite beca, en cuyo caso deber\u00e1 marcar S\u00cd en la casilla correspondiente del formulario de datos complementarios.<\/p>\n<p>&#8211; El alumnado que se acoja a bonificaciones o excepciones por pertenecer a familia numerosa general o especial (exento del pago de tasas) deber\u00e1 presentar original y fotocopia del carnet en vigor.<\/p>\n<p>&#8211; Precio de las tasas:<\/p>\n<p>Todos excepto Canto:<\/p>\n<p>Normal: 181,19 \u20ac Familia Numerosa general: 90,59 \u20ac Familia numerosa especial: exento.<\/p>\n<p>Canto:<\/p>\n<p>Normal: 231,75 \u20ac Familia numerosa general: 115,87 \u20ac Familia numerosa especial: exento.<\/p>\n<p>Acceda a nuestra <a href=\"https:\/\/blogsaverroes.juntadeandalucia.es\/cpmjavierperianes\/tasas-046\/\">Gu\u00eda para el pago de tasas<\/a><\/p>\n<p>4 Una fotograf\u00eda reciente<\/p>\n<p>5 Ficha de inscripci\u00f3n AMPA Isaac Alb\u00e9niz pinchando en el siguiente <a href=\"https:\/\/blogsaverroes.juntadeandalucia.es\/ampacpmjavierperianes\/\">ENLACE<\/a><\/p>\n<p>Fechas de matriculaci\u00f3n: ver <a href=\"https:\/\/blogsaverroes.juntadeandalucia.es\/cpmjavierperianes\/horarios\/\">calendario de admisi\u00f3n y matriculaci\u00f3n<\/a><\/p>\n","protected":false},"excerpt":{"rendered":"<p>PRIMERO DE ENSE\u00d1ANZAS PROFESIONALES DE M\u00daSICA &nbsp; Matriculaci\u00f3n en el primer curso de las Ense\u00f1anzas Profesionales de M\u00fasica (la primera vez que van a cursar los estudios) El alumnado que accede al 1er curso&#46;&#46;&#46;<\/p>\n","protected":false},"author":11793,"featured_media":0,"parent":0,"menu_order":0,"comment_status":"closed","ping_status":"closed","template":"","meta":{"ngg_post_thumbnail":0,"footnotes":"","_mc_calendar":[]},"aioseo_notices":[],"post_mailing_queue_ids":[],"_links":{"self":[{"href":"https:\/\/blogsaverroes.juntadeandalucia.es\/cpmjavierperianes\/wp-json\/wp\/v2\/pages\/3384"}],"collection":[{"href":"https:\/\/blogsaverroes.juntadeandalucia.es\/cpmjavierperianes\/wp-json\/wp\/v2\/pages"}],"about":[{"href":"https:\/\/blogsaverroes.juntadeandalucia.es\/cpmjavierperianes\/wp-json\/wp\/v2\/types\/page"}],"author":[{"embeddable":true,"href":"https:\/\/blogsaverroes.juntadeandalucia.es\/cpmjavierperianes\/wp-json\/wp\/v2\/users\/11793"}],"replies":[{"embeddable":true,"href":"https:\/\/blogsaverroes.juntadeandalucia.es\/cpmjavierperianes\/wp-json\/wp\/v2\/comments?post=3384"}],"version-history":[{"count":13,"href":"https:\/\/blogsaverroes.juntadeandalucia.es\/cpmjavierperianes\/wp-json\/wp\/v2\/pages\/3384\/revisions"}],"predecessor-version":[{"id":5351,"href":"https:\/\/blogsaverroes.juntadeandalucia.es\/cpmjavierperianes\/wp-json\/wp\/v2\/pages\/3384\/revisions\/5351"}],"wp:attachment":[{"href":"https:\/\/blogsaverroes.juntadeandalucia.es\/cpmjavierperianes\/wp-json\/wp\/v2\/media?parent=3384"}],"curies":[{"name":"wp","href":"https:\/\/api.w.org\/{rel}","templated":true}]}}