{"id":344,"date":"2015-03-18T08:47:20","date_gmt":"2015-03-18T08:47:20","guid":{"rendered":"http:\/\/blogsaverroes.juntadeandalucia.es\/pre\/ceip\/?page_id=344"},"modified":"2023-10-04T18:10:00","modified_gmt":"2023-10-04T17:10:00","slug":"materiales-recursos","status":"publish","type":"page","link":"https:\/\/blogsaverroes.juntadeandalucia.es\/cpmjavierperianes\/clasicas-2\/materiales-recursos\/","title":{"rendered":"Miembros"},"content":{"rendered":"<table style=\"border-collapse: collapse;width: 100%\">\n<tbody>\n<tr>\n<td style=\"width: 45.5955%;text-align: left\">Director<\/td>\n<td style=\"width: 54.4045%;text-align: left\">Jos\u00e9 Carlos Mairena Jim\u00e9nez<\/td>\n<\/tr>\n<tr>\n<td style=\"width: 45.5955%;text-align: left\">Vicedirector<\/td>\n<td style=\"width: 54.4045%;text-align: left\">Jos\u00e9 Antonio L\u00f3pez Le\u00f3n<\/td>\n<\/tr>\n<tr>\n<td style=\"width: 45.5955%;text-align: left\">Jefe de Estudios<\/td>\n<td style=\"width: 54.4045%;text-align: left\">Jos\u00e9 Ra\u00fal Llanes Membrillo<\/td>\n<\/tr>\n<tr>\n<td style=\"width: 45.5955%;text-align: left\">Jefa de Estudios Adjunto<\/td>\n<td style=\"width: 54.4045%;text-align: left\">Esperanza Perea Rodr\u00edguez<\/td>\n<\/tr>\n<tr>\n<td style=\"width: 45.5955%;text-align: left\">Secretario<\/td>\n<td style=\"width: 54.4045%;text-align: left\">\u00c1ngel S\u00e1nchez Moguel<\/td>\n<\/tr>\n<\/tbody>\n<\/table>\n<p>&nbsp;<\/p>\n<p><a href=\"https:\/\/blogsaverroes.juntadeandalucia.es\/cpmjavierperianes\/files\/2022\/10\/horario-al-p\u00fablico-directiva.pdf\">Horario al p\u00fablico directiva<\/a><\/p>\n<p>&nbsp;<\/p>\n","protected":false},"excerpt":{"rendered":"<p>Director Jos\u00e9 Carlos Mairena Jim\u00e9nez Vicedirector Jos\u00e9 Antonio L\u00f3pez Le\u00f3n Jefe de Estudios Jos\u00e9 Ra\u00fal Llanes Membrillo Jefa de Estudios Adjunto Esperanza Perea Rodr\u00edguez Secretario \u00c1ngel S\u00e1nchez Moguel &nbsp; Horario al p\u00fablico directiva &nbsp;<\/p>\n","protected":false},"author":1,"featured_media":0,"parent":166,"menu_order":0,"comment_status":"open","ping_status":"open","template":"page-templates\/child-menu.php","meta":{"ngg_post_thumbnail":0,"footnotes":"","_mc_calendar":[]},"aioseo_notices":[],"post_mailing_queue_ids":[],"_links":{"self":[{"href":"https:\/\/blogsaverroes.juntadeandalucia.es\/cpmjavierperianes\/wp-json\/wp\/v2\/pages\/344"}],"collection":[{"href":"https:\/\/blogsaverroes.juntadeandalucia.es\/cpmjavierperianes\/wp-json\/wp\/v2\/pages"}],"about":[{"href":"https:\/\/blogsaverroes.juntadeandalucia.es\/cpmjavierperianes\/wp-json\/wp\/v2\/types\/page"}],"author":[{"embeddable":true,"href":"https:\/\/blogsaverroes.juntadeandalucia.es\/cpmjavierperianes\/wp-json\/wp\/v2\/users\/1"}],"replies":[{"embeddable":true,"href":"https:\/\/blogsaverroes.juntadeandalucia.es\/cpmjavierperianes\/wp-json\/wp\/v2\/comments?post=344"}],"version-history":[{"count":18,"href":"https:\/\/blogsaverroes.juntadeandalucia.es\/cpmjavierperianes\/wp-json\/wp\/v2\/pages\/344\/revisions"}],"predecessor-version":[{"id":5630,"href":"https:\/\/blogsaverroes.juntadeandalucia.es\/cpmjavierperianes\/wp-json\/wp\/v2\/pages\/344\/revisions\/5630"}],"up":[{"embeddable":true,"href":"https:\/\/blogsaverroes.juntadeandalucia.es\/cpmjavierperianes\/wp-json\/wp\/v2\/pages\/166"}],"wp:attachment":[{"href":"https:\/\/blogsaverroes.juntadeandalucia.es\/cpmjavierperianes\/wp-json\/wp\/v2\/media?parent=344"}],"curies":[{"name":"wp","href":"https:\/\/api.w.org\/{rel}","templated":true}]}}