{"id":349,"date":"2015-03-18T10:21:10","date_gmt":"2015-03-18T10:21:10","guid":{"rendered":"http:\/\/blogsaverroes.juntadeandalucia.es\/pre\/ceip\/?page_id=349"},"modified":"2026-01-29T10:14:08","modified_gmt":"2026-01-29T09:14:08","slug":"materiales-recursos","status":"publish","type":"page","link":"https:\/\/blogsaverroes.juntadeandalucia.es\/cpmjavierperianes\/clasicas\/materiales-recursos\/","title":{"rendered":"Programaciones Guitarra y Canto"},"content":{"rendered":"<h1><strong><em>Canto<\/em><\/strong><\/h1>\n<h2><a href=\"https:\/\/blogsaverroes.juntadeandalucia.es\/cpmjavierperianes\/files\/2026\/01\/Programacion-Canto-2025-2026.pdf\">Programaci\u00f3n de canto<\/a><\/h2>\n<h2><a href=\"https:\/\/blogsaverroes.juntadeandalucia.es\/cpmjavierperianes\/files\/2025\/11\/Progracion-de-Idiomas-Conservatorio-Javier-Perianes.pdf\">Programaci\u00f3n de Idiomas Extranjeros aplicados al Canto<\/a><\/h2>\n<h2>Programaci\u00f3n Patrimonio Andaluz del Canto<\/h2>\n<h2><a href=\"https:\/\/blogsaverroes.juntadeandalucia.es\/cpmjavierperianes\/files\/2025\/11\/Programacion-Canto-y-literatura-del-canto-2025-2026.pdf\">Programaci\u00f3n de Literatura del Canto<\/a><\/h2>\n<h2><a href=\"https:\/\/blogsaverroes.juntadeandalucia.es\/cpmjavierperianes\/files\/2025\/11\/PROGRAMACION-DIDACTICA-EDUCACION-VOCAL-2025-2026.pdf\">Programaci\u00f3n de Educaci\u00f3n Vocal<\/a><\/h2>\n<h1><strong><em>Cante Flamenco<\/em><\/strong><\/h1>\n<h2><a href=\"https:\/\/blogsaverroes.juntadeandalucia.es\/cpmjavierperianes\/files\/2026\/01\/Programacion-Didactica-Cante-flamenco-25_26.docx.pdf\">Programaci\u00f3n de Cante Flamenco<\/a><\/h2>\n<h2><a href=\"https:\/\/blogsaverroes.juntadeandalucia.es\/cpmjavierperianes\/files\/2025\/11\/Tecnicas-de-la-voz-flamenca.pdf\">Programaci\u00f3n de T\u00e9cnica de la voz flamenca<\/a><\/h2>\n<h1><strong><em>Guitarra Cl\u00e1sica<\/em><\/strong><\/h1>\n<h2><a href=\"https:\/\/blogsaverroes.juntadeandalucia.es\/cpmjavierperianes\/files\/2025\/11\/GUITARRA-CLASICA-25-26.pdf\">Programaci\u00f3n de Guitarra Cl\u00e1sica<\/a><\/h2>\n<h2><a href=\"https:\/\/blogsaverroes.juntadeandalucia.es\/cpmjavierperianes\/files\/2025\/11\/Agrupaciones-Musicales-Guitarra-Clasica-2025-2026.pdf\">Programaci\u00f3n de Agrupaciones instrumentales Guitarra<\/a><\/h2>\n<h2><a href=\"https:\/\/blogsaverroes.juntadeandalucia.es\/cpmjavierperianes\/files\/2025\/11\/Conjunto-instrumental-GUITARRA-CLASICA.pdf\">Programaci\u00f3n de Conjunto instrumental de Guitarra<\/a><\/h2>\n<h1><em><strong>Guitarra Flamenca<\/strong><\/em><\/h1>\n<h2><a href=\"https:\/\/blogsaverroes.juntadeandalucia.es\/cpmjavierperianes\/files\/2025\/11\/PD-GUITARRA-FLAMENCA-E.E.P.P-y-Liip.pdf\">Programaci\u00f3n de Guitarra Flamenca<\/a><\/h2>\n<h2><a href=\"https:\/\/blogsaverroes.juntadeandalucia.es\/cpmjavierperianes\/files\/2025\/11\/PD-Acompanamiento-al-cante.pdf\">Programaci\u00f3n de Acompa\u00f1amiento al Cante<\/a><\/h2>\n<h2><a href=\"https:\/\/blogsaverroes.juntadeandalucia.es\/cpmjavierperianes\/files\/2025\/11\/PD-Acompanamiento-al-baile.pdf\">Programaci\u00f3n de acompa\u00f1amiento al Baile<\/a><\/h2>\n<h2><a href=\"https:\/\/blogsaverroes.juntadeandalucia.es\/cpmjavierperianes\/files\/2025\/11\/PD-Acompanamiento-al-Instrumento-Principal-2025-2026.pdf\">Programaci\u00f3n de acompa\u00f1amiento al Instrumento Principal<\/a><\/h2>\n<h2><a href=\"https:\/\/blogsaverroes.juntadeandalucia.es\/cpmjavierperianes\/files\/2025\/11\/PD-Iniciacion-acompanamiento-al-cante.pdf\">Programaci\u00f3n de Iniciaci\u00f3n de Acompa\u00f1amiento al cante<\/a><\/h2>\n<h2><a href=\"https:\/\/blogsaverroes.juntadeandalucia.es\/cpmjavierperianes\/files\/2025\/11\/PD-Iniciacion-acompanamiento-al-baile.pdf\">Programaci\u00f3n de Iniciaci\u00f3n de Acompa\u00f1amiento al Baile<\/a><\/h2>\n<h2><a href=\"https:\/\/blogsaverroes.juntadeandalucia.es\/cpmjavierperianes\/files\/2025\/11\/PD-Conjunto-instrumental-flamenco_.pdf\">Programaci\u00f3n de Conjunto Instrumental<\/a><\/h2>\n<h2><a href=\"https:\/\/blogsaverroes.juntadeandalucia.es\/cpmjavierperianes\/files\/2025\/11\/PD-Agrupaciones-Guitarra-Flamenca_.pdf\">Programaci\u00f3n de Agrupaciones musicales de guitarra flamenca<\/a><\/h2>\n<h2><a href=\"https:\/\/blogsaverroes.juntadeandalucia.es\/cpmjavierperianes\/files\/2025\/11\/PD-Acompanamiento-al-Instrumento-Principal-2025-2026.pdf\">Programaci\u00f3n de Patrimonio Andaluz <\/a><\/h2>\n","protected":false},"excerpt":{"rendered":"<p>Canto Programaci\u00f3n de canto Programaci\u00f3n de Idiomas Extranjeros aplicados al Canto Programaci\u00f3n Patrimonio Andaluz del Canto Programaci\u00f3n de Literatura del Canto Programaci\u00f3n de Educaci\u00f3n Vocal Cante Flamenco Programaci\u00f3n de Cante Flamenco Programaci\u00f3n de T\u00e9cnica&#46;&#46;&#46;<\/p>\n","protected":false},"author":1,"featured_media":0,"parent":147,"menu_order":0,"comment_status":"open","ping_status":"open","template":"page-templates\/child-menu.php","meta":{"ngg_post_thumbnail":0,"footnotes":"","_mc_calendar":[]},"aioseo_notices":[],"post_mailing_queue_ids":[],"_links":{"self":[{"href":"https:\/\/blogsaverroes.juntadeandalucia.es\/cpmjavierperianes\/wp-json\/wp\/v2\/pages\/349"}],"collection":[{"href":"https:\/\/blogsaverroes.juntadeandalucia.es\/cpmjavierperianes\/wp-json\/wp\/v2\/pages"}],"about":[{"href":"https:\/\/blogsaverroes.juntadeandalucia.es\/cpmjavierperianes\/wp-json\/wp\/v2\/types\/page"}],"author":[{"embeddable":true,"href":"https:\/\/blogsaverroes.juntadeandalucia.es\/cpmjavierperianes\/wp-json\/wp\/v2\/users\/1"}],"replies":[{"embeddable":true,"href":"https:\/\/blogsaverroes.juntadeandalucia.es\/cpmjavierperianes\/wp-json\/wp\/v2\/comments?post=349"}],"version-history":[{"count":32,"href":"https:\/\/blogsaverroes.juntadeandalucia.es\/cpmjavierperianes\/wp-json\/wp\/v2\/pages\/349\/revisions"}],"predecessor-version":[{"id":6885,"href":"https:\/\/blogsaverroes.juntadeandalucia.es\/cpmjavierperianes\/wp-json\/wp\/v2\/pages\/349\/revisions\/6885"}],"up":[{"embeddable":true,"href":"https:\/\/blogsaverroes.juntadeandalucia.es\/cpmjavierperianes\/wp-json\/wp\/v2\/pages\/147"}],"wp:attachment":[{"href":"https:\/\/blogsaverroes.juntadeandalucia.es\/cpmjavierperianes\/wp-json\/wp\/v2\/media?parent=349"}],"curies":[{"name":"wp","href":"https:\/\/api.w.org\/{rel}","templated":true}]}}