{"id":361,"date":"2015-03-18T10:23:27","date_gmt":"2015-03-18T10:23:27","guid":{"rendered":"http:\/\/blogsaverroes.juntadeandalucia.es\/pre\/ceip\/?page_id=361"},"modified":"2025-11-19T11:08:19","modified_gmt":"2025-11-19T10:08:19","slug":"361-2","status":"publish","type":"page","link":"https:\/\/blogsaverroes.juntadeandalucia.es\/cpmjavierperianes\/geografia-e-historia\/361-2\/","title":{"rendered":"Programaciones de Composici\u00f3n"},"content":{"rendered":"<h3><a href=\"https:\/\/blogsaverroes.juntadeandalucia.es\/cpmjavierperianes\/files\/2025\/11\/PROGRAMACION-ANALISIS-MUSICAL-25-26.pdf\">An\u00e1lisis Musical<\/a><\/h3>\n<h3><a href=\"https:\/\/blogsaverroes.juntadeandalucia.es\/cpmjavierperianes\/files\/2025\/11\/PROGRAMACION-ARMONIA-25-26.pdf\">Armon\u00eda<\/a><\/h3>\n<h3><a href=\"https:\/\/blogsaverroes.juntadeandalucia.es\/cpmjavierperianes\/files\/2025\/11\/PROGRAMACION-COMPOSICION-25-26.pdf\">Composici\u00f3n<\/a><\/h3>\n<h3><a href=\"https:\/\/blogsaverroes.juntadeandalucia.es\/cpmjavierperianes\/files\/2025\/11\/PROGRAMACION-ESTILOS-Y-FORMAS-MUSICALES-25-26.pdf\">Estilos y Formas Musicales<\/a><\/h3>\n<h3><a href=\"https:\/\/blogsaverroes.juntadeandalucia.es\/cpmjavierperianes\/files\/2025\/11\/PROGRAMACION-FUNDAMENTOS-DE-COMPOSICION-25-26.pdf\">Fundamentos de Composici\u00f3n<\/a><\/h3>\n<h3><a href=\"https:\/\/blogsaverroes.juntadeandalucia.es\/cpmjavierperianes\/files\/2025\/11\/PROGRAMACION-REPENTIZACION-Y-TRANSPORTE-25-26.pdf\">Repentizaci\u00f3n y transporte<\/a><\/h3>\n<h3><a href=\"https:\/\/blogsaverroes.juntadeandalucia.es\/cpmjavierperianes\/files\/2025\/11\/PROGRAMACION-IMPROVISACION-Y-ACOMPANAMIENTO-25-26.pdf\">Acompa\u00f1amiento e Improvisaci\u00f3n y Acompa\u00f1amiento<\/a><\/h3>\n<h3><a href=\"https:\/\/blogsaverroes.juntadeandalucia.es\/cpmjavierperianes\/files\/2025\/11\/PROGRAMACION-INFORMATICA-MUSICAL-25-26.pdf\">Inform\u00e1tica Musical<\/a><\/h3>\n<h3><a href=\"https:\/\/blogsaverroes.juntadeandalucia.es\/cpmjavierperianes\/files\/2025\/11\/PROGRAMACION-PEDAGOGIA-MUSICAL-25-26.pdf\">Pedagog\u00eda Musical<\/a><\/h3>\n<h3><a href=\"https:\/\/blogsaverroes.juntadeandalucia.es\/cpmjavierperianes\/files\/2025\/11\/PROGRAMACION-HISTORIA-DEL-PENSAMIENTO-MUSICAL-25-26.pdf\">Historia del pensamiento<\/a><\/h3>\n<h3><a href=\"https:\/\/blogsaverroes.juntadeandalucia.es\/cpmjavierperianes\/files\/2025\/11\/PROGRAMACION-HISTORIA-DE-LA-MUSICA-25-26.pdf\">Historia de la M\u00fasica<\/a><\/h3>\n<h3><a href=\"https:\/\/blogsaverroes.juntadeandalucia.es\/cpmjavierperianes\/files\/2025\/11\/PROGRAMACION-MUSICA-MODERNA-Y-BANDAS-SONORAS-25-26.pdf\">M\u00fasica moderna y bandas sonoras<\/a><\/h3>\n<h3><a href=\"https:\/\/blogsaverroes.juntadeandalucia.es\/cpmjavierperianes\/files\/2025\/11\/PROGRAMACION-ACUSTICA-Y-ORGANOLOGIA-25-26.pdf\">Ac\u00fastica y Organolog\u00eda<\/a><\/h3>\n<h3><a href=\"https:\/\/blogsaverroes.juntadeandalucia.es\/cpmjavierperianes\/files\/2025\/11\/PROGRAMACION-ACOMPANAMIENTO-25-26.pdf\">Acompa\u00f1amiento<\/a><\/h3>\n","protected":false},"excerpt":{"rendered":"<p>An\u00e1lisis Musical Armon\u00eda Composici\u00f3n Estilos y Formas Musicales Fundamentos de Composici\u00f3n Repentizaci\u00f3n y transporte Acompa\u00f1amiento e Improvisaci\u00f3n y Acompa\u00f1amiento Inform\u00e1tica Musical Pedagog\u00eda Musical Historia del pensamiento Historia de la M\u00fasica M\u00fasica moderna y bandas&#46;&#46;&#46;<\/p>\n","protected":false},"author":1,"featured_media":0,"parent":153,"menu_order":0,"comment_status":"open","ping_status":"open","template":"page-templates\/child-menu.php","meta":{"ngg_post_thumbnail":0,"footnotes":"","_mc_calendar":[]},"aioseo_notices":[],"post_mailing_queue_ids":[],"_links":{"self":[{"href":"https:\/\/blogsaverroes.juntadeandalucia.es\/cpmjavierperianes\/wp-json\/wp\/v2\/pages\/361"}],"collection":[{"href":"https:\/\/blogsaverroes.juntadeandalucia.es\/cpmjavierperianes\/wp-json\/wp\/v2\/pages"}],"about":[{"href":"https:\/\/blogsaverroes.juntadeandalucia.es\/cpmjavierperianes\/wp-json\/wp\/v2\/types\/page"}],"author":[{"embeddable":true,"href":"https:\/\/blogsaverroes.juntadeandalucia.es\/cpmjavierperianes\/wp-json\/wp\/v2\/users\/1"}],"replies":[{"embeddable":true,"href":"https:\/\/blogsaverroes.juntadeandalucia.es\/cpmjavierperianes\/wp-json\/wp\/v2\/comments?post=361"}],"version-history":[{"count":22,"href":"https:\/\/blogsaverroes.juntadeandalucia.es\/cpmjavierperianes\/wp-json\/wp\/v2\/pages\/361\/revisions"}],"predecessor-version":[{"id":6765,"href":"https:\/\/blogsaverroes.juntadeandalucia.es\/cpmjavierperianes\/wp-json\/wp\/v2\/pages\/361\/revisions\/6765"}],"up":[{"embeddable":true,"href":"https:\/\/blogsaverroes.juntadeandalucia.es\/cpmjavierperianes\/wp-json\/wp\/v2\/pages\/153"}],"wp:attachment":[{"href":"https:\/\/blogsaverroes.juntadeandalucia.es\/cpmjavierperianes\/wp-json\/wp\/v2\/media?parent=361"}],"curies":[{"name":"wp","href":"https:\/\/api.w.org\/{rel}","templated":true}]}}