{"id":1167,"date":"2025-01-15T17:53:23","date_gmt":"2025-01-15T16:53:23","guid":{"rendered":"https:\/\/blogsaverroes.juntadeandalucia.es\/cpr-azahar\/?page_id=1167"},"modified":"2025-02-23T20:05:31","modified_gmt":"2025-02-23T19:05:31","slug":"localizacion-del-cpr","status":"publish","type":"page","link":"https:\/\/blogsaverroes.juntadeandalucia.es\/cpr-azahar\/localizacion-del-cpr\/","title":{"rendered":"Localizaci\u00f3n del CPR"},"content":{"rendered":"<p>Nuestras sedes se encuentran en Alboloduy, Bentarique, Santa Fe de Mondujar y Terque. (Pincha sobre las diferentes fotograf\u00edas para conocer la ubicaci\u00f3n exacta)<\/p>\n<p style=\"text-align: left\"><span style=\"font-size: 18pt\"><strong>ALBOLODUY<\/strong><\/span><\/p>\n<p><iframe loading=\"lazy\" src=\"https:\/\/www.google.com\/maps\/embed?pb=!1m18!1m12!1m3!1d486.7754990806317!2d-2.6203637579448293!3d37.032791469549515!2m3!1f0!2f0!3f0!3m2!1i1024!2i768!4f13.1!3m3!1m2!1s0xd7011a387efe2f1%3A0x71e7a6aad2f7d579!2sC.P.R.%20Azahar!5e1!3m2!1ses!2ses!4v1740337435586!5m2!1ses!2ses\" width=\"600\" height=\"450\"><\/iframe><\/p>\n<p><span style=\"font-size: 18pt\"><strong>BENTARIQUE<\/strong><\/span><\/p>\n<p><iframe loading=\"lazy\" src=\"https:\/\/www.google.com\/maps\/embed?pb=!1m18!1m12!1m3!1d389.55449510257444!2d-2.619830741896219!3d36.98638396150378!2m3!1f0!2f0!3f0!3m2!1i1024!2i768!4f13.1!3m3!1m2!1s0xd70135bc6f0a349%3A0x70169eb7e9a60c56!2sC.P.R.%20Azahar!5e1!3m2!1ses!2ses!4v1740336793337!5m2!1ses!2ses\" width=\"600\" height=\"450\"><\/iframe><\/p>\n<p><span style=\"font-size: 18pt\"><strong>SANTA FE DE MOND\u00daJAR<\/strong><\/span><\/p>\n<p><iframe loading=\"lazy\" src=\"https:\/\/www.google.com\/maps\/embed?pb=!1m18!1m12!1m3!1d194.80547648680047!2d-2.5309194628594924!3d36.97535753619468!2m3!1f0!2f0!3f0!3m2!1i1024!2i768!4f13.1!3m3!1m2!1s0xd700b006979d6bf%3A0xdf33d8f3d643e1d0!2sC.P.R%20Azahar%20(Santa%20Fe%20de%20Mond%C3%BAjar)!5e1!3m2!1ses!2ses!4v1740337274423!5m2!1ses!2ses\" width=\"600\" height=\"450\"><\/iframe><\/p>\n<p><span style=\"font-size: 18pt\"><strong>TERQUE<\/strong><\/span><\/p>\n<p><iframe loading=\"lazy\" src=\"https:\/\/www.google.com\/maps\/embed?pb=!1m18!1m12!1m3!1d194.78392654014465!2d-2.5968917889746543!3d36.983775354873266!2m3!1f0!2f0!3f0!3m2!1i1024!2i768!4f13.1!3m3!1m2!1s0xd700daac994e65f%3A0xf26996add572375e!2sCPR%20Azahar!5e1!3m2!1ses!2ses!4v1740337197241!5m2!1ses!2ses\" width=\"600\" height=\"450\"><\/iframe><\/p>\n<p>&nbsp;<\/p>\n","protected":false},"excerpt":{"rendered":"<p>Nuestras sedes se encuentran en Alboloduy, Bentarique, Santa Fe de Mondujar y Terque. (Pincha sobre las diferentes fotograf\u00edas para conocer la ubicaci\u00f3n exacta) ALBOLODUY BENTARIQUE SANTA FE DE MOND\u00daJAR TERQUE &nbsp;<\/p>\n","protected":false},"author":13634,"featured_media":0,"parent":0,"menu_order":0,"comment_status":"closed","ping_status":"closed","template":"","meta":{"_exactmetrics_skip_tracking":false,"_exactmetrics_sitenote_active":false,"_exactmetrics_sitenote_note":"","_exactmetrics_sitenote_category":0,"ngg_post_thumbnail":0,"footnotes":""},"aioseo_notices":[],"_links":{"self":[{"href":"https:\/\/blogsaverroes.juntadeandalucia.es\/cpr-azahar\/wp-json\/wp\/v2\/pages\/1167"}],"collection":[{"href":"https:\/\/blogsaverroes.juntadeandalucia.es\/cpr-azahar\/wp-json\/wp\/v2\/pages"}],"about":[{"href":"https:\/\/blogsaverroes.juntadeandalucia.es\/cpr-azahar\/wp-json\/wp\/v2\/types\/page"}],"author":[{"embeddable":true,"href":"https:\/\/blogsaverroes.juntadeandalucia.es\/cpr-azahar\/wp-json\/wp\/v2\/users\/13634"}],"replies":[{"embeddable":true,"href":"https:\/\/blogsaverroes.juntadeandalucia.es\/cpr-azahar\/wp-json\/wp\/v2\/comments?post=1167"}],"version-history":[{"count":7,"href":"https:\/\/blogsaverroes.juntadeandalucia.es\/cpr-azahar\/wp-json\/wp\/v2\/pages\/1167\/revisions"}],"predecessor-version":[{"id":1424,"href":"https:\/\/blogsaverroes.juntadeandalucia.es\/cpr-azahar\/wp-json\/wp\/v2\/pages\/1167\/revisions\/1424"}],"wp:attachment":[{"href":"https:\/\/blogsaverroes.juntadeandalucia.es\/cpr-azahar\/wp-json\/wp\/v2\/media?parent=1167"}],"curies":[{"name":"wp","href":"https:\/\/api.w.org\/{rel}","templated":true}]}}