{"id":1174,"date":"2025-01-15T18:01:38","date_gmt":"2025-01-15T17:01:38","guid":{"rendered":"https:\/\/blogsaverroes.juntadeandalucia.es\/cpr-azahar\/?page_id=1174"},"modified":"2025-09-25T11:46:37","modified_gmt":"2025-09-25T10:46:37","slug":"claustro","status":"publish","type":"page","link":"https:\/\/blogsaverroes.juntadeandalucia.es\/cpr-azahar\/claustro\/","title":{"rendered":"Claustro"},"content":{"rendered":"<table style=\"width: 100%;height: 480px\">\n<tbody>\n<tr style=\"height: 24px\">\n<td style=\"width: 35.5337%;height: 24px\" width=\"274\"><strong>Docente<\/strong><\/td>\n<td style=\"width: 30.4775%;height: 24px\" width=\"274\"><strong>Especialidad<\/strong><\/td>\n<td style=\"width: 32.7248%;height: 24px\" width=\"274\"><strong>email<\/strong><\/td>\n<td style=\"width: 1.20919%\">&nbsp;<\/td>\n<\/tr>\n<tr style=\"height: 24px\">\n<td style=\"width: 35.5337%;height: 24px\" width=\"274\">Carrillo L\u00f3pez, Fernando<\/td>\n<td style=\"width: 30.4775%;height: 24px\" width=\"274\">Educaci\u00f3n F\u00edsica<\/td>\n<td style=\"width: 32.7248%;height: 24px\" width=\"274\"><a href=\"mailto:fcarlop961@g.educaand.es\">fcarlop961@g.educaand.es<\/a><\/td>\n<td style=\"width: 1.20919%\">&nbsp;<\/td>\n<\/tr>\n<tr style=\"height: 24px\">\n<td style=\"width: 35.5337%;height: 24px\" width=\"274\">Carri\u00f3n Mulero, Elisabeth<\/td>\n<td style=\"width: 30.4775%;height: 24px\" width=\"274\">Religi\u00f3n<\/td>\n<td style=\"width: 32.7248%;height: 24px\" width=\"274\"><a href=\"mailto:ecarmul990@g.educaand.es\">ecarmul990@g.educaand.es<\/a><\/td>\n<td style=\"width: 1.20919%\">&nbsp;<\/td>\n<\/tr>\n<tr style=\"height: 24px\">\n<td style=\"width: 35.5337%;height: 24px\" width=\"274\">Casas Fern\u00e1ndez, Mar\u00eda de G\u00e1dor<\/td>\n<td style=\"width: 30.4775%;height: 24px\" width=\"274\">ZTS<\/td>\n<td style=\"width: 32.7248%;height: 24px\" width=\"274\"><a href=\"mailto:mcas173@g.educaand.es\">mcas173@g.educaand.es<\/a><\/td>\n<td style=\"width: 1.20919%\">&nbsp;<\/td>\n<\/tr>\n<tr style=\"height: 24px\">\n<td style=\"width: 35.5337%;height: 24px\" width=\"274\">Felices S\u00e1nchez, Jos\u00e9 Francisco<\/td>\n<td style=\"width: 30.4775%;height: 24px\" width=\"274\">Educaci\u00f3n Primaria<\/td>\n<td style=\"width: 32.7248%;height: 24px\" width=\"274\"><a href=\"mailto:jfelsan992@g.educaand.es\">jfelsan992@g.educaand.es<\/a><\/td>\n<td style=\"width: 1.20919%\">&nbsp;<\/td>\n<\/tr>\n<tr style=\"height: 24px\">\n<td style=\"width: 35.5337%;height: 24px\" width=\"274\">Fern\u00e1ndez Cuadrado, Danae<\/td>\n<td style=\"width: 30.4775%;height: 24px\" width=\"274\">ZTS<\/td>\n<td style=\"width: 32.7248%;height: 24px\" width=\"274\"><a href=\"mailto:dfercua822@g.educaand.es\"> dfercua822@g.educaand.es<\/a><\/td>\n<td style=\"width: 1.20919%\">&nbsp;<\/td>\n<\/tr>\n<tr>\n<td style=\"width: 35.5337%\">Gonz\u00e1lez Fernandez, Cristina Hortensia<\/td>\n<td style=\"width: 30.4775%\">Audici\u00f3n y Lenguaje<\/td>\n<td style=\"width: 32.7248%\"><a href=\"mailto:cgonfer748@g.educaand.es\">cgonfer748@g.educaand.es<\/a><\/td>\n<td style=\"width: 1.20919%\">&nbsp;<\/td>\n<\/tr>\n<tr style=\"height: 24px\">\n<td style=\"width: 35.5337%;height: 24px\" width=\"274\">Gonz\u00e1lez Morales, Germ\u00e1n<\/td>\n<td style=\"width: 30.4775%;height: 24px\" width=\"274\">Lengua Extranjera-Franc\u00e9s<\/td>\n<td style=\"width: 32.7248%;height: 24px\" width=\"274\"><a href=\"mailto:ggonmor442@g.educaand.es\">ggonmor442@g.educaand.es<\/a><\/td>\n<td style=\"width: 1.20919%\">&nbsp;<\/td>\n<\/tr>\n<tr style=\"height: 24px\">\n<td style=\"width: 35.5337%;height: 24px\" width=\"274\">L\u00f3pez Mart\u00ednez, Celia<\/td>\n<td style=\"width: 30.4775%;height: 24px\" width=\"274\">Religi\u00f3n<\/td>\n<td style=\"width: 32.7248%;height: 24px\" width=\"274\"><a href=\"mailto:clopmar085@g.educaand.es\">clopmar085@g.educaand.es<\/a><\/td>\n<td style=\"width: 1.20919%\">&nbsp;<\/td>\n<\/tr>\n<tr style=\"height: 24px\">\n<td style=\"width: 35.5337%;height: 24px\" width=\"274\">Mart\u00ednez Zoyo, Herminia<\/td>\n<td style=\"width: 30.4775%;height: 24px\" width=\"274\">Educaci\u00f3n Infantil<\/td>\n<td style=\"width: 32.7248%;height: 24px\" width=\"274\"><a href=\"mailto:hmarzoy793@g.educaand.es\">hmarzoy793@g.educaand.es<\/a><\/td>\n<td style=\"width: 1.20919%\">&nbsp;<\/td>\n<\/tr>\n<tr style=\"height: 24px\">\n<td style=\"width: 35.5337%;height: 24px\" width=\"274\">Montalb\u00e1n Lozano, Antonio<\/td>\n<td style=\"width: 30.4775%;height: 24px\" width=\"274\">M\u00fasica<\/td>\n<td style=\"width: 32.7248%;height: 24px\" width=\"274\"><a href=\"mailto:amonloz510@g.educaand.es\">amonloz510@g.educaand.es<\/a><\/td>\n<td style=\"width: 1.20919%\">&nbsp;<\/td>\n<\/tr>\n<tr style=\"height: 24px\">\n<td style=\"width: 35.5337%;height: 24px\" width=\"274\">Navarro L\u00f3pez, Antonio Jes\u00fas<\/td>\n<td style=\"width: 30.4775%;height: 24px\" width=\"274\">Lengua Extranjera-Franc\u00e9s<\/td>\n<td style=\"width: 32.7248%;height: 24px\" width=\"274\"><a href=\"mailto:anavlop274@g.educaand.es\">anavlop274@g.educaand.es<\/a><\/td>\n<td style=\"width: 1.20919%\">&nbsp;<\/td>\n<\/tr>\n<tr style=\"height: 24px\">\n<td style=\"width: 35.5337%;height: 24px\" width=\"274\">Pay\u00e1n Abad, V\u00edctor<\/td>\n<td style=\"width: 30.4775%;height: 24px\" width=\"274\">Educaci\u00f3n F\u00edsica<\/td>\n<td style=\"width: 32.7248%;height: 24px\" width=\"274\"><a href=\"mailto:vpayaba646@g.educaand.es\">vpayaba646@g.educaand.es<\/a><\/td>\n<td style=\"width: 1.20919%\">&nbsp;<\/td>\n<\/tr>\n<tr style=\"height: 24px\">\n<td style=\"width: 35.5337%;height: 24px\" width=\"274\">P\u00e9rez Figueredo, Ana Inmaculada<\/td>\n<td style=\"width: 30.4775%;height: 24px\" width=\"274\">Educaci\u00f3n Primaria<\/td>\n<td style=\"width: 32.7248%;height: 24px\" width=\"274\"><a href=\"mailto:aperfig342@g.educaand.es\">aperfig342@g.educaand.es<\/a><\/td>\n<td style=\"width: 1.20919%\">&nbsp;<\/td>\n<\/tr>\n<tr style=\"height: 24px\">\n<td style=\"width: 35.5337%;height: 24px\" width=\"274\">Porcel Porcel, Josefa<\/td>\n<td style=\"width: 30.4775%;height: 24px\" width=\"274\">Lengua Extranjera-Ingl\u00e9s<\/td>\n<td class=\"text-left cuerpo1Reducido celdaConEnlaces snc-col-8\" style=\"width: 32.7248%\">\n<div class=\"d-block\"><a href=\"mailto:jporpor579@g.educaand.es\"><span class=\"texto-SNC \">jporpor579@g.educaand.es<\/span><\/a><\/div>\n<\/td>\n<td style=\"width: 1.20919%\">&nbsp;<\/td>\n<\/tr>\n<tr style=\"height: 24px\">\n<td style=\"width: 35.5337%;height: 24px\" width=\"274\">Ramos S\u00e1nchez, Mar\u00eda Jos\u00e9<\/td>\n<td style=\"width: 30.4775%;height: 24px\" width=\"274\">Educaci\u00f3n F\u00edsica<\/td>\n<td style=\"width: 32.7248%;height: 24px\" width=\"274\"><a href=\"mailto:mramsan035@g.educaand.es\">mramsan035@g.educaand.es<\/a><\/td>\n<td style=\"width: 1.20919%\">&nbsp;<\/td>\n<\/tr>\n<tr class=\"menuContextual snc-row-16\">\n<td class=\"enlaceTablaReducido text-left cuerpo1Reducido snc-col-0 celdaConEnlaces\" style=\"width: 35.5337%\">\n<div class=\"d-block\"><span class=\"texto-SNC \">Rodr\u00edguez Mart\u00ednez, Beatriz<\/span><\/div>\n<\/td>\n<td class=\"text-left cuerpo1Reducido snc-col-1 celdaConEnlaces\" style=\"width: 30.4775%\">Educaci\u00f3n Infantil<\/td>\n<td class=\"text-left cuerpo1Reducido celdaConEnlaces snc-col-8\" style=\"width: 32.7248%\">\n<div class=\"d-block\"><a href=\"mailto:brodmar131@g.educaand.es\"><span class=\"texto-SNC \">brodmar131@g.educaand.es<\/span><\/a><\/div>\n<\/td>\n<td class=\"text-left cuerpo1Reducido cuerpo1 snc-col-9 celdaConEnlaces\" style=\"width: 1.20919%\">\n<div class=\"d-block text-center\">\n<div class=\"form-check-inline single mb-auto\">&nbsp;<\/div>\n<\/div>\n<\/td>\n<\/tr>\n<tr class=\"menuContextual snc-row-17\">\n<td class=\"enlaceTablaReducido text-left snc-col-0 cuerpo2Reducido celdaConEnlaces\" style=\"width: 35.5337%\">\n<div class=\"d-block\"><span class=\"texto-SNC \">Rom\u00e1n Romero, Fabi\u00e1n<\/span><\/div>\n<\/td>\n<td class=\"text-left snc-col-1 cuerpo2Reducido celdaConEnlaces\" style=\"width: 30.4775%\">Lengua Extranjera-Ingl\u00e9s<\/td>\n<td class=\"text-left cuerpo2Reducido celdaConEnlaces snc-col-8\" style=\"width: 32.7248%\">\n<div class=\"d-block\"><a href=\"mailto:fromrom024@g.educaand.es\"><span class=\"texto-SNC \">fromrom024@g.educaand.es<\/span><\/a><\/div>\n<\/td>\n<td class=\"text-left cuerpo2Reducido cuerpo2 snc-col-9 celdaConEnlaces\" style=\"width: 1.20919%\">\n<div class=\"d-block text-center\">\n<div class=\"form-check-inline single mb-auto\">&nbsp;<\/div>\n<\/div>\n<\/td>\n<\/tr>\n<tr>\n<td style=\"width: 35.5337%\">Sanz Garc\u00eda, Mar\u00eda del Carmen<\/td>\n<td style=\"width: 30.4775%\">Pedagog\u00eda Terap\u00e9utica<\/td>\n<td style=\"width: 32.7248%\">\n<div class=\"d-block\"><a href=\"mailto:msangar556g@g.educaand.es\"><span class=\"texto-SNC \">msangar556g@g.educaand.es<\/span><\/a><\/div>\n<\/td>\n<td style=\"width: 1.20919%\">\n<div class=\"d-block text-center\">\n<div class=\"form-check-inline single mb-auto\">&nbsp;<\/div>\n<\/div>\n<\/td>\n<\/tr>\n<tr class=\"menuContextual snc-row-18\">\n<td class=\"enlaceTablaReducido text-left cuerpo1Reducido snc-col-0 celdaConEnlaces\" style=\"width: 35.5337%\">\n<div class=\"d-block\"><span class=\"texto-SNC \">Sastre Reyes, Jos\u00e9<\/span><\/div>\n<\/td>\n<td class=\"text-left cuerpo1Reducido snc-col-1 celdaConEnlaces\" style=\"width: 30.4775%\">Lengua Extranjera-Ingl\u00e9s<\/td>\n<td class=\"text-left cuerpo1Reducido celdaConEnlaces snc-col-8\" style=\"width: 32.7248%\">\n<div class=\"d-block\"><a href=\"mailto:jsasrey477@g.educaand.es\"><span class=\"texto-SNC \">jsasrey477@g.educaand.es<\/span><\/a><\/div>\n<\/td>\n<td class=\"text-left cuerpo1Reducido cuerpo1 snc-col-9 celdaConEnlaces\" style=\"width: 1.20919%\">\n<div class=\"d-block text-center\">\n<div class=\"form-check-inline single mb-auto\">&nbsp;<\/div>\n<\/div>\n<\/td>\n<\/tr>\n<\/tbody>\n<\/table>\n","protected":false},"excerpt":{"rendered":"<p>Docente Especialidad email &nbsp; Carrillo L\u00f3pez, Fernando Educaci\u00f3n F\u00edsica fcarlop961@g.educaand.es &nbsp; Carri\u00f3n Mulero, Elisabeth Religi\u00f3n ecarmul990@g.educaand.es &nbsp; Casas Fern\u00e1ndez, Mar\u00eda de G\u00e1dor ZTS mcas173@g.educaand.es &nbsp; Felices S\u00e1nchez, Jos\u00e9 Francisco Educaci\u00f3n Primaria jfelsan992@g.educaand.es &nbsp; Fern\u00e1ndez&#46;&#46;&#46;<\/p>\n","protected":false},"author":13634,"featured_media":0,"parent":0,"menu_order":0,"comment_status":"closed","ping_status":"closed","template":"","meta":{"_exactmetrics_skip_tracking":false,"_exactmetrics_sitenote_active":false,"_exactmetrics_sitenote_note":"","_exactmetrics_sitenote_category":0,"ngg_post_thumbnail":0,"footnotes":""},"aioseo_notices":[],"_links":{"self":[{"href":"https:\/\/blogsaverroes.juntadeandalucia.es\/cpr-azahar\/wp-json\/wp\/v2\/pages\/1174"}],"collection":[{"href":"https:\/\/blogsaverroes.juntadeandalucia.es\/cpr-azahar\/wp-json\/wp\/v2\/pages"}],"about":[{"href":"https:\/\/blogsaverroes.juntadeandalucia.es\/cpr-azahar\/wp-json\/wp\/v2\/types\/page"}],"author":[{"embeddable":true,"href":"https:\/\/blogsaverroes.juntadeandalucia.es\/cpr-azahar\/wp-json\/wp\/v2\/users\/13634"}],"replies":[{"embeddable":true,"href":"https:\/\/blogsaverroes.juntadeandalucia.es\/cpr-azahar\/wp-json\/wp\/v2\/comments?post=1174"}],"version-history":[{"count":7,"href":"https:\/\/blogsaverroes.juntadeandalucia.es\/cpr-azahar\/wp-json\/wp\/v2\/pages\/1174\/revisions"}],"predecessor-version":[{"id":2160,"href":"https:\/\/blogsaverroes.juntadeandalucia.es\/cpr-azahar\/wp-json\/wp\/v2\/pages\/1174\/revisions\/2160"}],"wp:attachment":[{"href":"https:\/\/blogsaverroes.juntadeandalucia.es\/cpr-azahar\/wp-json\/wp\/v2\/media?parent=1174"}],"curies":[{"name":"wp","href":"https:\/\/api.w.org\/{rel}","templated":true}]}}