{"id":1237,"date":"2025-01-15T19:02:48","date_gmt":"2025-01-15T18:02:48","guid":{"rendered":"https:\/\/blogsaverroes.juntadeandalucia.es\/cpr-azahar\/?page_id=1237"},"modified":"2026-03-22T20:45:15","modified_gmt":"2026-03-22T19:45:15","slug":"comedor-escolar","status":"publish","type":"page","link":"https:\/\/blogsaverroes.juntadeandalucia.es\/cpr-azahar\/comedor-escolar\/","title":{"rendered":"Comedor Escolar"},"content":{"rendered":"<p style=\"text-align: justify\"><span style=\"color: #ffff00;font-size: 18pt\"><strong><span style=\"color: #ffcc00\">NOVEDAD:<\/span> <span style=\"color: #003366\">\u00a1Ya disponible! Nueva App para las Familias del Comedor Escolar.<\/span><\/strong><\/span><\/p>\n<p style=\"text-align: justify\">En la App se podr\u00e1:<\/p>\n<p style=\"text-align: justify\">&#8211; Consultar el men\u00fa (Men\u00fas)<br \/>\n\u00b7 Avisar de faltas (Faltas)<br \/>\n\u00b7 Consultar recibos(Recibos)<br \/>\n. Pagar recibos pendientes con tarjeta (Recibos)<br \/>\n. Exportar facturas del servicio (Recibos)<\/p>\n<p><iframe loading=\"lazy\" src=\"https:\/\/drive.google.com\/file\/d\/1Rdaw6S7FtyLvvM7TzrbEx_0T--sGSD7g\/preview\" width=\"640\" height=\"480\"><\/iframe>&nbsp;<\/p>\n<p><span style=\"color: #0000ff\"><strong><span style=\"font-size: 18pt\">MEN\u00da MES DE&nbsp; MARZO &#8211; ABRIL 2026<\/span><\/strong><\/span><\/p>\n<p><iframe loading=\"lazy\" src=\"https:\/\/drive.google.com\/file\/d\/13chTE19BKYBd1KiANu9RnyvU8NmXB7Lo\/preview\" width=\"640\" height=\"480\"><\/iframe>&nbsp;<\/p>\n<p>El servicio de comedor lo gestiona<a href=\"https:\/\/andalucia.mediterranea-group.com\/\" target=\"_blank\" rel=\"noopener\"> el grupo Mediterr\u00e1nea de catering.<\/a><\/p>\n<p>El precio del men\u00fa desde el curso escolar 2025-2026 es de <strong>5,54\u20ac\/d\u00eda<\/strong> (sin bonificaci\u00f3n), seg\u00fan actualizaci\u00f3n reflejada en el&nbsp;<a href=\"https:\/\/drive.google.com\/file\/d\/1MbIjIxbDxgItF42z55xXcUC5HljRuWc2\/view?usp=sharing\" target=\"_blank\" rel=\"noopener\">Acuerdo de 30 de julio de 2024<\/a>.<\/p>\n<p>La utilizaci\u00f3n del servicio podr\u00e1 solicitarse por meses completos o para d\u00edas concretos de la semana, existiendo \u00fanicamente los siguientes tipos de usuarios:<br \/>\n<strong>Usuario habitual<\/strong>, come de lunes a viernes<br \/>\n<strong>Usuario habitual fijo-discontinuo<\/strong>, no come todos los d\u00edas de la semana, pero come d\u00edas fijos (ej, lunes y mi\u00e9rcoles). Si usted solicita el fijo discontinuo, debe informar a la empresa de los d\u00edas de la semana que <span style=\"color: #ff0000\">no asiste<\/span> (mi hijo no va a asistir nunca martes, jueves y viernes), ya que dicha informaci\u00f3n no la env\u00eda el centro a la empresa.<\/p>\n<p><span style=\"color: #666699\">Para el resto de los usuarios que no cumplan ninguno de estos dos tipos deber\u00e1n de notificar con el tiempo (3 d\u00edas de preaviso) la NO asistencia al comedor.<\/span><br \/>\n<span style=\"color: #666699\">Los casos de usuarios que necesiten el servicio solo alg\u00fan d\u00eda del mes tendr\u00e1n que notificar la<\/span><br \/>\n<span style=\"color: #666699\">ausencia de todos los d\u00edas que no utilicen el servicio. (Ej , Si mi hij@ solo va a asistir 3 d\u00edas en el<\/span><br \/>\n<span style=\"color: #666699\">mes de octubre o asiste semanas alternas, tendr\u00e1 que marcar en la web de la empresa o avisarla por correo electr\u00f3nico <span style=\"color: #ff0000\">los d\u00edas que NO va a asistir<\/span> , siempre cumpliendo con el preaviso de tres d\u00edas).<\/span><\/p>\n<p>Si el alumno requiere una <strong>DIETA especial<\/strong>, debe aportar informe m\u00e9dico completo del alerg\u00f3logo\/pediatra adjunt\u00e1ndolo en un email a: <strong><span style=\"color: #000080\">dietetica.andalucia@mediterranea-group.com<\/span><\/strong>.<br \/>\nSi ya lo aport\u00f3 el curso pasado, no es necesario, salvo comunicaci\u00f3n de baja o modificaci\u00f3n. Desde esa direcci\u00f3n se le responder\u00e1 su fecha de inicio o recepci\u00f3n en el centro. A esta misma direcci\u00f3n puede solicitar el men\u00fa correspondiente o informaci\u00f3n sobre AL\u00c9RGENOS y\/o <strong>dieta blanda\/astringente<\/strong><\/p>\n<p>Los usuarios podr\u00e1n avisar de sus ausencias del comedor con una antelaci\u00f3n m\u00ednima de <strong>tres d\u00edas<\/strong>, sin coste econ\u00f3mico alguno para el usuario. Las <strong>ausencias por excursi\u00f3n<\/strong> deben ser informadas a la empresa de c\u00e1terin, ya que el centro no tiene obligaci\u00f3n de informar de dicha salida.<\/p>\n<p>La notificaci\u00f3n de la <strong>No asistencia o faltas<\/strong> se debe registrar a trav\u00e9s de la web de padres&nbsp;<br \/>\n<strong><span style=\"color: #000080\">administracion.almeria@mediterranea-group.com<\/span><\/strong><\/p>\n<p>En caso de enfermedad, tambi\u00e9n se podr\u00e1 anular el servicio durante cualquier d\u00eda de la prestaci\u00f3n<br \/>\nsiempre que la anulaci\u00f3n quede acreditada por la asistencia del usuario a consulta m\u00e9dica, tendr\u00e1 un plazo m\u00e1ximo de 5 d\u00edas para aportarlo.<\/p>\n<p>Se considerar\u00e1 suficientemente justificada este tipo de ausencia con la presentaci\u00f3n de cualquiera de los documentos siguientes:<br \/>\n-Informe de asistencia a consulta o justificante de acceso a demanda de asistencia.<\/p>\n<p>La solicitud de baja en el servicio se comunicar\u00e1 con una antelaci\u00f3n de al menos una semana del inicio del mes en el que se pretenda hacer efectiva la baja. (Ej. Si mi intenci\u00f3n es dar de baja el servicio para el d\u00eda 1 de octubre tendr\u00e9 que solicitarla la baja a la empresa que gestiona el servicio y al centro escolar antes del 25 de septiembre).<\/p>\n<p>Las familias podr\u00e1n registrarse en la web de familias para poder notificar dichas ausencias, consultar recibos, visualizar el men\u00fa\u2026.. <span style=\"color: #000080\"><strong>http:\/\/andalucia.mediterranea-group.com\/<\/strong><\/span><\/p>\n<p>Para poder registrarse en la web, el usuario debe tener registrado un correo electr\u00f3nico en la ficha del alumno. Si no puede registrarse correctamente, contacte con la empresa a trav\u00e9s del mail para<br \/>\nsubsanar la incidencia. La web no estar\u00e1 disponible hasta la publicaci\u00f3n del listado definitivo de<br \/>\nbonificaciones.<\/p>\n<p>Los recibos del comedor se emitir\u00e1n a mes vencido alrededor del d\u00eda 10 del siguiente mes, a excepci\u00f3n de los meses de septiembre y octubre, que se emitir\u00e1n casi conjuntamente una vez est\u00e9n publicadas las bonificaciones definitivas. Rogamos que lo tengan en cuenta para evitar posibles devoluciones.<\/p>\n<p>El pago del comedor se realizar\u00e1 solo y exclusivamente a trav\u00e9s de domiciliaci\u00f3n bancaria (el comensal solo podr\u00e1 tener asignado un \u00fanico n\u00famero de cuenta). Aquellos usuarios que no dispongan de n\u00famero de cta. Bancaria causar\u00e1n baja inmediata en el comedor.<br \/>\nSi modifica su n\u00famero de cuenta una vez comenzado el curso, debe informarlo a la empresa directamente para evitar intermediarios y posibles domiciliaciones err\u00f3neas.<\/p>\n<p>Si alg\u00fan recibo no es correcto, le rogamos que contacte con la empresa a trav\u00e9s de mail para proceder a la soluci\u00f3n de dicha incidencia y NO devuelva el recibo, ya que conllevar\u00e1 unos gastos de 2\u20ac de devoluci\u00f3n por cada recibo devuelto.<\/p>\n<p>Por causas motivadas de impago de recibo, la empresa adjudicataria del servicio podr\u00e1 autorizar en conjunto con el Centro la baja temporal o definitiva de los usuarios del servicio de comedor.<\/p>\n<p><span style=\"text-decoration: underline\"><span style=\"font-size: 18pt\"><strong>Informaci\u00f3n importante sobre la gesti\u00f3n del comedor y c\u00f3mo registrase en la web para consultar el men\u00fa, avisar de las faltas, recibos, etc:<\/strong><\/span><\/span><\/p>\n<p><a href=\"https:\/\/blogsaverroes.juntadeandalucia.es\/cpr-azahar\/files\/2025\/03\/Comunicado-web-familias.pdf\" target=\"_blank\" rel=\"noopener\">Comunicado web familias<\/a><\/p>\n<p><a href=\"https:\/\/blogsaverroes.juntadeandalucia.es\/cpr-azahar\/files\/2025\/03\/REGISTRO-WEB-FAMILIAS.pdf\" target=\"_blank\" rel=\"noopener\">REGISTRO WEB FAMILIAS<\/a><\/p>\n","protected":false},"excerpt":{"rendered":"<p>NOVEDAD: \u00a1Ya disponible! Nueva App para las Familias del Comedor Escolar. En la App se podr\u00e1: &#8211; Consultar el men\u00fa (Men\u00fas) \u00b7 Avisar de faltas (Faltas) \u00b7 Consultar recibos(Recibos) . Pagar recibos pendientes con&#46;&#46;&#46;<\/p>\n","protected":false},"author":13634,"featured_media":0,"parent":0,"menu_order":0,"comment_status":"closed","ping_status":"closed","template":"","meta":{"_exactmetrics_skip_tracking":false,"_exactmetrics_sitenote_active":false,"_exactmetrics_sitenote_note":"","_exactmetrics_sitenote_category":0,"ngg_post_thumbnail":0,"footnotes":""},"aioseo_notices":[],"_links":{"self":[{"href":"https:\/\/blogsaverroes.juntadeandalucia.es\/cpr-azahar\/wp-json\/wp\/v2\/pages\/1237"}],"collection":[{"href":"https:\/\/blogsaverroes.juntadeandalucia.es\/cpr-azahar\/wp-json\/wp\/v2\/pages"}],"about":[{"href":"https:\/\/blogsaverroes.juntadeandalucia.es\/cpr-azahar\/wp-json\/wp\/v2\/types\/page"}],"author":[{"embeddable":true,"href":"https:\/\/blogsaverroes.juntadeandalucia.es\/cpr-azahar\/wp-json\/wp\/v2\/users\/13634"}],"replies":[{"embeddable":true,"href":"https:\/\/blogsaverroes.juntadeandalucia.es\/cpr-azahar\/wp-json\/wp\/v2\/comments?post=1237"}],"version-history":[{"count":27,"href":"https:\/\/blogsaverroes.juntadeandalucia.es\/cpr-azahar\/wp-json\/wp\/v2\/pages\/1237\/revisions"}],"predecessor-version":[{"id":2277,"href":"https:\/\/blogsaverroes.juntadeandalucia.es\/cpr-azahar\/wp-json\/wp\/v2\/pages\/1237\/revisions\/2277"}],"wp:attachment":[{"href":"https:\/\/blogsaverroes.juntadeandalucia.es\/cpr-azahar\/wp-json\/wp\/v2\/media?parent=1237"}],"curies":[{"name":"wp","href":"https:\/\/api.w.org\/{rel}","templated":true}]}}