{"id":1240,"date":"2025-01-15T19:03:42","date_gmt":"2025-01-15T18:03:42","guid":{"rendered":"https:\/\/blogsaverroes.juntadeandalucia.es\/cpr-azahar\/?page_id=1240"},"modified":"2025-12-01T10:45:25","modified_gmt":"2025-12-01T09:45:25","slug":"actividades-extraescolares","status":"publish","type":"page","link":"https:\/\/blogsaverroes.juntadeandalucia.es\/cpr-azahar\/actividades-extraescolares\/","title":{"rendered":"Actividades Extraescolares"},"content":{"rendered":"<p style=\"text-align: center\"><span style=\"font-size: 24pt;color: #ff6600;font-family: terminal, monaco, monospace\">HORARIO ACTIVIDADES EXTRAEXCOLARES 2025\/2026<\/span><\/p>\n<p style=\"text-align: center\"><span style=\"font-size: 24pt;color: #0000ff;font-family: terminal, monaco, monospace\">CPR AZAHAR<\/span><\/p>\n<p><img loading=\"lazy\" decoding=\"async\" class=\"wp-image-2240 aligncenter\" src=\"https:\/\/blogsaverroes.juntadeandalucia.es\/cpr-azahar\/files\/2025\/12\/Post-de-Instagram-horario-de-clases-para-ninos-divertido-infantil-colorido-300x300.png\" alt=\"\" width=\"530\" height=\"530\" srcset=\"https:\/\/blogsaverroes.juntadeandalucia.es\/cpr-azahar\/files\/2025\/12\/Post-de-Instagram-horario-de-clases-para-ninos-divertido-infantil-colorido-300x300.png 300w, https:\/\/blogsaverroes.juntadeandalucia.es\/cpr-azahar\/files\/2025\/12\/Post-de-Instagram-horario-de-clases-para-ninos-divertido-infantil-colorido-1024x1024.png 1024w, https:\/\/blogsaverroes.juntadeandalucia.es\/cpr-azahar\/files\/2025\/12\/Post-de-Instagram-horario-de-clases-para-ninos-divertido-infantil-colorido-150x150.png 150w, https:\/\/blogsaverroes.juntadeandalucia.es\/cpr-azahar\/files\/2025\/12\/Post-de-Instagram-horario-de-clases-para-ninos-divertido-infantil-colorido-768x768.png 768w, https:\/\/blogsaverroes.juntadeandalucia.es\/cpr-azahar\/files\/2025\/12\/Post-de-Instagram-horario-de-clases-para-ninos-divertido-infantil-colorido-80x80.png 80w, https:\/\/blogsaverroes.juntadeandalucia.es\/cpr-azahar\/files\/2025\/12\/Post-de-Instagram-horario-de-clases-para-ninos-divertido-infantil-colorido-320x320.png 320w, https:\/\/blogsaverroes.juntadeandalucia.es\/cpr-azahar\/files\/2025\/12\/Post-de-Instagram-horario-de-clases-para-ninos-divertido-infantil-colorido.png 1080w\" sizes=\"(max-width: 530px) 100vw, 530px\" \/><\/p>\n<p class=\"cgHgbA pYZEjA Xp24Nw PanoWQ\"><span style=\"font-family: 'trebuchet ms', geneva, sans-serif\"><strong><span class=\"OYPEnA\">Se debe alcanzar una demanda m\u00ednima de diez usuarios en cada actividad. <\/span><\/strong><\/span><\/p>\n<p><span style=\"font-family: 'trebuchet ms', geneva, sans-serif\"><strong>Se puede proponer cualquier actividad siempre que se llegue al m\u00ednimo de usuarios necesarios.&nbsp;<\/strong><\/span><\/p>\n<p>El proyecto de actividades extraescolares busca innovar en la metodolog\u00eda educativa a trav\u00e9s de proyectos y talleres basados en los intereses del alumnado. Se pretende lograr un aprendizaje significativo mediante la investigaci\u00f3n-acci\u00f3n, alineado con el curr\u00edculo oficial y los objetivos educativos.<\/p>\n<p>Estas actividades favorecen la educaci\u00f3n personalizada, fomentando la integraci\u00f3n y atenci\u00f3n a estudiantes con necesidades educativas especiales en un ambiente enriquecedor. Su finalidad principal es mejorar la calidad educativa y complementar el curr\u00edculo, reforzando competencias clave como la autonom\u00eda, habilidades sociales, respeto a la diversidad, conciencia ambiental, patrimonio cultural, razonamiento matem\u00e1tico, expresi\u00f3n ling\u00fc\u00edstica y autoconfianza.<\/p>\n<p>Adem\u00e1s, promueven la participaci\u00f3n activa, el trabajo en equipo y el desarrollo integral del alumnado, prepar\u00e1ndolos para la vida en sociedad.<\/p>\n","protected":false},"excerpt":{"rendered":"<p>HORARIO ACTIVIDADES EXTRAEXCOLARES 2025\/2026 CPR AZAHAR Se debe alcanzar una demanda m\u00ednima de diez usuarios en cada actividad. Se puede proponer cualquier actividad siempre que se llegue al m\u00ednimo de usuarios necesarios.&nbsp; El proyecto&#46;&#46;&#46;<\/p>\n","protected":false},"author":13634,"featured_media":0,"parent":0,"menu_order":0,"comment_status":"closed","ping_status":"closed","template":"","meta":{"_exactmetrics_skip_tracking":false,"_exactmetrics_sitenote_active":false,"_exactmetrics_sitenote_note":"","_exactmetrics_sitenote_category":0,"ngg_post_thumbnail":0,"footnotes":""},"aioseo_notices":[],"_links":{"self":[{"href":"https:\/\/blogsaverroes.juntadeandalucia.es\/cpr-azahar\/wp-json\/wp\/v2\/pages\/1240"}],"collection":[{"href":"https:\/\/blogsaverroes.juntadeandalucia.es\/cpr-azahar\/wp-json\/wp\/v2\/pages"}],"about":[{"href":"https:\/\/blogsaverroes.juntadeandalucia.es\/cpr-azahar\/wp-json\/wp\/v2\/types\/page"}],"author":[{"embeddable":true,"href":"https:\/\/blogsaverroes.juntadeandalucia.es\/cpr-azahar\/wp-json\/wp\/v2\/users\/13634"}],"replies":[{"embeddable":true,"href":"https:\/\/blogsaverroes.juntadeandalucia.es\/cpr-azahar\/wp-json\/wp\/v2\/comments?post=1240"}],"version-history":[{"count":8,"href":"https:\/\/blogsaverroes.juntadeandalucia.es\/cpr-azahar\/wp-json\/wp\/v2\/pages\/1240\/revisions"}],"predecessor-version":[{"id":2241,"href":"https:\/\/blogsaverroes.juntadeandalucia.es\/cpr-azahar\/wp-json\/wp\/v2\/pages\/1240\/revisions\/2241"}],"wp:attachment":[{"href":"https:\/\/blogsaverroes.juntadeandalucia.es\/cpr-azahar\/wp-json\/wp\/v2\/media?parent=1240"}],"curies":[{"name":"wp","href":"https:\/\/api.w.org\/{rel}","templated":true}]}}