{"id":1243,"date":"2025-01-15T19:06:00","date_gmt":"2025-01-15T18:06:00","guid":{"rendered":"https:\/\/blogsaverroes.juntadeandalucia.es\/cpr-azahar\/?page_id=1243"},"modified":"2026-02-16T14:42:25","modified_gmt":"2026-02-16T13:42:25","slug":"proyecto-educativo","status":"publish","type":"page","link":"https:\/\/blogsaverroes.juntadeandalucia.es\/cpr-azahar\/proyecto-educativo\/","title":{"rendered":"Proyecto Educativo"},"content":{"rendered":"<p>En caso de querer visualizar el documento, haga clic en el \u00edndice.<\/p>\n<p><strong><a href=\"https:\/\/drive.google.com\/file\/d\/1MtwG816pi_G4AgoQR59N6OZW5y85Okg6\/view?usp=drive_link\" target=\"_blank\" rel=\"noopener\">\u00cdNDICE&nbsp;<\/a>&nbsp;&nbsp;&nbsp;&nbsp;&nbsp;&nbsp;&nbsp;&nbsp;&nbsp;<br \/>\n<\/strong><\/p>\n<ol>\n<li>INTRODUCCI\u00d3N.<\/li>\n<li>AN\u00c1LISIS DEL CONTEXTO.<\/li>\n<li>PRINCIPIOS GENERALES DE LAS DISTINTAS ETAPAS, PRINCIPIOS PEDOG\u00d3GICOS Y METODOL\u00d3GICOS DEL CENTRO.<\/li>\n<li>OBJETIVOS PROPIOS PARA LA MEJORA DEL DESARROLLO DE LAS COMPETENCIAS CLAVE PREVISTAS EN LOS PERFILES COMPETENCIALES.<\/li>\n<li>COORDINACI\u00d3N Y CONCRECI\u00d3N DE LOS CONTENIDOS CURRICULARES.<\/li>\n<li>CRITERIOS PARA LA DETERMINACI\u00d3N DE LOS MIEMBROS DE LOS \u00d3RGANOS DE COORDINACI\u00d3N DOCENTE Y SU HORARIO.<\/li>\n<li>PROCEDIMIENTOS Y CRITERIOS DE EVALUACI\u00d3N Y PROMOCI\u00d3N DEL ALUMNADO.<\/li>\n<li>LA ATENCI\u00d3N A LA DIVERSIDAD DEL ALUMNADO.<\/li>\n<li>PLAN DE ORIENTACI\u00d3N Y ACCI\u00d3N TUTORIAL.<\/li>\n<li>PROCEDIMIENTO PARA SUSCRIBIR COMPROMISOS EDUCATIVOS Y DE CONVIVENCIA CON LAS FAMILIAS.<\/li>\n<li>PLAN DE CONVIVENCIA.<\/li>\n<li>PLAN DE FORMACI\u00d3N DEL PROFESORADO.<\/li>\n<li>CRITERIOS PARA ORGANIZAR Y DISTRIBUIR EL TIEMPO ESCOLAR. OBJETIVOS Y PROGRAMAS DE INTERVENCI\u00d3N EN EL TIEMPO EXTRAESCOLAR.<\/li>\n<li>PROCEDIMIENTO DE EVALUACI\u00d3N INTERNA.<\/li>\n<li>CRITERIOS PARA LA AGRUPACI\u00d3N DEL ALUMNADO Y LA ASIGNACI\u00d3N DE LAS TUTOR\u00cdAS.<\/li>\n<li>CRITERIOS GENERALES PARA LA ELABORACI\u00d3N DE LAS PROGRAMACIONES DID\u00c1CTICAS Y PROPUESTAS PEDAG\u00d3GICAS.<\/li>\n<li>PLAN DE LECTURA Y ESCRITURA: LA BIBLIOTECA ESCOLAR<\/li>\n<li>PLAN DE ACTUACI\u00d3N DIGITAL.<\/li>\n<\/ol>\n","protected":false},"excerpt":{"rendered":"<p>En caso de querer visualizar el documento, haga clic en el \u00edndice. \u00cdNDICE&nbsp;&nbsp;&nbsp;&nbsp;&nbsp;&nbsp;&nbsp;&nbsp;&nbsp;&nbsp; INTRODUCCI\u00d3N. AN\u00c1LISIS DEL CONTEXTO. PRINCIPIOS GENERALES DE LAS DISTINTAS ETAPAS, PRINCIPIOS PEDOG\u00d3GICOS Y METODOL\u00d3GICOS DEL CENTRO. OBJETIVOS PROPIOS PARA LA MEJORA&#46;&#46;&#46;<\/p>\n","protected":false},"author":13634,"featured_media":0,"parent":0,"menu_order":0,"comment_status":"closed","ping_status":"closed","template":"","meta":{"_exactmetrics_skip_tracking":false,"_exactmetrics_sitenote_active":false,"_exactmetrics_sitenote_note":"","_exactmetrics_sitenote_category":0,"ngg_post_thumbnail":0,"footnotes":""},"aioseo_notices":[],"_links":{"self":[{"href":"https:\/\/blogsaverroes.juntadeandalucia.es\/cpr-azahar\/wp-json\/wp\/v2\/pages\/1243"}],"collection":[{"href":"https:\/\/blogsaverroes.juntadeandalucia.es\/cpr-azahar\/wp-json\/wp\/v2\/pages"}],"about":[{"href":"https:\/\/blogsaverroes.juntadeandalucia.es\/cpr-azahar\/wp-json\/wp\/v2\/types\/page"}],"author":[{"embeddable":true,"href":"https:\/\/blogsaverroes.juntadeandalucia.es\/cpr-azahar\/wp-json\/wp\/v2\/users\/13634"}],"replies":[{"embeddable":true,"href":"https:\/\/blogsaverroes.juntadeandalucia.es\/cpr-azahar\/wp-json\/wp\/v2\/comments?post=1243"}],"version-history":[{"count":6,"href":"https:\/\/blogsaverroes.juntadeandalucia.es\/cpr-azahar\/wp-json\/wp\/v2\/pages\/1243\/revisions"}],"predecessor-version":[{"id":2271,"href":"https:\/\/blogsaverroes.juntadeandalucia.es\/cpr-azahar\/wp-json\/wp\/v2\/pages\/1243\/revisions\/2271"}],"wp:attachment":[{"href":"https:\/\/blogsaverroes.juntadeandalucia.es\/cpr-azahar\/wp-json\/wp\/v2\/media?parent=1243"}],"curies":[{"name":"wp","href":"https:\/\/api.w.org\/{rel}","templated":true}]}}