{"id":1249,"date":"2025-01-15T19:08:54","date_gmt":"2025-01-15T18:08:54","guid":{"rendered":"https:\/\/blogsaverroes.juntadeandalucia.es\/cpr-azahar\/?page_id=1249"},"modified":"2026-02-16T14:43:55","modified_gmt":"2026-02-16T13:43:55","slug":"proyecto-de-gestion","status":"publish","type":"page","link":"https:\/\/blogsaverroes.juntadeandalucia.es\/cpr-azahar\/proyecto-de-gestion\/","title":{"rendered":"Proyecto de Gesti\u00f3n"},"content":{"rendered":"<p>En caso de querer visualizar el documento, haga clic en el \u00edndice.<\/p>\n<p><a href=\"https:\/\/drive.google.com\/file\/d\/1s5_Z-xbJRQAjKqTg3sAQobrCu1Wuwnxu\/view?usp=drive_link\" target=\"_blank\" rel=\"noopener\"><strong>\u00cdNDICE<\/strong><\/a><\/p>\n<ol>\n<li>CRITERIOS PARA LA ELABORACI\u00d3N DEL PRESUPUESTO ANUAL DEL CENTRO Y PARA LA DISTRIBUCI\u00d3N DE LOS INGRESOS ENTRE LAS DISTINTAS PARTIDAS DE GASTO.<\/li>\n<li>CRITERIOS PARA LA GESTI\u00d3N DE LAS SUSTITUCIONES DE LAS AUSENCIAS DEL PROFESORADO.<\/li>\n<li>MEDIDAS PARA LA CONSERVACI\u00d3N Y RENOVACI\u00d3N DE LAS INSTALACIONES Y DEL EQUIPAMIENTO ESCOLAR.<\/li>\n<li>CRITERIOS PARA LA OBTENCI\u00d3N DE INGRESOS DERIVADOS DE LA PRESTACI\u00d3N DE SERVICIOS DISTINTOS DE LOS GRAVADOS POR TASAS, AS\u00cd COMO OTROS FONDOS PROCEDENTES DE ENTES P\u00daBLICOS, PRIVADOS O PARTICULARES.<\/li>\n<li>PROCEDIMIENTO PARA LA ELABORACI\u00d3N DEL INVENTARIO ANUAL GENERAL DEL CENTRO.<\/li>\n<li>CRITERIOS PARA UNA GESTI\u00d3N SOSTENIBLE DE LOS RECURSOS DEL CENTRO Y LOS RESIDUOS QUE GENERE.<\/li>\n<li>PRESUPUESTOS ANUALES Y CUENTAS DE GESTI\u00d3N.<\/li>\n<li>CONTRATOS.<\/li>\n<\/ol>\n","protected":false},"excerpt":{"rendered":"<p>En caso de querer visualizar el documento, haga clic en el \u00edndice. \u00cdNDICE CRITERIOS PARA LA ELABORACI\u00d3N DEL PRESUPUESTO ANUAL DEL CENTRO Y PARA LA DISTRIBUCI\u00d3N DE LOS INGRESOS ENTRE LAS DISTINTAS PARTIDAS DE&#46;&#46;&#46;<\/p>\n","protected":false},"author":13634,"featured_media":0,"parent":0,"menu_order":0,"comment_status":"closed","ping_status":"closed","template":"","meta":{"_exactmetrics_skip_tracking":false,"_exactmetrics_sitenote_active":false,"_exactmetrics_sitenote_note":"","_exactmetrics_sitenote_category":0,"ngg_post_thumbnail":0,"footnotes":""},"aioseo_notices":[],"_links":{"self":[{"href":"https:\/\/blogsaverroes.juntadeandalucia.es\/cpr-azahar\/wp-json\/wp\/v2\/pages\/1249"}],"collection":[{"href":"https:\/\/blogsaverroes.juntadeandalucia.es\/cpr-azahar\/wp-json\/wp\/v2\/pages"}],"about":[{"href":"https:\/\/blogsaverroes.juntadeandalucia.es\/cpr-azahar\/wp-json\/wp\/v2\/types\/page"}],"author":[{"embeddable":true,"href":"https:\/\/blogsaverroes.juntadeandalucia.es\/cpr-azahar\/wp-json\/wp\/v2\/users\/13634"}],"replies":[{"embeddable":true,"href":"https:\/\/blogsaverroes.juntadeandalucia.es\/cpr-azahar\/wp-json\/wp\/v2\/comments?post=1249"}],"version-history":[{"count":4,"href":"https:\/\/blogsaverroes.juntadeandalucia.es\/cpr-azahar\/wp-json\/wp\/v2\/pages\/1249\/revisions"}],"predecessor-version":[{"id":2273,"href":"https:\/\/blogsaverroes.juntadeandalucia.es\/cpr-azahar\/wp-json\/wp\/v2\/pages\/1249\/revisions\/2273"}],"wp:attachment":[{"href":"https:\/\/blogsaverroes.juntadeandalucia.es\/cpr-azahar\/wp-json\/wp\/v2\/media?parent=1249"}],"curies":[{"name":"wp","href":"https:\/\/api.w.org\/{rel}","templated":true}]}}