{"id":1467,"date":"2025-02-27T12:50:44","date_gmt":"2025-02-27T11:50:44","guid":{"rendered":"https:\/\/blogsaverroes.juntadeandalucia.es\/cpr-azahar\/?page_id=1467"},"modified":"2025-02-27T12:57:21","modified_gmt":"2025-02-27T11:57:21","slug":"registro-en-pasen","status":"publish","type":"page","link":"https:\/\/blogsaverroes.juntadeandalucia.es\/cpr-azahar\/registro-en-pasen\/","title":{"rendered":"Registro en PASEN"},"content":{"rendered":"<header class=\"entry-header\">\n<h1 class=\"entry-title\"><span style=\"text-decoration: underline\">REGISTRO EN PASEN<\/span><\/h1>\n<\/header>\n<div class=\"entry-content\">\n<p style=\"text-align: justify\">Se recomienda a todas las familias que se registren en PASEN, ya que es una herramienta esencial para seguir el progreso acad\u00e9mico de los ni\u00f1os y ni\u00f1as. Deben usarla regularmente para una mejor colaboraci\u00f3n con la tutor\u00eda y para recibir comunicaciones y temas de inter\u00e9s del centro.<\/p>\n<p style=\"text-align: justify\">El registro es con autologin en la web (no tengo registro) de&nbsp;<a href=\"https:\/\/seneca.juntadeandalucia.es\/seneca\/jsp\/general\/DetAutologin.jsp?rndval=279451472\" target=\"_blank\" rel=\"noopener\">pasen<\/a><\/p>\n<p style=\"text-align: justify\">Se aconseja hacer el registro en un ordenador y posteriormente instalarse la aplicaci\u00f3n ipasen en el m\u00f3vil, porque es m\u00e1s \u00fatil.<\/p>\n<\/div>\n","protected":false},"excerpt":{"rendered":"<p>REGISTRO EN PASEN Se recomienda a todas las familias que se registren en PASEN, ya que es una herramienta esencial para seguir el progreso acad\u00e9mico de los ni\u00f1os y ni\u00f1as. Deben usarla regularmente para&#46;&#46;&#46;<\/p>\n","protected":false},"author":13634,"featured_media":0,"parent":0,"menu_order":0,"comment_status":"closed","ping_status":"closed","template":"","meta":{"_exactmetrics_skip_tracking":false,"_exactmetrics_sitenote_active":false,"_exactmetrics_sitenote_note":"","_exactmetrics_sitenote_category":0,"ngg_post_thumbnail":0,"footnotes":""},"aioseo_notices":[],"_links":{"self":[{"href":"https:\/\/blogsaverroes.juntadeandalucia.es\/cpr-azahar\/wp-json\/wp\/v2\/pages\/1467"}],"collection":[{"href":"https:\/\/blogsaverroes.juntadeandalucia.es\/cpr-azahar\/wp-json\/wp\/v2\/pages"}],"about":[{"href":"https:\/\/blogsaverroes.juntadeandalucia.es\/cpr-azahar\/wp-json\/wp\/v2\/types\/page"}],"author":[{"embeddable":true,"href":"https:\/\/blogsaverroes.juntadeandalucia.es\/cpr-azahar\/wp-json\/wp\/v2\/users\/13634"}],"replies":[{"embeddable":true,"href":"https:\/\/blogsaverroes.juntadeandalucia.es\/cpr-azahar\/wp-json\/wp\/v2\/comments?post=1467"}],"version-history":[{"count":6,"href":"https:\/\/blogsaverroes.juntadeandalucia.es\/cpr-azahar\/wp-json\/wp\/v2\/pages\/1467\/revisions"}],"predecessor-version":[{"id":1474,"href":"https:\/\/blogsaverroes.juntadeandalucia.es\/cpr-azahar\/wp-json\/wp\/v2\/pages\/1467\/revisions\/1474"}],"wp:attachment":[{"href":"https:\/\/blogsaverroes.juntadeandalucia.es\/cpr-azahar\/wp-json\/wp\/v2\/media?parent=1467"}],"curies":[{"name":"wp","href":"https:\/\/api.w.org\/{rel}","templated":true}]}}