{"id":1610,"date":"2025-03-08T12:14:22","date_gmt":"2025-03-08T11:14:22","guid":{"rendered":"https:\/\/blogsaverroes.juntadeandalucia.es\/cpr-azahar\/?page_id=1610"},"modified":"2025-10-17T18:24:51","modified_gmt":"2025-10-17T17:24:51","slug":"prex","status":"publish","type":"page","link":"https:\/\/blogsaverroes.juntadeandalucia.es\/cpr-azahar\/prex\/","title":{"rendered":"PREX"},"content":{"rendered":"<div id=\"block-terra-page-title\" class=\"block block-core block-page-title-block\">\n<div class=\"content\">\n<h1 style=\"text-align: center\"><img loading=\"lazy\" decoding=\"async\" class=\"alignnone wp-image-1618\" src=\"https:\/\/blogsaverroes.juntadeandalucia.es\/cpr-azahar\/files\/2025\/03\/prex.jpeg\" alt=\"\" width=\"465\" height=\"160\"><\/h1>\n<h1 class=\"title\"><span style=\"font-family: 'trebuchet ms', geneva, sans-serif;color: #0000ff\"><strong><span class=\"field field--name-title field--type-string field--label-hidden\">Programa de Refuerzo de la Lengua Extranjera (PREX)<\/span><\/strong><\/span><\/h1>\n<\/div>\n<\/div>\n<div id=\"block-terra-content\" class=\"block block-system block-system-main-block\">\n<div class=\"content\">\n<article class=\"node node--type-planes-y-programas node--promoted node--view-mode-full clearfix\" role=\"article\">\n<header><\/header>\n<div class=\"node__content clearfix\">\n<div class=\"layout--cont-estruct container clearfix\">\n<div class=\"row\">\n<div class=\"col-12 col-md-12 col-lg-8\">\n<div class=\"info-general col-12\">\n<div class=\"block block-block-content block-block-contentc07ee092-ed5a-4fe4-b143-c80fb6d28ca9\">\n<div class=\"content\">\n<div class=\"clearfix text-formatted field field--name-body field--type-text-with-summary field--label-hidden field__item\">\n<p style=\"text-align: justify\">El Programa de Refuerzo de la Lengua Extranjera (PREX), financiado por la Consejer\u00eda de Desarrollo Educativo y Formaci\u00f3n Profesional,&nbsp;que se imparte por primera vez en su historia en nuestro centro, se concibe como las actuaciones dirigidas a reforzar el aprendizaje de la primera lengua extranjera, incidiendo en la comprensi\u00f3n auditiva y expresi\u00f3n e interacci\u00f3n oral desde edades tempranas, en aquellos centros docentes p\u00fablicos de Educaci\u00f3n Primaria que no imparten ense\u00f1anza biling\u00fce, con el fin de mejorar la competencia comunicativa del alumnado en dicha lengua.<\/p>\n<p style=\"text-align: justify\">Se pretende conseguir la mejora de la comprensi\u00f3n auditiva y expresi\u00f3n e interacci\u00f3n oral desde edades tempranas, en aquellos centros docentes p\u00fablicos de Educaci\u00f3n Primaria que no imparten ense\u00f1anza biling\u00fce, con el fin de mejorar la competencia comunicativa del alumnado en dicha lengua.<\/p>\n<p style=\"text-align: justify\">Actualmente, se lleva a cabo con alumnado de<strong> 1\u00ba, 2\u00ba y 3\u00ba<\/strong> de Primaria en las localidades de <b>Terque <\/b>y<b> Santa Fe.<\/b><\/p>\n<p><img loading=\"lazy\" decoding=\"async\" class=\"alignnone  wp-image-2156\" src=\"https:\/\/blogsaverroes.juntadeandalucia.es\/cpr-azahar\/files\/2025\/09\/encabez_logos_fse_21_27_actualizadofeb25_copia-300x19.png\" alt=\"\" width=\"789\" height=\"50\" srcset=\"https:\/\/blogsaverroes.juntadeandalucia.es\/cpr-azahar\/files\/2025\/09\/encabez_logos_fse_21_27_actualizadofeb25_copia-300x19.png 300w, https:\/\/blogsaverroes.juntadeandalucia.es\/cpr-azahar\/files\/2025\/09\/encabez_logos_fse_21_27_actualizadofeb25_copia-1024x65.png 1024w, https:\/\/blogsaverroes.juntadeandalucia.es\/cpr-azahar\/files\/2025\/09\/encabez_logos_fse_21_27_actualizadofeb25_copia-768x48.png 768w, https:\/\/blogsaverroes.juntadeandalucia.es\/cpr-azahar\/files\/2025\/09\/encabez_logos_fse_21_27_actualizadofeb25_copia-1536x97.png 1536w, https:\/\/blogsaverroes.juntadeandalucia.es\/cpr-azahar\/files\/2025\/09\/encabez_logos_fse_21_27_actualizadofeb25_copia.png 2000w\" sizes=\"(max-width: 789px) 100vw, 789px\" \/><\/p>\n<\/div>\n<\/div>\n<\/div>\n<\/div>\n<\/div>\n<\/div>\n<\/div>\n<\/div>\n<\/article>\n<\/div>\n<\/div>\n","protected":false},"excerpt":{"rendered":"<p>Programa de Refuerzo de la Lengua Extranjera (PREX) El Programa de Refuerzo de la Lengua Extranjera (PREX), financiado por la Consejer\u00eda de Desarrollo Educativo y Formaci\u00f3n Profesional,&nbsp;que se imparte por primera vez en su&#46;&#46;&#46;<\/p>\n","protected":false},"author":13634,"featured_media":0,"parent":0,"menu_order":0,"comment_status":"closed","ping_status":"closed","template":"","meta":{"_exactmetrics_skip_tracking":false,"_exactmetrics_sitenote_active":false,"_exactmetrics_sitenote_note":"","_exactmetrics_sitenote_category":0,"ngg_post_thumbnail":0,"footnotes":""},"aioseo_notices":[],"_links":{"self":[{"href":"https:\/\/blogsaverroes.juntadeandalucia.es\/cpr-azahar\/wp-json\/wp\/v2\/pages\/1610"}],"collection":[{"href":"https:\/\/blogsaverroes.juntadeandalucia.es\/cpr-azahar\/wp-json\/wp\/v2\/pages"}],"about":[{"href":"https:\/\/blogsaverroes.juntadeandalucia.es\/cpr-azahar\/wp-json\/wp\/v2\/types\/page"}],"author":[{"embeddable":true,"href":"https:\/\/blogsaverroes.juntadeandalucia.es\/cpr-azahar\/wp-json\/wp\/v2\/users\/13634"}],"replies":[{"embeddable":true,"href":"https:\/\/blogsaverroes.juntadeandalucia.es\/cpr-azahar\/wp-json\/wp\/v2\/comments?post=1610"}],"version-history":[{"count":7,"href":"https:\/\/blogsaverroes.juntadeandalucia.es\/cpr-azahar\/wp-json\/wp\/v2\/pages\/1610\/revisions"}],"predecessor-version":[{"id":1615,"href":"https:\/\/blogsaverroes.juntadeandalucia.es\/cpr-azahar\/wp-json\/wp\/v2\/pages\/1610\/revisions\/1615"}],"wp:attachment":[{"href":"https:\/\/blogsaverroes.juntadeandalucia.es\/cpr-azahar\/wp-json\/wp\/v2\/media?parent=1610"}],"curies":[{"name":"wp","href":"https:\/\/api.w.org\/{rel}","templated":true}]}}