{"id":1738,"date":"2025-03-13T13:21:41","date_gmt":"2025-03-13T12:21:41","guid":{"rendered":"https:\/\/blogsaverroes.juntadeandalucia.es\/cpr-azahar\/?page_id=1738"},"modified":"2025-03-17T11:12:43","modified_gmt":"2025-03-17T10:12:43","slug":"programacion","status":"publish","type":"page","link":"https:\/\/blogsaverroes.juntadeandalucia.es\/cpr-azahar\/programacion\/","title":{"rendered":"Programaci\u00f3n"},"content":{"rendered":"<p style=\"text-align: center\"><img loading=\"lazy\" decoding=\"async\" class=\"alignnone wp-image-1749\" src=\"https:\/\/blogsaverroes.juntadeandalucia.es\/cpr-azahar\/files\/2025\/03\/LEGO-300x207.jpg\" alt=\"\" width=\"329\" height=\"227\" srcset=\"https:\/\/blogsaverroes.juntadeandalucia.es\/cpr-azahar\/files\/2025\/03\/LEGO-300x207.jpg 300w, https:\/\/blogsaverroes.juntadeandalucia.es\/cpr-azahar\/files\/2025\/03\/LEGO-1024x705.jpg 1024w, https:\/\/blogsaverroes.juntadeandalucia.es\/cpr-azahar\/files\/2025\/03\/LEGO-768x529.jpg 768w, https:\/\/blogsaverroes.juntadeandalucia.es\/cpr-azahar\/files\/2025\/03\/LEGO.jpg 1500w\" sizes=\"(max-width: 329px) 100vw, 329px\" \/><\/p>\n<p style=\"text-align: center\"><span style=\"font-size: 24pt\"><strong>\u00a1Construyendo el futuro juntos! LEGO y Programaci\u00f3n con Tablets en nuestro colegio.<\/strong><\/span><\/p>\n<p style=\"text-align: justify\"><span style=\"color: #000080\"><strong>&nbsp;\ud83d\ude1b <span style=\"text-decoration: underline\">LEGO: Una herramienta para construir lo que aprendemos y somos (4\u00ba, 5\u00ba y 6\u00ba de primaria).<\/span><\/strong><\/span><\/p>\n<p style=\"text-align: justify\">Durante este curso estamos poniendo en marcha un emocionante proyecto de innovaci\u00f3n en nuestro centro: &#8220;LEGO EDUCATION SPIKE: Una herramienta para construir lo que aprendemos y somos&#8221;. Esta iniciativa, dirigida a nuestros alumnos de 4\u00ba, 5\u00ba y 6\u00ba de primaria, tiene como objetivo transformar la experiencia de aprendizaje, haciendo que sea m\u00e1s din\u00e1mica, creativa y significativa.<\/p>\n<p style=\"text-align: justify\"><strong>\u00bfPor qu\u00e9 LEGO?<\/strong><\/p>\n<p style=\"text-align: justify\">En un mundo en constante evoluci\u00f3n, la educaci\u00f3n debe adaptarse a los nuevos retos del siglo XXI. Por ello, hemos apostado por una metodolog\u00eda innovadora que promueve el aprendizaje activo y el desarrollo de competencias clave en nuestros estudiantes:<\/p>\n<ul style=\"text-align: justify\">\n<li><strong>Creatividad e innovaci\u00f3n:<\/strong> LEGO les permite explorar, experimentar y crear sin l\u00edmites, fomentando su capacidad para generar ideas originales.<\/li>\n<li><strong>Resoluci\u00f3n de problemas:<\/strong> Los desaf\u00edos de construcci\u00f3n les ense\u00f1an a analizar situaciones, identificar problemas y proponer soluciones creativas.<\/li>\n<li><strong>Pensamiento cr\u00edtico:<\/strong> Al construir, aprenden a evaluar opciones, considerar consecuencias y ajustar estrategias.<\/li>\n<li><strong>Trabajo en equipo y colaboraci\u00f3n:<\/strong> Los proyectos grupales mejoran sus habilidades de comunicaci\u00f3n, cooperaci\u00f3n y respeto por las ideas de los dem\u00e1s.<\/li>\n<li><strong>Aprendizaje STEAM:<\/strong> De forma divertida, exploran conceptos de ciencia, tecnolog\u00eda, ingenier\u00eda, arte y matem\u00e1ticas.<\/li>\n<\/ul>\n<p style=\"text-align: justify\"><strong>Beneficios para nuestros alumnos:<\/strong><\/p>\n<ul style=\"text-align: justify\">\n<li>Aprenden conceptos esenciales STEAM de forma pr\u00e1ctica y divertida.<\/li>\n<li>Desarrollan habilidades y competencias del siglo XXI, como el pensamiento cr\u00edtico, la creatividad y la colaboraci\u00f3n.<\/li>\n<li>Se convierten en pensadores innovadores y creativos, preparados para los desaf\u00edos del futuro.<\/li>\n<li>Aumentan su motivaci\u00f3n y compromiso con el aprendizaje.<\/li>\n<\/ul>\n<p>&nbsp;<\/p>\n<p style=\"text-align: center\"><img loading=\"lazy\" decoding=\"async\" class=\"alignnone size-medium wp-image-1751\" src=\"https:\/\/blogsaverroes.juntadeandalucia.es\/cpr-azahar\/files\/2025\/03\/danceparty_ai-300x225.jpg\" alt=\"\" width=\"300\" height=\"225\" srcset=\"https:\/\/blogsaverroes.juntadeandalucia.es\/cpr-azahar\/files\/2025\/03\/danceparty_ai-300x225.jpg 300w, https:\/\/blogsaverroes.juntadeandalucia.es\/cpr-azahar\/files\/2025\/03\/danceparty_ai.jpg 480w\" sizes=\"(max-width: 300px) 100vw, 300px\" \/><\/p>\n<p style=\"text-align: justify\"><span style=\"color: #000080\"><em><strong>&nbsp;\ud83d\ude06 <span style=\"text-decoration: underline\">Programando el futuro con Tablets (1\u00ba, 2\u00ba y 3\u00ba de primaria)<\/span><\/strong><\/em><\/span><\/p>\n<p style=\"text-align: justify\">Para nuestros alumnos m\u00e1s peque\u00f1os, de 1\u00ba, 2\u00ba y 3\u00ba de primaria, hemos implementado actividades de programaci\u00f3n con tablets. Esta iniciativa les permite:<\/p>\n<ul style=\"text-align: justify\">\n<li><strong>Introducci\u00f3n temprana a la programaci\u00f3n: <\/strong>\n<ul>\n<li>A trav\u00e9s de aplicaciones y juegos educativos, los ni\u00f1os aprenden conceptos b\u00e1sicos de programaci\u00f3n de forma l\u00fadica y accesible.<\/li>\n<li>Desarrollan el pensamiento l\u00f3gico y la capacidad de resolver problemas.<\/li>\n<\/ul>\n<\/li>\n<li><strong>Desarrollo de habilidades digitales: <\/strong>\n<ul>\n<li>Se familiarizan con el uso de la tecnolog\u00eda de forma segura y responsable.<\/li>\n<li>Adquieren habilidades que ser\u00e1n fundamentales en su futuro acad\u00e9mico y profesional.<\/li>\n<\/ul>\n<\/li>\n<li><strong>Aprendizaje personalizado: <\/strong>\n<ul>\n<li>Las tablets permiten adaptar las actividades al ritmo y nivel de cada ni\u00f1o.<\/li>\n<li>Fomentando el aprendizaje individual.<\/li>\n<\/ul>\n<\/li>\n<\/ul>\n<p style=\"text-align: justify\">&nbsp;<\/p>\n<p style=\"text-align: justify\"><em>Estamos convencidos de que estos proyectos enriquecer\u00e1n la experiencia educativa de nuestros alumnos, prepar\u00e1ndolos para un futuro lleno de posibilidades.<\/em><\/p>\n<p>&nbsp;<\/p>\n","protected":false},"excerpt":{"rendered":"<p>\u00a1Construyendo el futuro juntos! LEGO y Programaci\u00f3n con Tablets en nuestro colegio. &nbsp;\ud83d\ude1b LEGO: Una herramienta para construir lo que aprendemos y somos (4\u00ba, 5\u00ba y 6\u00ba de primaria). Durante este curso estamos poniendo&#46;&#46;&#46;<\/p>\n","protected":false},"author":13634,"featured_media":0,"parent":0,"menu_order":0,"comment_status":"closed","ping_status":"closed","template":"","meta":{"_exactmetrics_skip_tracking":false,"_exactmetrics_sitenote_active":false,"_exactmetrics_sitenote_note":"","_exactmetrics_sitenote_category":0,"ngg_post_thumbnail":0,"footnotes":""},"aioseo_notices":[],"_links":{"self":[{"href":"https:\/\/blogsaverroes.juntadeandalucia.es\/cpr-azahar\/wp-json\/wp\/v2\/pages\/1738"}],"collection":[{"href":"https:\/\/blogsaverroes.juntadeandalucia.es\/cpr-azahar\/wp-json\/wp\/v2\/pages"}],"about":[{"href":"https:\/\/blogsaverroes.juntadeandalucia.es\/cpr-azahar\/wp-json\/wp\/v2\/types\/page"}],"author":[{"embeddable":true,"href":"https:\/\/blogsaverroes.juntadeandalucia.es\/cpr-azahar\/wp-json\/wp\/v2\/users\/13634"}],"replies":[{"embeddable":true,"href":"https:\/\/blogsaverroes.juntadeandalucia.es\/cpr-azahar\/wp-json\/wp\/v2\/comments?post=1738"}],"version-history":[{"count":6,"href":"https:\/\/blogsaverroes.juntadeandalucia.es\/cpr-azahar\/wp-json\/wp\/v2\/pages\/1738\/revisions"}],"predecessor-version":[{"id":1766,"href":"https:\/\/blogsaverroes.juntadeandalucia.es\/cpr-azahar\/wp-json\/wp\/v2\/pages\/1738\/revisions\/1766"}],"wp:attachment":[{"href":"https:\/\/blogsaverroes.juntadeandalucia.es\/cpr-azahar\/wp-json\/wp\/v2\/media?parent=1738"}],"curies":[{"name":"wp","href":"https:\/\/api.w.org\/{rel}","templated":true}]}}