{"id":2006,"date":"2025-07-14T09:05:20","date_gmt":"2025-07-14T08:05:20","guid":{"rendered":"https:\/\/blogsaverroes.juntadeandalucia.es\/cpr-azahar\/?page_id=2006"},"modified":"2025-07-14T09:08:06","modified_gmt":"2025-07-14T08:08:06","slug":"educativos","status":"publish","type":"page","link":"https:\/\/blogsaverroes.juntadeandalucia.es\/cpr-azahar\/educativos\/","title":{"rendered":"Educativos"},"content":{"rendered":"<p style=\"text-align: justify\">Con objeto de estrechar la colaboraci\u00f3n con el profesorado, las familias del alumnado podr\u00e1n suscribir con el centro docente un <strong>compromiso educativo<\/strong> para procurar un adecuado seguimiento del proceso de aprendizaje de sus hijos e hijas,<\/p>\n<p style=\"text-align: justify\">El compromiso educativo estar\u00e1 especialmente indicado para aquel alumnado que <strong>presente dificultades de aprendizaje<\/strong> y tiene por objeto estimular y apoyar el proceso educativo de este alumnado y estrechar la colaboraci\u00f3n de las familias con el profesorado que le atiende. Al mismo tiempo determina que los centros ofrecer\u00e1n la posibilidad de suscribirlo a las familias del alumnado que presente dificultades de aprendizaje, de acuerdo con los criterios que se establezcan en el proyecto educativo, indicando que esta posibilidad se ofrezca, en todo caso, a las familias del alumnado que se encuentre en alguno de los siguientes casos:<\/p>\n<ul style=\"list-style-type: square;text-align: justify\">\n<li>Alumnado que tenga tres o m\u00e1s \u00e1reas no superadas tras la primera o la segunda evaluaci\u00f3n.<\/li>\n<li>Alumnado que repite curso y no tiene evaluaci\u00f3n positiva en todas las \u00e1reas, tras cada una de las evaluaciones parciales.<\/li>\n<li>Alumnado con el que se han adoptado medidas de refuerzo educativo o adaptaci\u00f3n curricular, sin que se aprecie un progreso adecuado en su nivel de competencia curricular.<\/li>\n<li>Alumnado con bajo nivel de desarrollo de h\u00e1bitos de estudio, esfuerzo y responsabilidad en el cumplimiento de las tareas.<\/li>\n<li>Alumnado absentista<\/li>\n<\/ul>\n<p style=\"text-align: justify\">El Consejo Escolar realizar\u00e1 el seguimiento de los compromisos educativos suscritos en el centro para garantizar su efectividad y proponer la adopci\u00f3n de medidas e iniciativas en caso de incumplimiento.<\/p>\n<p>&nbsp;<iframe loading=\"lazy\" src=\"https:\/\/drive.google.com\/file\/d\/1wC1znY-jGBxHg02rlYD-O-w5_RYv2GBw\/preview\" width=\"480\" height=\"360\"><\/iframe>&nbsp;<iframe loading=\"lazy\" src=\"https:\/\/drive.google.com\/file\/d\/1vzLNEjyyEqWeMuQeH6WB3KnsC4nPSPcC\/preview\" width=\"480\" height=\"360\"><span data-mce-type=\"bookmark\" style=\"width: 0px;overflow: hidden;line-height: 0\" class=\"mce_SELRES_start\">\ufeff<\/span><\/iframe><\/p>\n","protected":false},"excerpt":{"rendered":"<p>Con objeto de estrechar la colaboraci\u00f3n con el profesorado, las familias del alumnado podr\u00e1n suscribir con el centro docente un compromiso educativo para procurar un adecuado seguimiento del proceso de aprendizaje de sus hijos&#46;&#46;&#46;<\/p>\n","protected":false},"author":13634,"featured_media":0,"parent":0,"menu_order":0,"comment_status":"closed","ping_status":"closed","template":"","meta":{"_exactmetrics_skip_tracking":false,"_exactmetrics_sitenote_active":false,"_exactmetrics_sitenote_note":"","_exactmetrics_sitenote_category":0,"ngg_post_thumbnail":0,"footnotes":""},"aioseo_notices":[],"_links":{"self":[{"href":"https:\/\/blogsaverroes.juntadeandalucia.es\/cpr-azahar\/wp-json\/wp\/v2\/pages\/2006"}],"collection":[{"href":"https:\/\/blogsaverroes.juntadeandalucia.es\/cpr-azahar\/wp-json\/wp\/v2\/pages"}],"about":[{"href":"https:\/\/blogsaverroes.juntadeandalucia.es\/cpr-azahar\/wp-json\/wp\/v2\/types\/page"}],"author":[{"embeddable":true,"href":"https:\/\/blogsaverroes.juntadeandalucia.es\/cpr-azahar\/wp-json\/wp\/v2\/users\/13634"}],"replies":[{"embeddable":true,"href":"https:\/\/blogsaverroes.juntadeandalucia.es\/cpr-azahar\/wp-json\/wp\/v2\/comments?post=2006"}],"version-history":[{"count":5,"href":"https:\/\/blogsaverroes.juntadeandalucia.es\/cpr-azahar\/wp-json\/wp\/v2\/pages\/2006\/revisions"}],"predecessor-version":[{"id":2013,"href":"https:\/\/blogsaverroes.juntadeandalucia.es\/cpr-azahar\/wp-json\/wp\/v2\/pages\/2006\/revisions\/2013"}],"wp:attachment":[{"href":"https:\/\/blogsaverroes.juntadeandalucia.es\/cpr-azahar\/wp-json\/wp\/v2\/media?parent=2006"}],"curies":[{"name":"wp","href":"https:\/\/api.w.org\/{rel}","templated":true}]}}