{"id":2009,"date":"2025-07-14T09:09:07","date_gmt":"2025-07-14T08:09:07","guid":{"rendered":"https:\/\/blogsaverroes.juntadeandalucia.es\/cpr-azahar\/?page_id=2009"},"modified":"2025-07-14T09:09:54","modified_gmt":"2025-07-14T08:09:54","slug":"convivencia","status":"publish","type":"page","link":"https:\/\/blogsaverroes.juntadeandalucia.es\/cpr-azahar\/convivencia\/","title":{"rendered":"Convivencia"},"content":{"rendered":"<p style=\"text-align: justify\">El <strong>compromiso de convivencia<\/strong> est\u00e1 indicado para el alumnado que presente <strong>problemas de conducta o de aceptaci\u00f3n de las normas escolares<\/strong> y tiene por objeto establecer mecanismos de coordinaci\u00f3n entre las familias y el profesorado y otros profesionales que atienden al alumno o alumna, as\u00ed como colaborar en la aplicaci\u00f3n de las medidas que se propongan, tanto en el tiempo escolar como extraescolar, para superar esta situaci\u00f3n. Los compromisos de convivencia sirven para mejorar la implicaci\u00f3n de las familias en el centro y corresponsabilizarlas en la educaci\u00f3n de los menores.<\/p>\n<p style=\"text-align: justify\">El profesorado que ejerza la tutor\u00eda citar\u00e1 a las familias del alumnado, para suscribir un compromiso de convivencia en los siguientes casos:<\/p>\n<ul style=\"list-style-type: circle\">\n<li style=\"text-align: justify\">Alumnado que no acepta las normas establecidas en el aula o en el centro.<\/li>\n<li style=\"text-align: justify\">Alumnado con bajo grado de disciplina y\/o conductas contrarias a las normas de convivencia.<\/li>\n<li style=\"text-align: justify\">Alumnado con numerosas faltas de asistencia sin justificar y que dificultan su integraci\u00f3n.<\/li>\n<li style=\"text-align: justify\">Alumnado con problemas de atenci\u00f3n y aprendizaje que deriven en problemas de conducta.<\/li>\n<li style=\"text-align: justify\">Alumnado con dificultades para su integraci\u00f3n escolar.<\/li>\n<\/ul>\n<p style=\"text-align: justify\">Por su parte, los padres y madres del alumnado podr\u00e1n dirigirse al profesorado responsable de la tutor\u00eda de sus hijos e hijas, para solicitar la suscripci\u00f3n de un compromiso de convivencia, en cualquiera de los casos anteriores, si no han sido citados por el tutor o tutora, as\u00ed como en alguna de estas situaciones:<\/p>\n<ul style=\"list-style-type: disc\">\n<li style=\"text-align: justify\">Necesidad de orientaci\u00f3n para inculcar pautas de conducta, a su hijo o hija, en el \u00e1mbito familiar y solucionar problemas de convivencia.<\/li>\n<li style=\"text-align: justify\">Necesidad de asesoramiento para facilitar la integraci\u00f3n de su hijo\/a en el \u00e1mbito social, solucionando as\u00ed problemas de convivencia debidos a la falta de integraci\u00f3n.<\/li>\n<\/ul>\n<p style=\"text-align: justify\">En las fechas previstas para la evaluaci\u00f3n de la efectividad de las medidas adoptadas, las partes informar\u00e1n sobre los resultados de dicha evaluaci\u00f3n a la direcci\u00f3n del centro, para su traslado a la Comisi\u00f3n de Convivencia del Consejo Escolar.<\/p>\n<p style=\"text-align: justify\">La duraci\u00f3n de los compromisos de convivencia se establecer\u00e1 en funci\u00f3n de los objetivos a conseguir y de las necesidades de cada alumno o alumna, as\u00ed como de las caracter\u00edsticas de la familia.<\/p>\n<p>&nbsp; &nbsp; &nbsp; &nbsp; &nbsp; &nbsp; &nbsp; &nbsp; &nbsp; &nbsp; &nbsp; &nbsp; &nbsp; &nbsp; &nbsp; &nbsp; &nbsp; &nbsp; &nbsp; &nbsp; &nbsp; &nbsp;<iframe loading=\"lazy\" src=\"https:\/\/drive.google.com\/file\/d\/1pAxKXSeIWKx1QVAKhKO00KgDQR94JS3W\/preview\" width=\"640\" height=\"480\"><\/iframe>&nbsp;<\/p>\n","protected":false},"excerpt":{"rendered":"<p>El compromiso de convivencia est\u00e1 indicado para el alumnado que presente problemas de conducta o de aceptaci\u00f3n de las normas escolares y tiene por objeto establecer mecanismos de coordinaci\u00f3n entre las familias y el&#46;&#46;&#46;<\/p>\n","protected":false},"author":13634,"featured_media":0,"parent":0,"menu_order":0,"comment_status":"closed","ping_status":"closed","template":"","meta":{"_exactmetrics_skip_tracking":false,"_exactmetrics_sitenote_active":false,"_exactmetrics_sitenote_note":"","_exactmetrics_sitenote_category":0,"ngg_post_thumbnail":0,"footnotes":""},"aioseo_notices":[],"_links":{"self":[{"href":"https:\/\/blogsaverroes.juntadeandalucia.es\/cpr-azahar\/wp-json\/wp\/v2\/pages\/2009"}],"collection":[{"href":"https:\/\/blogsaverroes.juntadeandalucia.es\/cpr-azahar\/wp-json\/wp\/v2\/pages"}],"about":[{"href":"https:\/\/blogsaverroes.juntadeandalucia.es\/cpr-azahar\/wp-json\/wp\/v2\/types\/page"}],"author":[{"embeddable":true,"href":"https:\/\/blogsaverroes.juntadeandalucia.es\/cpr-azahar\/wp-json\/wp\/v2\/users\/13634"}],"replies":[{"embeddable":true,"href":"https:\/\/blogsaverroes.juntadeandalucia.es\/cpr-azahar\/wp-json\/wp\/v2\/comments?post=2009"}],"version-history":[{"count":4,"href":"https:\/\/blogsaverroes.juntadeandalucia.es\/cpr-azahar\/wp-json\/wp\/v2\/pages\/2009\/revisions"}],"predecessor-version":[{"id":2017,"href":"https:\/\/blogsaverroes.juntadeandalucia.es\/cpr-azahar\/wp-json\/wp\/v2\/pages\/2009\/revisions\/2017"}],"wp:attachment":[{"href":"https:\/\/blogsaverroes.juntadeandalucia.es\/cpr-azahar\/wp-json\/wp\/v2\/media?parent=2009"}],"curies":[{"name":"wp","href":"https:\/\/api.w.org\/{rel}","templated":true}]}}