{"id":2150,"date":"2025-09-19T21:05:56","date_gmt":"2025-09-19T20:05:56","guid":{"rendered":"https:\/\/blogsaverroes.juntadeandalucia.es\/cpr-azahar\/?page_id=2150"},"modified":"2025-09-19T21:05:56","modified_gmt":"2025-09-19T20:05:56","slug":"zts","status":"publish","type":"page","link":"https:\/\/blogsaverroes.juntadeandalucia.es\/cpr-azahar\/zts\/","title":{"rendered":"ZTS"},"content":{"rendered":"<p style=\"text-align: center\"><span style=\"font-size: 14pt\"><strong>PROGRAMA DE ATENCI\u00d3N SOCIOEDUCATIVA EN ZONAS CON NECESIDADES DE TRANSFORMACI\u00d3N SOCIAL (ZTS)<\/strong><\/span><\/p>\n<p><a href=\"https:\/\/blogsaverroes.juntadeandalucia.es\/cpr-azahar\/files\/2025\/09\/CARTEL_ZTS.jpg\" target=\"_blank\" rel=\"noopener\"><img loading=\"lazy\" decoding=\"async\" class=\"aligncenter wp-image-2151 size-medium\" src=\"https:\/\/blogsaverroes.juntadeandalucia.es\/cpr-azahar\/files\/2025\/09\/CARTEL_ZTS-212x300.jpg\" alt=\"\" width=\"212\" height=\"300\" srcset=\"https:\/\/blogsaverroes.juntadeandalucia.es\/cpr-azahar\/files\/2025\/09\/CARTEL_ZTS-212x300.jpg 212w, https:\/\/blogsaverroes.juntadeandalucia.es\/cpr-azahar\/files\/2025\/09\/CARTEL_ZTS-724x1024.jpg 724w, https:\/\/blogsaverroes.juntadeandalucia.es\/cpr-azahar\/files\/2025\/09\/CARTEL_ZTS-768x1087.jpg 768w, https:\/\/blogsaverroes.juntadeandalucia.es\/cpr-azahar\/files\/2025\/09\/CARTEL_ZTS-1085x1536.jpg 1085w, https:\/\/blogsaverroes.juntadeandalucia.es\/cpr-azahar\/files\/2025\/09\/CARTEL_ZTS.jpg 1240w\" sizes=\"(max-width: 212px) 100vw, 212px\" \/><\/a><\/p>\n<p style=\"text-align: justify\">Durante el curso 2025\/2026, nuestro centro contar\u00e1 con dos profesoras para implementar el <strong>Programa de Atenci\u00f3n Socioeducativa en Zonas con Necesidades de Transformaci\u00f3n Social (ZTS)<\/strong>. Esta iniciativa de la Consejer\u00eda de Desarrollo Educativo y Formaci\u00f3n Profesional se basa en la <a href=\"https:\/\/drive.google.com\/file\/d\/1kKzKkZdQz74xNVJKwsNoKL4lp-8F8gl4\/view?usp=sharing\" target=\"_blank\" rel=\"noopener\">Resoluci\u00f3n de 28 de mayo de 2025 de la Direcci\u00f3n General de Participaci\u00f3n e Inclusi\u00f3n Educativa<\/a>, y tiene como fin apoyar a la comunidad escolar en estas zonas.<\/p>\n<p style=\"text-align: justify\">El proyecto cuenta con financiaci\u00f3n del <strong>Fondo Social Europeo Plus (FSE+)<\/strong>, en el marco de las prioridades de inversi\u00f3n para <strong>&#8220;Garant\u00eda Infantil&#8221;<\/strong> y <strong>&#8220;Educaci\u00f3n y Formaci\u00f3n&#8221;<\/strong>.<\/p>\n<p style=\"text-align: justify\">Este programa tiene como objetivo principal <strong>mejorar el acceso y la permanencia del alumnado vulnerable<\/strong> en el sistema educativo, combatiendo el absentismo y el abandono escolar temprano. Para lograrlo, busca <strong>compensar las desigualdades<\/strong> socioecon\u00f3micas y geogr\u00e1ficas, promoviendo la inclusi\u00f3n cultural de minor\u00edas y fomenta la participaci\u00f3n de las familias. Adem\u00e1s, se centra en <strong>adaptar las metodolog\u00edas<\/strong> de ense\u00f1anza y la formaci\u00f3n del profesorado para responder a las necesidades espec\u00edficas de estos estudiantes, estableciendo mecanismos de coordinaci\u00f3n con otros organismos p\u00fablicos y privados.<\/p>\n<p style=\"text-align: justify\">El programa se centra en dos \u00e1reas clave: En cuanto al <strong>alumnado<\/strong>, busca ofrecer respuestas educativas adaptadas para reducir el desfase curricular, la repetici\u00f3n de curso y el absentismo escolar. Tambi\u00e9n tiene como objetivo prevenir el abandono escolar temprano, aumentar el n\u00famero de estudiantes que se grad\u00faan en la ESO y que contin\u00faan con estudios postobligatorios, adem\u00e1s de proporcionar apoyo emocional a quienes lo necesitan. En lo que se refiere a los <strong>centros docentes<\/strong>, el programa persigue que estos establezcan modelos organizativos y estrategias did\u00e1cticas que se adapten a las circunstancias y necesidades espec\u00edficas de sus estudiantes.<\/p>\n<p><img loading=\"lazy\" decoding=\"async\" class=\"alignnone  wp-image-2156\" src=\"https:\/\/blogsaverroes.juntadeandalucia.es\/cpr-azahar\/files\/2025\/09\/encabez_logos_fse_21_27_actualizadofeb25_copia-300x19.png\" alt=\"\" width=\"805\" height=\"51\" srcset=\"https:\/\/blogsaverroes.juntadeandalucia.es\/cpr-azahar\/files\/2025\/09\/encabez_logos_fse_21_27_actualizadofeb25_copia-300x19.png 300w, https:\/\/blogsaverroes.juntadeandalucia.es\/cpr-azahar\/files\/2025\/09\/encabez_logos_fse_21_27_actualizadofeb25_copia-1024x65.png 1024w, https:\/\/blogsaverroes.juntadeandalucia.es\/cpr-azahar\/files\/2025\/09\/encabez_logos_fse_21_27_actualizadofeb25_copia-768x48.png 768w, https:\/\/blogsaverroes.juntadeandalucia.es\/cpr-azahar\/files\/2025\/09\/encabez_logos_fse_21_27_actualizadofeb25_copia-1536x97.png 1536w, https:\/\/blogsaverroes.juntadeandalucia.es\/cpr-azahar\/files\/2025\/09\/encabez_logos_fse_21_27_actualizadofeb25_copia.png 2000w\" sizes=\"(max-width: 805px) 100vw, 805px\" \/><\/p>\n","protected":false},"excerpt":{"rendered":"<p>PROGRAMA DE ATENCI\u00d3N SOCIOEDUCATIVA EN ZONAS CON NECESIDADES DE TRANSFORMACI\u00d3N SOCIAL (ZTS) Durante el curso 2025\/2026, nuestro centro contar\u00e1 con dos profesoras para implementar el Programa de Atenci\u00f3n Socioeducativa en Zonas con Necesidades de&#46;&#46;&#46;<\/p>\n","protected":false},"author":13634,"featured_media":0,"parent":0,"menu_order":0,"comment_status":"closed","ping_status":"closed","template":"","meta":{"_exactmetrics_skip_tracking":false,"_exactmetrics_sitenote_active":false,"_exactmetrics_sitenote_note":"","_exactmetrics_sitenote_category":0,"ngg_post_thumbnail":0,"footnotes":""},"aioseo_notices":[],"_links":{"self":[{"href":"https:\/\/blogsaverroes.juntadeandalucia.es\/cpr-azahar\/wp-json\/wp\/v2\/pages\/2150"}],"collection":[{"href":"https:\/\/blogsaverroes.juntadeandalucia.es\/cpr-azahar\/wp-json\/wp\/v2\/pages"}],"about":[{"href":"https:\/\/blogsaverroes.juntadeandalucia.es\/cpr-azahar\/wp-json\/wp\/v2\/types\/page"}],"author":[{"embeddable":true,"href":"https:\/\/blogsaverroes.juntadeandalucia.es\/cpr-azahar\/wp-json\/wp\/v2\/users\/13634"}],"replies":[{"embeddable":true,"href":"https:\/\/blogsaverroes.juntadeandalucia.es\/cpr-azahar\/wp-json\/wp\/v2\/comments?post=2150"}],"version-history":[{"count":5,"href":"https:\/\/blogsaverroes.juntadeandalucia.es\/cpr-azahar\/wp-json\/wp\/v2\/pages\/2150\/revisions"}],"predecessor-version":[{"id":2157,"href":"https:\/\/blogsaverroes.juntadeandalucia.es\/cpr-azahar\/wp-json\/wp\/v2\/pages\/2150\/revisions\/2157"}],"wp:attachment":[{"href":"https:\/\/blogsaverroes.juntadeandalucia.es\/cpr-azahar\/wp-json\/wp\/v2\/media?parent=2150"}],"curies":[{"name":"wp","href":"https:\/\/api.w.org\/{rel}","templated":true}]}}