{"id":2198,"date":"2025-11-12T19:17:48","date_gmt":"2025-11-12T18:17:48","guid":{"rendered":"https:\/\/blogsaverroes.juntadeandalucia.es\/cpr-azahar\/?page_id=2198"},"modified":"2025-11-12T19:18:12","modified_gmt":"2025-11-12T18:18:12","slug":"2198-2","status":"publish","type":"page","link":"https:\/\/blogsaverroes.juntadeandalucia.es\/cpr-azahar\/2198-2\/","title":{"rendered":"Santa Fe C y la salud."},"content":{"rendered":"<p><img loading=\"lazy\" decoding=\"async\" class=\"alignnone wp-image-2199 aligncenter\" src=\"https:\/\/blogsaverroes.juntadeandalucia.es\/cpr-azahar\/files\/2025\/11\/Logo-Santa-Fe-C-y-la-salud-199x300.jpg\" alt=\"\" width=\"259\" height=\"390\" srcset=\"https:\/\/blogsaverroes.juntadeandalucia.es\/cpr-azahar\/files\/2025\/11\/Logo-Santa-Fe-C-y-la-salud-199x300.jpg 199w, https:\/\/blogsaverroes.juntadeandalucia.es\/cpr-azahar\/files\/2025\/11\/Logo-Santa-Fe-C-y-la-salud-680x1024.jpg 680w, https:\/\/blogsaverroes.juntadeandalucia.es\/cpr-azahar\/files\/2025\/11\/Logo-Santa-Fe-C-y-la-salud-768x1157.jpg 768w, https:\/\/blogsaverroes.juntadeandalucia.es\/cpr-azahar\/files\/2025\/11\/Logo-Santa-Fe-C-y-la-salud-1020x1536.jpg 1020w, https:\/\/blogsaverroes.juntadeandalucia.es\/cpr-azahar\/files\/2025\/11\/Logo-Santa-Fe-C-y-la-salud.jpg 1360w\" sizes=\"(max-width: 259px) 100vw, 259px\" \/><\/p>\n<p style=\"text-align: justify\"><span style=\"font-size: 14pt\">Durante la SDA1 &#8220;El cuerpo humano y la salud&#8221;, los alumnos de Santa Fe C, hemos estado trabajando en la elaboraci\u00f3n de un Podcast, que ha sido el producto final de esta situaci\u00f3n de aprendizaje. En \u00e9l, encontrar\u00e9is diferentes cap\u00edtulos en los que intentamos transmitir lo que hemos aprendido. Los sistemas del cuerpo humano, los h\u00e1bitos saludables, las enfermedades m\u00e1s comunes del sistema digestivo, la salud mental y los primeros auxilios, son tratados en este proyecto. Espero que disfrut\u00e9is y sobre todo aprend\u00e1is tanto como nosotros.<\/span><\/p>\n<h1><span style=\"background-color: #99cc00;font-family: terminal, monaco, monospace;color: #800000;font-size: 18pt\"><strong>CAP\u00cdTULO 0. PRESENTACI\u00d3N.<\/strong><\/span><\/h1>\n<!--[if lt IE 9]><script>document.createElement('audio');<\/script><![endif]-->\n<audio class=\"wp-audio-shortcode\" id=\"audio-2198-1\" preload=\"none\" style=\"width: 100%;\" controls=\"controls\"><source type=\"audio\/mpeg\" src=\"https:\/\/blogsaverroes.juntadeandalucia.es\/cpr-azahar\/files\/2025\/11\/Capitulo-0.-Presentacion.mp3?_=1\" \/><a href=\"https:\/\/blogsaverroes.juntadeandalucia.es\/cpr-azahar\/files\/2025\/11\/Capitulo-0.-Presentacion.mp3\">https:\/\/blogsaverroes.juntadeandalucia.es\/cpr-azahar\/files\/2025\/11\/Capitulo-0.-Presentacion.mp3<\/a><\/audio>\n<p>&nbsp;<\/p>\n<h1><span style=\"background-color: #99cc00;font-family: terminal, monaco, monospace;color: #800000;font-size: 18pt\"><strong>CAP\u00cdTULO 1. UNA M\u00c1QUINA EN ACCI\u00d3N.<\/strong><\/span><\/h1>\n<audio class=\"wp-audio-shortcode\" id=\"audio-2198-2\" preload=\"none\" style=\"width: 100%;\" controls=\"controls\"><source type=\"audio\/mpeg\" src=\"https:\/\/blogsaverroes.juntadeandalucia.es\/cpr-azahar\/files\/2025\/11\/Capitulo-1.-Una-maquina-en-accion.mp3?_=2\" \/><a href=\"https:\/\/blogsaverroes.juntadeandalucia.es\/cpr-azahar\/files\/2025\/11\/Capitulo-1.-Una-maquina-en-accion.mp3\">https:\/\/blogsaverroes.juntadeandalucia.es\/cpr-azahar\/files\/2025\/11\/Capitulo-1.-Una-maquina-en-accion.mp3<\/a><\/audio>\n<p>&nbsp;<\/p>\n<h1><span style=\"background-color: #99cc00;font-family: terminal, monaco, monospace;color: #800000;font-size: 18pt\"><strong>CAP\u00cdTULO 2. H\u00c1BITOS SALUDABLES.<\/strong><\/span><\/h1>\n<audio class=\"wp-audio-shortcode\" id=\"audio-2198-3\" preload=\"none\" style=\"width: 100%;\" controls=\"controls\"><source type=\"audio\/mpeg\" src=\"https:\/\/blogsaverroes.juntadeandalucia.es\/cpr-azahar\/files\/2025\/11\/Capitulo-2.-Habitos-saludables.-.mp3?_=3\" \/><a href=\"https:\/\/blogsaverroes.juntadeandalucia.es\/cpr-azahar\/files\/2025\/11\/Capitulo-2.-Habitos-saludables.-.mp3\">https:\/\/blogsaverroes.juntadeandalucia.es\/cpr-azahar\/files\/2025\/11\/Capitulo-2.-Habitos-saludables.-.mp3<\/a><\/audio>\n<p>&nbsp;<\/p>\n<h1><span style=\"background-color: #99cc00;font-family: terminal, monaco, monospace;color: #800000;font-size: 18pt\"><strong>CAP\u00cdTULO 3. ENFERMEDADES COMUNES EN EL SISTEMA DIGESTIVO.<\/strong><\/span><\/h1>\n<audio class=\"wp-audio-shortcode\" id=\"audio-2198-4\" preload=\"none\" style=\"width: 100%;\" controls=\"controls\"><source type=\"audio\/mpeg\" src=\"https:\/\/blogsaverroes.juntadeandalucia.es\/cpr-azahar\/files\/2025\/11\/Capitulo-3.-Enfermedades-comunes-del-sistema-digestivo.-.mp3?_=4\" \/><a href=\"https:\/\/blogsaverroes.juntadeandalucia.es\/cpr-azahar\/files\/2025\/11\/Capitulo-3.-Enfermedades-comunes-del-sistema-digestivo.-.mp3\">https:\/\/blogsaverroes.juntadeandalucia.es\/cpr-azahar\/files\/2025\/11\/Capitulo-3.-Enfermedades-comunes-del-sistema-digestivo.-.mp3<\/a><\/audio>\n<p>&nbsp;<\/p>\n<h1><span style=\"background-color: #99cc00;font-family: terminal, monaco, monospace;color: #800000;font-size: 18pt\"><strong>CAP\u00cdTULO 4. D\u00cdA DE LA SALUD MENTAL.<\/strong><\/span><\/h1>\n<audio class=\"wp-audio-shortcode\" id=\"audio-2198-5\" preload=\"none\" style=\"width: 100%;\" controls=\"controls\"><source type=\"audio\/mpeg\" src=\"https:\/\/blogsaverroes.juntadeandalucia.es\/cpr-azahar\/files\/2025\/11\/Capitulo-4.-Dia-de-la-Salud-mental.mp3?_=5\" \/><a href=\"https:\/\/blogsaverroes.juntadeandalucia.es\/cpr-azahar\/files\/2025\/11\/Capitulo-4.-Dia-de-la-Salud-mental.mp3\">https:\/\/blogsaverroes.juntadeandalucia.es\/cpr-azahar\/files\/2025\/11\/Capitulo-4.-Dia-de-la-Salud-mental.mp3<\/a><\/audio>\n<p>&nbsp;<\/p>\n<h1><span style=\"background-color: #99cc00;font-family: terminal, monaco, monospace;color: #800000;font-size: 18pt\"><strong>CAP\u00cdTULO 5. PRIMEROS AUXILIOS B\u00c1SICOS.<\/strong><\/span><\/h1>\n<audio class=\"wp-audio-shortcode\" id=\"audio-2198-6\" preload=\"none\" style=\"width: 100%;\" controls=\"controls\"><source type=\"audio\/mpeg\" src=\"https:\/\/blogsaverroes.juntadeandalucia.es\/cpr-azahar\/files\/2025\/11\/Capitulo-5.-Primeros-auxilios-basicos.-.mp3?_=6\" \/><a href=\"https:\/\/blogsaverroes.juntadeandalucia.es\/cpr-azahar\/files\/2025\/11\/Capitulo-5.-Primeros-auxilios-basicos.-.mp3\">https:\/\/blogsaverroes.juntadeandalucia.es\/cpr-azahar\/files\/2025\/11\/Capitulo-5.-Primeros-auxilios-basicos.-.mp3<\/a><\/audio>\n","protected":false},"excerpt":{"rendered":"<p>Durante la SDA1 &#8220;El cuerpo humano y la salud&#8221;, los alumnos de Santa Fe C, hemos estado trabajando en la elaboraci\u00f3n de un Podcast, que ha sido el producto final de esta situaci\u00f3n de&#46;&#46;&#46;<\/p>\n","protected":false},"author":13634,"featured_media":2199,"parent":0,"menu_order":0,"comment_status":"closed","ping_status":"closed","template":"","meta":{"_exactmetrics_skip_tracking":false,"_exactmetrics_sitenote_active":false,"_exactmetrics_sitenote_note":"","_exactmetrics_sitenote_category":0,"ngg_post_thumbnail":0,"footnotes":""},"aioseo_notices":[],"_links":{"self":[{"href":"https:\/\/blogsaverroes.juntadeandalucia.es\/cpr-azahar\/wp-json\/wp\/v2\/pages\/2198"}],"collection":[{"href":"https:\/\/blogsaverroes.juntadeandalucia.es\/cpr-azahar\/wp-json\/wp\/v2\/pages"}],"about":[{"href":"https:\/\/blogsaverroes.juntadeandalucia.es\/cpr-azahar\/wp-json\/wp\/v2\/types\/page"}],"author":[{"embeddable":true,"href":"https:\/\/blogsaverroes.juntadeandalucia.es\/cpr-azahar\/wp-json\/wp\/v2\/users\/13634"}],"replies":[{"embeddable":true,"href":"https:\/\/blogsaverroes.juntadeandalucia.es\/cpr-azahar\/wp-json\/wp\/v2\/comments?post=2198"}],"version-history":[{"count":8,"href":"https:\/\/blogsaverroes.juntadeandalucia.es\/cpr-azahar\/wp-json\/wp\/v2\/pages\/2198\/revisions"}],"predecessor-version":[{"id":2214,"href":"https:\/\/blogsaverroes.juntadeandalucia.es\/cpr-azahar\/wp-json\/wp\/v2\/pages\/2198\/revisions\/2214"}],"wp:featuredmedia":[{"embeddable":true,"href":"https:\/\/blogsaverroes.juntadeandalucia.es\/cpr-azahar\/wp-json\/wp\/v2\/media\/2199"}],"wp:attachment":[{"href":"https:\/\/blogsaverroes.juntadeandalucia.es\/cpr-azahar\/wp-json\/wp\/v2\/media?parent=2198"}],"curies":[{"name":"wp","href":"https:\/\/api.w.org\/{rel}","templated":true}]}}