{"id":2289,"date":"2026-04-17T12:17:22","date_gmt":"2026-04-17T11:17:22","guid":{"rendered":"https:\/\/blogsaverroes.juntadeandalucia.es\/cpr-azahar\/?page_id=2289"},"modified":"2026-04-17T12:17:22","modified_gmt":"2026-04-17T11:17:22","slug":"damos-el-tiempo","status":"publish","type":"page","link":"https:\/\/blogsaverroes.juntadeandalucia.es\/cpr-azahar\/damos-el-tiempo\/","title":{"rendered":"Damos el tiempo."},"content":{"rendered":"<p style=\"text-align: justify\">El alumnado de Santa Fe C ha elaborado un programa de radio en el que se encargaron de informar sobre el tiempo en distintas ciudades andaluzas. Esta actividad constituye el producto final de la Situaci\u00f3n de Aprendizaje 4, titulada \u201cNuestro planeta\u201d, en la que se han trabajado saberes relacionados con el clima y los fen\u00f3menos atmosf\u00e9ricos.<br \/>\nHa sido una experiencia muy enriquecedora y significativa, que les ha permitido aprender de forma pr\u00e1ctica y motivadora, sinti\u00e9ndose como aut\u00e9nticos profesionales de la meteorolog\u00eda.<br \/>\nA continuaci\u00f3n, pod\u00e9is escuchar el programa de radio.<\/p>\n<!--[if lt IE 9]><script>document.createElement('audio');<\/script><![endif]-->\n<audio class=\"wp-audio-shortcode\" id=\"audio-2289-1\" preload=\"none\" style=\"width: 100%;\" controls=\"controls\"><source type=\"audio\/mpeg\" src=\"https:\/\/blogsaverroes.juntadeandalucia.es\/cpr-azahar\/files\/2026\/04\/Noticias-del-tiempo.mp3?_=1\" \/><a href=\"https:\/\/blogsaverroes.juntadeandalucia.es\/cpr-azahar\/files\/2026\/04\/Noticias-del-tiempo.mp3\">https:\/\/blogsaverroes.juntadeandalucia.es\/cpr-azahar\/files\/2026\/04\/Noticias-del-tiempo.mp3<\/a><\/audio>\n<p>&nbsp;<\/p>\n<p style=\"text-align: center\"><img loading=\"lazy\" decoding=\"async\" class=\"alignnone size-medium wp-image-2291\" src=\"https:\/\/blogsaverroes.juntadeandalucia.es\/cpr-azahar\/files\/2026\/04\/WhatsApp-Image-2026-04-17-at-12.59.56-4-225x300.jpeg\" alt=\"\" width=\"225\" height=\"300\" srcset=\"https:\/\/blogsaverroes.juntadeandalucia.es\/cpr-azahar\/files\/2026\/04\/WhatsApp-Image-2026-04-17-at-12.59.56-4-225x300.jpeg 225w, https:\/\/blogsaverroes.juntadeandalucia.es\/cpr-azahar\/files\/2026\/04\/WhatsApp-Image-2026-04-17-at-12.59.56-4-768x1024.jpeg 768w, https:\/\/blogsaverroes.juntadeandalucia.es\/cpr-azahar\/files\/2026\/04\/WhatsApp-Image-2026-04-17-at-12.59.56-4-1152x1536.jpeg 1152w, https:\/\/blogsaverroes.juntadeandalucia.es\/cpr-azahar\/files\/2026\/04\/WhatsApp-Image-2026-04-17-at-12.59.56-4.jpeg 1200w\" sizes=\"(max-width: 225px) 100vw, 225px\" \/> <img loading=\"lazy\" decoding=\"async\" class=\"alignnone size-medium wp-image-2292\" src=\"https:\/\/blogsaverroes.juntadeandalucia.es\/cpr-azahar\/files\/2026\/04\/WhatsApp-Image-2026-04-17-at-12.59.56-3-225x300.jpeg\" alt=\"\" width=\"225\" height=\"300\" srcset=\"https:\/\/blogsaverroes.juntadeandalucia.es\/cpr-azahar\/files\/2026\/04\/WhatsApp-Image-2026-04-17-at-12.59.56-3-225x300.jpeg 225w, https:\/\/blogsaverroes.juntadeandalucia.es\/cpr-azahar\/files\/2026\/04\/WhatsApp-Image-2026-04-17-at-12.59.56-3-768x1024.jpeg 768w, https:\/\/blogsaverroes.juntadeandalucia.es\/cpr-azahar\/files\/2026\/04\/WhatsApp-Image-2026-04-17-at-12.59.56-3-1152x1536.jpeg 1152w, https:\/\/blogsaverroes.juntadeandalucia.es\/cpr-azahar\/files\/2026\/04\/WhatsApp-Image-2026-04-17-at-12.59.56-3.jpeg 1200w\" sizes=\"(max-width: 225px) 100vw, 225px\" \/> <img loading=\"lazy\" decoding=\"async\" class=\"alignnone size-medium wp-image-2293\" src=\"https:\/\/blogsaverroes.juntadeandalucia.es\/cpr-azahar\/files\/2026\/04\/WhatsApp-Image-2026-04-17-at-12.59.56-2-225x300.jpeg\" alt=\"\" width=\"225\" height=\"300\" srcset=\"https:\/\/blogsaverroes.juntadeandalucia.es\/cpr-azahar\/files\/2026\/04\/WhatsApp-Image-2026-04-17-at-12.59.56-2-225x300.jpeg 225w, https:\/\/blogsaverroes.juntadeandalucia.es\/cpr-azahar\/files\/2026\/04\/WhatsApp-Image-2026-04-17-at-12.59.56-2-768x1024.jpeg 768w, https:\/\/blogsaverroes.juntadeandalucia.es\/cpr-azahar\/files\/2026\/04\/WhatsApp-Image-2026-04-17-at-12.59.56-2-1152x1536.jpeg 1152w, https:\/\/blogsaverroes.juntadeandalucia.es\/cpr-azahar\/files\/2026\/04\/WhatsApp-Image-2026-04-17-at-12.59.56-2.jpeg 1200w\" sizes=\"(max-width: 225px) 100vw, 225px\" \/><\/p>\n<p style=\"text-align: center\"><img loading=\"lazy\" decoding=\"async\" class=\"alignnone size-medium wp-image-2294\" src=\"https:\/\/blogsaverroes.juntadeandalucia.es\/cpr-azahar\/files\/2026\/04\/WhatsApp-Image-2026-04-17-at-12.59.56-1-225x300.jpeg\" alt=\"\" width=\"225\" height=\"300\" srcset=\"https:\/\/blogsaverroes.juntadeandalucia.es\/cpr-azahar\/files\/2026\/04\/WhatsApp-Image-2026-04-17-at-12.59.56-1-225x300.jpeg 225w, https:\/\/blogsaverroes.juntadeandalucia.es\/cpr-azahar\/files\/2026\/04\/WhatsApp-Image-2026-04-17-at-12.59.56-1-768x1024.jpeg 768w, https:\/\/blogsaverroes.juntadeandalucia.es\/cpr-azahar\/files\/2026\/04\/WhatsApp-Image-2026-04-17-at-12.59.56-1-1152x1536.jpeg 1152w, https:\/\/blogsaverroes.juntadeandalucia.es\/cpr-azahar\/files\/2026\/04\/WhatsApp-Image-2026-04-17-at-12.59.56-1.jpeg 1200w\" sizes=\"(max-width: 225px) 100vw, 225px\" \/> <img loading=\"lazy\" decoding=\"async\" class=\"alignnone size-medium wp-image-2295\" src=\"https:\/\/blogsaverroes.juntadeandalucia.es\/cpr-azahar\/files\/2026\/04\/WhatsApp-Image-2026-04-17-at-12.59.56-225x300.jpeg\" alt=\"\" width=\"225\" height=\"300\" srcset=\"https:\/\/blogsaverroes.juntadeandalucia.es\/cpr-azahar\/files\/2026\/04\/WhatsApp-Image-2026-04-17-at-12.59.56-225x300.jpeg 225w, https:\/\/blogsaverroes.juntadeandalucia.es\/cpr-azahar\/files\/2026\/04\/WhatsApp-Image-2026-04-17-at-12.59.56-768x1024.jpeg 768w, https:\/\/blogsaverroes.juntadeandalucia.es\/cpr-azahar\/files\/2026\/04\/WhatsApp-Image-2026-04-17-at-12.59.56-1152x1536.jpeg 1152w, https:\/\/blogsaverroes.juntadeandalucia.es\/cpr-azahar\/files\/2026\/04\/WhatsApp-Image-2026-04-17-at-12.59.56.jpeg 1200w\" sizes=\"(max-width: 225px) 100vw, 225px\" \/><\/p>\n<p>&nbsp;<\/p>\n","protected":false},"excerpt":{"rendered":"<p>El alumnado de Santa Fe C ha elaborado un programa de radio en el que se encargaron de informar sobre el tiempo en distintas ciudades andaluzas. Esta actividad constituye el producto final de la&#46;&#46;&#46;<\/p>\n","protected":false},"author":13634,"featured_media":0,"parent":0,"menu_order":0,"comment_status":"closed","ping_status":"closed","template":"","meta":{"_exactmetrics_skip_tracking":false,"_exactmetrics_sitenote_active":false,"_exactmetrics_sitenote_note":"","_exactmetrics_sitenote_category":0,"ngg_post_thumbnail":0,"footnotes":""},"aioseo_notices":[],"_links":{"self":[{"href":"https:\/\/blogsaverroes.juntadeandalucia.es\/cpr-azahar\/wp-json\/wp\/v2\/pages\/2289"}],"collection":[{"href":"https:\/\/blogsaverroes.juntadeandalucia.es\/cpr-azahar\/wp-json\/wp\/v2\/pages"}],"about":[{"href":"https:\/\/blogsaverroes.juntadeandalucia.es\/cpr-azahar\/wp-json\/wp\/v2\/types\/page"}],"author":[{"embeddable":true,"href":"https:\/\/blogsaverroes.juntadeandalucia.es\/cpr-azahar\/wp-json\/wp\/v2\/users\/13634"}],"replies":[{"embeddable":true,"href":"https:\/\/blogsaverroes.juntadeandalucia.es\/cpr-azahar\/wp-json\/wp\/v2\/comments?post=2289"}],"version-history":[{"count":2,"href":"https:\/\/blogsaverroes.juntadeandalucia.es\/cpr-azahar\/wp-json\/wp\/v2\/pages\/2289\/revisions"}],"predecessor-version":[{"id":2297,"href":"https:\/\/blogsaverroes.juntadeandalucia.es\/cpr-azahar\/wp-json\/wp\/v2\/pages\/2289\/revisions\/2297"}],"wp:attachment":[{"href":"https:\/\/blogsaverroes.juntadeandalucia.es\/cpr-azahar\/wp-json\/wp\/v2\/media?parent=2289"}],"curies":[{"name":"wp","href":"https:\/\/api.w.org\/{rel}","templated":true}]}}