{"id":853,"date":"2020-12-18T08:50:47","date_gmt":"2020-12-18T07:50:47","guid":{"rendered":"https:\/\/blogsaverroes.juntadeandalucia.es\/pre\/plantilla-pencil\/?page_id=853"},"modified":"2026-02-26T10:29:07","modified_gmt":"2026-02-26T09:29:07","slug":"nuestra-historia","status":"publish","type":"page","link":"https:\/\/blogsaverroes.juntadeandalucia.es\/cpr-azahar\/inicio\/nuestra-historia\/","title":{"rendered":"Nuestra Historia"},"content":{"rendered":"<p><span style=\"font-weight: 400;font-size: 12pt\">El CPR Azahar naci\u00f3 en el curso 2008-2009. Tras separarse en dos el CPR Valle del Andarax, las localidades de Bentarique, Terque y Santa Fe de Mond\u00fajar se unieron a la de Alboloduy para formar nuestro CPR Azahar.<\/span><\/p>\n<p><span style=\"font-weight: 400;font-size: 12pt\">El colegio est\u00e1 ubicado en la Comarca del Medio-bajo Andarax. Se trata de pueblos escasamente poblados y con un \u00edndice de natalidad muy bajo, lo que hace peligrar, a\u00f1o tras a\u00f1o, la continuidad de alguna unidad. Esta caracter\u00edstica, propia de las zonas rurales, ha hecho que nuestro centro se adapte constantemente, logrando una flexibilidad que nos permite ofrecer una educaci\u00f3n personalizada y de calidad al alumnado.<\/span><\/p>\n<p><span style=\"font-weight: 400;font-size: 12pt\">Actualmente, el CPR Azahar cuenta con nueve unidades mixtas distribuidas en cuatro localidades: Alboloduy, Bentarique, Santa Fe de Mond\u00fajar y Terque. A pesar de la dispersi\u00f3n geogr\u00e1fica, mantenemos una estrecha colaboraci\u00f3n entre las distintas sedes, garantizando as\u00ed una oferta educativa homog\u00e9nea.<\/span><\/p>\n<p><span style=\"font-weight: 400;font-size: 12pt\">Una de las se\u00f1as de identidad de nuestro proyecto educativo es la organizaci\u00f3n de grupos multinivel. Esta metodolog\u00eda favorece la interacci\u00f3n entre alumnos de diferentes edades y niveles, fomentando la colaboraci\u00f3n, el respeto mutuo y el aprendizaje cooperativo.<\/span><\/p>\n<p><span style=\"font-weight: 400;font-size: 12pt\">A pesar de la distancia con la capital (unos 40 kil\u00f3metros hasta Alboloduy), nuestro centro est\u00e1 bien comunicado y fomenta la participaci\u00f3n en actividades culturales y extraescolares. Creemos firmemente que la educaci\u00f3n debe ser integral y que nuestros alumnos deben tener acceso a las mismas oportunidades que los estudiantes de las zonas urbanas.<\/span><\/p>\n","protected":false},"excerpt":{"rendered":"<p>El CPR Azahar naci\u00f3 en el curso 2008-2009. Tras separarse en dos el CPR Valle del Andarax, las localidades de Bentarique, Terque y Santa Fe de Mond\u00fajar se unieron a la de Alboloduy para&#46;&#46;&#46;<\/p>\n","protected":false},"author":13634,"featured_media":0,"parent":15,"menu_order":0,"comment_status":"closed","ping_status":"closed","template":"","meta":{"_exactmetrics_skip_tracking":false,"_exactmetrics_sitenote_active":false,"_exactmetrics_sitenote_note":"","_exactmetrics_sitenote_category":0,"ngg_post_thumbnail":0,"footnotes":""},"aioseo_notices":[],"_links":{"self":[{"href":"https:\/\/blogsaverroes.juntadeandalucia.es\/cpr-azahar\/wp-json\/wp\/v2\/pages\/853"}],"collection":[{"href":"https:\/\/blogsaverroes.juntadeandalucia.es\/cpr-azahar\/wp-json\/wp\/v2\/pages"}],"about":[{"href":"https:\/\/blogsaverroes.juntadeandalucia.es\/cpr-azahar\/wp-json\/wp\/v2\/types\/page"}],"author":[{"embeddable":true,"href":"https:\/\/blogsaverroes.juntadeandalucia.es\/cpr-azahar\/wp-json\/wp\/v2\/users\/13634"}],"replies":[{"embeddable":true,"href":"https:\/\/blogsaverroes.juntadeandalucia.es\/cpr-azahar\/wp-json\/wp\/v2\/comments?post=853"}],"version-history":[{"count":9,"href":"https:\/\/blogsaverroes.juntadeandalucia.es\/cpr-azahar\/wp-json\/wp\/v2\/pages\/853\/revisions"}],"predecessor-version":[{"id":2276,"href":"https:\/\/blogsaverroes.juntadeandalucia.es\/cpr-azahar\/wp-json\/wp\/v2\/pages\/853\/revisions\/2276"}],"up":[{"embeddable":true,"href":"https:\/\/blogsaverroes.juntadeandalucia.es\/cpr-azahar\/wp-json\/wp\/v2\/pages\/15"}],"wp:attachment":[{"href":"https:\/\/blogsaverroes.juntadeandalucia.es\/cpr-azahar\/wp-json\/wp\/v2\/media?parent=853"}],"curies":[{"name":"wp","href":"https:\/\/api.w.org\/{rel}","templated":true}]}}