{"id":206,"date":"2020-02-12T08:09:58","date_gmt":"2020-02-12T07:09:58","guid":{"rendered":"http:\/\/blogsaverroes.juntadeandalucia.es\/pre\/nuevoceip2v2\/?page_id=206"},"modified":"2025-02-11T14:03:43","modified_gmt":"2025-02-11T13:03:43","slug":"novedades","status":"publish","type":"page","link":"https:\/\/blogsaverroes.juntadeandalucia.es\/cpr-el-olivo\/novedades\/","title":{"rendered":"Novedades"},"content":{"rendered":"<div class=\"pt-cv-wrapper\"><div class=\"pt-cv-view pt-cv-grid pt-cv-colsys\" id=\"pt-cv-view-6ff817bh92\"><div data-id=\"pt-cv-page-1\" class=\"pt-cv-page\" data-cvc=\"3\"><div class=\"col-md-4 col-sm-6 col-xs-12 pt-cv-content-item pt-cv-1-col\" ><div class='pt-cv-ifield'><a href=\"https:\/\/blogsaverroes.juntadeandalucia.es\/cpr-el-olivo\/el-cpr-el-olivo-participara-en-la-i-feria-de-la-ciencia-de-jaen-con-un-stand-propio\/\" class=\"_self pt-cv-href-thumbnail pt-cv-thumb-default\" target=\"_self\" ><img loading=\"lazy\" decoding=\"async\" width=\"400\" height=\"400\" src=\"https:\/\/blogsaverroes.juntadeandalucia.es\/cpr-el-olivo\/files\/2026\/04\/icon_Microbit.png\" class=\"pt-cv-thumbnail\" alt=\"\" srcset=\"https:\/\/blogsaverroes.juntadeandalucia.es\/cpr-el-olivo\/files\/2026\/04\/icon_Microbit.png 400w, https:\/\/blogsaverroes.juntadeandalucia.es\/cpr-el-olivo\/files\/2026\/04\/icon_Microbit-300x300.png 300w, https:\/\/blogsaverroes.juntadeandalucia.es\/cpr-el-olivo\/files\/2026\/04\/icon_Microbit-150x150.png 150w, https:\/\/blogsaverroes.juntadeandalucia.es\/cpr-el-olivo\/files\/2026\/04\/icon_Microbit-80x80.png 80w, https:\/\/blogsaverroes.juntadeandalucia.es\/cpr-el-olivo\/files\/2026\/04\/icon_Microbit-320x320.png 320w\" sizes=\"(max-width: 400px) 100vw, 400px\" \/><\/a>\n<h4 class=\"pt-cv-title\"><a href=\"https:\/\/blogsaverroes.juntadeandalucia.es\/cpr-el-olivo\/el-cpr-el-olivo-participara-en-la-i-feria-de-la-ciencia-de-jaen-con-un-stand-propio\/\" class=\"_self\" target=\"_self\" >El CPR El Olivo participar\u00e1 en la I Feria de la Ciencia de Ja\u00e9n con un stand propio<\/a><\/h4>\n<div class=\"pt-cv-content\">El pr\u00f3ximo 20 de mayo se celebrar\u00e1 la I Feria de la Ciencia de Ja\u00e9n, ...<br \/><div class=\"pt-cv-rmwrap\"><a href=\"https:\/\/blogsaverroes.juntadeandalucia.es\/cpr-el-olivo\/el-cpr-el-olivo-participara-en-la-i-feria-de-la-ciencia-de-jaen-con-un-stand-propio\/\" class=\"_self pt-cv-readmore btn btn-success\" target=\"_self\">Leer M\u00e1s<\/a><\/div><\/div><\/div><\/div>\n<div class=\"col-md-4 col-sm-6 col-xs-12 pt-cv-content-item pt-cv-1-col\" ><div class='pt-cv-ifield'><a href=\"https:\/\/blogsaverroes.juntadeandalucia.es\/cpr-el-olivo\/el-alumnado-del-cpr-el-olivo-da-la-bienvenida-a-la-semana-santa-en-la-pena-de-los-gitanos-montefrio\/\" class=\"_self pt-cv-href-thumbnail pt-cv-thumb-default\" target=\"_self\" ><img loading=\"lazy\" decoding=\"async\" width=\"2560\" height=\"1920\" src=\"https:\/\/blogsaverroes.juntadeandalucia.es\/cpr-el-olivo\/files\/2026\/04\/IMG_2004-scaled.jpeg\" class=\"pt-cv-thumbnail\" alt=\"\" srcset=\"https:\/\/blogsaverroes.juntadeandalucia.es\/cpr-el-olivo\/files\/2026\/04\/IMG_2004-scaled.jpeg 2560w, https:\/\/blogsaverroes.juntadeandalucia.es\/cpr-el-olivo\/files\/2026\/04\/IMG_2004-300x225.jpeg 300w, https:\/\/blogsaverroes.juntadeandalucia.es\/cpr-el-olivo\/files\/2026\/04\/IMG_2004-1024x768.jpeg 1024w, https:\/\/blogsaverroes.juntadeandalucia.es\/cpr-el-olivo\/files\/2026\/04\/IMG_2004-768x576.jpeg 768w, https:\/\/blogsaverroes.juntadeandalucia.es\/cpr-el-olivo\/files\/2026\/04\/IMG_2004-1536x1152.jpeg 1536w, https:\/\/blogsaverroes.juntadeandalucia.es\/cpr-el-olivo\/files\/2026\/04\/IMG_2004-2048x1536.jpeg 2048w\" sizes=\"(max-width: 2560px) 100vw, 2560px\" \/><\/a>\n<h4 class=\"pt-cv-title\"><a href=\"https:\/\/blogsaverroes.juntadeandalucia.es\/cpr-el-olivo\/el-alumnado-del-cpr-el-olivo-da-la-bienvenida-a-la-semana-santa-en-la-pena-de-los-gitanos-montefrio\/\" class=\"_self\" target=\"_self\" >El alumnado del CPR El Olivo da la bienvenida a la Semana Santa en la Pe\u00f1a de los Gitanos (Montefr\u00edo)<\/a><\/h4>\n<div class=\"pt-cv-content\">Para celebrar la llegada de la Semana Santa, el alumnado del CPR El Olivo ha ...<br \/><div class=\"pt-cv-rmwrap\"><a href=\"https:\/\/blogsaverroes.juntadeandalucia.es\/cpr-el-olivo\/el-alumnado-del-cpr-el-olivo-da-la-bienvenida-a-la-semana-santa-en-la-pena-de-los-gitanos-montefrio\/\" class=\"_self pt-cv-readmore btn btn-success\" target=\"_self\">Leer M\u00e1s<\/a><\/div><\/div><\/div><\/div>\n<div class=\"col-md-4 col-sm-6 col-xs-12 pt-cv-content-item pt-cv-1-col\" ><div class='pt-cv-ifield'><a href=\"https:\/\/blogsaverroes.juntadeandalucia.es\/cpr-el-olivo\/el-cpr-el-olivo-comparte-su-experiencia-de-dinamizacion-de-bibliotecas-escolares-en-tarifa\/\" class=\"_self pt-cv-href-thumbnail pt-cv-thumb-default\" target=\"_self\" ><img loading=\"lazy\" decoding=\"async\" width=\"2560\" height=\"1920\" src=\"https:\/\/blogsaverroes.juntadeandalucia.es\/cpr-el-olivo\/files\/2026\/03\/IMG_1468-scaled.jpeg\" class=\"pt-cv-thumbnail\" alt=\"\" srcset=\"https:\/\/blogsaverroes.juntadeandalucia.es\/cpr-el-olivo\/files\/2026\/03\/IMG_1468-scaled.jpeg 2560w, https:\/\/blogsaverroes.juntadeandalucia.es\/cpr-el-olivo\/files\/2026\/03\/IMG_1468-300x225.jpeg 300w, https:\/\/blogsaverroes.juntadeandalucia.es\/cpr-el-olivo\/files\/2026\/03\/IMG_1468-1024x768.jpeg 1024w, https:\/\/blogsaverroes.juntadeandalucia.es\/cpr-el-olivo\/files\/2026\/03\/IMG_1468-768x576.jpeg 768w, https:\/\/blogsaverroes.juntadeandalucia.es\/cpr-el-olivo\/files\/2026\/03\/IMG_1468-1536x1152.jpeg 1536w, https:\/\/blogsaverroes.juntadeandalucia.es\/cpr-el-olivo\/files\/2026\/03\/IMG_1468-2048x1536.jpeg 2048w\" sizes=\"(max-width: 2560px) 100vw, 2560px\" \/><\/a>\n<h4 class=\"pt-cv-title\"><a href=\"https:\/\/blogsaverroes.juntadeandalucia.es\/cpr-el-olivo\/el-cpr-el-olivo-comparte-su-experiencia-de-dinamizacion-de-bibliotecas-escolares-en-tarifa\/\" class=\"_self\" target=\"_self\" >El CPR El Olivo comparte su experiencia de dinamizaci\u00f3n de bibliotecas escolares en Tarifa<\/a><\/h4>\n<div class=\"pt-cv-content\">El pasado 12 de marzo, el equipo directivo del CPR El Olivo particip\u00f3 en las ...<br \/><div class=\"pt-cv-rmwrap\"><a href=\"https:\/\/blogsaverroes.juntadeandalucia.es\/cpr-el-olivo\/el-cpr-el-olivo-comparte-su-experiencia-de-dinamizacion-de-bibliotecas-escolares-en-tarifa\/\" class=\"_self pt-cv-readmore btn btn-success\" target=\"_self\">Leer M\u00e1s<\/a><\/div><\/div><\/div><\/div>\n<div class=\"col-md-4 col-sm-6 col-xs-12 pt-cv-content-item pt-cv-1-col\" ><div class='pt-cv-ifield'><a href=\"https:\/\/blogsaverroes.juntadeandalucia.es\/cpr-el-olivo\/el-cpr-el-olivo-celebra-el-8m-con-el-cuento-teatralizado-asamblea-de-juguetes\/\" class=\"_self pt-cv-href-thumbnail pt-cv-thumb-default\" target=\"_self\" ><img loading=\"lazy\" decoding=\"async\" width=\"1496\" height=\"1496\" src=\"https:\/\/blogsaverroes.juntadeandalucia.es\/cpr-el-olivo\/files\/2026\/03\/WhatsApp-Image-2026-03-16-at-13.10.40.jpeg\" class=\"pt-cv-thumbnail\" alt=\"\" srcset=\"https:\/\/blogsaverroes.juntadeandalucia.es\/cpr-el-olivo\/files\/2026\/03\/WhatsApp-Image-2026-03-16-at-13.10.40.jpeg 1496w, https:\/\/blogsaverroes.juntadeandalucia.es\/cpr-el-olivo\/files\/2026\/03\/WhatsApp-Image-2026-03-16-at-13.10.40-300x300.jpeg 300w, https:\/\/blogsaverroes.juntadeandalucia.es\/cpr-el-olivo\/files\/2026\/03\/WhatsApp-Image-2026-03-16-at-13.10.40-1024x1024.jpeg 1024w, https:\/\/blogsaverroes.juntadeandalucia.es\/cpr-el-olivo\/files\/2026\/03\/WhatsApp-Image-2026-03-16-at-13.10.40-150x150.jpeg 150w, https:\/\/blogsaverroes.juntadeandalucia.es\/cpr-el-olivo\/files\/2026\/03\/WhatsApp-Image-2026-03-16-at-13.10.40-768x768.jpeg 768w, https:\/\/blogsaverroes.juntadeandalucia.es\/cpr-el-olivo\/files\/2026\/03\/WhatsApp-Image-2026-03-16-at-13.10.40-80x80.jpeg 80w, https:\/\/blogsaverroes.juntadeandalucia.es\/cpr-el-olivo\/files\/2026\/03\/WhatsApp-Image-2026-03-16-at-13.10.40-320x320.jpeg 320w\" sizes=\"(max-width: 1496px) 100vw, 1496px\" \/><\/a>\n<h4 class=\"pt-cv-title\"><a href=\"https:\/\/blogsaverroes.juntadeandalucia.es\/cpr-el-olivo\/el-cpr-el-olivo-celebra-el-8m-con-el-cuento-teatralizado-asamblea-de-juguetes\/\" class=\"_self\" target=\"_self\" >El CPR El Olivo celebra el 8M con el cuento teatralizado \u201cAsamblea de Juguetes\u201d<\/a><\/h4>\n<div class=\"pt-cv-content\">Durante estos d\u00edas ha tenido lugar en las tres sedes del CPR El Olivo (Mures, ...<br \/><div class=\"pt-cv-rmwrap\"><a href=\"https:\/\/blogsaverroes.juntadeandalucia.es\/cpr-el-olivo\/el-cpr-el-olivo-celebra-el-8m-con-el-cuento-teatralizado-asamblea-de-juguetes\/\" class=\"_self pt-cv-readmore btn btn-success\" target=\"_self\">Leer M\u00e1s<\/a><\/div><\/div><\/div><\/div>\n<div class=\"col-md-4 col-sm-6 col-xs-12 pt-cv-content-item pt-cv-1-col\" ><div class='pt-cv-ifield'><a href=\"https:\/\/blogsaverroes.juntadeandalucia.es\/cpr-el-olivo\/nuestro-alumnado-visita-los-institutos-de-alcala-la-real\/\" class=\"_self pt-cv-href-thumbnail pt-cv-thumb-default\" target=\"_self\" ><img loading=\"lazy\" decoding=\"async\" width=\"1920\" height=\"2560\" src=\"https:\/\/blogsaverroes.juntadeandalucia.es\/cpr-el-olivo\/files\/2026\/03\/IMG_1147-scaled.jpeg\" class=\"pt-cv-thumbnail\" alt=\"\" srcset=\"https:\/\/blogsaverroes.juntadeandalucia.es\/cpr-el-olivo\/files\/2026\/03\/IMG_1147-scaled.jpeg 1920w, https:\/\/blogsaverroes.juntadeandalucia.es\/cpr-el-olivo\/files\/2026\/03\/IMG_1147-225x300.jpeg 225w, https:\/\/blogsaverroes.juntadeandalucia.es\/cpr-el-olivo\/files\/2026\/03\/IMG_1147-768x1024.jpeg 768w, https:\/\/blogsaverroes.juntadeandalucia.es\/cpr-el-olivo\/files\/2026\/03\/IMG_1147-1152x1536.jpeg 1152w, https:\/\/blogsaverroes.juntadeandalucia.es\/cpr-el-olivo\/files\/2026\/03\/IMG_1147-1536x2048.jpeg 1536w\" sizes=\"(max-width: 1920px) 100vw, 1920px\" \/><\/a>\n<h4 class=\"pt-cv-title\"><a href=\"https:\/\/blogsaverroes.juntadeandalucia.es\/cpr-el-olivo\/nuestro-alumnado-visita-los-institutos-de-alcala-la-real\/\" class=\"_self\" target=\"_self\" >Nuestro alumnado visita los institutos de Alcal\u00e1 la Real<\/a><\/h4>\n<div class=\"pt-cv-content\">Los d\u00edas 4 y 5 de marzo, el alumnado del CPR El Olivo particip\u00f3 en ...<br \/><div class=\"pt-cv-rmwrap\"><a href=\"https:\/\/blogsaverroes.juntadeandalucia.es\/cpr-el-olivo\/nuestro-alumnado-visita-los-institutos-de-alcala-la-real\/\" class=\"_self pt-cv-readmore btn btn-success\" target=\"_self\">Leer M\u00e1s<\/a><\/div><\/div><\/div><\/div>\n<div class=\"col-md-4 col-sm-6 col-xs-12 pt-cv-content-item pt-cv-1-col\" ><div class='pt-cv-ifield'><a href=\"https:\/\/blogsaverroes.juntadeandalucia.es\/cpr-el-olivo\/el-cpr-el-olivo-celebra-el-dia-internacional-de-la-mujer-con-una-jornada-muy-especial\/\" class=\"_self pt-cv-href-thumbnail pt-cv-thumb-default\" target=\"_self\" ><img loading=\"lazy\" decoding=\"async\" width=\"1536\" height=\"2048\" src=\"https:\/\/blogsaverroes.juntadeandalucia.es\/cpr-el-olivo\/files\/2026\/03\/WhatsApp-Image-2026-03-07-at-08.15.46-3.jpeg\" class=\"pt-cv-thumbnail\" alt=\"\" srcset=\"https:\/\/blogsaverroes.juntadeandalucia.es\/cpr-el-olivo\/files\/2026\/03\/WhatsApp-Image-2026-03-07-at-08.15.46-3.jpeg 1536w, https:\/\/blogsaverroes.juntadeandalucia.es\/cpr-el-olivo\/files\/2026\/03\/WhatsApp-Image-2026-03-07-at-08.15.46-3-225x300.jpeg 225w, https:\/\/blogsaverroes.juntadeandalucia.es\/cpr-el-olivo\/files\/2026\/03\/WhatsApp-Image-2026-03-07-at-08.15.46-3-768x1024.jpeg 768w, https:\/\/blogsaverroes.juntadeandalucia.es\/cpr-el-olivo\/files\/2026\/03\/WhatsApp-Image-2026-03-07-at-08.15.46-3-1152x1536.jpeg 1152w\" sizes=\"(max-width: 1536px) 100vw, 1536px\" \/><\/a>\n<h4 class=\"pt-cv-title\"><a href=\"https:\/\/blogsaverroes.juntadeandalucia.es\/cpr-el-olivo\/el-cpr-el-olivo-celebra-el-dia-internacional-de-la-mujer-con-una-jornada-muy-especial\/\" class=\"_self\" target=\"_self\" >El CPR El Olivo celebra el D\u00eda Internacional de la Mujer con una jornada muy especial<\/a><\/h4>\n<div class=\"pt-cv-content\">El alumnado y profesorado de las tres sedes, se reunieron en la aldea de Ermita ...<br \/><div class=\"pt-cv-rmwrap\"><a href=\"https:\/\/blogsaverroes.juntadeandalucia.es\/cpr-el-olivo\/el-cpr-el-olivo-celebra-el-dia-internacional-de-la-mujer-con-una-jornada-muy-especial\/\" class=\"_self pt-cv-readmore btn btn-success\" target=\"_self\">Leer M\u00e1s<\/a><\/div><\/div><\/div><\/div><\/div><\/div>\n<div class=\" pt-cv-pagination-wrapper\"><ul class=\"pt-cv-pagination pt-cv-ajax pagination\" data-totalpages=\"6\" data-currentpage=\"1\" data-sid=\"6ff817bh92\" data-unid=\"\" data-isblock=\"\" data-postid=\"\"><li class=\"active\"><a href=\"#\">1<\/a><\/li>\n\t<li ><a class=\"\" href=\"https:\/\/blogsaverroes.juntadeandalucia.es\/cpr-el-olivo\/wp-json\/wp\/v2\/pages\/206\/?_page=2\">2<\/a><\/li>\n\t<li ><a class=\"\" href=\"https:\/\/blogsaverroes.juntadeandalucia.es\/cpr-el-olivo\/wp-json\/wp\/v2\/pages\/206\/?_page=3\">3<\/a><\/li>\n\t<li ><a href=\"#\">&hellip;<\/a><\/li>\n\t<li ><a class=\"\" href=\"https:\/\/blogsaverroes.juntadeandalucia.es\/cpr-el-olivo\/wp-json\/wp\/v2\/pages\/206\/?_page=6\">6<\/a><\/li>\n\t<li ><a class=\" \" href=\"https:\/\/blogsaverroes.juntadeandalucia.es\/cpr-el-olivo\/wp-json\/wp\/v2\/pages\/206\/?_page=2\">&rsaquo;<\/a><\/li>\n\t<\/ul><img loading=\"lazy\" decoding=\"async\" width=\"15\" height=\"15\" class=\"pt-cv-spinner\" alt=\"Cargando...\" src=\"data:image\/gif;base64,R0lGODlhDwAPALMPAMrKygwMDJOTkz09PZWVla+vr3p6euTk5M7OzuXl5TMzMwAAAJmZmWZmZszMzP\/\/\/yH\/C05FVFNDQVBFMi4wAwEAAAAh+QQFCgAPACwAAAAADwAPAAAEQvDJaZaZOIcV8iQK8VRX4iTYoAwZ4iCYoAjZ4RxejhVNoT+mRGP4cyF4Pp0N98sBGIBMEMOotl6YZ3S61Bmbkm4mAgAh+QQFCgAPACwAAAAADQANAAAENPDJSRSZeA418itN8QiK8BiLITVsFiyBBIoYqnoewAD4xPw9iY4XLGYSjkQR4UAUD45DLwIAIfkEBQoADwAsAAAAAA8ACQAABC\/wyVlamTi3nSdgwFNdhEJgTJoNyoB9ISYoQmdjiZPcj7EYCAeCF1gEDo4Dz2eIAAAh+QQFCgAPACwCAAAADQANAAAEM\/DJBxiYeLKdX3IJZT1FU0iIg2RNKx3OkZVnZ98ToRD4MyiDnkAh6BkNC0MvsAj0kMpHBAAh+QQFCgAPACwGAAAACQAPAAAEMDC59KpFDll73HkAA2wVY5KgiK5b0RRoI6MuzG6EQqCDMlSGheEhUAgqgUUAFRySIgAh+QQFCgAPACwCAAIADQANAAAEM\/DJKZNLND\/kkKaHc3xk+QAMYDKsiaqmZCxGVjSFFCxB1vwy2oOgIDxuucxAMTAJFAJNBAAh+QQFCgAPACwAAAYADwAJAAAEMNAs86q1yaWwwv2Ig0jUZx3OYa4XoRAfwADXoAwfo1+CIjyFRuEho60aSNYlOPxEAAAh+QQFCgAPACwAAAIADQANAAAENPA9s4y8+IUVcqaWJ4qEQozSoAzoIyhCK2NFU2SJk0hNnyEOhKR2AzAAj4Pj4GE4W0bkJQIAOw==\" \/><div class=\"clear pt-cv-clear-pagination\"><\/div><\/div><\/div>\n<p>[\/et_pb_text][\/et_pb_column][\/et_pb_row][\/et_pb_section]<\/p>\n","protected":false},"excerpt":{"rendered":"<p>[\/et_pb_text][\/et_pb_column][\/et_pb_row][\/et_pb_section]<\/p>\n","protected":false},"author":7051,"featured_media":0,"parent":0,"menu_order":0,"comment_status":"closed","ping_status":"closed","template":"","meta":{"ngg_post_thumbnail":0,"footnotes":""},"aioseo_notices":[],"_links":{"self":[{"href":"https:\/\/blogsaverroes.juntadeandalucia.es\/cpr-el-olivo\/wp-json\/wp\/v2\/pages\/206"}],"collection":[{"href":"https:\/\/blogsaverroes.juntadeandalucia.es\/cpr-el-olivo\/wp-json\/wp\/v2\/pages"}],"about":[{"href":"https:\/\/blogsaverroes.juntadeandalucia.es\/cpr-el-olivo\/wp-json\/wp\/v2\/types\/page"}],"author":[{"embeddable":true,"href":"https:\/\/blogsaverroes.juntadeandalucia.es\/cpr-el-olivo\/wp-json\/wp\/v2\/users\/7051"}],"replies":[{"embeddable":true,"href":"https:\/\/blogsaverroes.juntadeandalucia.es\/cpr-el-olivo\/wp-json\/wp\/v2\/comments?post=206"}],"version-history":[{"count":2,"href":"https:\/\/blogsaverroes.juntadeandalucia.es\/cpr-el-olivo\/wp-json\/wp\/v2\/pages\/206\/revisions"}],"predecessor-version":[{"id":1192,"href":"https:\/\/blogsaverroes.juntadeandalucia.es\/cpr-el-olivo\/wp-json\/wp\/v2\/pages\/206\/revisions\/1192"}],"wp:attachment":[{"href":"https:\/\/blogsaverroes.juntadeandalucia.es\/cpr-el-olivo\/wp-json\/wp\/v2\/media?parent=206"}],"curies":[{"name":"wp","href":"https:\/\/api.w.org\/{rel}","templated":true}]}}