{"id":30,"date":"2020-01-09T12:41:20","date_gmt":"2020-01-09T11:41:20","guid":{"rendered":"http:\/\/blogsaverroes.juntadeandalucia.es\/pre\/nuevoceip2v2\/?page_id=30"},"modified":"2025-02-12T18:42:27","modified_gmt":"2025-02-12T17:42:27","slug":"ampa","status":"publish","type":"page","link":"https:\/\/blogsaverroes.juntadeandalucia.es\/cpr-el-olivo\/ampa\/","title":{"rendered":"AMPA"},"content":{"rendered":"<p><span style=\"font-family: 'comic sans ms', sans-serif;font-size: 12pt\">El Colegio P\u00fablico Rural &#8220;El Olivo&#8221; tiene tres sedes, en tres de las aldeas de Alcal\u00e1 la Real, y en cada una de las tres sedes hay una Asociaci\u00f3n de Madres y Padres:&nbsp;<\/span><\/p>\n<table style=\"border-collapse: collapse;width: 100%\">\n<tbody>\n<tr>\n<td style=\"width: 33.3333%;text-align: center\"><span style=\"color: #003300;font-family: 'comic sans ms', sans-serif\"><strong><span style=\"font-size: 18pt\">AMPA &#8220;Al Sikka&#8221; <\/span><\/strong><\/span><\/p>\n<p><span style=\"color: #003300;font-family: 'comic sans ms', sans-serif\"><strong><span style=\"font-size: 18pt\">de Ermita Nueva<\/span><\/strong><\/span><\/td>\n<td style=\"width: 33.3333%;text-align: center\"><span style=\"font-family: 'comic sans ms', sans-serif\"><strong><span style=\"color: #003300;font-size: 18pt\">AMPA &#8220;Ciudad de Nubes&#8221; <\/span><\/strong><\/span><\/p>\n<p><span style=\"font-family: 'comic sans ms', sans-serif\"><strong><span style=\"color: #003300;font-size: 18pt\">de La Pedriza<\/span><\/strong><\/span><\/td>\n<td style=\"width: 33.3333%;text-align: center\"><span style=\"font-family: 'comic sans ms', sans-serif\"><strong><span style=\"color: #003300;font-size: 18pt\">AMPA &#8220;M\u00aa Jos\u00e9 P\u00e9rez&#8221; <\/span><\/strong><\/span><\/p>\n<p><span style=\"font-family: 'comic sans ms', sans-serif\"><strong><span style=\"color: #003300;font-size: 18pt\">de Mures<\/span><\/strong><\/span><\/td>\n<\/tr>\n<tr>\n<td style=\"width: 33.3333%;text-align: center\">&nbsp;<\/td>\n<td style=\"width: 33.3333%;text-align: center\">&nbsp;<\/td>\n<td style=\"width: 33.3333%;text-align: center\">&nbsp;<\/td>\n<\/tr>\n<\/tbody>\n<\/table>\n<p>&nbsp;<\/p>\n","protected":false},"excerpt":{"rendered":"<p>El Colegio P\u00fablico Rural &#8220;El Olivo&#8221; tiene tres sedes, en tres de las aldeas de Alcal\u00e1 la Real, y en cada una de las tres sedes hay una Asociaci\u00f3n de Madres y Padres:&nbsp; AMPA&#46;&#46;&#46;<\/p>\n","protected":false},"author":7051,"featured_media":0,"parent":0,"menu_order":0,"comment_status":"closed","ping_status":"closed","template":"","meta":{"ngg_post_thumbnail":0,"footnotes":""},"aioseo_notices":[],"_links":{"self":[{"href":"https:\/\/blogsaverroes.juntadeandalucia.es\/cpr-el-olivo\/wp-json\/wp\/v2\/pages\/30"}],"collection":[{"href":"https:\/\/blogsaverroes.juntadeandalucia.es\/cpr-el-olivo\/wp-json\/wp\/v2\/pages"}],"about":[{"href":"https:\/\/blogsaverroes.juntadeandalucia.es\/cpr-el-olivo\/wp-json\/wp\/v2\/types\/page"}],"author":[{"embeddable":true,"href":"https:\/\/blogsaverroes.juntadeandalucia.es\/cpr-el-olivo\/wp-json\/wp\/v2\/users\/7051"}],"replies":[{"embeddable":true,"href":"https:\/\/blogsaverroes.juntadeandalucia.es\/cpr-el-olivo\/wp-json\/wp\/v2\/comments?post=30"}],"version-history":[{"count":3,"href":"https:\/\/blogsaverroes.juntadeandalucia.es\/cpr-el-olivo\/wp-json\/wp\/v2\/pages\/30\/revisions"}],"predecessor-version":[{"id":782,"href":"https:\/\/blogsaverroes.juntadeandalucia.es\/cpr-el-olivo\/wp-json\/wp\/v2\/pages\/30\/revisions\/782"}],"wp:attachment":[{"href":"https:\/\/blogsaverroes.juntadeandalucia.es\/cpr-el-olivo\/wp-json\/wp\/v2\/media?parent=30"}],"curies":[{"name":"wp","href":"https:\/\/api.w.org\/{rel}","templated":true}]}}