{"id":585,"date":"2025-01-20T13:33:27","date_gmt":"2025-01-20T12:33:27","guid":{"rendered":"https:\/\/blogsaverroes.juntadeandalucia.es\/cpr-el-olivo\/?page_id=585"},"modified":"2025-02-04T17:21:41","modified_gmt":"2025-02-04T16:21:41","slug":"robotica-y-programacion","status":"publish","type":"page","link":"https:\/\/blogsaverroes.juntadeandalucia.es\/cpr-el-olivo\/robotica-y-programacion\/","title":{"rendered":"Rob\u00f3tica y Programaci\u00f3n"},"content":{"rendered":"<table style=\"height: 1064px;width: 100%;text-align: left;margin-left: auto;margin-right: auto;background-color: #16de59;border-color: #16de59\" border=\"0\" cellspacing=\"2\" cellpadding=\"0\">\n<tbody>\n<tr style=\"height: 138px\">\n<td style=\"vertical-align: top;font-family: 'Comic Sans MS';text-align: right;height: 333px;width: 34.2916%\" rowspan=\"2\"><img loading=\"lazy\" decoding=\"async\" class=\"aligncenter size-medium wp-image-574\" src=\"https:\/\/blogsaverroes.juntadeandalucia.es\/cpr-el-olivo\/files\/2025\/01\/cropped-logo_cole_trans-300x300.png\" alt=\"\" width=\"300\" height=\"300\" srcset=\"https:\/\/blogsaverroes.juntadeandalucia.es\/cpr-el-olivo\/files\/2025\/01\/cropped-logo_cole_trans-300x300.png 300w, https:\/\/blogsaverroes.juntadeandalucia.es\/cpr-el-olivo\/files\/2025\/01\/cropped-logo_cole_trans-150x150.png 150w, https:\/\/blogsaverroes.juntadeandalucia.es\/cpr-el-olivo\/files\/2025\/01\/cropped-logo_cole_trans-480x480.png 480w, https:\/\/blogsaverroes.juntadeandalucia.es\/cpr-el-olivo\/files\/2025\/01\/cropped-logo_cole_trans-270x270.png 270w, https:\/\/blogsaverroes.juntadeandalucia.es\/cpr-el-olivo\/files\/2025\/01\/cropped-logo_cole_trans-192x192.png 192w, https:\/\/blogsaverroes.juntadeandalucia.es\/cpr-el-olivo\/files\/2025\/01\/cropped-logo_cole_trans-180x180.png 180w, https:\/\/blogsaverroes.juntadeandalucia.es\/cpr-el-olivo\/files\/2025\/01\/cropped-logo_cole_trans-32x32.png 32w, https:\/\/blogsaverroes.juntadeandalucia.es\/cpr-el-olivo\/files\/2025\/01\/cropped-logo_cole_trans.png 512w\" sizes=\"(max-width: 300px) 100vw, 300px\" \/><\/td>\n<td style=\"vertical-align: top;font-family: 'Comic Sans MS';width: 60.2836%;height: 138px\" colspan=\"4\"><span style=\"font-size: 36pt;color: #003300\"><big><big>Colegio P\u00fablico Rural<br \/>\n<\/big><\/big><\/span><span style=\"font-size: 36pt;color: #003300\"><big><big>&#8220;El Olivo&#8221;<\/big><\/big><\/span><\/td>\n<\/tr>\n<tr style=\"height: 195px\">\n<td style=\"vertical-align: top;font-family: 'Comic Sans MS';width: 35.9343%;height: 195px;background-color: #16de59\"><span style=\"font-size: 30pt;color: #003300\"><big><big><big><big><big>Programamos con<\/big><\/big><\/big><\/big><\/big><\/span><img loading=\"lazy\" decoding=\"async\" class=\"aligncenter wp-image-934\" style=\"font-family: Verdana, sans-serif;font-size: small;text-align: left\" src=\"https:\/\/blogsaverroes.juntadeandalucia.es\/cpr-el-olivo\/files\/2025\/01\/gato-1-286x300.png\" alt=\"\" width=\"139\" height=\"146\" srcset=\"https:\/\/blogsaverroes.juntadeandalucia.es\/cpr-el-olivo\/files\/2025\/01\/gato-1-286x300.png 286w, https:\/\/blogsaverroes.juntadeandalucia.es\/cpr-el-olivo\/files\/2025\/01\/gato-1.png 403w\" sizes=\"(max-width: 139px) 100vw, 139px\" \/><\/td>\n<td style=\"vertical-align: top;font-family: 'Comic Sans MS';width: 24.3493%;height: 195px;background-color: #16de59\" colspan=\"3\"><big><span style=\"font-size: small\"><big> <img loading=\"lazy\" decoding=\"async\" class=\"aligncenter size-medium wp-image-933\" src=\"https:\/\/blogsaverroes.juntadeandalucia.es\/cpr-el-olivo\/files\/2025\/01\/scratch-1200-300x118.png\" alt=\"\" width=\"300\" height=\"118\" srcset=\"https:\/\/blogsaverroes.juntadeandalucia.es\/cpr-el-olivo\/files\/2025\/01\/scratch-1200-300x118.png 300w, https:\/\/blogsaverroes.juntadeandalucia.es\/cpr-el-olivo\/files\/2025\/01\/scratch-1200.png 637w\" sizes=\"(max-width: 300px) 100vw, 300px\" \/><\/big><\/span><\/big><\/td>\n<\/tr>\n<tr style=\"height: 41px;background-color: #16de59\" align=\"center\">\n<td style=\"vertical-align: top;font-family: 'Comic Sans MS';width: 94.5752%;height: 41px\" colspan=\"5\"><span style=\"font-size: 24pt;color: #000080\"><big><big><big>Las aventuras de Elena, Mateo y Gonzalo<\/big><\/big><\/big><\/span><\/td>\n<\/tr>\n<tr style=\"height: 233px\">\n<td style=\"vertical-align: top;font-family: 'Comic Sans MS';width: 34.2916%;height: 233px;background-color: #16de59\">&nbsp;<\/p>\n<div style=\"text-align: center\"><span style=\"font-size: 14pt;color: #000080\">Elena, Mateo y Gonzalo son tres<\/span><br \/>\n<span style=\"color: #000080\"><span style=\"font-size: 14pt\">ni\u00f1os como t\u00fa, que estudian en el Colegio P\u00fablico Rural &#8220;El Olivo&#8221;.<\/span><img loading=\"lazy\" decoding=\"async\" class=\"size-medium wp-image-939 alignright\" src=\"https:\/\/blogsaverroes.juntadeandalucia.es\/cpr-el-olivo\/files\/2025\/01\/cole-300x224.jpg\" alt=\"\" width=\"300\" height=\"224\" srcset=\"https:\/\/blogsaverroes.juntadeandalucia.es\/cpr-el-olivo\/files\/2025\/01\/cole-300x224.jpg 300w, https:\/\/blogsaverroes.juntadeandalucia.es\/cpr-el-olivo\/files\/2025\/01\/cole.jpg 483w\" sizes=\"(max-width: 300px) 100vw, 300px\" \/><\/span><\/div>\n<\/td>\n<td style=\"vertical-align: top;text-align: right;width: 44.8832%;height: 280px;background-color: #16de59\" colspan=\"2\" rowspan=\"2\"><span style=\"color: #000080\"><img loading=\"lazy\" decoding=\"async\" class=\"wp-image-942 alignleft\" src=\"https:\/\/blogsaverroes.juntadeandalucia.es\/cpr-el-olivo\/files\/2025\/01\/Planeta-297x300.png\" alt=\"\" width=\"98\" height=\"99\" srcset=\"https:\/\/blogsaverroes.juntadeandalucia.es\/cpr-el-olivo\/files\/2025\/01\/Planeta-297x300.png 297w, https:\/\/blogsaverroes.juntadeandalucia.es\/cpr-el-olivo\/files\/2025\/01\/Planeta-150x150.png 150w, https:\/\/blogsaverroes.juntadeandalucia.es\/cpr-el-olivo\/files\/2025\/01\/Planeta-80x80.png 80w, https:\/\/blogsaverroes.juntadeandalucia.es\/cpr-el-olivo\/files\/2025\/01\/Planeta-320x320.png 320w, https:\/\/blogsaverroes.juntadeandalucia.es\/cpr-el-olivo\/files\/2025\/01\/Planeta.png 600w\" sizes=\"(max-width: 98px) 100vw, 98px\" \/><img loading=\"lazy\" decoding=\"async\" class=\" wp-image-943\" src=\"https:\/\/blogsaverroes.juntadeandalucia.es\/cpr-el-olivo\/files\/2025\/01\/OsaMayor.png\" alt=\"\" width=\"279\" height=\"153\"><\/span><\/p>\n<p><span style=\"color: #000080\"><img loading=\"lazy\" decoding=\"async\" class=\"aligncenter wp-image-944\" src=\"https:\/\/blogsaverroes.juntadeandalucia.es\/cpr-el-olivo\/files\/2025\/01\/NaveNinosTrans500x300-1-300x145.png\" alt=\"\" width=\"397\" height=\"192\" srcset=\"https:\/\/blogsaverroes.juntadeandalucia.es\/cpr-el-olivo\/files\/2025\/01\/NaveNinosTrans500x300-1-300x145.png 300w, https:\/\/blogsaverroes.juntadeandalucia.es\/cpr-el-olivo\/files\/2025\/01\/NaveNinosTrans500x300-1.png 499w\" sizes=\"(max-width: 397px) 100vw, 397px\" \/><\/span><\/td>\n<td style=\"vertical-align: top;font-family: 'Comic Sans MS';width: 15.4005%;height: 280px;background-color: #16de59\" colspan=\"2\" rowspan=\"2\"><span style=\"color: #000080\"><img loading=\"lazy\" decoding=\"async\" class=\"aligncenter size-medium wp-image-945\" src=\"https:\/\/blogsaverroes.juntadeandalucia.es\/cpr-el-olivo\/files\/2025\/01\/planeta2-300x224.png\" alt=\"\" width=\"300\" height=\"224\" srcset=\"https:\/\/blogsaverroes.juntadeandalucia.es\/cpr-el-olivo\/files\/2025\/01\/planeta2-300x224.png 300w, https:\/\/blogsaverroes.juntadeandalucia.es\/cpr-el-olivo\/files\/2025\/01\/planeta2.png 330w\" sizes=\"(max-width: 300px) 100vw, 300px\" \/><\/span><br \/>\n<span style=\"font-size: 14pt;color: #000080\">Les gusta mucho observar las estrellas y conocer lo que hay en el universo<\/span><span style=\"color: #000080\">.<img loading=\"lazy\" decoding=\"async\" class=\"aligncenter wp-image-946\" src=\"https:\/\/blogsaverroes.juntadeandalucia.es\/cpr-el-olivo\/files\/2025\/01\/meteorito-300x222.png\" alt=\"\" width=\"141\" height=\"104\" srcset=\"https:\/\/blogsaverroes.juntadeandalucia.es\/cpr-el-olivo\/files\/2025\/01\/meteorito-300x222.png 300w, https:\/\/blogsaverroes.juntadeandalucia.es\/cpr-el-olivo\/files\/2025\/01\/meteorito.png 432w\" sizes=\"(max-width: 141px) 100vw, 141px\" \/><\/span><\/td>\n<\/tr>\n<tr style=\"height: 47px\">\n<td style=\"vertical-align: top;font-family: 'Comic Sans MS';text-align: center;width: 34.2916%;height: 47px;background-color: #16de59\">&nbsp;<\/td>\n<\/tr>\n<tr style=\"height: 82px\">\n<td style=\"vertical-align: top;width: 34.2916%;text-align: center;height: 82px;background-color: #16de59\">&nbsp;<\/td>\n<td style=\"vertical-align: top;text-align: right;height: 82px;width: 44.8832%;background-color: #16de59\" colspan=\"2\"><span style=\"color: #000080\"><img loading=\"lazy\" decoding=\"async\" class=\"wp-image-940 alignleft\" src=\"https:\/\/blogsaverroes.juntadeandalucia.es\/cpr-el-olivo\/files\/2025\/01\/planeta3-300x174.png\" alt=\"\" width=\"164\" height=\"95\" srcset=\"https:\/\/blogsaverroes.juntadeandalucia.es\/cpr-el-olivo\/files\/2025\/01\/planeta3-300x174.png 300w, https:\/\/blogsaverroes.juntadeandalucia.es\/cpr-el-olivo\/files\/2025\/01\/planeta3.png 698w\" sizes=\"(max-width: 164px) 100vw, 164px\" \/><img loading=\"lazy\" decoding=\"async\" class=\"wp-image-941 alignright\" src=\"https:\/\/blogsaverroes.juntadeandalucia.es\/cpr-el-olivo\/files\/2025\/01\/planeta1-273x300.png\" alt=\"\" width=\"86\" height=\"94\" srcset=\"https:\/\/blogsaverroes.juntadeandalucia.es\/cpr-el-olivo\/files\/2025\/01\/planeta1-273x300.png 273w, https:\/\/blogsaverroes.juntadeandalucia.es\/cpr-el-olivo\/files\/2025\/01\/planeta1.png 328w\" sizes=\"(max-width: 86px) 100vw, 86px\" \/><\/span><\/td>\n<td style=\"vertical-align: top;height: 82px;width: 11.2937%;background-color: #16de59\">&nbsp;<\/td>\n<td style=\"vertical-align: top;height: 82px;width: 4.10678%;background-color: #16de59\">&nbsp;<\/td>\n<\/tr>\n<tr style=\"height: 35px\">\n<td style=\"vertical-align: top;text-align: center;width: 94.5752%;height: 35px\" colspan=\"5\"><span style=\"font-family: 'comic sans ms', sans-serif;font-size: 18pt;color: #000080\">\u00bfQuieres aprender a programar con Scratch?<\/span><\/p>\n<p><span style=\"font-family: 'comic sans ms', sans-serif;font-size: 14pt;color: #000080\">&nbsp; &nbsp; Sigue las aventuras de nuestros amigos Elena, Mateo y Gonzalo <\/span><\/p>\n<p><span style=\"font-family: 'comic sans ms', sans-serif;font-size: 14pt;color: #000080\">para aprender a manejar este programa.&nbsp;<\/span><\/p>\n<p><span style=\"color: #000080;font-size: 14pt\"><span style=\"font-family: 'comic sans ms', sans-serif\">Vamos a <\/span><span style=\"font-family: 'comic sans ms', sans-serif\">compartir sus aventuras, sus viajes y sus descubrimientos<\/span><\/span><\/p>\n<p><span style=\"font-family: 'comic sans ms', sans-serif;font-size: 14pt;color: #000080\">\u00bfComenzamos?<\/span><\/td>\n<\/tr>\n<tr style=\"background-color: #16de59\">\n<td style=\"vertical-align: top;width: 94.5752%;height: 35px;text-align: center\" colspan=\"5\"><span style=\"font-family: 'comic sans ms', sans-serif;font-size: 18pt;color: #000080\">Las aventuras de Elena, Mateo y Gonzalo.<\/span><\/td>\n<\/tr>\n<tr style=\"background-color: #16de59\">\n<td style=\"vertical-align: top;width: 34.2916%;background-color: #16de59;height: 248px;text-align: center\">\n<div style=\"text-align: left\">\n<div style=\"text-align: center\"><span style=\"font-family: 'comic sans ms', sans-serif;font-size: 18pt;color: #000080\">Presentaci\u00f3n:<\/span><\/div>\n<p><a href=\"https:\/\/scratch.mit.edu\/projects\/615622818\"><span style=\"color: #000080\"><img loading=\"lazy\" decoding=\"async\" class=\" wp-image-632 alignleft\" src=\"https:\/\/blogsaverroes.juntadeandalucia.es\/cpr-el-olivo\/files\/2025\/01\/scratch-1.jpg\" alt=\"\" width=\"55\" height=\"75\"><\/span><\/a><br \/>\n<a href=\"https:\/\/scratch.mit.edu\/projects\/615622818\"><span style=\"font-family: 'comic sans ms', sans-serif;font-size: 18pt;color: #000080\"><span style=\"font-size: 12pt\">Scratch en el colegio<\/span><\/span><\/a><\/p>\n<\/div>\n<div style=\"text-align: right\">\n<p><a href=\"https:\/\/blogsaverroes.juntadeandalucia.es\/cpr-el-olivo\/files\/2025\/01\/Guion-2.pdf\"><span style=\"font-family: 'comic sans ms', sans-serif;font-size: 18pt;color: #000080\"><img loading=\"lazy\" decoding=\"async\" class=\"wp-image-634 alignright\" src=\"https:\/\/blogsaverroes.juntadeandalucia.es\/cpr-el-olivo\/files\/2025\/01\/PDF.png\" alt=\"\" width=\"79\" height=\"79\" srcset=\"https:\/\/blogsaverroes.juntadeandalucia.es\/cpr-el-olivo\/files\/2025\/01\/PDF.png 256w, https:\/\/blogsaverroes.juntadeandalucia.es\/cpr-el-olivo\/files\/2025\/01\/PDF-150x150.png 150w\" sizes=\"(max-width: 79px) 100vw, 79px\" \/><\/span><\/a><\/p>\n<p>&nbsp;<\/p>\n<p><a href=\"https:\/\/blogsaverroes.juntadeandalucia.es\/cpr-el-olivo\/files\/2025\/01\/Guion-2.pdf\"><span style=\"font-family: 'comic sans ms', sans-serif;font-size: 12pt;color: #000080\">Guion del trabajo<\/span><\/a><\/p>\n<\/div>\n<\/td>\n<td style=\"vertical-align: top;width: 35.9343%;background-color: #16de59;height: 248px;text-align: center\">&nbsp;<\/p>\n<p><span style=\"color: #000080\"><a style=\"color: #000080\" href=\"https:\/\/blogsaverroes.juntadeandalucia.es\/cpr-el-olivo\/las-aventuras-de-elena-mateo-y-gonzalo-3\/\"><span style=\"font-family: 'comic sans ms', sans-serif;font-size: 18pt\">Desarrollo de las Unidades<\/span><\/a><\/span><\/p>\n<p><a href=\"https:\/\/blogsaverroes.juntadeandalucia.es\/cpr-el-olivo\/las-aventuras-de-elena-mateo-y-gonzalo-3\/\"><img loading=\"lazy\" decoding=\"async\" class=\"aligncenter wp-image-944\" src=\"https:\/\/blogsaverroes.juntadeandalucia.es\/cpr-el-olivo\/files\/2025\/01\/NaveNinosTrans500x300-1-300x145.png\" alt=\"\" width=\"197\" height=\"95\" srcset=\"https:\/\/blogsaverroes.juntadeandalucia.es\/cpr-el-olivo\/files\/2025\/01\/NaveNinosTrans500x300-1-300x145.png 300w, https:\/\/blogsaverroes.juntadeandalucia.es\/cpr-el-olivo\/files\/2025\/01\/NaveNinosTrans500x300-1.png 499w\" sizes=\"(max-width: 197px) 100vw, 197px\" \/><\/a><\/p>\n<p><span style=\"font-family: 'comic sans ms', sans-serif;color: #000080;font-size: 12pt\">Descubrimos el Universo con Elena, Mateo y Gonzalo a la vez que aprendemos el lenguaje de programaci\u00f3n.<\/span><\/td>\n<td style=\"vertical-align: top;width: 24.3493%;background-color: #16de59;height: 248px;text-align: center\" colspan=\"3\">&nbsp;<\/p>\n<p><a title=\"Im\u00e1genes\" href=\"https:\/\/blogsaverroes.juntadeandalucia.es\/cpr-el-olivo\/imagenes\/\"><span style=\"font-family: 'comic sans ms', sans-serif;font-size: 18pt;color: #000080\">Im\u00e1genes<\/span><\/a><\/p>\n<p><span style=\"font-family: 'comic sans ms', sans-serif;font-size: 12pt;color: #000080\">Im\u00e1genes propias para la elaboraci\u00f3n de las actividades<\/span><\/td>\n<\/tr>\n<\/tbody>\n<\/table>\n<p>&nbsp;<\/p>\n","protected":false},"excerpt":{"rendered":"<p>Colegio P\u00fablico Rural &#8220;El Olivo&#8221; Programamos con Las aventuras de Elena, Mateo y Gonzalo &nbsp; Elena, Mateo y Gonzalo son tres ni\u00f1os como t\u00fa, que estudian en el Colegio P\u00fablico Rural &#8220;El Olivo&#8221;. Les&#46;&#46;&#46;<\/p>\n","protected":false},"author":19486,"featured_media":0,"parent":0,"menu_order":0,"comment_status":"closed","ping_status":"closed","template":"","meta":{"ngg_post_thumbnail":0,"footnotes":""},"aioseo_notices":[],"_links":{"self":[{"href":"https:\/\/blogsaverroes.juntadeandalucia.es\/cpr-el-olivo\/wp-json\/wp\/v2\/pages\/585"}],"collection":[{"href":"https:\/\/blogsaverroes.juntadeandalucia.es\/cpr-el-olivo\/wp-json\/wp\/v2\/pages"}],"about":[{"href":"https:\/\/blogsaverroes.juntadeandalucia.es\/cpr-el-olivo\/wp-json\/wp\/v2\/types\/page"}],"author":[{"embeddable":true,"href":"https:\/\/blogsaverroes.juntadeandalucia.es\/cpr-el-olivo\/wp-json\/wp\/v2\/users\/19486"}],"replies":[{"embeddable":true,"href":"https:\/\/blogsaverroes.juntadeandalucia.es\/cpr-el-olivo\/wp-json\/wp\/v2\/comments?post=585"}],"version-history":[{"count":31,"href":"https:\/\/blogsaverroes.juntadeandalucia.es\/cpr-el-olivo\/wp-json\/wp\/v2\/pages\/585\/revisions"}],"predecessor-version":[{"id":1108,"href":"https:\/\/blogsaverroes.juntadeandalucia.es\/cpr-el-olivo\/wp-json\/wp\/v2\/pages\/585\/revisions\/1108"}],"wp:attachment":[{"href":"https:\/\/blogsaverroes.juntadeandalucia.es\/cpr-el-olivo\/wp-json\/wp\/v2\/media?parent=585"}],"curies":[{"name":"wp","href":"https:\/\/api.w.org\/{rel}","templated":true}]}}