{"id":732,"date":"2025-01-21T16:36:30","date_gmt":"2025-01-21T15:36:30","guid":{"rendered":"https:\/\/blogsaverroes.juntadeandalucia.es\/cpr-el-olivo\/?page_id=732"},"modified":"2025-03-22T13:05:02","modified_gmt":"2025-03-22T12:05:02","slug":"erasmus","status":"publish","type":"page","link":"https:\/\/blogsaverroes.juntadeandalucia.es\/cpr-el-olivo\/erasmus\/","title":{"rendered":"PROA +"},"content":{"rendered":"<p><img loading=\"lazy\" decoding=\"async\" class=\"wp-image-878 alignleft\" src=\"https:\/\/blogsaverroes.juntadeandalucia.es\/cpr-el-olivo\/files\/2025\/01\/PROA-300x200.png\" alt=\"\" width=\"290\" height=\"193\" srcset=\"https:\/\/blogsaverroes.juntadeandalucia.es\/cpr-el-olivo\/files\/2025\/01\/PROA-300x200.png 300w, https:\/\/blogsaverroes.juntadeandalucia.es\/cpr-el-olivo\/files\/2025\/01\/PROA.png 700w\" sizes=\"(max-width: 290px) 100vw, 290px\" \/><\/p>\n<p>&nbsp;<\/p>\n<p>&nbsp;<\/p>\n<p>La principal preocupaci\u00f3n del centro es la facilitar al m\u00e1ximo el desarrollo de las capacidades de nuestro alumnado. Para ello, hemos analizado las caracter\u00edsticas de nuestro Centro, de nuestro alumnado, nuestras fortalezas y debilidades, y hemos desarrollado un Plan para cuatro a\u00f1os:<\/p>\n<p style=\"text-align: center\">el <a href=\"https:\/\/blogsaverroes.juntadeandalucia.es\/cpr-el-olivo\/files\/2025\/01\/PLAN-ESTRATEGICO-MEJORA-CPR-EL-OLIVO.pdf\">Plan Estrat\u00e9gico de Mejora para el CPR &#8220;El Olivo&#8221; 2024-2028.<\/a><\/p>\n<p>Como objetivos prioritarios nos hemos marcado:&nbsp;<\/p>\n<p style=\"padding-left: 40px\">1. Mejorar los resultados escolares.<\/p>\n<p style=\"padding-left: 40px\">2. Reducir el n\u00famero de alumnado que presenta dificultades de aprendizaje<\/p>\n<p style=\"padding-left: 40px\">3. Conseguir y mantener un buen clima en el centro y promover una cultura inclusiva.<\/p>\n<p style=\"padding-left: 40px\">4. Conseguir y mantener expectativas positivas en el profesorado y el alumnado.<\/p>\n<p>Dentro de este programa una de las actividades es la <strong>animaci\u00f3n lectora<\/strong> a trav\u00e9s de la <strong>Biblioteca<\/strong>.<\/p>\n<p>Para ello juegan un papel importante<a href=\"https:\/\/www.youtube.com\/watch?v=t4RBvy0FMao\"><img loading=\"lazy\" decoding=\"async\" class=\"wp-image-961 alignright\" style=\"text-align: center\" src=\"https:\/\/blogsaverroes.juntadeandalucia.es\/cpr-el-olivo\/files\/2025\/01\/Carmelo-223x300.png\" alt=\"\" width=\"138\" height=\"186\" srcset=\"https:\/\/blogsaverroes.juntadeandalucia.es\/cpr-el-olivo\/files\/2025\/01\/Carmelo-223x300.png 223w, https:\/\/blogsaverroes.juntadeandalucia.es\/cpr-el-olivo\/files\/2025\/01\/Carmelo.png 512w\" sizes=\"(max-width: 138px) 100vw, 138px\" \/><\/a><\/p>\n<p><span style=\"font-family: 'comic sans ms', sans-serif;font-size: 14pt\"><strong><span style=\"color: #333399\"><a href=\"https:\/\/www.youtube.com\/watch?v=vb9wxZ5SFps\"><img loading=\"lazy\" decoding=\"async\" class=\"wp-image-960 alignleft\" src=\"https:\/\/blogsaverroes.juntadeandalucia.es\/cpr-el-olivo\/files\/2025\/01\/Justina-226x300.png\" alt=\"\" width=\"139\" height=\"185\" srcset=\"https:\/\/blogsaverroes.juntadeandalucia.es\/cpr-el-olivo\/files\/2025\/01\/Justina-226x300.png 226w, https:\/\/blogsaverroes.juntadeandalucia.es\/cpr-el-olivo\/files\/2025\/01\/Justina.png 280w\" sizes=\"(max-width: 139px) 100vw, 139px\" \/><\/a><\/span><\/strong><\/span><\/p>\n<p>&nbsp;<\/p>\n<p><span style=\"font-family: 'comic sans ms', sans-serif;font-size: 14pt\"><strong><span style=\"color: #333399\">Justina Patilarga<\/span><\/strong><\/span>, la mascota de la biblioteca de Ermita Nueva,<\/p>\n<p style=\"text-align: right\">y <span style=\"font-size: 14pt;font-family: 'comic sans ms', sans-serif\"><strong><span style=\"color: #333399\">Carmelo<\/span><\/strong><\/span>, la mascota de la biblioteca de Mures.<\/p>\n<p style=\"text-align: center\">\u00bfQuieres conocerlos?<\/p>\n<p>&nbsp;<\/p>\n<p>&nbsp;<\/p>\n<p>&nbsp;<\/p>\n<p style=\"text-align: center\"><iframe loading=\"lazy\" src=\"\/\/www.youtube.com\/embed\/vb9wxZ5SFps?feature=shared\" width=\"459\" height=\"256\"><\/iframe>&nbsp; <iframe loading=\"lazy\" src=\"\/\/www.youtube.com\/embed\/t4RBvy0FMao?feature=shared\" width=\"459\" height=\"256\"><\/iframe><\/p>\n<p>&nbsp;<\/p>\n<p style=\"text-align: center\">Dinamizaci\u00f3n de la Biblioteca. Actividad palanca PROA +<\/p>\n<p style=\"text-align: center\">&nbsp;<\/p>\n<p><iframe loading=\"lazy\" src=\"https:\/\/www.youtube.com\/embed\/fVfQNODiMJM?si=od_20e_PQN0o14Cq\" width=\"560\" height=\"315\" frameborder=\"0\"><\/iframe><\/p>\n","protected":false},"excerpt":{"rendered":"<p>&nbsp; &nbsp; La principal preocupaci\u00f3n del centro es la facilitar al m\u00e1ximo el desarrollo de las capacidades de nuestro alumnado. Para ello, hemos analizado las caracter\u00edsticas de nuestro Centro, de nuestro alumnado, nuestras fortalezas&#46;&#46;&#46;<\/p>\n","protected":false},"author":19486,"featured_media":878,"parent":0,"menu_order":0,"comment_status":"closed","ping_status":"closed","template":"","meta":{"ngg_post_thumbnail":0,"footnotes":""},"aioseo_notices":[],"_links":{"self":[{"href":"https:\/\/blogsaverroes.juntadeandalucia.es\/cpr-el-olivo\/wp-json\/wp\/v2\/pages\/732"}],"collection":[{"href":"https:\/\/blogsaverroes.juntadeandalucia.es\/cpr-el-olivo\/wp-json\/wp\/v2\/pages"}],"about":[{"href":"https:\/\/blogsaverroes.juntadeandalucia.es\/cpr-el-olivo\/wp-json\/wp\/v2\/types\/page"}],"author":[{"embeddable":true,"href":"https:\/\/blogsaverroes.juntadeandalucia.es\/cpr-el-olivo\/wp-json\/wp\/v2\/users\/19486"}],"replies":[{"embeddable":true,"href":"https:\/\/blogsaverroes.juntadeandalucia.es\/cpr-el-olivo\/wp-json\/wp\/v2\/comments?post=732"}],"version-history":[{"count":14,"href":"https:\/\/blogsaverroes.juntadeandalucia.es\/cpr-el-olivo\/wp-json\/wp\/v2\/pages\/732\/revisions"}],"predecessor-version":[{"id":877,"href":"https:\/\/blogsaverroes.juntadeandalucia.es\/cpr-el-olivo\/wp-json\/wp\/v2\/pages\/732\/revisions\/877"}],"wp:featuredmedia":[{"embeddable":true,"href":"https:\/\/blogsaverroes.juntadeandalucia.es\/cpr-el-olivo\/wp-json\/wp\/v2\/media\/878"}],"wp:attachment":[{"href":"https:\/\/blogsaverroes.juntadeandalucia.es\/cpr-el-olivo\/wp-json\/wp\/v2\/media?parent=732"}],"curies":[{"name":"wp","href":"https:\/\/api.w.org\/{rel}","templated":true}]}}