{"id":1513,"date":"2026-02-02T12:36:42","date_gmt":"2026-02-02T11:36:42","guid":{"rendered":"https:\/\/blogsaverroes.juntadeandalucia.es\/cpr-losvelez\/?page_id=1513"},"modified":"2026-02-02T12:36:42","modified_gmt":"2026-02-02T11:36:42","slug":"proa-transformate","status":"publish","type":"page","link":"https:\/\/blogsaverroes.juntadeandalucia.es\/cpr-losvelez\/planes-y-proyectos\/proa-transformate\/","title":{"rendered":"PROA+ Transf\u00f3rmate"},"content":{"rendered":"<div class=\" d-lg-block mb-lg-0 ml-lg-0 mr-lg-0 mt-lg-0 pb-lg-0 pl-lg-0 pr-lg-0 pt-lg-0 text-lg-left\">\n<div id=\"fragment-3502-jxtf\">\n<p>El Programa para la orientaci\u00f3n, avance y enriquecimiento educativo PROA+ &#8220;Transf\u00f3rmate&#8221; se presenta como mecanismo de ayuda financiera, fortalecimiento institucional y formativo a los centros. Tiene como objetivo mejorar los \u00edndices de \u00e9xito escolar y garantizar la permanencia del alumnado en aquellos centros p\u00fablicos de Educaci\u00f3n Primaria y Educaci\u00f3n Secundaria en los que se concentre un porcentaje elevado de j\u00f3venes en clara situaci\u00f3n de vulnerabilidad socioeducativa.<\/p>\n<p>El Programa est\u00e1 dirigido a los centros docentes p\u00fablicos dependientes de la Consejer\u00eda de Educaci\u00f3n y Deporte que tengan un porcentaje m\u00ednimo del 30% de alumnado vulnerable, se encuentren en zonas ERACIS o tengan Planes de compensaci\u00f3n educativa y que impartan ense\u00f1anzas de segundo ciclo de Educaci\u00f3n Infantil, Educaci\u00f3n Primaria, Educaci\u00f3n Secundaria Obligatoria (incluyendo Formaci\u00f3n Profesional B\u00e1sica) y ense\u00f1anzas Postobligatorias de Bachillerato y\/o Ciclos Formativos de Grado Medio.<\/p>\n<p>Se entiende por alumnado vulnerable aquel que presente alguna de las circunstancias que se describen a continuaci\u00f3n: necesidades asistenciales (alimentaci\u00f3n, vivienda y suministros b\u00e1sicos, etc.), escolares (clima familiar propicio, brecha digital, material escolar, etc.), necesidades socioeducativas (actividades complementarias, extraescolares, etc.), necesidades educativas especiales, altas capacidades, dificultades espec\u00edficas de aprendizaje, incorporaci\u00f3n tard\u00eda al Sistema Educativo y dificultades para el aprendizaje por necesidades no cubiertas. Todas ellas barreras que condicionan, potencial o efectivamente, las posibilidades de \u00e9xito educativo del alumnado.<\/p>\n<p>Para participar en el Programa los centros deber\u00e1n contar con la aprobaci\u00f3n de un m\u00ednimo del 60% del profesorado del Claustro de Profesorado.<\/p>\n<p>El destinatario \u00faltimo es el alumnado de segundo ciclo de Educaci\u00f3n Infantil, Educaci\u00f3n Primaria, Educaci\u00f3n Secundaria Obligatoria (incluyendo Formaci\u00f3n Profesional B\u00e1sica) y ense\u00f1anzas Postobligatorias de Bachillerato y\/o Ciclos Formativos de Grado Medio, con especial atenci\u00f3n al alumnado vulnerable por causas socioeducativas.<\/p>\n<p>Este programa ha sido financiado por el Ministerio de Educaci\u00f3n y Formaci\u00f3n Profesional y el Mecanismo de Recuperaci\u00f3n y Resiliencia, y por la Uni\u00f3n Europea en el marco de dicho Mecanismo.<\/p>\n<\/div>\n<\/div>\n<div class=\" d-lg-block mb-lg-0 ml-lg-0 mr-lg-0 mt-lg-0 pb-lg-0 pl-lg-0 pr-lg-0 pt-lg-0 text-lg-left\">\n<div id=\"fragment-0-ttlu\">\n<div id=\"p_p_id_com_liferay_asset_publisher_web_portlet_AssetPublisherPortlet_INSTANCE_ttlu_\" class=\"portlet-boundary portlet-boundary_com_liferay_asset_publisher_web_portlet_AssetPublisherPortlet_  portlet-static portlet-static-end portlet-decorate portlet-asset-publisher \"><span id=\"p_com_liferay_asset_publisher_web_portlet_AssetPublisherPortlet_INSTANCE_ttlu\"><\/span><\/p>\n<section id=\"portlet_com_liferay_asset_publisher_web_portlet_AssetPublisherPortlet_INSTANCE_ttlu\" class=\"portlet\">\n<div class=\"content\"><a href=\"https:\/\/www.juntadeandalucia.es\/educacion\/portales\/web\/planes-y-programas\/planes-y-programas\/proa-transformate\/presentacion\"><em>Fuente: Consejer\u00eda de Desarrollo Educativo y Formaci\u00f3n Profesional<\/em><\/a><\/div>\n<\/section>\n<\/div>\n<\/div>\n<\/div>\n","protected":false},"excerpt":{"rendered":"<p>El Programa para la orientaci\u00f3n, avance y enriquecimiento educativo PROA+ &#8220;Transf\u00f3rmate&#8221; se presenta como mecanismo de ayuda financiera, fortalecimiento institucional y formativo a los centros. Tiene como objetivo mejorar los \u00edndices de \u00e9xito escolar&#46;&#46;&#46;<\/p>\n","protected":false},"author":18765,"featured_media":0,"parent":850,"menu_order":0,"comment_status":"closed","ping_status":"closed","template":"","meta":{"ngg_post_thumbnail":0,"footnotes":""},"aioseo_notices":[],"_links":{"self":[{"href":"https:\/\/blogsaverroes.juntadeandalucia.es\/cpr-losvelez\/wp-json\/wp\/v2\/pages\/1513"}],"collection":[{"href":"https:\/\/blogsaverroes.juntadeandalucia.es\/cpr-losvelez\/wp-json\/wp\/v2\/pages"}],"about":[{"href":"https:\/\/blogsaverroes.juntadeandalucia.es\/cpr-losvelez\/wp-json\/wp\/v2\/types\/page"}],"author":[{"embeddable":true,"href":"https:\/\/blogsaverroes.juntadeandalucia.es\/cpr-losvelez\/wp-json\/wp\/v2\/users\/18765"}],"replies":[{"embeddable":true,"href":"https:\/\/blogsaverroes.juntadeandalucia.es\/cpr-losvelez\/wp-json\/wp\/v2\/comments?post=1513"}],"version-history":[{"count":1,"href":"https:\/\/blogsaverroes.juntadeandalucia.es\/cpr-losvelez\/wp-json\/wp\/v2\/pages\/1513\/revisions"}],"predecessor-version":[{"id":1514,"href":"https:\/\/blogsaverroes.juntadeandalucia.es\/cpr-losvelez\/wp-json\/wp\/v2\/pages\/1513\/revisions\/1514"}],"up":[{"embeddable":true,"href":"https:\/\/blogsaverroes.juntadeandalucia.es\/cpr-losvelez\/wp-json\/wp\/v2\/pages\/850"}],"wp:attachment":[{"href":"https:\/\/blogsaverroes.juntadeandalucia.es\/cpr-losvelez\/wp-json\/wp\/v2\/media?parent=1513"}],"curies":[{"name":"wp","href":"https:\/\/api.w.org\/{rel}","templated":true}]}}