{"id":2286,"date":"2026-05-07T12:16:32","date_gmt":"2026-05-07T11:16:32","guid":{"rendered":"https:\/\/blogsaverroes.juntadeandalucia.es\/cpr-losvelez\/?page_id=2286"},"modified":"2026-05-07T12:16:57","modified_gmt":"2026-05-07T11:16:57","slug":"habitos-de-vida-saludable","status":"publish","type":"page","link":"https:\/\/blogsaverroes.juntadeandalucia.es\/cpr-losvelez\/habitos-de-vida-saludable\/","title":{"rendered":"H\u00e1bitos de Vida Saludable"},"content":{"rendered":"<p class=\"cvGsUA direction-ltr align-justify para-style-title\"><span class=\"a_GcMg font-feature-liga-off font-feature-clig-off font-feature-calt-off text-decoration-none text-strikethrough-none\">El Programa de H\u00e1bitos de Vida Saludable tiene como objetivo desarrollar competencias en materia de promoci\u00f3n de la salud que faciliten la elecci\u00f3n y adopci\u00f3n de estilos de vida saludables.<\/span><\/p>\n<p class=\"cvGsUA direction-ltr align-justify para-style-body\"><span class=\"a_GcMg font-feature-liga-off font-feature-clig-off font-feature-calt-off text-decoration-none text-strikethrough-none\">Se trata de contribuir al desarrollo integral del alumnado a trav\u00e9s de la salud y el bienestar para mejorar la salud individual y comunitaria.<\/span><\/p>\n<p>En concreto, este programa contempla los siguientes objetivos:<\/p>\n<ul>\n<li><span class=\"a_GcMg font-feature-liga-off font-feature-clig-off font-feature-calt-off text-decoration-none text-strikethrough-none\">Promover entornos educativos saludables y h\u00e1bitos que cuiden el bienestar f\u00edsico y emocional.<\/span><\/li>\n<li><span class=\"a_GcMg font-feature-liga-off font-feature-clig-off font-feature-calt-off text-decoration-none text-strikethrough-none\">Fomentar la alimentaci\u00f3n saludable, la autonom\u00eda, la actividad f\u00edsica y el autocuidado.<\/span><\/li>\n<li><span class=\"a_GcMg font-feature-liga-off font-feature-clig-off font-feature-calt-off text-decoration-none text-strikethrough-none\">Promover la convivencia positiva y la educaci\u00f3n emocional.<\/span><\/li>\n<li><span class=\"a_GcMg font-feature-liga-off font-feature-clig-off font-feature-calt-off text-decoration-none text-strikethrough-none\">Involucrar a las familias y la comunidad educativa en la educaci\u00f3n en salud.<\/span><\/li>\n<\/ul>\n","protected":false},"excerpt":{"rendered":"<p>El Programa de H\u00e1bitos de Vida Saludable tiene como objetivo desarrollar competencias en materia de promoci\u00f3n de la salud que faciliten la elecci\u00f3n y adopci\u00f3n de estilos de vida saludables. Se trata de contribuir&#46;&#46;&#46;<\/p>\n","protected":false},"author":18765,"featured_media":0,"parent":0,"menu_order":0,"comment_status":"closed","ping_status":"closed","template":"","meta":{"ngg_post_thumbnail":0,"footnotes":""},"aioseo_notices":[],"_links":{"self":[{"href":"https:\/\/blogsaverroes.juntadeandalucia.es\/cpr-losvelez\/wp-json\/wp\/v2\/pages\/2286"}],"collection":[{"href":"https:\/\/blogsaverroes.juntadeandalucia.es\/cpr-losvelez\/wp-json\/wp\/v2\/pages"}],"about":[{"href":"https:\/\/blogsaverroes.juntadeandalucia.es\/cpr-losvelez\/wp-json\/wp\/v2\/types\/page"}],"author":[{"embeddable":true,"href":"https:\/\/blogsaverroes.juntadeandalucia.es\/cpr-losvelez\/wp-json\/wp\/v2\/users\/18765"}],"replies":[{"embeddable":true,"href":"https:\/\/blogsaverroes.juntadeandalucia.es\/cpr-losvelez\/wp-json\/wp\/v2\/comments?post=2286"}],"version-history":[{"count":1,"href":"https:\/\/blogsaverroes.juntadeandalucia.es\/cpr-losvelez\/wp-json\/wp\/v2\/pages\/2286\/revisions"}],"predecessor-version":[{"id":2287,"href":"https:\/\/blogsaverroes.juntadeandalucia.es\/cpr-losvelez\/wp-json\/wp\/v2\/pages\/2286\/revisions\/2287"}],"wp:attachment":[{"href":"https:\/\/blogsaverroes.juntadeandalucia.es\/cpr-losvelez\/wp-json\/wp\/v2\/media?parent=2286"}],"curies":[{"name":"wp","href":"https:\/\/api.w.org\/{rel}","templated":true}]}}