{"id":2297,"date":"2026-05-07T12:37:12","date_gmt":"2026-05-07T11:37:12","guid":{"rendered":"https:\/\/blogsaverroes.juntadeandalucia.es\/cpr-losvelez\/?page_id=2297"},"modified":"2026-05-07T13:04:32","modified_gmt":"2026-05-07T12:04:32","slug":"bibliotecas-escolares","status":"publish","type":"page","link":"https:\/\/blogsaverroes.juntadeandalucia.es\/cpr-losvelez\/bibliotecas-escolares\/","title":{"rendered":"Bibliotecas Escolares"},"content":{"rendered":"<p>El Programa Bibliotecas Escolares, trata de articular la biblioteca escolar como centro de recursos para la ense\u00f1anza y el aprendizaje, integrado en el Proyecto Educativo y en la planificaci\u00f3n anual del centro.<\/p>\n<ul>\n<li>Define su estructura organizativa (direcci\u00f3n, coordinador\/a y profesorado participante)<\/li>\n<li>Servicios y gesti\u00f3n t\u00e9cnica mediante BiblioWeb S\u00e9neca (catalogaci\u00f3n, pr\u00e9stamo, estad\u00edsticas)<\/li>\n<li>L\u00edneas de intervenci\u00f3n en lectura, competencia informacional y digital (ALFIN\/AMI), inclusi\u00f3n y trabajo en<br \/>\nred.<\/li>\n<\/ul>\n<p>En un marco com\u00fan de participaci\u00f3n y seguimiento para todos los centros sostenidos con fondos p\u00fablicos.<\/p>\n<p>Son objetivos del Programa, los siguientes:<\/p>\n<ul>\n<li>Integrar la biblioteca en la pr\u00e1ctica docente, impulsando la competencia lectora, informacional y digital<br \/>\ndel alumnado, generando un espacio colaborativo de innovaci\u00f3n.<\/li>\n<li>Facilitar la formaci\u00f3n t\u00e9cnica y pedag\u00f3gica de los participantes de bibliotecas.<\/li>\n<li>Potenciar el uso de recursos digitales y servicios compartidos dentro de la red.<\/li>\n<li>Garantizar accesibilidad e inclusi\u00f3n (espacios y fondos) y la apertura a la comunidad educativa.<\/li>\n<li>Consolidar el trabajo en red (BECREA) y la mejora continua de las Bibliotecas Escolares<\/li>\n<\/ul>\n","protected":false},"excerpt":{"rendered":"<p>El Programa Bibliotecas Escolares, trata de articular la biblioteca escolar como centro de recursos para la ense\u00f1anza y el aprendizaje, integrado en el Proyecto Educativo y en la planificaci\u00f3n anual del centro. Define su&#46;&#46;&#46;<\/p>\n","protected":false},"author":18765,"featured_media":0,"parent":0,"menu_order":0,"comment_status":"closed","ping_status":"closed","template":"","meta":{"ngg_post_thumbnail":0,"footnotes":""},"aioseo_notices":[],"_links":{"self":[{"href":"https:\/\/blogsaverroes.juntadeandalucia.es\/cpr-losvelez\/wp-json\/wp\/v2\/pages\/2297"}],"collection":[{"href":"https:\/\/blogsaverroes.juntadeandalucia.es\/cpr-losvelez\/wp-json\/wp\/v2\/pages"}],"about":[{"href":"https:\/\/blogsaverroes.juntadeandalucia.es\/cpr-losvelez\/wp-json\/wp\/v2\/types\/page"}],"author":[{"embeddable":true,"href":"https:\/\/blogsaverroes.juntadeandalucia.es\/cpr-losvelez\/wp-json\/wp\/v2\/users\/18765"}],"replies":[{"embeddable":true,"href":"https:\/\/blogsaverroes.juntadeandalucia.es\/cpr-losvelez\/wp-json\/wp\/v2\/comments?post=2297"}],"version-history":[{"count":1,"href":"https:\/\/blogsaverroes.juntadeandalucia.es\/cpr-losvelez\/wp-json\/wp\/v2\/pages\/2297\/revisions"}],"predecessor-version":[{"id":2298,"href":"https:\/\/blogsaverroes.juntadeandalucia.es\/cpr-losvelez\/wp-json\/wp\/v2\/pages\/2297\/revisions\/2298"}],"wp:attachment":[{"href":"https:\/\/blogsaverroes.juntadeandalucia.es\/cpr-losvelez\/wp-json\/wp\/v2\/media?parent=2297"}],"curies":[{"name":"wp","href":"https:\/\/api.w.org\/{rel}","templated":true}]}}