{"id":2300,"date":"2026-05-11T11:21:30","date_gmt":"2026-05-11T10:21:30","guid":{"rendered":"https:\/\/blogsaverroes.juntadeandalucia.es\/cpr-losvelez\/?page_id=2300"},"modified":"2026-05-11T11:21:30","modified_gmt":"2026-05-11T10:21:30","slug":"comunica","status":"publish","type":"page","link":"https:\/\/blogsaverroes.juntadeandalucia.es\/cpr-losvelez\/comunica\/","title":{"rendered":"ComunicA"},"content":{"rendered":"<p class=\"cvGsUA direction-ltr align-justify para-style-title\"><span class=\"a_GcMg font-feature-liga-off font-feature-clig-off font-feature-calt-off text-decoration-none text-strikethrough-none\">Comunica es un Programa orientado a mejorar la competencia en comunicaci\u00f3n ling\u00fc\u00edstica del alumnado: leer, escribir, escuchar y hablar para la vida. Integra tambi\u00e9n el desarrollo de la alfabetizaci\u00f3n medi\u00e1tica y audiovisual, en coherencia con los nuevos lenguajes del siglo XXI y el contexto digital.<\/span><\/p>\n<p>En concreto, este programa contempla los siguientes objetivos:<\/p>\n<ul>\n<li><span class=\"a_GcMg font-feature-liga-off font-feature-clig-off font-feature-calt-off text-decoration-none text-strikethrough-none\">Ofrecer recursos y propuestas innovadoras para mejorar la competencia en comunicaci\u00f3n ling\u00fc\u00edstica.<\/span><\/li>\n<li><span class=\"a_GcMg font-feature-liga-off font-feature-clig-off font-feature-calt-off text-decoration-none text-strikethrough-none\">Fomentar un uso positivo y habitual de la radio escolar como recurso pedag\u00f3gico.<\/span><\/li>\n<li><span class=\"a_GcMg font-feature-liga-off font-feature-clig-off font-feature-calt-off text-decoration-none text-strikethrough-none\">Plantear contextos concretos donde la lengua se use como herramienta de relaci\u00f3n, expresi\u00f3n y aprendizaje.<\/span><\/li>\n<li><span class=\"a_GcMg font-feature-liga-off font-feature-clig-off font-feature-calt-off text-decoration-none text-strikethrough-none\">Relacionar el lenguaje escrito con el oral y con otros lenguajes no verbales.<\/span><\/li>\n<\/ul>\n<p>Las l\u00edneas de trabajo pueden ser:<\/p>\n<ul>\n<li><strong><span class=\"a_GcMg font-feature-liga-off font-feature-clig-off font-feature-calt-off text-decoration-none text-strikethrough-none\">Lectura y escritura funcional y creativa<\/span><\/strong><span class=\"a_GcMg font-feature-liga-off font-feature-clig-off font-feature-calt-off text-decoration-none text-strikethrough-none\">: Estrategias para leer y escribir en todas las \u00e1reas y formatos (relatos, c\u00f3mic, poes\u00eda visual, teatro le\u00eddo, etc.). Dirigido a alumnado de todas las ense\u00f1anzas.<\/span><\/li>\n<li><strong><span class=\"a_GcMg font-feature-liga-off font-feature-clig-off font-feature-calt-off text-decoration-none text-strikethrough-none\">Alfabetizaci\u00f3n audiovisual<\/span><\/strong><span class=\"a_GcMg font-feature-liga-off font-feature-clig-off font-feature-calt-off text-decoration-none text-strikethrough-none\">: Uso educativo de imagen, sonido y medios digitales para desarrollar comprensi\u00f3n cr\u00edtica y creaci\u00f3n de contenidos. Dirigido a alumnado de todas las ense\u00f1anzas.<\/span><\/li>\n<li><strong><span class=\"a_GcMg font-feature-liga-off font-feature-clig-off font-feature-calt-off text-decoration-none text-strikethrough-none\">Oralidad y Debate<\/span><\/strong><span class=\"a_GcMg font-feature-liga-off font-feature-clig-off font-feature-calt-off text-decoration-none text-strikethrough-none\">: Desarrollo de habilidades comunicativas en contextos reales (exposiciones, entrevistas, debates, cuentacuentos, etc.). Dirigido a alumnado de todas las ense\u00f1anzas.<\/span><\/li>\n<li><strong><span class=\"a_GcMg font-feature-liga-off font-feature-clig-off font-feature-calt-off text-decoration-none text-strikethrough-none\">Radio Escolar<\/span><\/strong><span class=\"a_GcMg font-feature-liga-off font-feature-clig-off font-feature-calt-off text-decoration-none text-strikethrough-none\">: Trabajo de la radio como medio de alfabetizaci\u00f3n y comunicaci\u00f3n con el alumnado. Dirigido a alumnado de todas las ense\u00f1anzas.<\/span><\/li>\n<\/ul>\n<p>&nbsp;<\/p>\n","protected":false},"excerpt":{"rendered":"<p>Comunica es un Programa orientado a mejorar la competencia en comunicaci\u00f3n ling\u00fc\u00edstica del alumnado: leer, escribir, escuchar y hablar para la vida. Integra tambi\u00e9n el desarrollo de la alfabetizaci\u00f3n medi\u00e1tica y audiovisual, en coherencia&#46;&#46;&#46;<\/p>\n","protected":false},"author":18765,"featured_media":0,"parent":0,"menu_order":0,"comment_status":"closed","ping_status":"closed","template":"","meta":{"ngg_post_thumbnail":0,"footnotes":""},"aioseo_notices":[],"_links":{"self":[{"href":"https:\/\/blogsaverroes.juntadeandalucia.es\/cpr-losvelez\/wp-json\/wp\/v2\/pages\/2300"}],"collection":[{"href":"https:\/\/blogsaverroes.juntadeandalucia.es\/cpr-losvelez\/wp-json\/wp\/v2\/pages"}],"about":[{"href":"https:\/\/blogsaverroes.juntadeandalucia.es\/cpr-losvelez\/wp-json\/wp\/v2\/types\/page"}],"author":[{"embeddable":true,"href":"https:\/\/blogsaverroes.juntadeandalucia.es\/cpr-losvelez\/wp-json\/wp\/v2\/users\/18765"}],"replies":[{"embeddable":true,"href":"https:\/\/blogsaverroes.juntadeandalucia.es\/cpr-losvelez\/wp-json\/wp\/v2\/comments?post=2300"}],"version-history":[{"count":1,"href":"https:\/\/blogsaverroes.juntadeandalucia.es\/cpr-losvelez\/wp-json\/wp\/v2\/pages\/2300\/revisions"}],"predecessor-version":[{"id":2301,"href":"https:\/\/blogsaverroes.juntadeandalucia.es\/cpr-losvelez\/wp-json\/wp\/v2\/pages\/2300\/revisions\/2301"}],"wp:attachment":[{"href":"https:\/\/blogsaverroes.juntadeandalucia.es\/cpr-losvelez\/wp-json\/wp\/v2\/media?parent=2300"}],"curies":[{"name":"wp","href":"https:\/\/api.w.org\/{rel}","templated":true}]}}